{"id":2878,"date":"2025-03-25T08:15:36","date_gmt":"2025-03-25T08:15:36","guid":{"rendered":"https:\/\/theperfumebottles.com\/?post_type=product&#038;p=2878"},"modified":"2025-05-27T14:08:59","modified_gmt":"2025-05-27T06:08:59","slug":"unique-cologne-bottles-custom-engraved-perfume-bottles","status":"publish","type":"product","link":"https:\/\/theperfumebottles.com\/tr\/urun\/unique-cologne-bottles-custom-engraved-perfume-bottles\/","title":{"rendered":"Oval Kapakl\u0131 30ml, 50ml ve 100ml E\u015fsiz Kolonya \u015ei\u015feleri"},"content":{"rendered":"<p>Oval Elegance Serisi, benzersiz bir marka tonu pe\u015finde ko\u015fan \u00fcst d\u00fczey markalar i\u00e7in tasarlanm\u0131\u015ft\u0131r. Seri, pratiklik ve sanatsal anlay\u0131\u015f\u0131 birle\u015ftiren bir tasar\u0131ma sahip kolonya sprey \u015fi\u015feleri ve \u00f6zel kaz\u0131nm\u0131\u015f parf\u00fcm \u015fi\u015felerini i\u00e7erir. \u015ei\u015fe g\u00f6vdesi \u015feffaf camdan yap\u0131lm\u0131\u015ft\u0131r ve marka stilini kolayca sunabilen doku, grav\u00fcr veya etiket \u00f6zelle\u015ftirmesini destekler. Zarif detaylara sahip yuvarlak oval \u015fekli, \u00fcr\u00fcne romantik veya klasik koku serileri i\u00e7in uygun, \u00fcst d\u00fczey bir doku kazand\u0131r\u0131r.<\/p>\n<table style=\"border-collapse: collapse;margin-left: auto;margin-right: auto;width: 162.03pt\" border=\"0\" width=\"216\" cellspacing=\"0\" cellpadding=\"0\">\n<tbody>\n<tr style=\"height: 21.00pt\">\n<td style=\"height: 21.00pt;width: 54.00pt\" width=\"72\" height=\"28\">\n<p><figure id=\"attachment_2880\" aria-describedby=\"caption-attachment-2880\" style=\"width: 300px\" class=\"wp-caption aligncenter\"><img fetchpriority=\"high\" decoding=\"async\" class=\"size-medium wp-image-2880\" src=\"https:\/\/theperfumebottles.com\/wp-content\/uploads\/2025\/03\/unique-cologne-bottles-FZ0701-300x300.webp\" alt=\"benzersiz kolonya \u015fi\u015feleri\" width=\"300\" height=\"300\" srcset=\"https:\/\/theperfumebottles.com\/wp-content\/uploads\/2025\/03\/unique-cologne-bottles-FZ0701-300x300.webp 300w, https:\/\/theperfumebottles.com\/wp-content\/uploads\/2025\/03\/unique-cologne-bottles-FZ0701-150x150.webp 150w, https:\/\/theperfumebottles.com\/wp-content\/uploads\/2025\/03\/unique-cologne-bottles-FZ0701-768x768.webp 768w, https:\/\/theperfumebottles.com\/wp-content\/uploads\/2025\/03\/unique-cologne-bottles-FZ0701-12x12.webp 12w, https:\/\/theperfumebottles.com\/wp-content\/uploads\/2025\/03\/unique-cologne-bottles-FZ0701-600x600.webp 600w, https:\/\/theperfumebottles.com\/wp-content\/uploads\/2025\/03\/unique-cologne-bottles-FZ0701-100x100.webp 100w, https:\/\/theperfumebottles.com\/wp-content\/uploads\/2025\/03\/unique-cologne-bottles-FZ0701.webp 1000w\" sizes=\"(max-width: 300px) 100vw, 300px\" \/><figcaption id=\"caption-attachment-2880\" class=\"wp-caption-text\">30 ml<\/figcaption><\/figure><\/td>\n<td style=\"width: 54.00pt\" width=\"72\">\n<p><figure id=\"attachment_2882\" aria-describedby=\"caption-attachment-2882\" style=\"width: 300px\" class=\"wp-caption aligncenter\"><img decoding=\"async\" class=\"size-medium wp-image-2882\" src=\"https:\/\/theperfumebottles.com\/wp-content\/uploads\/2025\/03\/custom-engraved-perfume-bottles-FZ0702-300x300.webp\" alt=\"\u00f6zel oymal\u0131 parf\u00fcm \u015fi\u015feleri\" width=\"300\" height=\"300\" srcset=\"https:\/\/theperfumebottles.com\/wp-content\/uploads\/2025\/03\/custom-engraved-perfume-bottles-FZ0702-300x300.webp 300w, https:\/\/theperfumebottles.com\/wp-content\/uploads\/2025\/03\/custom-engraved-perfume-bottles-FZ0702-150x150.webp 150w, https:\/\/theperfumebottles.com\/wp-content\/uploads\/2025\/03\/custom-engraved-perfume-bottles-FZ0702-768x768.webp 768w, https:\/\/theperfumebottles.com\/wp-content\/uploads\/2025\/03\/custom-engraved-perfume-bottles-FZ0702-12x12.webp 12w, https:\/\/theperfumebottles.com\/wp-content\/uploads\/2025\/03\/custom-engraved-perfume-bottles-FZ0702-600x600.webp 600w, https:\/\/theperfumebottles.com\/wp-content\/uploads\/2025\/03\/custom-engraved-perfume-bottles-FZ0702-100x100.webp 100w, https:\/\/theperfumebottles.com\/wp-content\/uploads\/2025\/03\/custom-engraved-perfume-bottles-FZ0702.webp 1000w\" sizes=\"(max-width: 300px) 100vw, 300px\" \/><figcaption id=\"caption-attachment-2882\" class=\"wp-caption-text\">50 ml<\/figcaption><\/figure><\/td>\n<td style=\"width: 54.00pt\" width=\"72\">\n<p><figure id=\"attachment_2883\" aria-describedby=\"caption-attachment-2883\" style=\"width: 300px\" class=\"wp-caption aligncenter\"><img decoding=\"async\" class=\"size-medium wp-image-2883\" src=\"https:\/\/theperfumebottles.com\/wp-content\/uploads\/2025\/03\/custom-perfume-bottles-FZ0703-300x300.webp\" alt=\"\u00f6zel parf\u00fcm \u015fi\u015feleri\" width=\"300\" height=\"300\" srcset=\"https:\/\/theperfumebottles.com\/wp-content\/uploads\/2025\/03\/custom-perfume-bottles-FZ0703-300x300.webp 300w, https:\/\/theperfumebottles.com\/wp-content\/uploads\/2025\/03\/custom-perfume-bottles-FZ0703-150x150.webp 150w, https:\/\/theperfumebottles.com\/wp-content\/uploads\/2025\/03\/custom-perfume-bottles-FZ0703-768x768.webp 768w, https:\/\/theperfumebottles.com\/wp-content\/uploads\/2025\/03\/custom-perfume-bottles-FZ0703-12x12.webp 12w, https:\/\/theperfumebottles.com\/wp-content\/uploads\/2025\/03\/custom-perfume-bottles-FZ0703-600x600.webp 600w, https:\/\/theperfumebottles.com\/wp-content\/uploads\/2025\/03\/custom-perfume-bottles-FZ0703-100x100.webp 100w, https:\/\/theperfumebottles.com\/wp-content\/uploads\/2025\/03\/custom-perfume-bottles-FZ0703.webp 1024w\" sizes=\"(max-width: 300px) 100vw, 300px\" \/><figcaption id=\"caption-attachment-2883\" class=\"wp-caption-text\">100 ml<\/figcaption><\/figure><\/td>\n<\/tr>\n<\/tbody>\n<\/table>\n<h2>Bir Bak\u0131\u015fta Temel \u00d6zellikler<\/h2>\n<div class=\"hyc-common-markdown__table-wrapper\">\n<table>\n<thead>\n<tr>\n<th>Model<\/th>\n<th>Kapasite<\/th>\n<th>Boyutlar (mm)<\/th>\n<th>Kapak Se\u00e7enekleri<\/th>\n<th>\u00d6zelle\u015ftirilebilir \u00d6zellikler<\/th>\n<\/tr>\n<\/thead>\n<tbody>\n<tr>\n<td>PB-FZ0701<\/td>\n<td>30 ml<\/td>\n<td>29x29x94<\/td>\n<td>Alt\u0131n\/G\u00fcm\u00fc\u015f<\/td>\n<td>Logo kaz\u0131ma, cam renklendirme<\/td>\n<\/tr>\n<tr>\n<td>PB-FZ0702<\/td>\n<td>50 ml<\/td>\n<td>38x38x94<\/td>\n<td>Alt\u0131n\/G\u00fcm\u00fc\u015f<\/td>\n<td>Mat y\u00fczeyler, degrade renkler<\/td>\n<\/tr>\n<tr>\n<td>PB-FZ0703<\/td>\n<td>100 ml<\/td>\n<td>48x48x94<\/td>\n<td>Alt\u0131n\/G\u00fcm\u00fc\u015f<\/td>\n<td>Tam ODM\/OEM, dekoratif yakalar<\/td>\n<\/tr>\n<\/tbody>\n<\/table>\n<\/div>\n<h2>Neden \u00f6zel parf\u00fcm \u015fi\u015felerimizi se\u00e7melisiniz?<\/h2>\n<ul>\n<li>\u200b<strong>\u00dccretsiz Numuneler ve Toplu Sipari\u015fler<\/strong>: \u00dccretsiz numunelerle kaliteyi test edin ve toptan fiyatland\u0131rma ile g\u00fcvenle \u00f6l\u00e7eklendirin.<\/li>\n<li>\u200b<strong>Seyahate Haz\u0131r Ambalaj<\/strong>: Kompakt 30 ml'lik \u015fi\u015feler TSA dostudur, daha b\u00fcy\u00fck boyutlar ise perakende te\u015fhirlere uygundur.<\/li>\n<li>\u200b<strong>U\u00e7tan Uca \u00c7\u00f6z\u00fcmler<\/strong>: \u00d6zel parf\u00fcm \u015fi\u015felerinden markal\u0131 aksesuarlara kadar bask\u0131, grav\u00fcr ve toplu lojistik i\u015flemlerini ger\u00e7ekle\u015ftiriyoruz.<\/li>\n<\/ul>\n<h2>Koku Markan\u0131z\u0131 Bug\u00fcn Y\u00fckseltin<\/h2>\n<p>\u015e\u0131kl\u0131k ve i\u015flevselli\u011fe \u00f6ncelik veren markalar i\u00e7in tasarlanan Oval Elegance Serisi, cam i\u015f\u00e7ili\u011fini esnek markalama se\u00e7enekleriyle birle\u015ftiriyor. \u0130ster yeni kurulmu\u015f ister k\u00f6kl\u00fc bir l\u00fcks \u015firket olun, cam parf\u00fcm \u015fi\u015felerimiz iyi bir kalite ve g\u00f6ze \u00e7arpan bir \u00e7ekicilik sunar.<\/p>\n<p><em>Benzersiz kolonya \u015fi\u015feleri sipari\u015f etmek veya ODM\/OEM teklifleri istemek i\u00e7in bizimle ileti\u015fime ge\u00e7in. Bo\u015f kaplar\u0131 unutulmaz koku ambalajlar\u0131na d\u00f6n\u00fc\u015ft\u00fcr\u00fcn!<\/em><\/p>","protected":false},"excerpt":{"rendered":"<p>Rekabet\u00e7i koku pazar\u0131nda, sofistike ve \u00e7ok y\u00f6nl\u00fcl\u00fc\u011f\u00fc somutla\u015ft\u0131rmak i\u00e7in tasarlanm\u0131\u015f benzersiz kolonya \u015fi\u015feleri ve \u00f6zel kaz\u0131nm\u0131\u015f parf\u00fcm \u015fi\u015felerinden olu\u015fan bir koleksiyon olan Oval Elegance Serisi ile \u00f6ne \u00e7\u0131k\u0131n.<\/p>","protected":false},"featured_media":2880,"comment_status":"open","ping_status":"closed","template":"","meta":{"_acf_changed":false,"site-sidebar-layout":"default","site-content-layout":"","ast-site-content-layout":"default","site-content-style":"default","site-sidebar-style":"default","ast-global-header-display":"","ast-banner-title-visibility":"","ast-main-header-display":"","ast-hfb-above-header-display":"","ast-hfb-below-header-display":"","ast-hfb-mobile-header-display":"","site-post-title":"","ast-breadcrumbs-content":"","ast-featured-img":"","footer-sml-layout":"","ast-disable-related-posts":"","theme-transparent-header-meta":"default","adv-header-id-meta":"","stick-header-meta":"","header-above-stick-meta":"","header-main-stick-meta":"","header-below-stick-meta":"","astra-migrate-meta-layouts":"set","ast-page-background-enabled":"default","ast-page-background-meta":{"desktop":{"background-color":"var(--ast-global-color-5)","background-image":"","background-repeat":"repeat","background-position":"center center","background-size":"auto","background-attachment":"scroll","background-type":"","background-media":"","overlay-type":"","overlay-color":"","overlay-opacity":"","overlay-gradient":""},"tablet":{"background-color":"","background-image":"","background-repeat":"repeat","background-position":"center center","background-size":"auto","background-attachment":"scroll","background-type":"","background-media":"","overlay-type":"","overlay-color":"","overlay-opacity":"","overlay-gradient":""},"mobile":{"background-color":"","background-image":"","background-repeat":"repeat","background-position":"center center","background-size":"auto","background-attachment":"scroll","background-type":"","background-media":"","overlay-type":"","overlay-color":"","overlay-opacity":"","overlay-gradient":""}},"ast-content-background-meta":{"desktop":{"background-color":"var(--ast-global-color-4)","background-image":"","background-repeat":"repeat","background-position":"center center","background-size":"auto","background-attachment":"scroll","background-type":"","background-media":"","overlay-type":"","overlay-color":"","overlay-opacity":"","overlay-gradient":""},"tablet":{"background-color":"var(--ast-global-color-4)","background-image":"","background-repeat":"repeat","background-position":"center center","background-size":"auto","background-attachment":"scroll","background-type":"","background-media":"","overlay-type":"","overlay-color":"","overlay-opacity":"","overlay-gradient":""},"mobile":{"background-color":"var(--ast-global-color-4)","background-image":"","background-repeat":"repeat","background-position":"center center","background-size":"auto","background-attachment":"scroll","background-type":"","background-media":"","overlay-type":"","overlay-color":"","overlay-opacity":"","overlay-gradient":""}}},"product_brand":[],"product_cat":[72,91,41],"product_tag":[],"class_list":{"0":"post-2878","1":"product","2":"type-product","3":"status-publish","4":"has-post-thumbnail","6":"product_cat-cosmetic-packaging","7":"product_cat-custom-perfume-bottles","8":"product_cat-perfume-bottles","9":"desktop-align-left","10":"tablet-align-left","11":"mobile-align-left","13":"first","14":"instock","15":"shipping-taxable","16":"product-type-simple"},"acf":[],"jetpack_sharing_enabled":true,"_links":{"self":[{"href":"https:\/\/theperfumebottles.com\/tr\/wp-json\/wp\/v2\/product\/2878","targetHints":{"allow":["GET"]}}],"collection":[{"href":"https:\/\/theperfumebottles.com\/tr\/wp-json\/wp\/v2\/product"}],"about":[{"href":"https:\/\/theperfumebottles.com\/tr\/wp-json\/wp\/v2\/types\/product"}],"replies":[{"embeddable":true,"href":"https:\/\/theperfumebottles.com\/tr\/wp-json\/wp\/v2\/comments?post=2878"}],"wp:featuredmedia":[{"embeddable":true,"href":"https:\/\/theperfumebottles.com\/tr\/wp-json\/wp\/v2\/media\/2880"}],"wp:attachment":[{"href":"https:\/\/theperfumebottles.com\/tr\/wp-json\/wp\/v2\/media?parent=2878"}],"wp:term":[{"taxonomy":"product_brand","embeddable":true,"href":"https:\/\/theperfumebottles.com\/tr\/wp-json\/wp\/v2\/product_brand?post=2878"},{"taxonomy":"product_cat","embeddable":true,"href":"https:\/\/theperfumebottles.com\/tr\/wp-json\/wp\/v2\/product_cat?post=2878"},{"taxonomy":"product_tag","embeddable":true,"href":"https:\/\/theperfumebottles.com\/tr\/wp-json\/wp\/v2\/product_tag?post=2878"}],"curies":[{"name":"wp","href":"https:\/\/api.w.org\/{rel}","templated":true}]}}