{"id":2886,"date":"2025-03-25T09:57:46","date_gmt":"2025-03-25T09:57:46","guid":{"rendered":"https:\/\/theperfumebottles.com\/?post_type=product&#038;p=2886"},"modified":"2025-04-18T03:37:48","modified_gmt":"2025-04-18T03:37:48","slug":"small-fragrance-bottles-cologne-spray-bottles","status":"publish","type":"product","link":"https:\/\/theperfumebottles.com\/tr\/urun\/small-fragrance-bottles-cologne-spray-bottles\/","title":{"rendered":"Ah\u015fap Kapakl\u0131 30ml 45ml 50ml 100ml K\u00fc\u00e7\u00fck Koku \u015ei\u015feleri"},"content":{"rendered":"<p>Minimalist bir koleksiyon olan Natural Essence Serisi ile parf\u00fcm\u00fcn\u00fcz\u00fc, t\u0131ra\u015f losyonunuzu veya sa\u011fl\u0131kl\u0131 ya\u015fam serinizi geli\u015ftirin\u00a0<em>k\u00fc\u00e7\u00fck kolonya sprey \u015fi\u015feleri<\/em>\u00a0Ve\u00a0<em>bo\u015f parf\u00fcm cam \u015fi\u0307\u015feleri\u0307<\/em>\u00a0zanaatkar markalar i\u00e7in tasarland\u0131. \u00c7evreye duyarl\u0131 ah\u015fap veya mat siyah \u00fcst k\u0131s\u0131mlara sahip kristal berrakl\u0131\u011f\u0131nda camdan \u00fcretilen bu kaplar, modern \u015f\u0131kl\u0131\u011f\u0131 pratik \u00e7ok y\u00f6nl\u00fcl\u00fckle harmanl\u0131yor.<\/p>\n<h2>K\u00fc\u00e7\u00fck Koku \u015ei\u015feleri i\u00e7in Temel \u00d6zellikler<\/h2>\n<table style=\"border-collapse: collapse; margin-left: auto; margin-right: auto; width: 100%;\" border=\"0\" width=\"100%\" cellspacing=\"0\" cellpadding=\"0\">\n<tbody>\n<tr style=\"height: 10pt;\">\n<td style=\"height: 10pt; width: 87.75pt;\" width=\"117\" height=\"18\">Model<\/td>\n<td style=\"width: 54.00pt;\" width=\"72\">Kapasite<\/td>\n<td style=\"width: 184.50pt;\" width=\"246\">\u015eartname<\/td>\n<td style=\"width: 81.00pt;\" width=\"108\">M\u00fch\u00fcr Tipi<\/td>\n<td class=\"et2\" style=\"width: 262.50pt;\" width=\"350\">Renk<\/td>\n<\/tr>\n<tr style=\"height: 40.50pt;\">\n<td style=\"height: 40.50pt;\" height=\"54\">PB-FZ0801<\/td>\n<td>30 ml<\/td>\n<td>35\u00d735\u00d766 mm, 15mm kalibre<\/td>\n<td>K\u0131s\u0131rla\u015ft\u0131r\u0131lm\u0131\u015f \u00fcst<\/td>\n<td class=\"et2\" style=\"width: 262.50pt;\" width=\"350\">\u015eeffaf cam, ceviz kahvesi, a\u00e7\u0131k me\u015fe, mat siyah kapak (\u00f6zelle\u015ftirilebilir)<\/td>\n<\/tr>\n<tr style=\"height: 40.50pt;\">\n<td style=\"height: 40.50pt;\" height=\"54\">PB-FZ0802<\/td>\n<td>30 ml<\/td>\n<td>37\u00d737\u00d765 mm, 15mm kalibre<\/td>\n<td>K\u0131s\u0131rla\u015ft\u0131r\u0131lm\u0131\u015f \u00fcst<\/td>\n<td class=\"et2\" style=\"width: 262.50pt;\" width=\"350\">\u015eeffaf cam, ceviz kahvesi, a\u00e7\u0131k me\u015fe, mat siyah kapak (\u00f6zelle\u015ftirilebilir)<\/td>\n<\/tr>\n<tr style=\"height: 40.50pt;\">\n<td style=\"height: 40.50pt;\" height=\"54\">PB-FZ0803<\/td>\n<td>50 ml<\/td>\n<td>32\u00d732\u00d785 mm, 15mm kalibre<\/td>\n<td>K\u0131s\u0131rla\u015ft\u0131r\u0131lm\u0131\u015f \u00fcst<\/td>\n<td class=\"et2\" style=\"width: 262.50pt;\" width=\"350\">\u015eeffaf cam, ceviz kahvesi, a\u00e7\u0131k me\u015fe, mat siyah kapak (\u00f6zelle\u015ftirilebilir)<\/td>\n<\/tr>\n<tr style=\"height: 40.50pt;\">\n<td style=\"height: 40.50pt;\" height=\"54\">PB-FZ0804<\/td>\n<td>45ml<\/td>\n<td>37\u00d737\u00d786 mm, 15mm kalibre<\/td>\n<td>K\u0131s\u0131rla\u015ft\u0131r\u0131lm\u0131\u015f \u00fcst<\/td>\n<td class=\"et2\" style=\"width: 262.50pt;\" width=\"350\">\u015eeffaf cam, ceviz kahvesi, a\u00e7\u0131k me\u015fe, mat siyah kapak (\u00f6zelle\u015ftirilebilir)<\/td>\n<\/tr>\n<tr style=\"height: 40.50pt;\">\n<td style=\"height: 40.50pt;\" height=\"54\">PB-FZ0805<\/td>\n<td>100 ml<\/td>\n<td>47\u00d747\u00d7103 mm, 15 mm kalibre<\/td>\n<td>K\u0131s\u0131rla\u015ft\u0131r\u0131lm\u0131\u015f \u00fcst<\/td>\n<td class=\"et2\" style=\"width: 262.50pt;\" width=\"350\">\u015eeffaf cam, ceviz kahvesi, a\u00e7\u0131k me\u015fe, mat siyah kapak (\u00f6zelle\u015ftirilebilir)<\/td>\n<\/tr>\n<\/tbody>\n<\/table>\n<h2>Kesinlikle senin:<\/h2>\n<ul>\n<li>Kal\u0131plar\u0131 y\u0131kan kapaklar: 3D bask\u0131l\u0131 metalik y\u00fczeyler veya geri d\u00f6n\u00fc\u015ft\u00fcr\u00fclm\u00fc\u015f mantar<\/li>\n<li>Bonus: \u00dccretsiz numune kitleri - \u00e7\u00fcnk\u00fc taahh\u00fctte bulunmadan \u00f6nce kaliteyi hissetmeyi hak ediyorsunuz.<\/li>\n<\/ul>\n<h2>\u0130\u00e7in:<\/h2>\n<ul>\n<li>Parf\u00fcm simyac\u0131lar\u0131 jenerik \u015fi\u015felerden b\u0131kt\u0131<\/li>\n<li>Cinsiyeti bulan\u0131kla\u015ft\u0131ran bak\u0131m markalar\u0131 kurallar\u0131 yeniden yaz\u0131yor<\/li>\n<li>\u00c7evre sava\u015f\u00e7\u0131lar\u0131 dolumlar\u0131 rit\u00fcele d\u00f6n\u00fc\u015ft\u00fcr\u00fcyor<\/li>\n<li>Konuklar\u0131n konforu \u00e7almas\u0131n\u0131 isteyen oteller (cidden, bu oluyor)<\/li>\n<\/ul>","protected":false},"excerpt":{"rendered":"<p>Minimalist bir koleksiyon olan Natural Essence Serisi ile parf\u00fcm\u00fcn\u00fcz\u00fc, t\u0131ra\u015f losyonunuzu veya sa\u011fl\u0131kl\u0131 ya\u015fam serinizi geli\u015ftirin\u00a0<em>k\u00fc\u00e7\u00fck kolonya sprey \u015fi\u015feleri<\/em>\u00a0Ve\u00a0<em>bo\u015f parf\u00fcm cam \u015fi\u0307\u015feleri\u0307<\/em>\u00a0zanaatkar markalar i\u00e7in tasarlanm\u0131\u015ft\u0131r.<\/p>","protected":false},"featured_media":2887,"comment_status":"open","ping_status":"closed","template":"","meta":{"_acf_changed":false,"site-sidebar-layout":"default","site-content-layout":"","ast-site-content-layout":"default","site-content-style":"default","site-sidebar-style":"default","ast-global-header-display":"","ast-banner-title-visibility":"","ast-main-header-display":"","ast-hfb-above-header-display":"","ast-hfb-below-header-display":"","ast-hfb-mobile-header-display":"","site-post-title":"","ast-breadcrumbs-content":"","ast-featured-img":"","footer-sml-layout":"","ast-disable-related-posts":"","theme-transparent-header-meta":"default","adv-header-id-meta":"","stick-header-meta":"","header-above-stick-meta":"","header-main-stick-meta":"","header-below-stick-meta":"","astra-migrate-meta-layouts":"set","ast-page-background-enabled":"default","ast-page-background-meta":{"desktop":{"background-color":"var(--ast-global-color-5)","background-image":"","background-repeat":"repeat","background-position":"center center","background-size":"auto","background-attachment":"scroll","background-type":"","background-media":"","overlay-type":"","overlay-color":"","overlay-opacity":"","overlay-gradient":""},"tablet":{"background-color":"","background-image":"","background-repeat":"repeat","background-position":"center center","background-size":"auto","background-attachment":"scroll","background-type":"","background-media":"","overlay-type":"","overlay-color":"","overlay-opacity":"","overlay-gradient":""},"mobile":{"background-color":"","background-image":"","background-repeat":"repeat","background-position":"center center","background-size":"auto","background-attachment":"scroll","background-type":"","background-media":"","overlay-type":"","overlay-color":"","overlay-opacity":"","overlay-gradient":""}},"ast-content-background-meta":{"desktop":{"background-color":"var(--ast-global-color-4)","background-image":"","background-repeat":"repeat","background-position":"center center","background-size":"auto","background-attachment":"scroll","background-type":"","background-media":"","overlay-type":"","overlay-color":"","overlay-opacity":"","overlay-gradient":""},"tablet":{"background-color":"var(--ast-global-color-4)","background-image":"","background-repeat":"repeat","background-position":"center center","background-size":"auto","background-attachment":"scroll","background-type":"","background-media":"","overlay-type":"","overlay-color":"","overlay-opacity":"","overlay-gradient":""},"mobile":{"background-color":"var(--ast-global-color-4)","background-image":"","background-repeat":"repeat","background-position":"center center","background-size":"auto","background-attachment":"scroll","background-type":"","background-media":"","overlay-type":"","overlay-color":"","overlay-opacity":"","overlay-gradient":""}}},"product_brand":[],"product_cat":[72,91,41],"product_tag":[],"class_list":{"0":"post-2886","1":"product","2":"type-product","3":"status-publish","4":"has-post-thumbnail","6":"product_cat-cosmetic-packaging","7":"product_cat-custom-perfume-bottles","8":"product_cat-perfume-bottles","9":"desktop-align-left","10":"tablet-align-left","11":"mobile-align-left","13":"first","14":"instock","15":"shipping-taxable","16":"product-type-simple"},"acf":[],"jetpack_sharing_enabled":true,"_links":{"self":[{"href":"https:\/\/theperfumebottles.com\/tr\/wp-json\/wp\/v2\/product\/2886","targetHints":{"allow":["GET"]}}],"collection":[{"href":"https:\/\/theperfumebottles.com\/tr\/wp-json\/wp\/v2\/product"}],"about":[{"href":"https:\/\/theperfumebottles.com\/tr\/wp-json\/wp\/v2\/types\/product"}],"replies":[{"embeddable":true,"href":"https:\/\/theperfumebottles.com\/tr\/wp-json\/wp\/v2\/comments?post=2886"}],"wp:featuredmedia":[{"embeddable":true,"href":"https:\/\/theperfumebottles.com\/tr\/wp-json\/wp\/v2\/media\/2887"}],"wp:attachment":[{"href":"https:\/\/theperfumebottles.com\/tr\/wp-json\/wp\/v2\/media?parent=2886"}],"wp:term":[{"taxonomy":"product_brand","embeddable":true,"href":"https:\/\/theperfumebottles.com\/tr\/wp-json\/wp\/v2\/product_brand?post=2886"},{"taxonomy":"product_cat","embeddable":true,"href":"https:\/\/theperfumebottles.com\/tr\/wp-json\/wp\/v2\/product_cat?post=2886"},{"taxonomy":"product_tag","embeddable":true,"href":"https:\/\/theperfumebottles.com\/tr\/wp-json\/wp\/v2\/product_tag?post=2886"}],"curies":[{"name":"wp","href":"https:\/\/api.w.org\/{rel}","templated":true}]}}