{"id":2905,"date":"2025-03-26T08:24:36","date_gmt":"2025-03-26T08:24:36","guid":{"rendered":"https:\/\/theperfumebottles.com\/?post_type=product&#038;p=2905"},"modified":"2025-05-28T18:28:24","modified_gmt":"2025-05-28T10:28:24","slug":"30ml-50ml-100ml-iceberg-unique-perfume-bottles-wholesale","status":"publish","type":"product","link":"https:\/\/theperfumebottles.com\/tr\/urun\/30ml-50ml-100ml-iceberg-unique-perfume-bottles-wholesale\/","title":{"rendered":"30ml 50ml 100ml Buzda\u011f\u0131 Benzersiz Parf\u00fcm \u015ei\u015feleri Toptan Sat\u0131\u015f"},"content":{"rendered":"<p>\u015e\u0131kl\u0131\u011f\u0131 \u00e7ok y\u00f6nl\u00fcl\u00fckle harmanlayan benzersiz parf\u00fcm \u015fi\u015feleri arayan koku markalar\u0131 ve t\u00fcccarlar i\u00e7in Iceberg Serisi, 30ml, 50ml ve 100ml boyutlar\u0131nda birinci s\u0131n\u0131f cam parf\u00fcm \u015fi\u015feleri sunar. Parf\u00fcm \u015fi\u015feleri toptan sat\u0131\u015f f\u0131rsatlar\u0131 i\u00e7in tasarlanan bu bo\u015f koku \u015fi\u015feleri, markan\u0131z\u0131n kimli\u011fini y\u00fckseltmek i\u00e7in tamamen \u00f6zelle\u015ftirilebilir.<\/p>\n<table style=\"border-collapse: collapse;margin-left: auto;margin-right: auto;width: 202.53pt\" border=\"0\" width=\"270\" cellspacing=\"0\" cellpadding=\"0\">\n<tbody>\n<tr style=\"height: 15.00pt\">\n<td style=\"height: 15.00pt;width: 67.50pt\" width=\"90\" height=\"20\">\n<p><figure id=\"attachment_2906\" aria-describedby=\"caption-attachment-2906\" style=\"width: 300px\" class=\"wp-caption aligncenter\"><img fetchpriority=\"high\" decoding=\"async\" class=\"size-medium wp-image-2906\" src=\"https:\/\/theperfumebottles.com\/wp-content\/uploads\/2025\/03\/unique-perfume-bottles-HS0201-300x300.webp\" alt=\"benzersiz parf\u00fcm \u015fi\u015feleri\" width=\"300\" height=\"300\" srcset=\"https:\/\/theperfumebottles.com\/wp-content\/uploads\/2025\/03\/unique-perfume-bottles-HS0201-300x300.webp 300w, https:\/\/theperfumebottles.com\/wp-content\/uploads\/2025\/03\/unique-perfume-bottles-HS0201-150x150.webp 150w, https:\/\/theperfumebottles.com\/wp-content\/uploads\/2025\/03\/unique-perfume-bottles-HS0201-768x768.webp 768w, https:\/\/theperfumebottles.com\/wp-content\/uploads\/2025\/03\/unique-perfume-bottles-HS0201-12x12.webp 12w, https:\/\/theperfumebottles.com\/wp-content\/uploads\/2025\/03\/unique-perfume-bottles-HS0201-600x600.webp 600w, https:\/\/theperfumebottles.com\/wp-content\/uploads\/2025\/03\/unique-perfume-bottles-HS0201-100x100.webp 100w, https:\/\/theperfumebottles.com\/wp-content\/uploads\/2025\/03\/unique-perfume-bottles-HS0201.webp 1000w\" sizes=\"(max-width: 300px) 100vw, 300px\" \/><figcaption id=\"caption-attachment-2906\" class=\"wp-caption-text\">30 ml<\/figcaption><\/figure><\/td>\n<td style=\"width: 67.50pt\" width=\"90\">\n<p><figure id=\"attachment_2909\" aria-describedby=\"caption-attachment-2909\" style=\"width: 300px\" class=\"wp-caption aligncenter\"><img decoding=\"async\" class=\"size-medium wp-image-2909\" src=\"https:\/\/theperfumebottles.com\/wp-content\/uploads\/2025\/03\/perfume-bottles-wholesale-HS0202-300x300.webp\" alt=\"parf\u00fcm \u015fi\u015feleri toptan\" width=\"300\" height=\"300\" srcset=\"https:\/\/theperfumebottles.com\/wp-content\/uploads\/2025\/03\/perfume-bottles-wholesale-HS0202-300x300.webp 300w, https:\/\/theperfumebottles.com\/wp-content\/uploads\/2025\/03\/perfume-bottles-wholesale-HS0202-150x150.webp 150w, https:\/\/theperfumebottles.com\/wp-content\/uploads\/2025\/03\/perfume-bottles-wholesale-HS0202-768x768.webp 768w, https:\/\/theperfumebottles.com\/wp-content\/uploads\/2025\/03\/perfume-bottles-wholesale-HS0202-12x12.webp 12w, https:\/\/theperfumebottles.com\/wp-content\/uploads\/2025\/03\/perfume-bottles-wholesale-HS0202-600x600.webp 600w, https:\/\/theperfumebottles.com\/wp-content\/uploads\/2025\/03\/perfume-bottles-wholesale-HS0202-100x100.webp 100w, https:\/\/theperfumebottles.com\/wp-content\/uploads\/2025\/03\/perfume-bottles-wholesale-HS0202.webp 1000w\" sizes=\"(max-width: 300px) 100vw, 300px\" \/><figcaption id=\"caption-attachment-2909\" class=\"wp-caption-text\">50 ml<\/figcaption><\/figure><\/td>\n<td style=\"width: 67.50pt\" width=\"90\">\n<p><figure id=\"attachment_2910\" aria-describedby=\"caption-attachment-2910\" style=\"width: 300px\" class=\"wp-caption aligncenter\"><img decoding=\"async\" class=\"size-medium wp-image-2910\" src=\"https:\/\/theperfumebottles.com\/wp-content\/uploads\/2025\/03\/perfume-bottles-wholesale-HS0203-300x300.webp\" alt=\"parf\u00fcm \u015fi\u015feleri toptan\" width=\"300\" height=\"300\" srcset=\"https:\/\/theperfumebottles.com\/wp-content\/uploads\/2025\/03\/perfume-bottles-wholesale-HS0203-300x300.webp 300w, https:\/\/theperfumebottles.com\/wp-content\/uploads\/2025\/03\/perfume-bottles-wholesale-HS0203-150x150.webp 150w, https:\/\/theperfumebottles.com\/wp-content\/uploads\/2025\/03\/perfume-bottles-wholesale-HS0203-768x768.webp 768w, https:\/\/theperfumebottles.com\/wp-content\/uploads\/2025\/03\/perfume-bottles-wholesale-HS0203-12x12.webp 12w, https:\/\/theperfumebottles.com\/wp-content\/uploads\/2025\/03\/perfume-bottles-wholesale-HS0203-600x600.webp 600w, https:\/\/theperfumebottles.com\/wp-content\/uploads\/2025\/03\/perfume-bottles-wholesale-HS0203-100x100.webp 100w, https:\/\/theperfumebottles.com\/wp-content\/uploads\/2025\/03\/perfume-bottles-wholesale-HS0203.webp 1000w\" sizes=\"(max-width: 300px) 100vw, 300px\" \/><figcaption id=\"caption-attachment-2910\" class=\"wp-caption-text\">100 ml<\/figcaption><\/figure><\/td>\n<\/tr>\n<\/tbody>\n<\/table>\n<h2>Teknik \u00d6zellikler<\/h2>\n<div class=\"hyc-common-markdown__table-wrapper\">\n<table>\n<thead>\n<tr>\n<th>Model<\/th>\n<th>Kapasite<\/th>\n<th>Boyutlar (Y*D)<\/th>\n<th>Malzeme<\/th>\n<th>Renk Se\u00e7enekleri<\/th>\n<th>M\u00fch\u00fcr Tipi<\/th>\n<th>\u00d6zelle\u015ftirme<\/th>\n<\/tr>\n<\/thead>\n<tbody>\n<tr>\n<td>PB-HS0201<\/td>\n<td>30 ml<\/td>\n<td>46 * 73 mm<\/td>\n<td>Kristal Cam<\/td>\n<td>\u015eeffaf cam + Mat kapak<\/td>\n<td>Sprey \u00dcst\u00fc<\/td>\n<td>Kapak, bask\u0131, renk tonu<\/td>\n<\/tr>\n<tr>\n<td>PB-HS0202<\/td>\n<td>50 ml<\/td>\n<td>51 * 80 mm<\/td>\n<td>Kristal Cam<\/td>\n<td>\u015eeffaf cam + Mat kapak<\/td>\n<td>Sprey \u00dcst\u00fc<\/td>\n<td>\u015eekil, boyut, logo<\/td>\n<\/tr>\n<tr>\n<td>PB-HS0203<\/td>\n<td>100 ml<\/td>\n<td>59 * 94 mm<\/td>\n<td>Kristal Cam<\/td>\n<td>\u015eeffaf cam + Mat kapak<\/td>\n<td>Sprey \u00dcst\u00fc<\/td>\n<td>Tam markala\u015fma<\/td>\n<\/tr>\n<\/tbody>\n<\/table>\n<\/div>\n<h3><strong>\u0130ste\u011fe ba\u011fl\u0131 \u015fi\u015fe kapaklar\u0131:<\/strong><\/h3>\n<p><img loading=\"lazy\" decoding=\"async\" class=\"size-medium wp-image-2961 aligncenter\" src=\"https:\/\/theperfumebottles.com\/wp-content\/uploads\/2025\/04\/perfume-bottle-tops-3-300x164.webp\" alt=\"parf\u00fcm \u015fi\u015fesi kapaklar\u0131\" width=\"300\" height=\"164\" srcset=\"https:\/\/theperfumebottles.com\/wp-content\/uploads\/2025\/04\/perfume-bottle-tops-3-300x164.webp 300w, https:\/\/theperfumebottles.com\/wp-content\/uploads\/2025\/04\/perfume-bottle-tops-3-18x10.webp 18w, https:\/\/theperfumebottles.com\/wp-content\/uploads\/2025\/04\/perfume-bottle-tops-3-600x329.webp 600w, https:\/\/theperfumebottles.com\/wp-content\/uploads\/2025\/04\/perfume-bottle-tops-3.webp 750w\" sizes=\"(max-width: 300px) 100vw, 300px\" \/><\/p>\n<p><img loading=\"lazy\" decoding=\"async\" class=\"size-medium wp-image-2960\" src=\"https:\/\/theperfumebottles.com\/wp-content\/uploads\/2025\/04\/perfume-bottle-tops-2-300x145.webp\" alt=\"parf\u00fcm \u015fi\u015fesi kapaklar\u0131\" width=\"300\" height=\"145\" srcset=\"https:\/\/theperfumebottles.com\/wp-content\/uploads\/2025\/04\/perfume-bottle-tops-2-300x145.webp 300w, https:\/\/theperfumebottles.com\/wp-content\/uploads\/2025\/04\/perfume-bottle-tops-2-18x9.webp 18w, https:\/\/theperfumebottles.com\/wp-content\/uploads\/2025\/04\/perfume-bottle-tops-2-600x290.webp 600w, https:\/\/theperfumebottles.com\/wp-content\/uploads\/2025\/04\/perfume-bottle-tops-2.webp 750w\" sizes=\"(max-width: 300px) 100vw, 300px\" \/><\/p>\n<p><img loading=\"lazy\" decoding=\"async\" class=\"size-medium wp-image-2959 aligncenter\" src=\"https:\/\/theperfumebottles.com\/wp-content\/uploads\/2025\/04\/perfume-bottle-tops-1-300x224.webp\" alt=\"parf\u00fcm \u015fi\u015fesi kapaklar\u0131\" width=\"300\" height=\"224\" srcset=\"https:\/\/theperfumebottles.com\/wp-content\/uploads\/2025\/04\/perfume-bottle-tops-1-300x224.webp 300w, https:\/\/theperfumebottles.com\/wp-content\/uploads\/2025\/04\/perfume-bottle-tops-1-16x12.webp 16w, https:\/\/theperfumebottles.com\/wp-content\/uploads\/2025\/04\/perfume-bottle-tops-1-600x447.webp 600w, https:\/\/theperfumebottles.com\/wp-content\/uploads\/2025\/04\/perfume-bottle-tops-1.webp 746w\" sizes=\"(max-width: 300px) 100vw, 300px\" \/><\/p>\n<h2>Neden Iceberg serisini se\u00e7melisiniz?<\/h2>\n<ul>\n<li><strong>Ekonomik ve verimli:<\/strong> Yeni kurulan markalar\u0131n ve olgun i\u015fletmelerin ihtiya\u00e7lar\u0131n\u0131 kar\u015f\u0131lamak i\u00e7in toplu paketleme \u00e7\u00f6z\u00fcmleri sa\u011flay\u0131n.<\/li>\n<li><strong>\u00c7ok senaryolu adaptasyon:<\/strong> seyahat paketleri, t\u0131ra\u015f sonras\u0131 veya \u00fcst d\u00fczey kokular, \u00e7e\u015fitli \u00fcr\u00fcn serilerini kar\u015f\u0131lamak i\u00e7in esnek.<\/li>\n<li><strong>\u00d6zenle se\u00e7ilmi\u015f malzemeler:<\/strong> k\u0131r\u0131lmaz cam + \u00e7izilmez kaplama, dayan\u0131kl\u0131 ve g\u00fcvenli.<\/li>\n<\/ul>\n<h2>\u00d6zelle\u015ftirme Spot I\u015f\u0131\u011f\u0131<\/h2>\n<ul>\n<li>\u200b<strong>Kapak Malzemeleri<\/strong>: Mat, metalik veya ah\u015fap efektli y\u00fczeyler.<\/li>\n<li>\u200b<strong>Y\u00fczey \u0130\u015flemleri<\/strong>: Buzlu gradyanlar, elektrolizle kaplanm\u0131\u015f vurgular veya parlak spreyler.<\/li>\n<li>\u200b<strong>Kapasite Esnekli\u011fi<\/strong>: Ni\u015f 30ml \u00f6rnekleyiciler veya amiral gemisi 100ml koleksiyonlar i\u00e7in idealdir.<\/li>\n<\/ul>\n<p>B\u00fcy\u00fclemek i\u00e7in tasarlanm\u0131\u015f benzersiz parf\u00fcm \u015fi\u015feleriyle koku serinizi y\u00fckseltin. Iceberg Serisi, \u015f\u0131kl\u0131\u011f\u0131 ve uyarlanabilirli\u011fi bir araya getirerek l\u00fcks ambalaj ve toptan sat\u0131\u015f verimlili\u011fine \u00f6ncelik veren markalar i\u00e7in m\u00fckemmel bir se\u00e7imdir.<\/p>\n<p><strong>Numune talep etmek veya toplu sipari\u015fleri g\u00f6r\u00fc\u015fmek i\u00e7in bug\u00fcn bize ula\u015f\u0131n!<\/strong><\/p>","protected":false},"excerpt":{"rendered":"<p>Iceberg serisi benzersiz parf\u00fcm \u015fi\u015felerini toptan ke\u015ffedin! Premium kristal cam, \u00f6zelle\u015ftirilebilir tasar\u0131mlar ve l\u00fcks koku markalar\u0131 i\u00e7in toplu ambalaj \u00e7\u00f6z\u00fcmleri.<\/p>","protected":false},"featured_media":2909,"comment_status":"open","ping_status":"closed","template":"","meta":{"_acf_changed":false,"site-sidebar-layout":"default","site-content-layout":"","ast-site-content-layout":"default","site-content-style":"default","site-sidebar-style":"default","ast-global-header-display":"","ast-banner-title-visibility":"","ast-main-header-display":"","ast-hfb-above-header-display":"","ast-hfb-below-header-display":"","ast-hfb-mobile-header-display":"","site-post-title":"","ast-breadcrumbs-content":"","ast-featured-img":"","footer-sml-layout":"","ast-disable-related-posts":"","theme-transparent-header-meta":"default","adv-header-id-meta":"","stick-header-meta":"","header-above-stick-meta":"","header-main-stick-meta":"","header-below-stick-meta":"","astra-migrate-meta-layouts":"set","ast-page-background-enabled":"default","ast-page-background-meta":{"desktop":{"background-color":"var(--ast-global-color-5)","background-image":"","background-repeat":"repeat","background-position":"center center","background-size":"auto","background-attachment":"scroll","background-type":"","background-media":"","overlay-type":"","overlay-color":"","overlay-opacity":"","overlay-gradient":""},"tablet":{"background-color":"","background-image":"","background-repeat":"repeat","background-position":"center center","background-size":"auto","background-attachment":"scroll","background-type":"","background-media":"","overlay-type":"","overlay-color":"","overlay-opacity":"","overlay-gradient":""},"mobile":{"background-color":"","background-image":"","background-repeat":"repeat","background-position":"center center","background-size":"auto","background-attachment":"scroll","background-type":"","background-media":"","overlay-type":"","overlay-color":"","overlay-opacity":"","overlay-gradient":""}},"ast-content-background-meta":{"desktop":{"background-color":"var(--ast-global-color-4)","background-image":"","background-repeat":"repeat","background-position":"center center","background-size":"auto","background-attachment":"scroll","background-type":"","background-media":"","overlay-type":"","overlay-color":"","overlay-opacity":"","overlay-gradient":""},"tablet":{"background-color":"var(--ast-global-color-4)","background-image":"","background-repeat":"repeat","background-position":"center center","background-size":"auto","background-attachment":"scroll","background-type":"","background-media":"","overlay-type":"","overlay-color":"","overlay-opacity":"","overlay-gradient":""},"mobile":{"background-color":"var(--ast-global-color-4)","background-image":"","background-repeat":"repeat","background-position":"center center","background-size":"auto","background-attachment":"scroll","background-type":"","background-media":"","overlay-type":"","overlay-color":"","overlay-opacity":"","overlay-gradient":""}}},"product_brand":[],"product_cat":[72,41],"product_tag":[],"class_list":{"0":"post-2905","1":"product","2":"type-product","3":"status-publish","4":"has-post-thumbnail","6":"product_cat-cosmetic-packaging","7":"product_cat-perfume-bottles","8":"desktop-align-left","9":"tablet-align-left","10":"mobile-align-left","12":"first","13":"instock","14":"shipping-taxable","15":"product-type-simple"},"acf":[],"jetpack_sharing_enabled":true,"_links":{"self":[{"href":"https:\/\/theperfumebottles.com\/tr\/wp-json\/wp\/v2\/product\/2905","targetHints":{"allow":["GET"]}}],"collection":[{"href":"https:\/\/theperfumebottles.com\/tr\/wp-json\/wp\/v2\/product"}],"about":[{"href":"https:\/\/theperfumebottles.com\/tr\/wp-json\/wp\/v2\/types\/product"}],"replies":[{"embeddable":true,"href":"https:\/\/theperfumebottles.com\/tr\/wp-json\/wp\/v2\/comments?post=2905"}],"wp:featuredmedia":[{"embeddable":true,"href":"https:\/\/theperfumebottles.com\/tr\/wp-json\/wp\/v2\/media\/2909"}],"wp:attachment":[{"href":"https:\/\/theperfumebottles.com\/tr\/wp-json\/wp\/v2\/media?parent=2905"}],"wp:term":[{"taxonomy":"product_brand","embeddable":true,"href":"https:\/\/theperfumebottles.com\/tr\/wp-json\/wp\/v2\/product_brand?post=2905"},{"taxonomy":"product_cat","embeddable":true,"href":"https:\/\/theperfumebottles.com\/tr\/wp-json\/wp\/v2\/product_cat?post=2905"},{"taxonomy":"product_tag","embeddable":true,"href":"https:\/\/theperfumebottles.com\/tr\/wp-json\/wp\/v2\/product_tag?post=2905"}],"curies":[{"name":"wp","href":"https:\/\/api.w.org\/{rel}","templated":true}]}}