{"id":2915,"date":"2025-03-26T09:33:10","date_gmt":"2025-03-26T09:33:10","guid":{"rendered":"https:\/\/theperfumebottles.com\/?post_type=product&#038;p=2915"},"modified":"2025-05-27T15:12:42","modified_gmt":"2025-05-27T07:12:42","slug":"30ml-50ml-most-beautiful-perfume-bottles-with-ball-tops","status":"publish","type":"product","link":"https:\/\/theperfumebottles.com\/tr\/urun\/30ml-50ml-most-beautiful-perfume-bottles-with-ball-tops\/","title":{"rendered":"30ml 50ml Top Kapakl\u0131 En G\u00fczel Parf\u00fcm \u015ei\u015feleri"},"content":{"rendered":"<p>M\u00fc\u015fterilerini g\u00fczel parf\u00fcm \u015fi\u015feleriyle etkilemek isteyen markalar ve sat\u0131c\u0131lar i\u00e7in, en g\u00fczel parf\u00fcm \u015fi\u015feleri serimiz (Modeller PB-GK0301 ve PB-GK0302), parf\u00fcm, kolonya veya t\u0131ra\u015f sonras\u0131 \u00fcr\u00fcn yelpazenizi bir \u00fcst seviyeye ta\u015f\u0131mak i\u00e7in zarafet, dayan\u0131kl\u0131l\u0131k ve ki\u015fiselle\u015ftirmeyi bir araya getiriyor. Birinci s\u0131n\u0131f marka imaj\u0131 i\u00e7in tasarlanan bu cam kaplar, kokunuzu e\u015fsiz bir zarafetle sergilemek i\u00e7in tasarlanm\u0131\u015ft\u0131r.<\/p>\n<h2>Bir Bak\u0131\u015fta Temel \u00d6zellikler<\/h2>\n<div class=\"hyc-common-markdown__table-wrapper\">\n<table>\n<thead>\n<tr>\n<th>\u200b<strong>Model<\/strong><\/th>\n<th>PB-GK0301<\/th>\n<th>PB-GK0302<\/th>\n<\/tr>\n<\/thead>\n<tbody>\n<tr>\n<td>\u200b<strong>Kapasite<\/strong><\/td>\n<td>50 ml<\/td>\n<td>100 ml<\/td>\n<\/tr>\n<tr>\n<td>\u200b<strong>Boyutlar<\/strong><\/td>\n<td>39\u00d749\u00d7119 mm<\/td>\n<td>45\u00d755\u00d7130 mm<\/td>\n<\/tr>\n<tr>\n<td>\u200b<strong>Malzeme<\/strong><\/td>\n<td>Kristal Cam<\/td>\n<td>Kristal Cam<\/td>\n<\/tr>\n<tr>\n<td>\u200b<strong>\u015eapka Renkleri<\/strong><\/td>\n<td>Mavi\/Beyaz\/\u00d6zel<\/td>\n<td>Mavi\/Beyaz\/\u00d6zel<\/td>\n<\/tr>\n<tr>\n<td>\u200b<strong>M\u00fch\u00fcr Tipi<\/strong><\/td>\n<td>Sprey \u00dcst\u00fc<\/td>\n<td>Sprey \u00dcst\u00fc<\/td>\n<\/tr>\n<\/tbody>\n<\/table>\n<\/div>\n<h2>Parf\u00fcm \u015ei\u015felerimiz Neden Marka Hedeflerinizle Uyumlu?<\/h2>\n<ul>\n<li>\u200b<strong>\u00d6zel Markalama<\/strong>: Bo\u015f parf\u00fcm \u015fi\u015felerini logo bask\u0131s\u0131, \u00f6zel kapak renkleri veya ki\u015fiye \u00f6zel etiketlerle imzal\u0131 par\u00e7alara d\u00f6n\u00fc\u015ft\u00fcr\u00fcn.<\/li>\n<li>\u200b<strong>Premium Paketleme<\/strong>: Cam g\u00f6vde ve atomizer tasar\u0131m\u0131 l\u00fcks estetikle uyumludur, \u00fcst d\u00fczey parf\u00fcm, t\u0131ra\u015f sonras\u0131 losyonu veya kolonya serileri i\u00e7in idealdir.<\/li>\n<li>\u200b<strong>Toplu Verimlilik<\/strong>G\u00fcvenilir bir \u00fcretici olarak, toptanc\u0131lar\u0131 ve yeni kurulan \u015firketleri desteklemek i\u00e7in rekabet\u00e7i toplu fiyatland\u0131rma ve g\u00fcvenli nakliye hizmeti sunuyoruz.<\/li>\n<\/ul>\n<h2>\u0130deal:<\/h2>\n<p>\u200b<strong>L\u00fcks Markalar<\/strong>: Y\u00fckseltin<strong>koku<\/strong>\u00a0ile hizalanmak<strong>zarif ambalaj<\/strong>\u00a0Bu da birinci s\u0131n\u0131f kaliteyi yans\u0131t\u0131r.<br \/>\n<strong>Seyahat Dostu:<\/strong> 50 ml&#039;lik zarif ve kompakt \u015fi\u015fesi \u00e7antan\u0131za kolayca s\u0131\u011far, seyahat ederken de \u015f\u0131kl\u0131\u011f\u0131n\u0131z\u0131 korur.<br \/>\n\u200b<strong>\u00d6zel Markalar<\/strong>: Olu\u015ftur<strong>e\u015fsiz<\/strong>\u00a0\u00f6zelle\u015ftirilebilir markalama<strong>konteynerler<\/strong>\u00a0ni\u015f pazarlar i\u00e7in.<\/p>\n<p><strong>Bug\u00fcn Bizimle Ortak Olun<\/strong><br \/>\nRekabet\u00e7i parf\u00fcm end\u00fcstrisinde \u00f6ne \u00e7\u0131k\u0131n<strong>g\u00fczel parf\u00fcm \u015fi\u015feleri<\/strong>\u00a0Etkilemek i\u00e7in tasarland\u0131. Markan\u0131z\u0131n potansiyelini ortaya \u00e7\u0131karmak i\u00e7in numune isteyin veya toplu sipari\u015fleri g\u00f6r\u00fc\u015f\u00fcn!<\/p>","protected":false},"excerpt":{"rendered":"<p>L\u00fcks markalar\u0131n en g\u00fczel parf\u00fcm \u015fi\u015felerini ke\u015ffedin. Premium 50ml ve 100ml kristal cam tasar\u0131mlar\u0131, \u00f6zelle\u015ftirilebilir kapaklar ve toplu al\u0131m se\u00e7enekleri.<\/p>","protected":false},"featured_media":2918,"comment_status":"open","ping_status":"closed","template":"","meta":{"_acf_changed":false,"site-sidebar-layout":"default","site-content-layout":"","ast-site-content-layout":"default","site-content-style":"default","site-sidebar-style":"default","ast-global-header-display":"","ast-banner-title-visibility":"","ast-main-header-display":"","ast-hfb-above-header-display":"","ast-hfb-below-header-display":"","ast-hfb-mobile-header-display":"","site-post-title":"","ast-breadcrumbs-content":"","ast-featured-img":"","footer-sml-layout":"","ast-disable-related-posts":"","theme-transparent-header-meta":"default","adv-header-id-meta":"","stick-header-meta":"","header-above-stick-meta":"","header-main-stick-meta":"","header-below-stick-meta":"","astra-migrate-meta-layouts":"set","ast-page-background-enabled":"default","ast-page-background-meta":{"desktop":{"background-color":"var(--ast-global-color-5)","background-image":"","background-repeat":"repeat","background-position":"center center","background-size":"auto","background-attachment":"scroll","background-type":"","background-media":"","overlay-type":"","overlay-color":"","overlay-opacity":"","overlay-gradient":""},"tablet":{"background-color":"","background-image":"","background-repeat":"repeat","background-position":"center center","background-size":"auto","background-attachment":"scroll","background-type":"","background-media":"","overlay-type":"","overlay-color":"","overlay-opacity":"","overlay-gradient":""},"mobile":{"background-color":"","background-image":"","background-repeat":"repeat","background-position":"center center","background-size":"auto","background-attachment":"scroll","background-type":"","background-media":"","overlay-type":"","overlay-color":"","overlay-opacity":"","overlay-gradient":""}},"ast-content-background-meta":{"desktop":{"background-color":"var(--ast-global-color-4)","background-image":"","background-repeat":"repeat","background-position":"center center","background-size":"auto","background-attachment":"scroll","background-type":"","background-media":"","overlay-type":"","overlay-color":"","overlay-opacity":"","overlay-gradient":""},"tablet":{"background-color":"var(--ast-global-color-4)","background-image":"","background-repeat":"repeat","background-position":"center center","background-size":"auto","background-attachment":"scroll","background-type":"","background-media":"","overlay-type":"","overlay-color":"","overlay-opacity":"","overlay-gradient":""},"mobile":{"background-color":"var(--ast-global-color-4)","background-image":"","background-repeat":"repeat","background-position":"center center","background-size":"auto","background-attachment":"scroll","background-type":"","background-media":"","overlay-type":"","overlay-color":"","overlay-opacity":"","overlay-gradient":""}}},"product_brand":[],"product_cat":[72,41],"product_tag":[],"class_list":{"0":"post-2915","1":"product","2":"type-product","3":"status-publish","4":"has-post-thumbnail","6":"product_cat-cosmetic-packaging","7":"product_cat-perfume-bottles","8":"desktop-align-left","9":"tablet-align-left","10":"mobile-align-left","12":"first","13":"instock","14":"shipping-taxable","15":"product-type-simple"},"acf":[],"jetpack_sharing_enabled":true,"_links":{"self":[{"href":"https:\/\/theperfumebottles.com\/tr\/wp-json\/wp\/v2\/product\/2915","targetHints":{"allow":["GET"]}}],"collection":[{"href":"https:\/\/theperfumebottles.com\/tr\/wp-json\/wp\/v2\/product"}],"about":[{"href":"https:\/\/theperfumebottles.com\/tr\/wp-json\/wp\/v2\/types\/product"}],"replies":[{"embeddable":true,"href":"https:\/\/theperfumebottles.com\/tr\/wp-json\/wp\/v2\/comments?post=2915"}],"wp:featuredmedia":[{"embeddable":true,"href":"https:\/\/theperfumebottles.com\/tr\/wp-json\/wp\/v2\/media\/2918"}],"wp:attachment":[{"href":"https:\/\/theperfumebottles.com\/tr\/wp-json\/wp\/v2\/media?parent=2915"}],"wp:term":[{"taxonomy":"product_brand","embeddable":true,"href":"https:\/\/theperfumebottles.com\/tr\/wp-json\/wp\/v2\/product_brand?post=2915"},{"taxonomy":"product_cat","embeddable":true,"href":"https:\/\/theperfumebottles.com\/tr\/wp-json\/wp\/v2\/product_cat?post=2915"},{"taxonomy":"product_tag","embeddable":true,"href":"https:\/\/theperfumebottles.com\/tr\/wp-json\/wp\/v2\/product_tag?post=2915"}],"curies":[{"name":"wp","href":"https:\/\/api.w.org\/{rel}","templated":true}]}}