{"id":2921,"date":"2025-03-27T04:16:02","date_gmt":"2025-03-27T04:16:02","guid":{"rendered":"https:\/\/theperfumebottles.com\/?post_type=product&#038;p=2921"},"modified":"2025-04-18T02:10:27","modified_gmt":"2025-04-18T02:10:27","slug":"best-perfume-bottles-with-orb-tops","status":"publish","type":"product","link":"https:\/\/theperfumebottles.com\/tr\/urun\/best-perfume-bottles-with-orb-tops\/","title":{"rendered":"K\u00fcre Kapakl\u0131 30ml, 50ml ve 100ml En \u0130yi Kristal Parf\u00fcm \u015ei\u015feleri"},"content":{"rendered":"<p>Orb parf\u00fcm \u015fi\u015feleri serimiz g\u00fczel ve \u015f\u0131kt\u0131r, y\u00fcksek kaliteli kristal camdan yap\u0131lm\u0131\u015ft\u0131r. Hem g\u00fczel hem de pratiktirler. Hem premium hem de ni\u015f kokular i\u00e7in m\u00fckemmeldir.<\/p>\n<table style=\"border-collapse: collapse; margin-left: auto; margin-right: auto; width: 202.53pt;\" border=\"0\" width=\"270\" cellspacing=\"0\" cellpadding=\"0\">\n<tbody>\n<tr style=\"height: 15.00pt;\">\n<td style=\"height: 15.00pt; width: 67.50pt;\" width=\"90\" height=\"20\">\n<p><figure id=\"attachment_2923\" aria-describedby=\"caption-attachment-2923\" style=\"width: 300px\" class=\"wp-caption aligncenter\"><img fetchpriority=\"high\" decoding=\"async\" class=\"size-medium wp-image-2923\" src=\"https:\/\/theperfumebottles.com\/wp-content\/uploads\/2025\/03\/best-perfume-bottles-GK0401-300x300.webp\" alt=\"en iyi parf\u00fcm \u015fi\u015feleri\" width=\"300\" height=\"300\" srcset=\"https:\/\/theperfumebottles.com\/wp-content\/uploads\/2025\/03\/best-perfume-bottles-GK0401-300x300.webp 300w, https:\/\/theperfumebottles.com\/wp-content\/uploads\/2025\/03\/best-perfume-bottles-GK0401-150x150.webp 150w, https:\/\/theperfumebottles.com\/wp-content\/uploads\/2025\/03\/best-perfume-bottles-GK0401-768x768.webp 768w, https:\/\/theperfumebottles.com\/wp-content\/uploads\/2025\/03\/best-perfume-bottles-GK0401-12x12.webp 12w, https:\/\/theperfumebottles.com\/wp-content\/uploads\/2025\/03\/best-perfume-bottles-GK0401-600x600.webp 600w, https:\/\/theperfumebottles.com\/wp-content\/uploads\/2025\/03\/best-perfume-bottles-GK0401-100x100.webp 100w, https:\/\/theperfumebottles.com\/wp-content\/uploads\/2025\/03\/best-perfume-bottles-GK0401.webp 1000w\" sizes=\"(max-width: 300px) 100vw, 300px\" \/><figcaption id=\"caption-attachment-2923\" class=\"wp-caption-text\">30 ml<\/figcaption><\/figure><\/td>\n<td style=\"width: 67.50pt;\" width=\"90\">\n<p><figure id=\"attachment_2926\" aria-describedby=\"caption-attachment-2926\" style=\"width: 300px\" class=\"wp-caption aligncenter\"><img decoding=\"async\" class=\"size-medium wp-image-2926\" src=\"https:\/\/theperfumebottles.com\/wp-content\/uploads\/2025\/03\/crystal-perfume-bottles-GK0402-300x300.webp\" alt=\"kristal parf\u00fcm \u015fi\u015feleri\" width=\"300\" height=\"300\" srcset=\"https:\/\/theperfumebottles.com\/wp-content\/uploads\/2025\/03\/crystal-perfume-bottles-GK0402-300x300.webp 300w, https:\/\/theperfumebottles.com\/wp-content\/uploads\/2025\/03\/crystal-perfume-bottles-GK0402-150x150.webp 150w, https:\/\/theperfumebottles.com\/wp-content\/uploads\/2025\/03\/crystal-perfume-bottles-GK0402-768x768.webp 768w, https:\/\/theperfumebottles.com\/wp-content\/uploads\/2025\/03\/crystal-perfume-bottles-GK0402-12x12.webp 12w, https:\/\/theperfumebottles.com\/wp-content\/uploads\/2025\/03\/crystal-perfume-bottles-GK0402-600x600.webp 600w, https:\/\/theperfumebottles.com\/wp-content\/uploads\/2025\/03\/crystal-perfume-bottles-GK0402-100x100.webp 100w, https:\/\/theperfumebottles.com\/wp-content\/uploads\/2025\/03\/crystal-perfume-bottles-GK0402.webp 1024w\" sizes=\"(max-width: 300px) 100vw, 300px\" \/><figcaption id=\"caption-attachment-2926\" class=\"wp-caption-text\">50 ml<\/figcaption><\/figure><\/td>\n<td style=\"width: 67.50pt;\" width=\"90\">\n<p><figure id=\"attachment_2927\" aria-describedby=\"caption-attachment-2927\" style=\"width: 300px\" class=\"wp-caption aligncenter\"><img decoding=\"async\" class=\"size-medium wp-image-2927\" src=\"https:\/\/theperfumebottles.com\/wp-content\/uploads\/2025\/03\/crystal-perfume-bottles-GK0403-300x300.webp\" alt=\"kristal parf\u00fcm \u015fi\u015feleri\" width=\"300\" height=\"300\" srcset=\"https:\/\/theperfumebottles.com\/wp-content\/uploads\/2025\/03\/crystal-perfume-bottles-GK0403-300x300.webp 300w, https:\/\/theperfumebottles.com\/wp-content\/uploads\/2025\/03\/crystal-perfume-bottles-GK0403-150x150.webp 150w, https:\/\/theperfumebottles.com\/wp-content\/uploads\/2025\/03\/crystal-perfume-bottles-GK0403-768x768.webp 768w, https:\/\/theperfumebottles.com\/wp-content\/uploads\/2025\/03\/crystal-perfume-bottles-GK0403-12x12.webp 12w, https:\/\/theperfumebottles.com\/wp-content\/uploads\/2025\/03\/crystal-perfume-bottles-GK0403-600x600.webp 600w, https:\/\/theperfumebottles.com\/wp-content\/uploads\/2025\/03\/crystal-perfume-bottles-GK0403-100x100.webp 100w, https:\/\/theperfumebottles.com\/wp-content\/uploads\/2025\/03\/crystal-perfume-bottles-GK0403.webp 1024w\" sizes=\"(max-width: 300px) 100vw, 300px\" \/><figcaption id=\"caption-attachment-2927\" class=\"wp-caption-text\">100 ml<\/figcaption><\/figure><\/td>\n<\/tr>\n<\/tbody>\n<\/table>\n<h2>Temel \u00d6zellikler<\/h2>\n<div class=\"hyc-common-markdown__table-wrapper\">\n<table>\n<thead>\n<tr>\n<th>Model<\/th>\n<th>Kapasite<\/th>\n<th>Boyutlar (Y*D)<\/th>\n<th>Kapak Se\u00e7enekleri<\/th>\n<th>M\u00fch\u00fcr Tipi<\/th>\n<\/tr>\n<\/thead>\n<tbody>\n<tr>\n<td>PB-GK0401<\/td>\n<td>30 ml<\/td>\n<td>42 * 73 mm<\/td>\n<td>Alt\u0131n\/G\u00fcm\u00fc\u015f\/Siyah<\/td>\n<td>Sprey \u00dcst\u00fc<\/td>\n<\/tr>\n<tr>\n<td>PB-GK0402<\/td>\n<td>50 ml<\/td>\n<td>45 * 88 mm<\/td>\n<td>Alt\u0131n\/G\u00fcm\u00fc\u015f\/Siyah<\/td>\n<td>Sprey \u00dcst\u00fc<\/td>\n<\/tr>\n<tr>\n<td>PB-GK0403<\/td>\n<td>100 ml<\/td>\n<td>56 * 101 mm<\/td>\n<td>Alt\u0131n\/G\u00fcm\u00fc\u015f\/Siyah<\/td>\n<td>Sprey \u00dcst\u00fc<\/td>\n<\/tr>\n<\/tbody>\n<\/table>\n<\/div>\n<h2>\u00d6zelle\u015ftirme: Benzersiz Bir \u015eekilde Size Ait Olmas\u0131n\u0131 Sa\u011flay\u0131n<\/h2>\n<p>Orb Serisi bo\u015f parf\u00fcm \u015fi\u015feleri, kimlikleriyle uyumlu benzersiz ambalajlar arayan markalar i\u00e7in tasarlanm\u0131\u015ft\u0131r:<\/p>\n<ul>\n<li>\u200b<strong>Kapak \u00d6zelle\u015ftirme<\/strong>: Y\u00fczeyleri (mat, metalik, buzlu) ve malzemeleri (re\u00e7ine, al\u00fcminyum) se\u00e7in.<\/li>\n<li>\u200b<strong>\u015ei\u015fe Y\u00fczeyi<\/strong>: UV kaplama, degrade efektler veya tam \u015feffafl\u0131k tercih edin.<\/li>\n<li>\u200b<strong>Markala\u015fma<\/strong>: S\u0131cak damgalama, serigrafi veya grav\u00fcr yoluyla logo ekleyin.<\/li>\n<li>\u200b<strong>Renk E\u015fle\u015ftirme<\/strong>: Hem \u015fi\u015feyi hem de kapa\u011f\u0131 markan\u0131z\u0131n paletine g\u00f6re uyarlay\u0131n.<\/li>\n<\/ul>\n<hr \/>\n<h2>Neden Orb Serisini Se\u00e7melisiniz?<\/h2>\n<p>Bu kristal parf\u00fcm \u015fi\u015feleri bo\u015f sprey \u015fi\u015felerinden \u00e7ok daha fazlas\u0131d\u0131r; markan\u0131z\u0131n premium imaj\u0131 i\u00e7in stratejik bir yat\u0131r\u0131md\u0131r. \u015eunlar i\u00e7in idealdir<strong>toplu<\/strong>\u00a0Orb Serisi'nin sundu\u011fu sipari\u015fler:<\/p>\n<ul>\n<li>\u200b<strong>L\u00fcks \u00c7ekicilik<\/strong>: Kal\u0131n cam ve k\u00fcre kapak tasar\u0131m\u0131 rekabet\u00e7i pazarlarda dikkat \u00e7eker.<\/li>\n<li>\u200b<strong>Dayan\u0131kl\u0131l\u0131k<\/strong>: Kristal cam \u00e7izilmelere kar\u015f\u0131 dayan\u0131kl\u0131d\u0131r ve zaman i\u00e7inde netli\u011fini korur.<\/li>\n<li>\u200b<strong>Esneklik<\/strong>: Yuvarlak parf\u00fcm \u015fi\u015fesi \u015feklini, boynunu veya taban\u0131n\u0131 estetik ihtiya\u00e7lar\u0131n\u0131za g\u00f6re uyarlay\u0131n.<\/li>\n<\/ul>\n<h3><strong>M\u00fckemmellik \u0130steyen Markalar \u0130\u00e7in<\/strong><\/h3>\n<p>\u0130ster ni\u015f bir parf\u00fcm \u00fcreticisi ister k\u00fcresel l\u00fcks bir \u015firket olun, Orb Serisi parf\u00fcm \u015fi\u015feleri zarafet ve i\u015flevsellik sunar. \u00dcst d\u00fczey koku, kolonya veya cilt bak\u0131m ya\u011flar\u0131n\u0131 markalamak i\u00e7in m\u00fckemmel olan bu kaplar, g\u00fcnl\u00fck ambalajlar\u0131 bir hikaye anlatma varl\u0131\u011f\u0131na d\u00f6n\u00fc\u015ft\u00fcr\u00fcr.<\/p>\n<p><strong>Bug\u00fcn toplu sipari\u015f verin<\/strong>\u00a0ve kokunuzun piyasadaki en iyi parf\u00fcm \u015fi\u015feleriyle parlamas\u0131na izin verin.<\/p>","protected":false},"excerpt":{"rendered":"<p>En iyi parf\u00fcm \u015fi\u015felerimizi ke\u015ffedin - k\u00fcreden ilham alan kapaklarla s\u00fcslenmi\u015f kristal yuvarlak tasar\u0131mlar. Markala\u015fma ve toplu sipari\u015fler i\u00e7in \u00f6zelle\u015ftirilebilir l\u00fcks cam kaplar.<\/p>","protected":false},"featured_media":2926,"comment_status":"open","ping_status":"closed","template":"","meta":{"_acf_changed":false,"site-sidebar-layout":"default","site-content-layout":"","ast-site-content-layout":"default","site-content-style":"default","site-sidebar-style":"default","ast-global-header-display":"","ast-banner-title-visibility":"","ast-main-header-display":"","ast-hfb-above-header-display":"","ast-hfb-below-header-display":"","ast-hfb-mobile-header-display":"","site-post-title":"","ast-breadcrumbs-content":"","ast-featured-img":"","footer-sml-layout":"","ast-disable-related-posts":"","theme-transparent-header-meta":"default","adv-header-id-meta":"","stick-header-meta":"","header-above-stick-meta":"","header-main-stick-meta":"","header-below-stick-meta":"","astra-migrate-meta-layouts":"set","ast-page-background-enabled":"default","ast-page-background-meta":{"desktop":{"background-color":"var(--ast-global-color-5)","background-image":"","background-repeat":"repeat","background-position":"center center","background-size":"auto","background-attachment":"scroll","background-type":"","background-media":"","overlay-type":"","overlay-color":"","overlay-opacity":"","overlay-gradient":""},"tablet":{"background-color":"","background-image":"","background-repeat":"repeat","background-position":"center center","background-size":"auto","background-attachment":"scroll","background-type":"","background-media":"","overlay-type":"","overlay-color":"","overlay-opacity":"","overlay-gradient":""},"mobile":{"background-color":"","background-image":"","background-repeat":"repeat","background-position":"center center","background-size":"auto","background-attachment":"scroll","background-type":"","background-media":"","overlay-type":"","overlay-color":"","overlay-opacity":"","overlay-gradient":""}},"ast-content-background-meta":{"desktop":{"background-color":"var(--ast-global-color-4)","background-image":"","background-repeat":"repeat","background-position":"center center","background-size":"auto","background-attachment":"scroll","background-type":"","background-media":"","overlay-type":"","overlay-color":"","overlay-opacity":"","overlay-gradient":""},"tablet":{"background-color":"var(--ast-global-color-4)","background-image":"","background-repeat":"repeat","background-position":"center center","background-size":"auto","background-attachment":"scroll","background-type":"","background-media":"","overlay-type":"","overlay-color":"","overlay-opacity":"","overlay-gradient":""},"mobile":{"background-color":"var(--ast-global-color-4)","background-image":"","background-repeat":"repeat","background-position":"center center","background-size":"auto","background-attachment":"scroll","background-type":"","background-media":"","overlay-type":"","overlay-color":"","overlay-opacity":"","overlay-gradient":""}}},"product_brand":[],"product_cat":[41,72,91],"product_tag":[],"class_list":{"0":"post-2921","1":"product","2":"type-product","3":"status-publish","4":"has-post-thumbnail","6":"product_cat-perfume-bottles","7":"product_cat-cosmetic-packaging","8":"product_cat-custom-perfume-bottles","9":"desktop-align-left","10":"tablet-align-left","11":"mobile-align-left","13":"first","14":"instock","15":"shipping-taxable","16":"product-type-simple"},"acf":[],"jetpack_sharing_enabled":true,"_links":{"self":[{"href":"https:\/\/theperfumebottles.com\/tr\/wp-json\/wp\/v2\/product\/2921","targetHints":{"allow":["GET"]}}],"collection":[{"href":"https:\/\/theperfumebottles.com\/tr\/wp-json\/wp\/v2\/product"}],"about":[{"href":"https:\/\/theperfumebottles.com\/tr\/wp-json\/wp\/v2\/types\/product"}],"replies":[{"embeddable":true,"href":"https:\/\/theperfumebottles.com\/tr\/wp-json\/wp\/v2\/comments?post=2921"}],"wp:featuredmedia":[{"embeddable":true,"href":"https:\/\/theperfumebottles.com\/tr\/wp-json\/wp\/v2\/media\/2926"}],"wp:attachment":[{"href":"https:\/\/theperfumebottles.com\/tr\/wp-json\/wp\/v2\/media?parent=2921"}],"wp:term":[{"taxonomy":"product_brand","embeddable":true,"href":"https:\/\/theperfumebottles.com\/tr\/wp-json\/wp\/v2\/product_brand?post=2921"},{"taxonomy":"product_cat","embeddable":true,"href":"https:\/\/theperfumebottles.com\/tr\/wp-json\/wp\/v2\/product_cat?post=2921"},{"taxonomy":"product_tag","embeddable":true,"href":"https:\/\/theperfumebottles.com\/tr\/wp-json\/wp\/v2\/product_tag?post=2921"}],"curies":[{"name":"wp","href":"https:\/\/api.w.org\/{rel}","templated":true}]}}