{"id":2928,"date":"2025-03-27T06:17:19","date_gmt":"2025-03-27T06:17:19","guid":{"rendered":"https:\/\/theperfumebottles.com\/?post_type=product&#038;p=2928"},"modified":"2026-01-06T14:12:06","modified_gmt":"2026-01-06T06:12:06","slug":"luxury-crystal-perfume-bottles-with-marble-caps-30ml-50ml-100ml","status":"publish","type":"product","link":"https:\/\/theperfumebottles.com\/tr\/urun\/luxury-crystal-perfume-bottles-with-marble-caps-30ml-50ml-100ml\/","title":{"rendered":"Mermer Kapakl\u0131 L\u00fcks Kristal Parf\u00fcm \u015ei\u015feleri | 30ml\/50ml\/100ml"},"content":{"rendered":"<h2>Mermer K\u00fcre Serisi: Premium Koku Markas\u0131 i\u00e7in L\u00fcks Kristal Parf\u00fcm \u015ei\u015feleri<\/h2>\n<p>Geometrik hassasiyet ve sanatsal zarafeti harmanlayan en iyi parf\u00fcm \u015fi\u015felerinden olu\u015fan Marble Sphere Serisi ile koku serinizi y\u00fckseltin. Benzersiz ambalaj \u00e7\u00f6z\u00fcmleri arayan se\u00e7kin markalar i\u00e7in tasarlanan bu kristal parf\u00fcm \u015fi\u015feleri, t\u00fcketicileri b\u00fcy\u00fclemek i\u00e7in minimalist sofistikeli\u011fi cesur tasar\u0131m \u00f6\u011feleriyle birle\u015ftiriyor.<\/p>\n<table style=\"border-collapse: collapse;margin-left: auto;margin-right: auto;width: 162.03pt\" border=\"0\" width=\"216\" cellspacing=\"0\" cellpadding=\"0\">\n<tbody>\n<tr style=\"height: 13.50pt\">\n<td style=\"height: 13.50pt;width: 54.00pt\" width=\"72\" height=\"18\">\n<p><figure id=\"attachment_2932\" aria-describedby=\"caption-attachment-2932\" style=\"width: 300px\" class=\"wp-caption aligncenter\"><img fetchpriority=\"high\" decoding=\"async\" class=\"size-medium wp-image-2932\" src=\"https:\/\/theperfumebottles.com\/wp-content\/uploads\/2025\/03\/perfume-bottles-GK0501-300x300.webp\" alt=\"Mermer Kapakl\u0131 L\u00fcks Kristal Parf\u00fcm \u015ei\u015feleri\" width=\"300\" height=\"300\" srcset=\"https:\/\/theperfumebottles.com\/wp-content\/uploads\/2025\/03\/perfume-bottles-GK0501-300x300.webp 300w, https:\/\/theperfumebottles.com\/wp-content\/uploads\/2025\/03\/perfume-bottles-GK0501-150x150.webp 150w, https:\/\/theperfumebottles.com\/wp-content\/uploads\/2025\/03\/perfume-bottles-GK0501-768x768.webp 768w, https:\/\/theperfumebottles.com\/wp-content\/uploads\/2025\/03\/perfume-bottles-GK0501-12x12.webp 12w, https:\/\/theperfumebottles.com\/wp-content\/uploads\/2025\/03\/perfume-bottles-GK0501-600x600.webp 600w, https:\/\/theperfumebottles.com\/wp-content\/uploads\/2025\/03\/perfume-bottles-GK0501-100x100.webp 100w, https:\/\/theperfumebottles.com\/wp-content\/uploads\/2025\/03\/perfume-bottles-GK0501.webp 1000w\" sizes=\"(max-width: 300px) 100vw, 300px\" \/><figcaption id=\"caption-attachment-2932\" class=\"wp-caption-text\">30ml\/PbGK0501<\/figcaption><\/figure><\/td>\n<td style=\"width: 54.00pt\" width=\"72\">\n<p><figure id=\"attachment_2933\" aria-describedby=\"caption-attachment-2933\" style=\"width: 300px\" class=\"wp-caption aligncenter\"><img decoding=\"async\" class=\"size-medium wp-image-2933\" src=\"https:\/\/theperfumebottles.com\/wp-content\/uploads\/2025\/03\/perfume-bottles-GK0502-300x300.webp\" alt=\"Mermer Kapakl\u0131 L\u00fcks Kristal Parf\u00fcm \u015ei\u015feleri\" width=\"300\" height=\"300\" srcset=\"https:\/\/theperfumebottles.com\/wp-content\/uploads\/2025\/03\/perfume-bottles-GK0502-300x300.webp 300w, https:\/\/theperfumebottles.com\/wp-content\/uploads\/2025\/03\/perfume-bottles-GK0502-150x150.webp 150w, https:\/\/theperfumebottles.com\/wp-content\/uploads\/2025\/03\/perfume-bottles-GK0502-768x768.webp 768w, https:\/\/theperfumebottles.com\/wp-content\/uploads\/2025\/03\/perfume-bottles-GK0502-12x12.webp 12w, https:\/\/theperfumebottles.com\/wp-content\/uploads\/2025\/03\/perfume-bottles-GK0502-600x600.webp 600w, https:\/\/theperfumebottles.com\/wp-content\/uploads\/2025\/03\/perfume-bottles-GK0502-100x100.webp 100w, https:\/\/theperfumebottles.com\/wp-content\/uploads\/2025\/03\/perfume-bottles-GK0502.webp 1000w\" sizes=\"(max-width: 300px) 100vw, 300px\" \/><figcaption id=\"caption-attachment-2933\" class=\"wp-caption-text\">50ml\/PbGK0502<\/figcaption><\/figure><\/td>\n<td style=\"width: 54.00pt\" width=\"72\">\n<p><figure id=\"attachment_2934\" aria-describedby=\"caption-attachment-2934\" style=\"width: 300px\" class=\"wp-caption aligncenter\"><img decoding=\"async\" class=\"size-medium wp-image-2934\" src=\"https:\/\/theperfumebottles.com\/wp-content\/uploads\/2025\/03\/perfume-bottles-GK0503-300x300.webp\" alt=\"Mermer Kapakl\u0131 L\u00fcks Kristal Parf\u00fcm \u015ei\u015feleri\" width=\"300\" height=\"300\" srcset=\"https:\/\/theperfumebottles.com\/wp-content\/uploads\/2025\/03\/perfume-bottles-GK0503-300x300.webp 300w, https:\/\/theperfumebottles.com\/wp-content\/uploads\/2025\/03\/perfume-bottles-GK0503-150x150.webp 150w, https:\/\/theperfumebottles.com\/wp-content\/uploads\/2025\/03\/perfume-bottles-GK0503-768x768.webp 768w, https:\/\/theperfumebottles.com\/wp-content\/uploads\/2025\/03\/perfume-bottles-GK0503-12x12.webp 12w, https:\/\/theperfumebottles.com\/wp-content\/uploads\/2025\/03\/perfume-bottles-GK0503-600x600.webp 600w, https:\/\/theperfumebottles.com\/wp-content\/uploads\/2025\/03\/perfume-bottles-GK0503-100x100.webp 100w, https:\/\/theperfumebottles.com\/wp-content\/uploads\/2025\/03\/perfume-bottles-GK0503.webp 1000w\" sizes=\"(max-width: 300px) 100vw, 300px\" \/><figcaption id=\"caption-attachment-2934\" class=\"wp-caption-text\">100ml\/PbGK0503<\/figcaption><\/figure><\/td>\n<\/tr>\n<\/tbody>\n<\/table>\n<h2>Temel \u00d6zellikler<\/h2>\n<div class=\"hyc-common-markdown__table-wrapper\">\n<table>\n<thead>\n<tr>\n<th>Model<\/th>\n<th>Kapasite<\/th>\n<th>Boyutlar<\/th>\n<th>Malzeme<\/th>\n<th>M\u00fch\u00fcr Tipi<\/th>\n<\/tr>\n<\/thead>\n<tbody>\n<tr>\n<td>PB-GK0501<\/td>\n<td>30 ml<\/td>\n<td>37\u00d737\u00d776 mm, 15mm kalibre<\/td>\n<td>Kristal Cam<\/td>\n<td>Sprey \u00dcst\u00fc<\/td>\n<\/tr>\n<tr>\n<td>PB-GK0502<\/td>\n<td>50 ml<\/td>\n<td>41\u00d741\u00d785 mm, 15mm kalibre<\/td>\n<td>Kristal Cam<\/td>\n<td>Sprey \u00dcst\u00fc<\/td>\n<\/tr>\n<tr>\n<td>PB-GK0503<\/td>\n<td>100 ml<\/td>\n<td>52\u00d752\u00d7130 mm, 15 mm kalibre<\/td>\n<td>Kristal Cam<\/td>\n<td>Sprey \u00dcst\u00fc<\/td>\n<\/tr>\n<\/tbody>\n<\/table>\n<\/div>\n<h2>Neden Marble Sphere Serisini Se\u00e7melisiniz?<\/h2>\n<h3>Marka Sahipleri ve T\u00fcccarlar \u0130\u00e7in<\/h3>\n<p>Bu bo\u015f parf\u00fcm \u015fi\u015feleri, toplu \u00fcretici ortaklar\u0131n\u0131n ve ni\u015f markalar\u0131n taleplerini kar\u015f\u0131lamak \u00fczere tasarlanm\u0131\u015ft\u0131r. 15 mm geni\u015fli\u011findeki atomiz\u00f6r p\u00fcr\u00fczs\u00fcz koku da\u011f\u0131l\u0131m\u0131 sa\u011flarken, mod\u00fcler tasar\u0131m \u00f6zel modifikasyonlar\u0131 destekler:<\/p>\n<ul>\n<li>\u200b<strong>\u015ei\u015fe \u015fekli<\/strong>: Omuz stilini, boyun kaplamas\u0131n\u0131 veya taban kal\u0131nl\u0131\u011f\u0131n\u0131 ayarlay\u0131n.<\/li>\n<li>\u200b<strong>Y\u00fczey i\u015flemleri<\/strong>: Buzlu dokular\u0131, degrade renkleri veya serigrafi bask\u0131y\u0131 tercih edin.<\/li>\n<li>\u200b<strong>Kapak \u00f6zelle\u015ftirme<\/strong>: Mat\/parlak y\u00fczeyler, \u00f6zel girdaplar veya markal\u0131 grav\u00fcrler.<\/li>\n<\/ul>\n<h3>\u00c7ok Y\u00f6nl\u00fc Uygulamalar<\/h3>\n<p>L\u00fcks parf\u00fcmleri, s\u0131n\u0131rl\u0131 say\u0131da \u00fcretilen kolonyalar\u0131 veya zanaatkar koku \u00f6rneklerini paketlemek i\u00e7in m\u00fckemmeldir. Mermerden ilham alan kapaklarla e\u015fle\u015ftirilmi\u015f kristal cam\u0131n zarafeti, \u00fcr\u00fcn\u00fcn\u00fcz\u00fcn raflarda ve ki\u015fisel koleksiyonlarda \u00f6ne \u00e7\u0131kmas\u0131n\u0131 sa\u011flar.<\/p>\n<h2>E\u015fsiz \u0130\u015f\u00e7ilik ile Markan\u0131z\u0131 Y\u00fckseltin<\/h2>\n<p>Marble Sphere Serisi sadece kaplarla ilgili de\u011fil, hikaye anlat\u0131m\u0131yla da ilgili. Her bir \u015fi\u015fe, modern geometri ve zamans\u0131z sanat\u0131n uyumunu yans\u0131t\u0131r ve markala\u015fma m\u00fckemmelli\u011fine \u00f6ncelik veren markalar i\u00e7in olmazsa olmazd\u0131r.<\/p>\n<p><strong>Toplu Sipari\u015f ve \u00d6zel Fiyat Teklifleri Mevcuttur<\/strong><br \/>\nBo\u015f cam \u015fi\u015felerinizi markal\u0131 l\u00fcks varl\u0131klara d\u00f6n\u00fc\u015ft\u00fcrmek i\u00e7in bug\u00fcn bize ula\u015f\u0131n!<\/p>","protected":false},"excerpt":{"rendered":"<p>Sanatsal mermer kapakl\u0131 kristal parf\u00fcm \u015fi\u015felerini ke\u015ffedin. L\u00fcks koku markalar\u0131 i\u00e7in m\u00fckemmel. Toplu \u00f6zelle\u015ftirme, 3 boyut ve zarif markalama \u00e7\u00f6z\u00fcmleri.<\/p>","protected":false},"featured_media":2934,"comment_status":"open","ping_status":"closed","template":"","meta":{"_acf_changed":false,"site-sidebar-layout":"default","site-content-layout":"","ast-site-content-layout":"default","site-content-style":"default","site-sidebar-style":"default","ast-global-header-display":"","ast-banner-title-visibility":"","ast-main-header-display":"","ast-hfb-above-header-display":"","ast-hfb-below-header-display":"","ast-hfb-mobile-header-display":"","site-post-title":"","ast-breadcrumbs-content":"","ast-featured-img":"","footer-sml-layout":"","ast-disable-related-posts":"","theme-transparent-header-meta":"default","adv-header-id-meta":"","stick-header-meta":"","header-above-stick-meta":"","header-main-stick-meta":"","header-below-stick-meta":"","astra-migrate-meta-layouts":"set","ast-page-background-enabled":"default","ast-page-background-meta":{"desktop":{"background-color":"var(--ast-global-color-5)","background-image":"","background-repeat":"repeat","background-position":"center center","background-size":"auto","background-attachment":"scroll","background-type":"","background-media":"","overlay-type":"","overlay-color":"","overlay-opacity":"","overlay-gradient":""},"tablet":{"background-color":"","background-image":"","background-repeat":"repeat","background-position":"center center","background-size":"auto","background-attachment":"scroll","background-type":"","background-media":"","overlay-type":"","overlay-color":"","overlay-opacity":"","overlay-gradient":""},"mobile":{"background-color":"","background-image":"","background-repeat":"repeat","background-position":"center center","background-size":"auto","background-attachment":"scroll","background-type":"","background-media":"","overlay-type":"","overlay-color":"","overlay-opacity":"","overlay-gradient":""}},"ast-content-background-meta":{"desktop":{"background-color":"var(--ast-global-color-4)","background-image":"","background-repeat":"repeat","background-position":"center center","background-size":"auto","background-attachment":"scroll","background-type":"","background-media":"","overlay-type":"","overlay-color":"","overlay-opacity":"","overlay-gradient":""},"tablet":{"background-color":"var(--ast-global-color-4)","background-image":"","background-repeat":"repeat","background-position":"center center","background-size":"auto","background-attachment":"scroll","background-type":"","background-media":"","overlay-type":"","overlay-color":"","overlay-opacity":"","overlay-gradient":""},"mobile":{"background-color":"var(--ast-global-color-4)","background-image":"","background-repeat":"repeat","background-position":"center center","background-size":"auto","background-attachment":"scroll","background-type":"","background-media":"","overlay-type":"","overlay-color":"","overlay-opacity":"","overlay-gradient":""}}},"product_brand":[],"product_cat":[72,91,41],"product_tag":[],"class_list":{"0":"post-2928","1":"product","2":"type-product","3":"status-publish","4":"has-post-thumbnail","6":"product_cat-cosmetic-packaging","7":"product_cat-custom-perfume-bottles","8":"product_cat-perfume-bottles","9":"desktop-align-left","10":"tablet-align-left","11":"mobile-align-left","13":"first","14":"instock","15":"shipping-taxable","16":"product-type-simple"},"acf":[],"jetpack_sharing_enabled":true,"_links":{"self":[{"href":"https:\/\/theperfumebottles.com\/tr\/wp-json\/wp\/v2\/product\/2928","targetHints":{"allow":["GET"]}}],"collection":[{"href":"https:\/\/theperfumebottles.com\/tr\/wp-json\/wp\/v2\/product"}],"about":[{"href":"https:\/\/theperfumebottles.com\/tr\/wp-json\/wp\/v2\/types\/product"}],"replies":[{"embeddable":true,"href":"https:\/\/theperfumebottles.com\/tr\/wp-json\/wp\/v2\/comments?post=2928"}],"wp:featuredmedia":[{"embeddable":true,"href":"https:\/\/theperfumebottles.com\/tr\/wp-json\/wp\/v2\/media\/2934"}],"wp:attachment":[{"href":"https:\/\/theperfumebottles.com\/tr\/wp-json\/wp\/v2\/media?parent=2928"}],"wp:term":[{"taxonomy":"product_brand","embeddable":true,"href":"https:\/\/theperfumebottles.com\/tr\/wp-json\/wp\/v2\/product_brand?post=2928"},{"taxonomy":"product_cat","embeddable":true,"href":"https:\/\/theperfumebottles.com\/tr\/wp-json\/wp\/v2\/product_cat?post=2928"},{"taxonomy":"product_tag","embeddable":true,"href":"https:\/\/theperfumebottles.com\/tr\/wp-json\/wp\/v2\/product_tag?post=2928"}],"curies":[{"name":"wp","href":"https:\/\/api.w.org\/{rel}","templated":true}]}}