{"id":2943,"date":"2025-04-01T07:30:00","date_gmt":"2025-04-01T07:30:00","guid":{"rendered":"https:\/\/theperfumebottles.com\/?post_type=product&#038;p=2943"},"modified":"2025-04-18T01:46:50","modified_gmt":"2025-04-18T01:46:50","slug":"30ml-50ml-100ml-perfume-empty-spray-bottles-with-spherical-caps","status":"publish","type":"product","link":"https:\/\/theperfumebottles.com\/tr\/urun\/30ml-50ml-100ml-perfume-empty-spray-bottles-with-spherical-caps\/","title":{"rendered":"30ml 50ml 100ml K\u00fcresel Kapakl\u0131 Parf\u00fcm Bo\u015f Sprey \u015ei\u015feleri"},"content":{"rendered":"<p>GK07 Parf\u00fcm \u015ei\u015fesi serimiz hem sanatsal hem de pratiktir, bir\u00e7ok markaya uygundur ve ki\u015fiselle\u015ftirme se\u00e7enekleri marka cazibesini art\u0131r\u0131r.<\/p>\n<h2>Temel \u00d6zellikler<\/h2>\n<div class=\"hyc-common-markdown__table-wrapper\">\n<table>\n<thead>\n<tr>\n<th>Model<\/th>\n<th>Kapasite<\/th>\n<th>Boyutlar (Y*G)<\/th>\n<th>Kapak Renk Se\u00e7enekleri<\/th>\n<th>\u00d6zelle\u015ftirilebilir \u00d6zellikler<\/th>\n<\/tr>\n<\/thead>\n<tbody>\n<tr>\n<td>PB-GK0701<\/td>\n<td>30 ml<\/td>\n<td>38 * 89 mm<\/td>\n<td>Beyaz\/Siyah\/Mavi<\/td>\n<td>K\u0131rm\u0131z\u0131, mor, ye\u015fil vb.<\/td>\n<\/tr>\n<tr>\n<td>PB-GK0702<\/td>\n<td>50 ml<\/td>\n<td>42 * 98 mm<\/td>\n<td>Beyaz\/Siyah\/Mavi<\/td>\n<td>Kaz\u0131nm\u0131\u015f logolar, degrade cam<\/td>\n<\/tr>\n<tr>\n<td>PB-GK0703<\/td>\n<td>100 ml<\/td>\n<td>48 * 130 mm<\/td>\n<td>Beyaz\/Siyah\/Mavi<\/td>\n<td>Buzlu doku, mermer efektleri<\/td>\n<\/tr>\n<\/tbody>\n<\/table>\n<\/div>\n<p><em>5 ml<\/em><\/p>\n<h2>Benzersiz Markala\u015fma i\u00e7in \u00d6zelle\u015ftirme<\/h2>\n<p>Bo\u015f parf\u00fcm \u015fi\u015felerini hikaye anlat\u0131m\u0131 \u015faheserlerine d\u00f6n\u00fc\u015ft\u00fcr\u00fcn:<\/p>\n<ul>\n<li>\u200b<strong>Kaz\u0131nm\u0131\u015f Detaylar<\/strong>: Lazerle kaz\u0131nm\u0131\u015f logolar veya desenlerle kal\u0131c\u0131l\u0131k kat\u0131n.<\/li>\n<li>\u200b<strong>Renk Esnekli\u011fi<\/strong>:Cesur bir kad\u0131n parf\u00fcm \u015fi\u015fesi veya hafif buzlu biti\u015fler tercih edin.<\/li>\n<li>\u200b<strong>Toplu Paketleme \u00c7\u00f6z\u00fcmleri<\/strong>: Tutarl\u0131, y\u00fcksek hacimli kaplara ihtiya\u00e7 duyan markalar i\u00e7in idealdir.<\/li>\n<\/ul>\n<h2>Bu Parf\u00fcm \u015ei\u015felerini Neden Se\u00e7melisiniz?<\/h2>\n<p>L\u00fcks markalar ve \u00f6zel markal\u0131 \u00fcreticiler i\u00e7in tasarlanan bu atomizer \u015fi\u015feleri, \u015f\u0131kl\u0131\u011f\u0131 pratiklikle birle\u015ftiriyor. Kristal berrakl\u0131\u011f\u0131ndaki cam ve k\u00fcre \u015feklindeki \u00fcst tasar\u0131m, kutudan \u00e7\u0131karma deneyimini iyile\u015ftirirken, \u00f6zelle\u015ftirme se\u00e7enekleri (grav\u00fcr, degrade efektler) kokunuzun \u00f6ne \u00e7\u0131kmas\u0131n\u0131 sa\u011flar.<\/p>\n<p><strong>\u0130\u00e7in ideal<\/strong>:<\/p>\n<ul>\n<li>L\u00fcks parf\u00fcm markalar\u0131<\/li>\n<li>Ni\u015f kolonya yarat\u0131c\u0131lar\u0131<\/li>\n<li>\u00d6zel hediye setleri veya s\u0131n\u0131rl\u0131 say\u0131da \u00fcretilen \u00fcr\u00fcnler<\/li>\n<\/ul>\n<p><strong>Toplu Sipari\u015fler ve OEM Deste\u011fi<\/strong>G\u00fcvenilir bir cam ambalaj \u00fcreticisi olarak, rekabet\u00e7i toptan fiyatland\u0131rma ve ki\u015fiye \u00f6zel marka \u00e7\u00f6z\u00fcmleri sunuyoruz. Parf\u00fcm\u00fcn\u00fcz\u00fcn zarafeti yans\u0131tan \u015fi\u015felerde parlamas\u0131na izin verin; imzal\u0131 parf\u00fcm bo\u015f sprey \u015fi\u015felerinizi tasarlamak i\u00e7in bug\u00fcn bizimle ileti\u015fime ge\u00e7in.<\/p>","protected":false},"excerpt":{"rendered":"<p>\u00d6zel kad\u0131n parf\u00fcm \u015fi\u015feleri ve birinci s\u0131n\u0131f bo\u015f sprey \u015fi\u015feleriyle parf\u00fcm markan\u0131z\u0131 bir \u00fcst seviyeye ta\u015f\u0131y\u0131n. Toplu sipari\u015fler, kristal camlar ve kaz\u0131nm\u0131\u015f tasar\u0131mlar mevcuttur.<\/p>","protected":false},"featured_media":2945,"comment_status":"open","ping_status":"closed","template":"","meta":{"_acf_changed":false,"site-sidebar-layout":"default","site-content-layout":"","ast-site-content-layout":"default","site-content-style":"default","site-sidebar-style":"default","ast-global-header-display":"","ast-banner-title-visibility":"","ast-main-header-display":"","ast-hfb-above-header-display":"","ast-hfb-below-header-display":"","ast-hfb-mobile-header-display":"","site-post-title":"","ast-breadcrumbs-content":"","ast-featured-img":"","footer-sml-layout":"","ast-disable-related-posts":"","theme-transparent-header-meta":"default","adv-header-id-meta":"","stick-header-meta":"","header-above-stick-meta":"","header-main-stick-meta":"","header-below-stick-meta":"","astra-migrate-meta-layouts":"set","ast-page-background-enabled":"default","ast-page-background-meta":{"desktop":{"background-color":"var(--ast-global-color-5)","background-image":"","background-repeat":"repeat","background-position":"center center","background-size":"auto","background-attachment":"scroll","background-type":"","background-media":"","overlay-type":"","overlay-color":"","overlay-opacity":"","overlay-gradient":""},"tablet":{"background-color":"","background-image":"","background-repeat":"repeat","background-position":"center center","background-size":"auto","background-attachment":"scroll","background-type":"","background-media":"","overlay-type":"","overlay-color":"","overlay-opacity":"","overlay-gradient":""},"mobile":{"background-color":"","background-image":"","background-repeat":"repeat","background-position":"center center","background-size":"auto","background-attachment":"scroll","background-type":"","background-media":"","overlay-type":"","overlay-color":"","overlay-opacity":"","overlay-gradient":""}},"ast-content-background-meta":{"desktop":{"background-color":"var(--ast-global-color-4)","background-image":"","background-repeat":"repeat","background-position":"center center","background-size":"auto","background-attachment":"scroll","background-type":"","background-media":"","overlay-type":"","overlay-color":"","overlay-opacity":"","overlay-gradient":""},"tablet":{"background-color":"var(--ast-global-color-4)","background-image":"","background-repeat":"repeat","background-position":"center center","background-size":"auto","background-attachment":"scroll","background-type":"","background-media":"","overlay-type":"","overlay-color":"","overlay-opacity":"","overlay-gradient":""},"mobile":{"background-color":"var(--ast-global-color-4)","background-image":"","background-repeat":"repeat","background-position":"center center","background-size":"auto","background-attachment":"scroll","background-type":"","background-media":"","overlay-type":"","overlay-color":"","overlay-opacity":"","overlay-gradient":""}}},"product_brand":[],"product_cat":[72,91,41],"product_tag":[],"class_list":{"0":"post-2943","1":"product","2":"type-product","3":"status-publish","4":"has-post-thumbnail","6":"product_cat-cosmetic-packaging","7":"product_cat-custom-perfume-bottles","8":"product_cat-perfume-bottles","9":"desktop-align-left","10":"tablet-align-left","11":"mobile-align-left","13":"first","14":"instock","15":"shipping-taxable","16":"product-type-simple"},"acf":[],"jetpack_sharing_enabled":true,"_links":{"self":[{"href":"https:\/\/theperfumebottles.com\/tr\/wp-json\/wp\/v2\/product\/2943","targetHints":{"allow":["GET"]}}],"collection":[{"href":"https:\/\/theperfumebottles.com\/tr\/wp-json\/wp\/v2\/product"}],"about":[{"href":"https:\/\/theperfumebottles.com\/tr\/wp-json\/wp\/v2\/types\/product"}],"replies":[{"embeddable":true,"href":"https:\/\/theperfumebottles.com\/tr\/wp-json\/wp\/v2\/comments?post=2943"}],"wp:featuredmedia":[{"embeddable":true,"href":"https:\/\/theperfumebottles.com\/tr\/wp-json\/wp\/v2\/media\/2945"}],"wp:attachment":[{"href":"https:\/\/theperfumebottles.com\/tr\/wp-json\/wp\/v2\/media?parent=2943"}],"wp:term":[{"taxonomy":"product_brand","embeddable":true,"href":"https:\/\/theperfumebottles.com\/tr\/wp-json\/wp\/v2\/product_brand?post=2943"},{"taxonomy":"product_cat","embeddable":true,"href":"https:\/\/theperfumebottles.com\/tr\/wp-json\/wp\/v2\/product_cat?post=2943"},{"taxonomy":"product_tag","embeddable":true,"href":"https:\/\/theperfumebottles.com\/tr\/wp-json\/wp\/v2\/product_tag?post=2943"}],"curies":[{"name":"wp","href":"https:\/\/api.w.org\/{rel}","templated":true}]}}