{"id":2950,"date":"2025-04-02T06:01:53","date_gmt":"2025-04-02T06:01:53","guid":{"rendered":"https:\/\/theperfumebottles.com\/?post_type=product&#038;p=2950"},"modified":"2025-05-29T09:58:38","modified_gmt":"2025-05-29T01:58:38","slug":"30ml-50ml-100ml-unique-perfume-bottles-with-mountain-base","status":"publish","type":"product","link":"https:\/\/theperfumebottles.com\/tr\/urun\/30ml-50ml-100ml-unique-perfume-bottles-with-mountain-base\/","title":{"rendered":"Da\u011f Tabanl\u0131 30ml 50ml 100ml Benzersiz Parf\u00fcm \u015ei\u015feleri"},"content":{"rendered":"<p>Sanat\u0131 pratiklikle harmanlayan benzersiz parf\u00fcm \u015fi\u015feleri toptan ambalaj\u0131 arayan markalar ve toptanc\u0131lar i\u00e7in Mountain Base Parf\u00fcm \u015ei\u015fesi Koleksiyonumuz zarafeti yeniden tan\u0131ml\u0131yor. Birinci s\u0131n\u0131f kolonya ve parf\u00fcm serileri i\u00e7in \u00fcretilen bu bo\u015f cam parf\u00fcm \u015fi\u015feleri, markala\u015fma ve toplu \u00f6zelle\u015ftirme i\u00e7in e\u015fsiz bir \u00e7ok y\u00f6nl\u00fcl\u00fck sunar.<\/p>\n<table style=\"border-collapse: collapse;margin-left: auto;margin-right: auto;width: 202.53pt\" border=\"0\" width=\"270\" cellspacing=\"0\" cellpadding=\"0\">\n<tbody>\n<tr style=\"height: 15.00pt\">\n<td style=\"height: 15.00pt;width: 67.50pt\" width=\"90\" height=\"20\">\n<p><figure id=\"attachment_2955\" aria-describedby=\"caption-attachment-2955\" style=\"width: 300px\" class=\"wp-caption aligncenter\"><img fetchpriority=\"high\" decoding=\"async\" class=\"size-medium wp-image-2955\" src=\"https:\/\/theperfumebottles.com\/wp-content\/uploads\/2025\/04\/unique-perfume-bottles-wholesale-HS0101-300x300.webp\" alt=\"benzersiz parf\u00fcm \u015fi\u015feleri\" width=\"300\" height=\"300\" srcset=\"https:\/\/theperfumebottles.com\/wp-content\/uploads\/2025\/04\/unique-perfume-bottles-wholesale-HS0101-300x300.webp 300w, https:\/\/theperfumebottles.com\/wp-content\/uploads\/2025\/04\/unique-perfume-bottles-wholesale-HS0101-150x150.webp 150w, https:\/\/theperfumebottles.com\/wp-content\/uploads\/2025\/04\/unique-perfume-bottles-wholesale-HS0101-768x768.webp 768w, https:\/\/theperfumebottles.com\/wp-content\/uploads\/2025\/04\/unique-perfume-bottles-wholesale-HS0101-12x12.webp 12w, https:\/\/theperfumebottles.com\/wp-content\/uploads\/2025\/04\/unique-perfume-bottles-wholesale-HS0101-600x600.webp 600w, https:\/\/theperfumebottles.com\/wp-content\/uploads\/2025\/04\/unique-perfume-bottles-wholesale-HS0101-100x100.webp 100w, https:\/\/theperfumebottles.com\/wp-content\/uploads\/2025\/04\/unique-perfume-bottles-wholesale-HS0101.webp 1024w\" sizes=\"(max-width: 300px) 100vw, 300px\" \/><figcaption id=\"caption-attachment-2955\" class=\"wp-caption-text\">30 ml<\/figcaption><\/figure><\/td>\n<td style=\"width: 67.50pt\" width=\"90\">\n<p><figure id=\"attachment_2956\" aria-describedby=\"caption-attachment-2956\" style=\"width: 300px\" class=\"wp-caption aligncenter\"><img decoding=\"async\" class=\"size-medium wp-image-2956\" src=\"https:\/\/theperfumebottles.com\/wp-content\/uploads\/2025\/04\/unique-perfume-bottles-wholesale-HS0102-300x300.webp\" alt=\"benzersiz parf\u00fcm \u015fi\u015feleri toptan\" width=\"300\" height=\"300\" srcset=\"https:\/\/theperfumebottles.com\/wp-content\/uploads\/2025\/04\/unique-perfume-bottles-wholesale-HS0102-300x300.webp 300w, https:\/\/theperfumebottles.com\/wp-content\/uploads\/2025\/04\/unique-perfume-bottles-wholesale-HS0102-150x150.webp 150w, https:\/\/theperfumebottles.com\/wp-content\/uploads\/2025\/04\/unique-perfume-bottles-wholesale-HS0102-768x768.webp 768w, https:\/\/theperfumebottles.com\/wp-content\/uploads\/2025\/04\/unique-perfume-bottles-wholesale-HS0102-12x12.webp 12w, https:\/\/theperfumebottles.com\/wp-content\/uploads\/2025\/04\/unique-perfume-bottles-wholesale-HS0102-600x600.webp 600w, https:\/\/theperfumebottles.com\/wp-content\/uploads\/2025\/04\/unique-perfume-bottles-wholesale-HS0102-100x100.webp 100w, https:\/\/theperfumebottles.com\/wp-content\/uploads\/2025\/04\/unique-perfume-bottles-wholesale-HS0102.webp 1024w\" sizes=\"(max-width: 300px) 100vw, 300px\" \/><figcaption id=\"caption-attachment-2956\" class=\"wp-caption-text\">50 ml<\/figcaption><\/figure><\/td>\n<td style=\"width: 67.50pt\" width=\"90\">\n<p><figure id=\"attachment_2951\" aria-describedby=\"caption-attachment-2951\" style=\"width: 300px\" class=\"wp-caption aligncenter\"><img decoding=\"async\" class=\"size-medium wp-image-2951\" src=\"https:\/\/theperfumebottles.com\/wp-content\/uploads\/2025\/04\/unique-perfume-bottles-wholesale-HS0103-300x300.webp\" alt=\"benzersiz parf\u00fcm \u015fi\u015feleri toptan\" width=\"300\" height=\"300\" srcset=\"https:\/\/theperfumebottles.com\/wp-content\/uploads\/2025\/04\/unique-perfume-bottles-wholesale-HS0103-300x300.webp 300w, https:\/\/theperfumebottles.com\/wp-content\/uploads\/2025\/04\/unique-perfume-bottles-wholesale-HS0103-150x150.webp 150w, https:\/\/theperfumebottles.com\/wp-content\/uploads\/2025\/04\/unique-perfume-bottles-wholesale-HS0103-768x768.webp 768w, https:\/\/theperfumebottles.com\/wp-content\/uploads\/2025\/04\/unique-perfume-bottles-wholesale-HS0103-12x12.webp 12w, https:\/\/theperfumebottles.com\/wp-content\/uploads\/2025\/04\/unique-perfume-bottles-wholesale-HS0103-600x600.webp 600w, https:\/\/theperfumebottles.com\/wp-content\/uploads\/2025\/04\/unique-perfume-bottles-wholesale-HS0103-100x100.webp 100w, https:\/\/theperfumebottles.com\/wp-content\/uploads\/2025\/04\/unique-perfume-bottles-wholesale-HS0103.webp 1024w\" sizes=\"(max-width: 300px) 100vw, 300px\" \/><figcaption id=\"caption-attachment-2951\" class=\"wp-caption-text\">100 ml<\/figcaption><\/figure><\/td>\n<\/tr>\n<\/tbody>\n<\/table>\n<h2>Toptan Al\u0131c\u0131lar i\u00e7in Temel \u00d6zellikler<\/h2>\n<div class=\"hyc-common-markdown__table-wrapper\">\n<table>\n<thead>\n<tr>\n<th>Model<\/th>\n<th>Kapasite<\/th>\n<th>Boyutlar (H*\u00d8)<\/th>\n<th>Kalibre<\/th>\n<th>Cam \u015eekli<\/th>\n<\/tr>\n<\/thead>\n<tbody>\n<tr>\n<td>PB-HS0101<\/td>\n<td>30 ml<\/td>\n<td>45 * 73 mm<\/td>\n<td>15 mm<\/td>\n<td>Da\u011f Tabanl\u0131 Yuvarlak<\/td>\n<\/tr>\n<tr>\n<td>PB-HS0102<\/td>\n<td>50 ml<\/td>\n<td>51 * 80 mm<\/td>\n<td>15 mm<\/td>\n<td>Da\u011f Tabanl\u0131 Yuvarlak<\/td>\n<\/tr>\n<tr>\n<td>PB-HS0103<\/td>\n<td>100 ml<\/td>\n<td>59 * 94 mm<\/td>\n<td>15 mm<\/td>\n<td>Da\u011f Tabanl\u0131 Yuvarlak<\/td>\n<\/tr>\n<\/tbody>\n<\/table>\n<\/div>\n<h2>Neden marka tercihiniz olarak bu \u015fi\u015feyi se\u00e7melisiniz?<\/h2>\n<h3>Markalar i\u00e7in:<\/h3>\n<ol>\n<li>Zarafet odakl\u0131 tasar\u0131mlarla l\u00fcks konumland\u0131rmay\u0131 y\u00fckseltin.<\/li>\n<li>\u00d6zel grav\u00fcr, buzlu y\u00fczeyler veya renkli cam i\u00e7in haz\u0131r bo\u015f \u015fi\u015feler.<\/li>\n<li>Farkl\u0131 koku formatlar\u0131 i\u00e7in sprey atomizerler veya damlal\u0131kl\u0131 t\u0131palar ile uyumludur.<\/li>\n<\/ol>\n<h3>Toptan Sat\u0131\u015f Ortaklar\u0131 i\u00e7in:<\/h3>\n<ol>\n<li>Benzersiz parf\u00fcm \u015fi\u015feleri toptan da\u011f\u0131t\u0131m\u0131 i\u00e7in uygun maliyetli toplu sipari\u015fler.<\/li>\n<li>Dayan\u0131kl\u0131 cam kaplar g\u00fcvenli k\u00fcresel nakliye sa\u011flar.<\/li>\n<li>Tek bir sipari\u015f alt\u0131nda birden fazla markaya hizmet vermek i\u00e7in kolayla\u015ft\u0131r\u0131lm\u0131\u015f \u00f6zelle\u015ftirme.<\/li>\n<\/ol>\n<h3>\u00d6zelle\u015ftirme Se\u00e7enekleri:<\/h3>\n<ul>\n<li><strong>Cam Kaplama:<\/strong> \u015eeffaf, buzlu veya degrade renk tonlar\u0131.<\/li>\n<li><strong>\u015ei\u015fe kapa\u011f\u0131 tasar\u0131m\u0131:<\/strong> Markan\u0131n farkl\u0131 stil ve kalite aray\u0131\u015flar\u0131n\u0131 kar\u015f\u0131lamak i\u00e7in mat siyah vidal\u0131 kapak (sade \u015f\u0131kl\u0131k), metal s\u00fcslemeli kapak (zarif parlakl\u0131k) veya \u00e7evre dostu ah\u015fap damarl\u0131 kapak (do\u011fal doku) mevcuttur.<\/li>\n<li><strong>Marka bask\u0131s\u0131:<\/strong> Lazer kaz\u0131ma (hassas ve kal\u0131c\u0131), serigrafi (parlak renkler) veya kabartmal\u0131 logoyu (\u00fc\u00e7 boyutlu doku) destekleyerek marka sembol\u00fcn\u00fcz\u00fcn en hareketli duru\u015fta sunulmas\u0131n\u0131 sa\u011flar.<\/li>\n<\/ul>\n<p>Opsiyonel \u00dcstler:<\/p>\n<p><img loading=\"lazy\" decoding=\"async\" class=\"size-medium wp-image-2961 aligncenter\" src=\"https:\/\/theperfumebottles.com\/wp-content\/uploads\/2025\/04\/perfume-bottle-tops-3-300x164.webp\" alt=\"parf\u00fcm \u015fi\u015fesi kapaklar\u0131\" width=\"300\" height=\"164\" srcset=\"https:\/\/theperfumebottles.com\/wp-content\/uploads\/2025\/04\/perfume-bottle-tops-3-300x164.webp 300w, https:\/\/theperfumebottles.com\/wp-content\/uploads\/2025\/04\/perfume-bottle-tops-3-18x10.webp 18w, https:\/\/theperfumebottles.com\/wp-content\/uploads\/2025\/04\/perfume-bottle-tops-3-600x329.webp 600w, https:\/\/theperfumebottles.com\/wp-content\/uploads\/2025\/04\/perfume-bottle-tops-3.webp 750w\" sizes=\"(max-width: 300px) 100vw, 300px\" \/><br \/>\n<img loading=\"lazy\" decoding=\"async\" class=\"size-medium wp-image-2960 aligncenter\" src=\"https:\/\/theperfumebottles.com\/wp-content\/uploads\/2025\/04\/perfume-bottle-tops-2-300x145.webp\" alt=\"parf\u00fcm \u015fi\u015fesi kapaklar\u0131\" width=\"300\" height=\"145\" srcset=\"https:\/\/theperfumebottles.com\/wp-content\/uploads\/2025\/04\/perfume-bottle-tops-2-300x145.webp 300w, https:\/\/theperfumebottles.com\/wp-content\/uploads\/2025\/04\/perfume-bottle-tops-2-18x9.webp 18w, https:\/\/theperfumebottles.com\/wp-content\/uploads\/2025\/04\/perfume-bottle-tops-2-600x290.webp 600w, https:\/\/theperfumebottles.com\/wp-content\/uploads\/2025\/04\/perfume-bottle-tops-2.webp 750w\" sizes=\"(max-width: 300px) 100vw, 300px\" \/><br \/>\n<img loading=\"lazy\" decoding=\"async\" class=\"size-medium wp-image-2959 aligncenter\" src=\"https:\/\/theperfumebottles.com\/wp-content\/uploads\/2025\/04\/perfume-bottle-tops-1-300x224.webp\" alt=\"parf\u00fcm \u015fi\u015fesi kapaklar\u0131\" width=\"300\" height=\"224\" srcset=\"https:\/\/theperfumebottles.com\/wp-content\/uploads\/2025\/04\/perfume-bottle-tops-1-300x224.webp 300w, https:\/\/theperfumebottles.com\/wp-content\/uploads\/2025\/04\/perfume-bottle-tops-1-16x12.webp 16w, https:\/\/theperfumebottles.com\/wp-content\/uploads\/2025\/04\/perfume-bottle-tops-1-600x447.webp 600w, https:\/\/theperfumebottles.com\/wp-content\/uploads\/2025\/04\/perfume-bottle-tops-1.webp 746w\" sizes=\"(max-width: 300px) 100vw, 300px\" \/><\/p>\n<h2>Bug\u00fcn Sipari\u015f Verin ve Koku Serinizi D\u00f6n\u00fc\u015ft\u00fcr\u00fcn<\/h2>\n<p>\u0130ster ni\u015f bir parf\u00fcm \u00fcreticisi ister k\u00fcresel markalara tedarik sa\u011flayan bir \u00fcretici olun, Mountain Base Koleksiyonumuz b\u00fcy\u00fcleyen benzersiz parf\u00fcm ambalajlar\u0131 sunar. Unutulmaz kutu a\u00e7ma deneyimleri olu\u015fturmaya ba\u015flamak i\u00e7in numune talep edin veya toptan fiyatland\u0131rma hakk\u0131nda bilgi al\u0131n.<\/p>","protected":false},"excerpt":{"rendered":"<p>Da\u011f \u00fcss\u00fc tasar\u0131mlar\u0131yla enfes benzersiz parf\u00fcm \u015fi\u015felerini toptan ke\u015ffedin. L\u00fcks kokular i\u00e7in \u00f6zel kristal cam ambalajlarla markan\u0131z\u0131 y\u00fckseltin.<\/p>","protected":false},"featured_media":2956,"comment_status":"open","ping_status":"closed","template":"","meta":{"_acf_changed":false,"site-sidebar-layout":"default","site-content-layout":"","ast-site-content-layout":"default","site-content-style":"default","site-sidebar-style":"default","ast-global-header-display":"","ast-banner-title-visibility":"","ast-main-header-display":"","ast-hfb-above-header-display":"","ast-hfb-below-header-display":"","ast-hfb-mobile-header-display":"","site-post-title":"","ast-breadcrumbs-content":"","ast-featured-img":"","footer-sml-layout":"","ast-disable-related-posts":"","theme-transparent-header-meta":"default","adv-header-id-meta":"","stick-header-meta":"","header-above-stick-meta":"","header-main-stick-meta":"","header-below-stick-meta":"","astra-migrate-meta-layouts":"set","ast-page-background-enabled":"default","ast-page-background-meta":{"desktop":{"background-color":"var(--ast-global-color-5)","background-image":"","background-repeat":"repeat","background-position":"center center","background-size":"auto","background-attachment":"scroll","background-type":"","background-media":"","overlay-type":"","overlay-color":"","overlay-opacity":"","overlay-gradient":""},"tablet":{"background-color":"","background-image":"","background-repeat":"repeat","background-position":"center center","background-size":"auto","background-attachment":"scroll","background-type":"","background-media":"","overlay-type":"","overlay-color":"","overlay-opacity":"","overlay-gradient":""},"mobile":{"background-color":"","background-image":"","background-repeat":"repeat","background-position":"center center","background-size":"auto","background-attachment":"scroll","background-type":"","background-media":"","overlay-type":"","overlay-color":"","overlay-opacity":"","overlay-gradient":""}},"ast-content-background-meta":{"desktop":{"background-color":"var(--ast-global-color-4)","background-image":"","background-repeat":"repeat","background-position":"center center","background-size":"auto","background-attachment":"scroll","background-type":"","background-media":"","overlay-type":"","overlay-color":"","overlay-opacity":"","overlay-gradient":""},"tablet":{"background-color":"var(--ast-global-color-4)","background-image":"","background-repeat":"repeat","background-position":"center center","background-size":"auto","background-attachment":"scroll","background-type":"","background-media":"","overlay-type":"","overlay-color":"","overlay-opacity":"","overlay-gradient":""},"mobile":{"background-color":"var(--ast-global-color-4)","background-image":"","background-repeat":"repeat","background-position":"center center","background-size":"auto","background-attachment":"scroll","background-type":"","background-media":"","overlay-type":"","overlay-color":"","overlay-opacity":"","overlay-gradient":""}}},"product_brand":[],"product_cat":[41,72],"product_tag":[],"class_list":{"0":"post-2950","1":"product","2":"type-product","3":"status-publish","4":"has-post-thumbnail","6":"product_cat-perfume-bottles","7":"product_cat-cosmetic-packaging","8":"desktop-align-left","9":"tablet-align-left","10":"mobile-align-left","12":"first","13":"instock","14":"shipping-taxable","15":"product-type-simple"},"acf":[],"jetpack_sharing_enabled":true,"_links":{"self":[{"href":"https:\/\/theperfumebottles.com\/tr\/wp-json\/wp\/v2\/product\/2950","targetHints":{"allow":["GET"]}}],"collection":[{"href":"https:\/\/theperfumebottles.com\/tr\/wp-json\/wp\/v2\/product"}],"about":[{"href":"https:\/\/theperfumebottles.com\/tr\/wp-json\/wp\/v2\/types\/product"}],"replies":[{"embeddable":true,"href":"https:\/\/theperfumebottles.com\/tr\/wp-json\/wp\/v2\/comments?post=2950"}],"wp:featuredmedia":[{"embeddable":true,"href":"https:\/\/theperfumebottles.com\/tr\/wp-json\/wp\/v2\/media\/2956"}],"wp:attachment":[{"href":"https:\/\/theperfumebottles.com\/tr\/wp-json\/wp\/v2\/media?parent=2950"}],"wp:term":[{"taxonomy":"product_brand","embeddable":true,"href":"https:\/\/theperfumebottles.com\/tr\/wp-json\/wp\/v2\/product_brand?post=2950"},{"taxonomy":"product_cat","embeddable":true,"href":"https:\/\/theperfumebottles.com\/tr\/wp-json\/wp\/v2\/product_cat?post=2950"},{"taxonomy":"product_tag","embeddable":true,"href":"https:\/\/theperfumebottles.com\/tr\/wp-json\/wp\/v2\/product_tag?post=2950"}],"curies":[{"name":"wp","href":"https:\/\/api.w.org\/{rel}","templated":true}]}}