{"id":2963,"date":"2025-04-03T06:36:47","date_gmt":"2025-04-03T06:36:47","guid":{"rendered":"https:\/\/theperfumebottles.com\/?post_type=product&#038;p=2963"},"modified":"2025-05-30T10:52:58","modified_gmt":"2025-05-30T02:52:58","slug":"empty-refillable-perfume-bottles-leakproof-glass-perfume-refillable-bottles","status":"publish","type":"product","link":"https:\/\/theperfumebottles.com\/tr\/urun\/empty-refillable-perfume-bottles-leakproof-glass-perfume-refillable-bottles\/","title":{"rendered":"2ml 3ml 5ml 10ml Bo\u015f Doldurulabilir Cam Parf\u00fcm \u015ei\u015feleri"},"content":{"rendered":"<p>S\u00fcrd\u00fcr\u00fclebilirli\u011fe \u00f6nem veren markalar i\u00e7in zarif, pratik ve \u00e7evre dostu doldurulabilir \u015fi\u015feler \u00fcretiyoruz. \u0130ster seyahat boyu, ister deneme boyu, ister ortak markal\u0131 versiyonu olsun, bu cam parf\u00fcm \u015fi\u015fesi, gezegeni korurken kokunuzun parlamas\u0131n\u0131 sa\u011flayacak.<\/p>\n<h2>Teknik \u00d6zellikler<\/h2>\n<div class=\"hyc-common-markdown__table-wrapper\">\n<table>\n<thead>\n<tr>\n<th>Kapasite<\/th>\n<th>\u015ei\u015fe Y\u00fcksekli\u011fi<\/th>\n<th>\u0130\u00e7 \u00c7ap<\/th>\n<th>Paketleme Miktar\u0131<\/th>\n<th>Karton Boyutu (cm)<\/th>\n<\/tr>\n<\/thead>\n<tbody>\n<tr>\n<td>2 ml<\/td>\n<td>30 mm<\/td>\n<td>6,5 mm<\/td>\n<td>4,830<\/td>\n<td>45,5x29x29<\/td>\n<\/tr>\n<tr>\n<td>3 ml<\/td>\n<td>40 mm<\/td>\n<td>6,5 mm<\/td>\n<td>3,450<\/td>\n<td>45,5x29x29<\/td>\n<\/tr>\n<tr>\n<td>5ml<\/td>\n<td>55 mm<\/td>\n<td>6,5 mm<\/td>\n<td>2,760<\/td>\n<td>45,5x29x29<\/td>\n<\/tr>\n<tr>\n<td>10 ml<\/td>\n<td>100 mm<\/td>\n<td>6,5 mm<\/td>\n<td>2,277<\/td>\n<td>49x30x33,5<\/td>\n<\/tr>\n<\/tbody>\n<\/table>\n<\/div>\n<h2>Neden Cam Parf\u00fcm \u015ei\u015felerimizi Se\u00e7melisiniz?<\/h2>\n<ul>\n<li><strong>\u00c7ok ama\u00e7l\u0131 tek \u015fi\u015fe:<\/strong> parf\u00fcm\/kolonya\/esansiyel ya\u011f koyabilir.<\/li>\n<li><strong>\u00c7evre Dostu ve Maliyet Etkin:<\/strong> \u00c7evre dostu hesap defteri: Yeniden kullan\u0131m ambalaj at\u0131klar\u0131n\u0131 0 azalt\u0131r.<\/li>\n<li><strong>\u0130\u015f avantaj\u0131:<\/strong> Toptan fiyat + d\u00fcnya \u00e7ap\u0131nda g\u00fcvenli teslimat, her sipari\u015fe bir sanat eseri gibi \u00f6zen g\u00f6steriyoruz.<\/li>\n<\/ul>\n<h2>\u00d6zelle\u015ftirme ve Toplu Sipari\u015f Avantajlar\u0131<\/h2>\n<ul>\n<li><strong>\u00d6zelle\u015ftirme se\u00e7enekleri:<\/strong> Serigrafi bask\u0131n\u0131n narin dokusu, lazer grav\u00fcr\u00fcn zarif i\u015f\u00e7ili\u011fi veya sticker etiketlerin yarat\u0131c\u0131l\u0131\u011f\u0131.<\/li>\n<li><strong>Daha fazla de\u011fer i\u00e7in toplu sipari\u015f:<\/strong> b\u00fcy\u00fck hacimli i\u015fbirlikleri, daha iyi fiyatlar \u2013 her yat\u0131r\u0131m\u0131n marka de\u011ferinde bir s\u0131\u00e7ramaya d\u00f6n\u00fc\u015fmesini sa\u011flay\u0131n<\/li>\n<li><strong>K\u00fcresel Nakliye:<\/strong> G\u00fcvenli ta\u015f\u0131ma i\u00e7in g\u00fcvenli, s\u0131zd\u0131rmaz ambalaj.<\/li>\n<\/ul>\n<p>G\u00fcvenilir bir \u00fcretici mi ar\u0131yorsunuz? Marka vizyonunuza uygun, bo\u015f, doldurulabilir parf\u00fcm \u015fi\u015feleri sipari\u015f etmek i\u00e7in bizimle ileti\u015fime ge\u00e7in!<\/p>","protected":false},"excerpt":{"rendered":"<p>Seyahat dostu ve toplu sipari\u015fler i\u00e7in birinci s\u0131n\u0131f bo\u015f doldurulabilir parf\u00fcm \u015fi\u015felerini ke\u015ffedin. S\u0131zd\u0131rmaz tasar\u0131ma sahip \u00f6zel cam doldurulabilir parf\u00fcm \u015fi\u015feleri.<\/p>","protected":false},"featured_media":2966,"comment_status":"open","ping_status":"closed","template":"","meta":{"_acf_changed":false,"site-sidebar-layout":"default","site-content-layout":"","ast-site-content-layout":"default","site-content-style":"default","site-sidebar-style":"default","ast-global-header-display":"","ast-banner-title-visibility":"","ast-main-header-display":"","ast-hfb-above-header-display":"","ast-hfb-below-header-display":"","ast-hfb-mobile-header-display":"","site-post-title":"","ast-breadcrumbs-content":"","ast-featured-img":"","footer-sml-layout":"","ast-disable-related-posts":"","theme-transparent-header-meta":"default","adv-header-id-meta":"","stick-header-meta":"","header-above-stick-meta":"","header-main-stick-meta":"","header-below-stick-meta":"","astra-migrate-meta-layouts":"set","ast-page-background-enabled":"default","ast-page-background-meta":{"desktop":{"background-color":"var(--ast-global-color-5)","background-image":"","background-repeat":"repeat","background-position":"center center","background-size":"auto","background-attachment":"scroll","background-type":"","background-media":"","overlay-type":"","overlay-color":"","overlay-opacity":"","overlay-gradient":""},"tablet":{"background-color":"","background-image":"","background-repeat":"repeat","background-position":"center center","background-size":"auto","background-attachment":"scroll","background-type":"","background-media":"","overlay-type":"","overlay-color":"","overlay-opacity":"","overlay-gradient":""},"mobile":{"background-color":"","background-image":"","background-repeat":"repeat","background-position":"center center","background-size":"auto","background-attachment":"scroll","background-type":"","background-media":"","overlay-type":"","overlay-color":"","overlay-opacity":"","overlay-gradient":""}},"ast-content-background-meta":{"desktop":{"background-color":"var(--ast-global-color-4)","background-image":"","background-repeat":"repeat","background-position":"center center","background-size":"auto","background-attachment":"scroll","background-type":"","background-media":"","overlay-type":"","overlay-color":"","overlay-opacity":"","overlay-gradient":""},"tablet":{"background-color":"var(--ast-global-color-4)","background-image":"","background-repeat":"repeat","background-position":"center center","background-size":"auto","background-attachment":"scroll","background-type":"","background-media":"","overlay-type":"","overlay-color":"","overlay-opacity":"","overlay-gradient":""},"mobile":{"background-color":"var(--ast-global-color-4)","background-image":"","background-repeat":"repeat","background-position":"center center","background-size":"auto","background-attachment":"scroll","background-type":"","background-media":"","overlay-type":"","overlay-color":"","overlay-opacity":"","overlay-gradient":""}}},"product_brand":[],"product_cat":[72,91,74,41,90],"product_tag":[],"class_list":{"0":"post-2963","1":"product","2":"type-product","3":"status-publish","4":"has-post-thumbnail","6":"product_cat-cosmetic-packaging","7":"product_cat-custom-perfume-bottles","8":"product_cat-mini-perfume-bottles","9":"product_cat-perfume-bottles","10":"product_cat-refillable-perfume-bottles","11":"desktop-align-left","12":"tablet-align-left","13":"mobile-align-left","15":"first","16":"instock","17":"shipping-taxable","18":"product-type-simple"},"acf":[],"jetpack_sharing_enabled":true,"_links":{"self":[{"href":"https:\/\/theperfumebottles.com\/tr\/wp-json\/wp\/v2\/product\/2963","targetHints":{"allow":["GET"]}}],"collection":[{"href":"https:\/\/theperfumebottles.com\/tr\/wp-json\/wp\/v2\/product"}],"about":[{"href":"https:\/\/theperfumebottles.com\/tr\/wp-json\/wp\/v2\/types\/product"}],"replies":[{"embeddable":true,"href":"https:\/\/theperfumebottles.com\/tr\/wp-json\/wp\/v2\/comments?post=2963"}],"wp:featuredmedia":[{"embeddable":true,"href":"https:\/\/theperfumebottles.com\/tr\/wp-json\/wp\/v2\/media\/2966"}],"wp:attachment":[{"href":"https:\/\/theperfumebottles.com\/tr\/wp-json\/wp\/v2\/media?parent=2963"}],"wp:term":[{"taxonomy":"product_brand","embeddable":true,"href":"https:\/\/theperfumebottles.com\/tr\/wp-json\/wp\/v2\/product_brand?post=2963"},{"taxonomy":"product_cat","embeddable":true,"href":"https:\/\/theperfumebottles.com\/tr\/wp-json\/wp\/v2\/product_cat?post=2963"},{"taxonomy":"product_tag","embeddable":true,"href":"https:\/\/theperfumebottles.com\/tr\/wp-json\/wp\/v2\/product_tag?post=2963"}],"curies":[{"name":"wp","href":"https:\/\/api.w.org\/{rel}","templated":true}]}}