{"id":2976,"date":"2025-04-07T08:03:03","date_gmt":"2025-04-07T08:03:03","guid":{"rendered":"https:\/\/theperfumebottles.com\/?post_type=product&#038;p=2976"},"modified":"2025-04-07T08:03:05","modified_gmt":"2025-04-07T08:03:05","slug":"30ml-50ml-100ml-green-perfume-bottles-for-men-ladies","status":"publish","type":"product","link":"https:\/\/theperfumebottles.com\/tr\/urun\/30ml-50ml-100ml-green-perfume-bottles-for-men-ladies\/","title":{"rendered":"Erkekler ve Bayanlar i\u00e7in 30ml 50ml 100ml Ye\u015fil Parf\u00fcm \u015ei\u015feleri"},"content":{"rendered":"<p>L\u00fcks ve \u00e7ok y\u00f6nl\u00fcl\u00fck i\u00e7in tasarlanan erkek kolonyas\u0131 ye\u015fil \u015fi\u015femiz ve kad\u0131n parf\u00fcm\u00fc ye\u015fil \u015fi\u015femizle parf\u00fcm serinizi bir \u00fcst seviyeye ta\u015f\u0131y\u0131n. Kristal cam ve \u00f6zel ye\u015fil da\u011f taban\u0131yla tasarlanan bu \u015fi\u015feler, sanat\u00e7\u0131l\u0131\u011f\u0131 i\u015flevsellikle bir araya getiriyor ve \u00f6zel parf\u00fcm ambalajlar\u0131 i\u00e7in m\u00fckemmel.<\/p>\n<table style=\"border-collapse: collapse; margin-left: auto; margin-right: auto; width: 162.03pt;\" border=\"0\" width=\"216\" cellspacing=\"0\" cellpadding=\"0\">\n<tbody>\n<tr style=\"height: 13.50pt;\">\n<td style=\"height: 13.50pt; width: 54.00pt;\" width=\"72\" height=\"18\">\n<p><figure id=\"attachment_2977\" aria-describedby=\"caption-attachment-2977\" style=\"width: 300px\" class=\"wp-caption aligncenter\"><img fetchpriority=\"high\" decoding=\"async\" class=\"size-medium wp-image-2977\" src=\"https:\/\/theperfumebottles.com\/wp-content\/uploads\/2025\/04\/mens-cologne-green-bottle-HS0301-300x300.webp\" alt=\"erkek kolonyas\u0131 ye\u015fil \u015fi\u015fe\" width=\"300\" height=\"300\" srcset=\"https:\/\/theperfumebottles.com\/wp-content\/uploads\/2025\/04\/mens-cologne-green-bottle-HS0301-300x300.webp 300w, https:\/\/theperfumebottles.com\/wp-content\/uploads\/2025\/04\/mens-cologne-green-bottle-HS0301-150x150.webp 150w, https:\/\/theperfumebottles.com\/wp-content\/uploads\/2025\/04\/mens-cologne-green-bottle-HS0301-768x768.webp 768w, https:\/\/theperfumebottles.com\/wp-content\/uploads\/2025\/04\/mens-cologne-green-bottle-HS0301-12x12.webp 12w, https:\/\/theperfumebottles.com\/wp-content\/uploads\/2025\/04\/mens-cologne-green-bottle-HS0301-600x600.webp 600w, https:\/\/theperfumebottles.com\/wp-content\/uploads\/2025\/04\/mens-cologne-green-bottle-HS0301-100x100.webp 100w, https:\/\/theperfumebottles.com\/wp-content\/uploads\/2025\/04\/mens-cologne-green-bottle-HS0301.webp 1024w\" sizes=\"(max-width: 300px) 100vw, 300px\" \/><figcaption id=\"caption-attachment-2977\" class=\"wp-caption-text\">30 ml HS0301<\/figcaption><\/figure><\/td>\n<td style=\"width: 54.00pt;\" width=\"72\">\n<p><figure id=\"attachment_2980\" aria-describedby=\"caption-attachment-2980\" style=\"width: 300px\" class=\"wp-caption alignnone\"><img decoding=\"async\" class=\"size-medium wp-image-2980\" src=\"https:\/\/theperfumebottles.com\/wp-content\/uploads\/2025\/04\/green-perfume-bottle-for-ladies-HS0302-300x300.webp\" alt=\"bayanlar i\u00e7in ye\u015fil parf\u00fcm \u015fi\u015fesi\" width=\"300\" height=\"300\" srcset=\"https:\/\/theperfumebottles.com\/wp-content\/uploads\/2025\/04\/green-perfume-bottle-for-ladies-HS0302-300x300.webp 300w, https:\/\/theperfumebottles.com\/wp-content\/uploads\/2025\/04\/green-perfume-bottle-for-ladies-HS0302-150x150.webp 150w, https:\/\/theperfumebottles.com\/wp-content\/uploads\/2025\/04\/green-perfume-bottle-for-ladies-HS0302-768x768.webp 768w, https:\/\/theperfumebottles.com\/wp-content\/uploads\/2025\/04\/green-perfume-bottle-for-ladies-HS0302-12x12.webp 12w, https:\/\/theperfumebottles.com\/wp-content\/uploads\/2025\/04\/green-perfume-bottle-for-ladies-HS0302-600x600.webp 600w, https:\/\/theperfumebottles.com\/wp-content\/uploads\/2025\/04\/green-perfume-bottle-for-ladies-HS0302-100x100.webp 100w, https:\/\/theperfumebottles.com\/wp-content\/uploads\/2025\/04\/green-perfume-bottle-for-ladies-HS0302.webp 1024w\" sizes=\"(max-width: 300px) 100vw, 300px\" \/><figcaption id=\"caption-attachment-2980\" class=\"wp-caption-text\">50 ml HS0302<\/figcaption><\/figure><\/td>\n<td style=\"width: 54.00pt;\" width=\"72\">\n<p><figure id=\"attachment_2978\" aria-describedby=\"caption-attachment-2978\" style=\"width: 300px\" class=\"wp-caption aligncenter\"><img decoding=\"async\" class=\"size-medium wp-image-2978\" src=\"https:\/\/theperfumebottles.com\/wp-content\/uploads\/2025\/04\/green-bottle-cologne-mens-HS0303-300x300.webp\" alt=\"ye\u015fil \u015fi\u015fe kolonya erkek\" width=\"300\" height=\"300\" srcset=\"https:\/\/theperfumebottles.com\/wp-content\/uploads\/2025\/04\/green-bottle-cologne-mens-HS0303-300x300.webp 300w, https:\/\/theperfumebottles.com\/wp-content\/uploads\/2025\/04\/green-bottle-cologne-mens-HS0303-150x150.webp 150w, https:\/\/theperfumebottles.com\/wp-content\/uploads\/2025\/04\/green-bottle-cologne-mens-HS0303-768x768.webp 768w, https:\/\/theperfumebottles.com\/wp-content\/uploads\/2025\/04\/green-bottle-cologne-mens-HS0303-12x12.webp 12w, https:\/\/theperfumebottles.com\/wp-content\/uploads\/2025\/04\/green-bottle-cologne-mens-HS0303-600x600.webp 600w, https:\/\/theperfumebottles.com\/wp-content\/uploads\/2025\/04\/green-bottle-cologne-mens-HS0303-100x100.webp 100w, https:\/\/theperfumebottles.com\/wp-content\/uploads\/2025\/04\/green-bottle-cologne-mens-HS0303.webp 1024w\" sizes=\"(max-width: 300px) 100vw, 300px\" \/><figcaption id=\"caption-attachment-2978\" class=\"wp-caption-text\">100 ml HS0303<\/figcaption><\/figure><\/td>\n<\/tr>\n<\/tbody>\n<\/table>\n<h2>Teknik \u00d6zellikler<\/h2>\n<div class=\"hyc-common-markdown__table-wrapper\">\n<table>\n<thead>\n<tr>\n<th>Model<\/th>\n<th>Kapasite<\/th>\n<th>Boyut (mm)<\/th>\n<th>Malzeme<\/th>\n<th>Kullan\u0131m \u00d6rne\u011fi<\/th>\n<\/tr>\n<\/thead>\n<tbody>\n<tr>\n<td>PB-HS0301<\/td>\n<td>30 ml<\/td>\n<td>46\u00d773<\/td>\n<td>Kristal Cam<\/td>\n<td>Erkek kolonyas\u0131, v\u00fccut spreyi<\/td>\n<\/tr>\n<tr>\n<td>PB-HS0302<\/td>\n<td>50 ml<\/td>\n<td>51\u00d780<\/td>\n<td>Kristal Cam<\/td>\n<td>Kad\u0131n parf\u00fcm\u00fc, unisex parf\u00fcm<\/td>\n<\/tr>\n<tr>\n<td>PB-HS0303<\/td>\n<td>100 ml<\/td>\n<td>59\u00d794<\/td>\n<td>Kristal Cam<\/td>\n<td>L\u00fcks hediye setleri, doldurulabilir atomizer<\/td>\n<\/tr>\n<\/tbody>\n<\/table>\n<\/div>\n<h2>Neden Bu Ye\u015fil Cam \u015ei\u015feleri Se\u00e7melisiniz?<\/h2>\n<ol>\n<li>\u200b<strong>L\u00fcks, \u0130\u015flevsellikle Bulu\u015fuyor<\/strong>\n<ul>\n<li>Cam parf\u00fcm \u015fi\u015feleri, tepkimeye girmeyen kristal cam ile koku b\u00fct\u00fcnl\u00fc\u011f\u00fcn\u00fc sa\u011flar.<\/li>\n<li>Hassas sprey atomizer, \u00fcst\u00fcn deneyimler i\u00e7in tutarl\u0131 bir buharlama sa\u011flar.<\/li>\n<\/ul>\n<\/li>\n<li>\u200b<strong>\u0130mza Ye\u015fil Estetik<\/strong>\n<ul>\n<li>Ye\u015fil \u015fi\u015fe erkek kolonyas\u0131 al\u0131c\u0131lar\u0131 topraks\u0131, sofistike baz\u0131 seviyor.<\/li>\n<li>Bayanlar i\u00e7in ye\u015fil parf\u00fcm \u015fi\u015fesi se\u00e7enekleri z\u00fcmr\u00fct tonlar\u0131n\u0131 minimalist \u015feffafl\u0131kla birle\u015ftiriyor.<\/li>\n<\/ul>\n<\/li>\n<li>\u200b<strong>S\u0131n\u0131rs\u0131z \u00d6zelle\u015ftirme<\/strong>\n<ul>\n<li>Benzersiz tasar\u0131mlar yarat\u0131n: Kapak renklerini de\u011fi\u015ftirin, logolar kaz\u0131y\u0131n veya DIY markalar\u0131 i\u00e7in bo\u015f parf\u00fcm \u015fi\u015feleri se\u00e7in.<\/li>\n<li>Toplu sipari\u015flere \u00f6zel parf\u00fcm paketleme deste\u011fi de dahildir.<\/li>\n<\/ul>\n<\/li>\n<\/ol>\n<h2>\u00d6zel Markalama ile \u00d6ne \u00c7\u0131k\u0131n<\/h2>\n<p>\u00d6nde gelen bir cam parf\u00fcm \u015fi\u015fesi \u00fcreticisi olarak markalara \u015funlar\u0131 sa\u011fl\u0131yoruz:<\/p>\n<ul>\n<li>30ml, 50ml veya 100ml cam \u015fi\u015felerden birini se\u00e7in.<\/li>\n<li>Kapaklara mat\/parlak y\u00fczeyler ekleyin veya \u015feffaf taban\u0131 \u00f6zel olarak renklendirin.<\/li>\n<li>\u00d6zel toplu fiyatland\u0131rma ve tasar\u0131m dan\u0131\u015fmanl\u0131\u011f\u0131 i\u00e7in bir hesap olu\u015fturun.<\/li>\n<\/ul>\n<p><strong>Parf\u00fcm serinizi bug\u00fcn y\u00fckseltin<\/strong>-Ye\u015fil \u015fi\u015fe kolonya erkek ve bayan parf\u00fcmlerini koleksiyonerlere lay\u0131k sanat eserlerine d\u00f6n\u00fc\u015ft\u00fcr\u00fcn. Numune talep etmek veya markal\u0131 prototipinizi olu\u015fturmak i\u00e7in [Bize Ula\u015f\u0131n]!<\/p>","protected":false},"excerpt":{"rendered":"<p>Erkek kolonyalar\u0131 ve kad\u0131n parf\u00fcmleri i\u00e7in birinci s\u0131n\u0131f ye\u015fil parf\u00fcm \u015fi\u015feleri. \u00d6zel boyutlar, kristal cam ve \u00e7evre dostu tasar\u0131mlar. L\u00fcks parf\u00fcm ambalaj\u0131 arayan markalar i\u00e7in ideal.<\/p>","protected":false},"featured_media":2977,"comment_status":"open","ping_status":"closed","template":"","meta":{"_acf_changed":false,"site-sidebar-layout":"default","site-content-layout":"","ast-site-content-layout":"default","site-content-style":"default","site-sidebar-style":"default","ast-global-header-display":"","ast-banner-title-visibility":"","ast-main-header-display":"","ast-hfb-above-header-display":"","ast-hfb-below-header-display":"","ast-hfb-mobile-header-display":"","site-post-title":"","ast-breadcrumbs-content":"","ast-featured-img":"","footer-sml-layout":"","ast-disable-related-posts":"","theme-transparent-header-meta":"default","adv-header-id-meta":"","stick-header-meta":"","header-above-stick-meta":"","header-main-stick-meta":"","header-below-stick-meta":"","astra-migrate-meta-layouts":"set","ast-page-background-enabled":"default","ast-page-background-meta":{"desktop":{"background-color":"var(--ast-global-color-5)","background-image":"","background-repeat":"repeat","background-position":"center center","background-size":"auto","background-attachment":"scroll","background-type":"","background-media":"","overlay-type":"","overlay-color":"","overlay-opacity":"","overlay-gradient":""},"tablet":{"background-color":"","background-image":"","background-repeat":"repeat","background-position":"center center","background-size":"auto","background-attachment":"scroll","background-type":"","background-media":"","overlay-type":"","overlay-color":"","overlay-opacity":"","overlay-gradient":""},"mobile":{"background-color":"","background-image":"","background-repeat":"repeat","background-position":"center center","background-size":"auto","background-attachment":"scroll","background-type":"","background-media":"","overlay-type":"","overlay-color":"","overlay-opacity":"","overlay-gradient":""}},"ast-content-background-meta":{"desktop":{"background-color":"var(--ast-global-color-4)","background-image":"","background-repeat":"repeat","background-position":"center center","background-size":"auto","background-attachment":"scroll","background-type":"","background-media":"","overlay-type":"","overlay-color":"","overlay-opacity":"","overlay-gradient":""},"tablet":{"background-color":"var(--ast-global-color-4)","background-image":"","background-repeat":"repeat","background-position":"center center","background-size":"auto","background-attachment":"scroll","background-type":"","background-media":"","overlay-type":"","overlay-color":"","overlay-opacity":"","overlay-gradient":""},"mobile":{"background-color":"var(--ast-global-color-4)","background-image":"","background-repeat":"repeat","background-position":"center center","background-size":"auto","background-attachment":"scroll","background-type":"","background-media":"","overlay-type":"","overlay-color":"","overlay-opacity":"","overlay-gradient":""}}},"product_brand":[],"product_cat":[72,41],"product_tag":[],"class_list":{"0":"post-2976","1":"product","2":"type-product","3":"status-publish","4":"has-post-thumbnail","6":"product_cat-cosmetic-packaging","7":"product_cat-perfume-bottles","8":"desktop-align-left","9":"tablet-align-left","10":"mobile-align-left","12":"first","13":"instock","14":"shipping-taxable","15":"product-type-simple"},"acf":[],"jetpack_sharing_enabled":true,"_links":{"self":[{"href":"https:\/\/theperfumebottles.com\/tr\/wp-json\/wp\/v2\/product\/2976","targetHints":{"allow":["GET"]}}],"collection":[{"href":"https:\/\/theperfumebottles.com\/tr\/wp-json\/wp\/v2\/product"}],"about":[{"href":"https:\/\/theperfumebottles.com\/tr\/wp-json\/wp\/v2\/types\/product"}],"replies":[{"embeddable":true,"href":"https:\/\/theperfumebottles.com\/tr\/wp-json\/wp\/v2\/comments?post=2976"}],"wp:featuredmedia":[{"embeddable":true,"href":"https:\/\/theperfumebottles.com\/tr\/wp-json\/wp\/v2\/media\/2977"}],"wp:attachment":[{"href":"https:\/\/theperfumebottles.com\/tr\/wp-json\/wp\/v2\/media?parent=2976"}],"wp:term":[{"taxonomy":"product_brand","embeddable":true,"href":"https:\/\/theperfumebottles.com\/tr\/wp-json\/wp\/v2\/product_brand?post=2976"},{"taxonomy":"product_cat","embeddable":true,"href":"https:\/\/theperfumebottles.com\/tr\/wp-json\/wp\/v2\/product_cat?post=2976"},{"taxonomy":"product_tag","embeddable":true,"href":"https:\/\/theperfumebottles.com\/tr\/wp-json\/wp\/v2\/product_tag?post=2976"}],"curies":[{"name":"wp","href":"https:\/\/api.w.org\/{rel}","templated":true}]}}