{"id":2983,"date":"2025-04-07T09:06:52","date_gmt":"2025-04-07T09:06:52","guid":{"rendered":"https:\/\/theperfumebottles.com\/?post_type=product&#038;p=2983"},"modified":"2025-05-29T10:05:41","modified_gmt":"2025-05-29T02:05:41","slug":"30ml-50ml-100ml-modern-perfume-bottles-with-silver-mountain-base","status":"publish","type":"product","link":"https:\/\/theperfumebottles.com\/tr\/urun\/30ml-50ml-100ml-modern-perfume-bottles-with-silver-mountain-base\/","title":{"rendered":"G\u00fcm\u00fc\u015f Da\u011f Tabanl\u0131 30ml 50ml 100ml Modern Parf\u00fcm \u015ei\u015feleri"},"content":{"rendered":"<p>Bu modern parf\u00fcm \u015fi\u015feleri do\u011fal da\u011flar\u0131n \u015fatosunu modern tasar\u0131m ile birle\u015ftirir ve her ayr\u0131nt\u0131 \u015f\u0131k ve stilini ortaya \u00e7\u0131kar\u0131r. Marka kurucusu ve paketlemeye dikkat eden i\u015f ortaklar\u0131 bu benzersiz sanatsal duygusundan hayran kalacakt\u0131r \u2013 sadece bir kap de\u011fil, ayn\u0131 zamanda marka hikayesinin bir uzant\u0131s\u0131d\u0131r ve hem g\u00f6rsel hem de dokunsal olarak parf\u00fcman\u0131z\u0131 g\u00f6z ard\u0131 etmeyi zorla\u015ft\u0131r\u0131r. Modern esteti\u011fi i\u015flevsel \u015f\u00f6hrete kar\u0131\u015ft\u0131rma ama\u00e7l\u0131 tasarlanm\u0131\u015f bu cam parf\u00fcm \u015fi\u015feleri, l\u00fcks parf\u00fcmler, \u00f6zel kokular ve \u00f6zel kokular i\u00e7in idealdir.<\/p>\n<table style=\"border-collapse: collapse;margin-left: auto;margin-right: auto;width: 162.03pt\" border=\"0\" width=\"216\" cellspacing=\"0\" cellpadding=\"0\">\n<tbody>\n<tr style=\"height: 13.50pt\">\n<td style=\"height: 13.50pt;width: 54.00pt\" width=\"72\" height=\"18\">\n<p><figure id=\"attachment_2988\" aria-describedby=\"caption-attachment-2988\" style=\"width: 300px\" class=\"wp-caption aligncenter\"><img fetchpriority=\"high\" decoding=\"async\" class=\"size-medium wp-image-2988\" src=\"https:\/\/theperfumebottles.com\/wp-content\/uploads\/2025\/04\/modern-perfume-bottles-hs0401-300x300.webp\" alt=\"modern parf\u00fcm \u015fi\u015feleri\" width=\"300\" height=\"300\" srcset=\"https:\/\/theperfumebottles.com\/wp-content\/uploads\/2025\/04\/modern-perfume-bottles-hs0401-300x300.webp 300w, https:\/\/theperfumebottles.com\/wp-content\/uploads\/2025\/04\/modern-perfume-bottles-hs0401-150x150.webp 150w, https:\/\/theperfumebottles.com\/wp-content\/uploads\/2025\/04\/modern-perfume-bottles-hs0401-768x768.webp 768w, https:\/\/theperfumebottles.com\/wp-content\/uploads\/2025\/04\/modern-perfume-bottles-hs0401-12x12.webp 12w, https:\/\/theperfumebottles.com\/wp-content\/uploads\/2025\/04\/modern-perfume-bottles-hs0401-600x600.webp 600w, https:\/\/theperfumebottles.com\/wp-content\/uploads\/2025\/04\/modern-perfume-bottles-hs0401-100x100.webp 100w, https:\/\/theperfumebottles.com\/wp-content\/uploads\/2025\/04\/modern-perfume-bottles-hs0401.webp 1024w\" sizes=\"(max-width: 300px) 100vw, 300px\" \/><figcaption id=\"caption-attachment-2988\" class=\"wp-caption-text\">30ml HS0401<\/figcaption><\/figure><\/td>\n<td style=\"width: 54.00pt\" width=\"72\">\n<p><figure id=\"attachment_2984\" aria-describedby=\"caption-attachment-2984\" style=\"width: 300px\" class=\"wp-caption aligncenter\"><img decoding=\"async\" class=\"size-medium wp-image-2984\" src=\"https:\/\/theperfumebottles.com\/wp-content\/uploads\/2025\/04\/custom-fragrance-bottles-HS0402-300x300.webp\" alt=\"\u00f6zel koku \u015fi\u015feleri\" width=\"300\" height=\"300\" srcset=\"https:\/\/theperfumebottles.com\/wp-content\/uploads\/2025\/04\/custom-fragrance-bottles-HS0402-300x300.webp 300w, https:\/\/theperfumebottles.com\/wp-content\/uploads\/2025\/04\/custom-fragrance-bottles-HS0402-150x150.webp 150w, https:\/\/theperfumebottles.com\/wp-content\/uploads\/2025\/04\/custom-fragrance-bottles-HS0402-768x768.webp 768w, https:\/\/theperfumebottles.com\/wp-content\/uploads\/2025\/04\/custom-fragrance-bottles-HS0402-12x12.webp 12w, https:\/\/theperfumebottles.com\/wp-content\/uploads\/2025\/04\/custom-fragrance-bottles-HS0402-600x600.webp 600w, https:\/\/theperfumebottles.com\/wp-content\/uploads\/2025\/04\/custom-fragrance-bottles-HS0402-100x100.webp 100w, https:\/\/theperfumebottles.com\/wp-content\/uploads\/2025\/04\/custom-fragrance-bottles-HS0402.webp 1024w\" sizes=\"(max-width: 300px) 100vw, 300px\" \/><figcaption id=\"caption-attachment-2984\" class=\"wp-caption-text\">50ml HS0402<\/figcaption><\/figure><\/td>\n<td style=\"width: 54.00pt\" width=\"72\">\n<p><figure id=\"attachment_2985\" aria-describedby=\"caption-attachment-2985\" style=\"width: 300px\" class=\"wp-caption aligncenter\"><img decoding=\"async\" class=\"size-medium wp-image-2985\" src=\"https:\/\/theperfumebottles.com\/wp-content\/uploads\/2025\/04\/custom-fragrance-bottles-hs0403-300x300.webp\" alt=\"\u00f6zel koku \u015fi\u015feleri\" width=\"300\" height=\"300\" srcset=\"https:\/\/theperfumebottles.com\/wp-content\/uploads\/2025\/04\/custom-fragrance-bottles-hs0403-300x300.webp 300w, https:\/\/theperfumebottles.com\/wp-content\/uploads\/2025\/04\/custom-fragrance-bottles-hs0403-150x150.webp 150w, https:\/\/theperfumebottles.com\/wp-content\/uploads\/2025\/04\/custom-fragrance-bottles-hs0403-768x768.webp 768w, https:\/\/theperfumebottles.com\/wp-content\/uploads\/2025\/04\/custom-fragrance-bottles-hs0403-12x12.webp 12w, https:\/\/theperfumebottles.com\/wp-content\/uploads\/2025\/04\/custom-fragrance-bottles-hs0403-600x600.webp 600w, https:\/\/theperfumebottles.com\/wp-content\/uploads\/2025\/04\/custom-fragrance-bottles-hs0403-100x100.webp 100w, https:\/\/theperfumebottles.com\/wp-content\/uploads\/2025\/04\/custom-fragrance-bottles-hs0403.webp 1024w\" sizes=\"(max-width: 300px) 100vw, 300px\" \/><figcaption id=\"caption-attachment-2985\" class=\"wp-caption-text\">100ml HS0403<\/figcaption><\/figure><\/td>\n<\/tr>\n<\/tbody>\n<\/table>\n<h2>Teknik \u00d6zellikler Tablosu<\/h2>\n<div class=\"hyc-common-markdown__table-wrapper\">\n<table>\n<thead>\n<tr>\n<th>Model<\/th>\n<th>Kapasite<\/th>\n<th>Boyut (Y\u00d7D mm)<\/th>\n<th>Malzeme<\/th>\n<th>Renk<\/th>\n<th>Kullan\u0131m \u00d6rnekleri<\/th>\n<\/tr>\n<\/thead>\n<tbody>\n<tr>\n<td>PB-HS0401<\/td>\n<td>30 ml<\/td>\n<td>73\u00d746<\/td>\n<td>Kristal Cam<\/td>\n<td>\u015eeffaf + G\u00fcm\u00fc\u015f Taban<\/td>\n<td>Parf\u00fcm, Kolonya, Sprey<\/td>\n<\/tr>\n<tr>\n<td>PB-HS0402<\/td>\n<td>50 ml<\/td>\n<td>80\u00d751<\/td>\n<td>Kristal Cam<\/td>\n<td>\u015eeffaf + G\u00fcm\u00fc\u015f Taban<\/td>\n<td>Parf\u00fcm, V\u00fccut Spreyi<\/td>\n<\/tr>\n<tr>\n<td>PB-HS0403<\/td>\n<td>100 ml<\/td>\n<td>94\u00d759<\/td>\n<td>Kristal Cam<\/td>\n<td>\u015eeffaf + G\u00fcm\u00fc\u015f Taban<\/td>\n<td>L\u00fcks Parf\u00fcm Ambalajlar\u0131<\/td>\n<\/tr>\n<\/tbody>\n<\/table>\n<\/div>\n<h2>Neden Bu Modern Parf\u00fcm \u015ei\u015felerini Se\u00e7melisiniz?<\/h2>\n<ul>\n<li><strong>Premium Kristal Cam:<\/strong> Kal\u0131n, y\u00fcksek netlikli cam dayan\u0131kl\u0131l\u0131\u011f\u0131 sa\u011flar ve kokuyu g\u00f6r\u00fcn\u00fcrl\u00fc\u011f\u00fcn\u00fc art\u0131r\u0131r.<\/li>\n<li>\u200b<strong>\u00c7ok Y\u00f6nl\u00fc Boyutlar:<\/strong> 30ml kompakt atomiz\u00f6r \u015fi\u015felerinden 100ml a\u00e7\u0131klama parf\u00fcm \u015fi\u015felerine kadar, \u00e7e\u015fitli m\u00fc\u015fteri ihtiya\u00e7lar\u0131n\u0131 kar\u015f\u0131lama.<\/li>\n<li><strong>Marka Odakl\u0131 \u00d6zel Tasar\u0131m:<\/strong> \u00dcreticimizle \u00e7al\u0131\u015farak biti\u015fleri se\u00e7in, logosu oymay\u0131n veya kapaq stillerini uyarlay\u0131n, benzersiz \u00f6zel parf\u00fcm \u015fi\u015fesi i\u00e7in.<\/li>\n<\/ul>\n<h2>Koku Markan\u0131z\u0131 Bug\u00fcn Y\u00fckseltin<\/h2>\n<p>Yeni bir parf\u00fcm serisi lansman yap\u0131yorsan\u0131z veya parf\u00fcm paketlemenizi yenileiyorsan\u0131z, bu seri modern tasar\u0131m\u0131n ve \u00f6zel tasar\u0131m\u0131n m\u00fckemmel bir kar\u0131\u015f\u0131m\u0131 sunar. Markan\u0131z\u0131n l\u00fcks ve yenilik\u00e7ili\u011fini yans\u0131tan cam \u015fi\u015felerle unutulmaz bir a\u00e7\u0131l\u0131\u015f deneyimi yarat\u0131n. Profesyonel ekibimiz marka hikayenizin i\u015fbirlik\u00e7isi olun. Samplenin dokunmas\u0131n\u0131 hisseden sanat\u00e7\u0131l\u0131\u011f\u0131n g\u00fczelli\u011fini hisseden veya benzersiz bir tasar\u0131m yaratmaya ortak olarak, sadece bir ad\u0131mda \u00f6zel cevab\u0131n\u0131z\u0131 a\u00e7abilirsiniz. Bize ula\u015f\u0131n, burada bekliyoruz.<\/p>","protected":false},"excerpt":{"rendered":"<p>Modern parf\u00fcm \u015fi\u015feleri ve \u00f6zel koku \u015fi\u015feleri ile markan\u0131z\u0131 y\u00fckseltin. \u015e\u0131k g\u00fcm\u00fc\u015f kapaklar, yontulmu\u015f da\u011f tabanlar\u0131 ve birinci s\u0131n\u0131f cam.<\/p>","protected":false},"featured_media":2988,"comment_status":"open","ping_status":"closed","template":"","meta":{"_acf_changed":false,"site-sidebar-layout":"default","site-content-layout":"","ast-site-content-layout":"default","site-content-style":"default","site-sidebar-style":"default","ast-global-header-display":"","ast-banner-title-visibility":"","ast-main-header-display":"","ast-hfb-above-header-display":"","ast-hfb-below-header-display":"","ast-hfb-mobile-header-display":"","site-post-title":"","ast-breadcrumbs-content":"","ast-featured-img":"","footer-sml-layout":"","ast-disable-related-posts":"","theme-transparent-header-meta":"default","adv-header-id-meta":"","stick-header-meta":"","header-above-stick-meta":"","header-main-stick-meta":"","header-below-stick-meta":"","astra-migrate-meta-layouts":"set","ast-page-background-enabled":"default","ast-page-background-meta":{"desktop":{"background-color":"var(--ast-global-color-5)","background-image":"","background-repeat":"repeat","background-position":"center center","background-size":"auto","background-attachment":"scroll","background-type":"","background-media":"","overlay-type":"","overlay-color":"","overlay-opacity":"","overlay-gradient":""},"tablet":{"background-color":"","background-image":"","background-repeat":"repeat","background-position":"center center","background-size":"auto","background-attachment":"scroll","background-type":"","background-media":"","overlay-type":"","overlay-color":"","overlay-opacity":"","overlay-gradient":""},"mobile":{"background-color":"","background-image":"","background-repeat":"repeat","background-position":"center center","background-size":"auto","background-attachment":"scroll","background-type":"","background-media":"","overlay-type":"","overlay-color":"","overlay-opacity":"","overlay-gradient":""}},"ast-content-background-meta":{"desktop":{"background-color":"var(--ast-global-color-4)","background-image":"","background-repeat":"repeat","background-position":"center center","background-size":"auto","background-attachment":"scroll","background-type":"","background-media":"","overlay-type":"","overlay-color":"","overlay-opacity":"","overlay-gradient":""},"tablet":{"background-color":"var(--ast-global-color-4)","background-image":"","background-repeat":"repeat","background-position":"center center","background-size":"auto","background-attachment":"scroll","background-type":"","background-media":"","overlay-type":"","overlay-color":"","overlay-opacity":"","overlay-gradient":""},"mobile":{"background-color":"var(--ast-global-color-4)","background-image":"","background-repeat":"repeat","background-position":"center center","background-size":"auto","background-attachment":"scroll","background-type":"","background-media":"","overlay-type":"","overlay-color":"","overlay-opacity":"","overlay-gradient":""}}},"product_brand":[],"product_cat":[72,41],"product_tag":[],"class_list":{"0":"post-2983","1":"product","2":"type-product","3":"status-publish","4":"has-post-thumbnail","6":"product_cat-cosmetic-packaging","7":"product_cat-perfume-bottles","8":"desktop-align-left","9":"tablet-align-left","10":"mobile-align-left","12":"first","13":"instock","14":"shipping-taxable","15":"product-type-simple"},"acf":[],"jetpack_sharing_enabled":true,"_links":{"self":[{"href":"https:\/\/theperfumebottles.com\/tr\/wp-json\/wp\/v2\/product\/2983","targetHints":{"allow":["GET"]}}],"collection":[{"href":"https:\/\/theperfumebottles.com\/tr\/wp-json\/wp\/v2\/product"}],"about":[{"href":"https:\/\/theperfumebottles.com\/tr\/wp-json\/wp\/v2\/types\/product"}],"replies":[{"embeddable":true,"href":"https:\/\/theperfumebottles.com\/tr\/wp-json\/wp\/v2\/comments?post=2983"}],"wp:featuredmedia":[{"embeddable":true,"href":"https:\/\/theperfumebottles.com\/tr\/wp-json\/wp\/v2\/media\/2988"}],"wp:attachment":[{"href":"https:\/\/theperfumebottles.com\/tr\/wp-json\/wp\/v2\/media?parent=2983"}],"wp:term":[{"taxonomy":"product_brand","embeddable":true,"href":"https:\/\/theperfumebottles.com\/tr\/wp-json\/wp\/v2\/product_brand?post=2983"},{"taxonomy":"product_cat","embeddable":true,"href":"https:\/\/theperfumebottles.com\/tr\/wp-json\/wp\/v2\/product_cat?post=2983"},{"taxonomy":"product_tag","embeddable":true,"href":"https:\/\/theperfumebottles.com\/tr\/wp-json\/wp\/v2\/product_tag?post=2983"}],"curies":[{"name":"wp","href":"https:\/\/api.w.org\/{rel}","templated":true}]}}