{"id":3000,"date":"2025-04-08T09:27:23","date_gmt":"2025-04-08T09:27:23","guid":{"rendered":"https:\/\/theperfumebottles.com\/?post_type=product&#038;p=3000"},"modified":"2025-05-29T10:10:19","modified_gmt":"2025-05-29T02:10:19","slug":"mountain-base-golden-perfume-bottles-most-unique-luxury-fragrance-packaging","status":"publish","type":"product","link":"https:\/\/theperfumebottles.com\/tr\/urun\/mountain-base-golden-perfume-bottles-most-unique-luxury-fragrance-packaging\/","title":{"rendered":"Da\u011f Tabanl\u0131 Alt\u0131n Parf\u00fcm \u015ei\u015feleri \u2013 En E\u015fsiz L\u00fcks Koku Ambalaj\u0131"},"content":{"rendered":"<p>Unutulmaz bir izlenim b\u0131rakmak isteyen markalar i\u00e7in tasarlanan alt\u0131n parf\u00fcm \u015fi\u015fesi serisi, markan\u0131z\u0131n prestijini art\u0131rmak i\u00e7in \u00e7arp\u0131c\u0131 esteti\u011fi birinci s\u0131n\u0131f \u00f6zelle\u015ftirme ile birle\u015ftiriyor.<\/p>\n<table style=\"border-collapse: collapse;margin-left: auto;margin-right: auto;width: 162.03pt\" border=\"0\" width=\"216\" cellspacing=\"0\" cellpadding=\"0\">\n<tbody>\n<tr style=\"height: 13.50pt\">\n<td style=\"height: 13.50pt;width: 54.00pt\" width=\"72\" height=\"18\">\n<p><figure id=\"attachment_3004\" aria-describedby=\"caption-attachment-3004\" style=\"width: 300px\" class=\"wp-caption aligncenter\"><img fetchpriority=\"high\" decoding=\"async\" class=\"size-medium wp-image-3004\" src=\"https:\/\/theperfumebottles.com\/wp-content\/uploads\/2025\/04\/golden-perfume-bottle-HS0501-300x300.webp\" alt=\"alt\u0131n parf\u00fcm \u015fi\u015fesi\" width=\"300\" height=\"300\" srcset=\"https:\/\/theperfumebottles.com\/wp-content\/uploads\/2025\/04\/golden-perfume-bottle-HS0501-300x300.webp 300w, https:\/\/theperfumebottles.com\/wp-content\/uploads\/2025\/04\/golden-perfume-bottle-HS0501-150x150.webp 150w, https:\/\/theperfumebottles.com\/wp-content\/uploads\/2025\/04\/golden-perfume-bottle-HS0501-768x768.webp 768w, https:\/\/theperfumebottles.com\/wp-content\/uploads\/2025\/04\/golden-perfume-bottle-HS0501-12x12.webp 12w, https:\/\/theperfumebottles.com\/wp-content\/uploads\/2025\/04\/golden-perfume-bottle-HS0501-600x600.webp 600w, https:\/\/theperfumebottles.com\/wp-content\/uploads\/2025\/04\/golden-perfume-bottle-HS0501-100x100.webp 100w, https:\/\/theperfumebottles.com\/wp-content\/uploads\/2025\/04\/golden-perfume-bottle-HS0501.webp 1000w\" sizes=\"(max-width: 300px) 100vw, 300px\" \/><figcaption id=\"caption-attachment-3004\" class=\"wp-caption-text\">Terbaik Untuk<\/figcaption><\/figure><\/td>\n<td style=\"width: 54.00pt\" width=\"72\">\n<p><figure id=\"attachment_3005\" aria-describedby=\"caption-attachment-3005\" style=\"width: 300px\" class=\"wp-caption aligncenter\"><img decoding=\"async\" class=\"size-medium wp-image-3005\" src=\"https:\/\/theperfumebottles.com\/wp-content\/uploads\/2025\/04\/golden-perfume-bottle-HS0502-300x300.webp\" alt=\"alt\u0131n parf\u00fcm \u015fi\u015fesi\" width=\"300\" height=\"300\" srcset=\"https:\/\/theperfumebottles.com\/wp-content\/uploads\/2025\/04\/golden-perfume-bottle-HS0502-300x300.webp 300w, https:\/\/theperfumebottles.com\/wp-content\/uploads\/2025\/04\/golden-perfume-bottle-HS0502-150x150.webp 150w, https:\/\/theperfumebottles.com\/wp-content\/uploads\/2025\/04\/golden-perfume-bottle-HS0502-768x768.webp 768w, https:\/\/theperfumebottles.com\/wp-content\/uploads\/2025\/04\/golden-perfume-bottle-HS0502-12x12.webp 12w, https:\/\/theperfumebottles.com\/wp-content\/uploads\/2025\/04\/golden-perfume-bottle-HS0502-600x600.webp 600w, https:\/\/theperfumebottles.com\/wp-content\/uploads\/2025\/04\/golden-perfume-bottle-HS0502-100x100.webp 100w, https:\/\/theperfumebottles.com\/wp-content\/uploads\/2025\/04\/golden-perfume-bottle-HS0502.webp 1000w\" sizes=\"(max-width: 300px) 100vw, 300px\" \/><figcaption id=\"caption-attachment-3005\" class=\"wp-caption-text\">50ml PB-HS0502<\/figcaption><\/figure><\/td>\n<td style=\"width: 54.00pt\" width=\"72\">\n<p><figure id=\"attachment_3006\" aria-describedby=\"caption-attachment-3006\" style=\"width: 300px\" class=\"wp-caption aligncenter\"><img decoding=\"async\" class=\"size-medium wp-image-3006\" src=\"https:\/\/theperfumebottles.com\/wp-content\/uploads\/2025\/04\/golden-perfume-bottle-HS0503-300x300.webp\" alt=\"alt\u0131n parf\u00fcm \u015fi\u015fesi\" width=\"300\" height=\"300\" srcset=\"https:\/\/theperfumebottles.com\/wp-content\/uploads\/2025\/04\/golden-perfume-bottle-HS0503-300x300.webp 300w, https:\/\/theperfumebottles.com\/wp-content\/uploads\/2025\/04\/golden-perfume-bottle-HS0503-150x150.webp 150w, https:\/\/theperfumebottles.com\/wp-content\/uploads\/2025\/04\/golden-perfume-bottle-HS0503-768x768.webp 768w, https:\/\/theperfumebottles.com\/wp-content\/uploads\/2025\/04\/golden-perfume-bottle-HS0503-12x12.webp 12w, https:\/\/theperfumebottles.com\/wp-content\/uploads\/2025\/04\/golden-perfume-bottle-HS0503-600x600.webp 600w, https:\/\/theperfumebottles.com\/wp-content\/uploads\/2025\/04\/golden-perfume-bottle-HS0503-100x100.webp 100w, https:\/\/theperfumebottles.com\/wp-content\/uploads\/2025\/04\/golden-perfume-bottle-HS0503.webp 1000w\" sizes=\"(max-width: 300px) 100vw, 300px\" \/><figcaption id=\"caption-attachment-3006\" class=\"wp-caption-text\">100ml PB-HS0503<\/figcaption><\/figure><\/td>\n<\/tr>\n<\/tbody>\n<\/table>\n<h2>Bir Bak\u0131\u015fta Temel \u00d6zellikler<\/h2>\n<div class=\"hyc-common-markdown__table-wrapper\">\n<table>\n<thead>\n<tr>\n<th>Model<\/th>\n<th>Kapasite<\/th>\n<th>Boyut (Y*\u00c7ap)<\/th>\n<th>Malzeme<\/th>\n<th>Renk Tasar\u0131m\u0131<\/th>\n<\/tr>\n<\/thead>\n<tbody>\n<tr>\n<td>PB-HS0501<\/td>\n<td>30 ml<\/td>\n<td>46 * 73mm<\/td>\n<td>Kristal Cam<\/td>\n<td>\u015eeffaf + Alt\u0131n Taban\/Kapak<\/td>\n<\/tr>\n<tr>\n<td>PB-HS0502<\/td>\n<td>50 ml<\/td>\n<td>51 * 80mm<\/td>\n<td>Kristal Cam<\/td>\n<td>\u015eeffaf + Alt\u0131n Taban\/Kapak<\/td>\n<\/tr>\n<tr>\n<td>PB-HS0503<\/td>\n<td>100 ml<\/td>\n<td>59 * 94mm<\/td>\n<td>Kristal Cam<\/td>\n<td>\u015eeffaf + Alt\u0131n Taban\/Kapak<\/td>\n<\/tr>\n<\/tbody>\n<\/table>\n<\/div>\n<hr \/>\n<h2>Neden bu seriyi se\u00e7tiniz?<\/h2>\n<ul>\n<li><strong>\u00c7e\u015fitli senaryolara uyum sa\u011flay\u0131n ve \u00f6zel koku ifadesi elde edin:<\/strong> \u0130ster k\u00fc\u00e7\u00fck ve ta\u015f\u0131nabilir 30 ml (1 oz), ister daha b\u00fcy\u00fck 50 ml (1,7 oz) veya 100 ml (3,4 oz) olsun, her kokunun en uygun \"evi\" bulabilmesi i\u00e7in uygun boyut se\u00e7eneklerimiz mevcuttur.<\/li>\n<li><strong>Zarif konteyner, \u00e7e\u015fitli ihtiya\u00e7lara sakince cevap verir:<\/strong> Klasik parf\u00fcmden taze kolonyaya, g\u00fcnl\u00fck v\u00fccut spreyinden iyile\u015ftirici esansiyel ya\u011fa kadar koku hikayenizi zarif bir \u015fekilde ta\u015f\u0131yabilir, b\u00f6ylece her koku kendine \u00f6zg\u00fc bir ifadeye sahip olur.<\/li>\n<li><strong>Tek noktadan hizmet:<\/strong> Cam \u015fi\u015fe \u00f6zelle\u015ftirmesinden hediye paketine kadar eksiksiz parf\u00fcm ambalajlar\u0131 olu\u015fturun.<\/li>\n<\/ul>\n<h2>Markan\u0131z\u0131n Potansiyelini Ortaya \u00c7\u0131kar\u0131n<\/h2>\n<p>Ye\u015fil \u015fi\u015feli bir kolonya serisi olu\u015fturun veya alt\u0131n aksanl\u0131 l\u00fcks bir koku piyasaya s\u00fcr\u00fcn - cam parf\u00fcm ambalajlar\u0131m\u0131z vizyonunuza uyum sa\u011flar. Toplu sipari\u015f indirimleri ve \u00f6zel hesap deste\u011fi ile g\u00f6ze \u00e7arpan parf\u00fcm \u015fi\u015feleri i\u00e7in g\u00fcvenilir \u00fcreticiniziz.<\/p>\n<p><strong><a href=\"https:\/\/theperfumebottles.com\/tr\/contact\/\">\u00d6zel Tasar\u0131m\u0131n\u0131z\u0131 \u015eimdi Olu\u015fturun<\/a><br \/>\n<\/strong><\/p>","protected":false},"excerpt":{"rendered":"<p>Da\u011fdan esinlenilmi\u015f tabanl\u0131 alt\u0131n parf\u00fcm \u015fi\u015feleri - en e\u015fsiz l\u00fcks koku ambalajlar\u0131. Premium markalar i\u00e7in \u00f6zelle\u015ftirilebilir kristal cam \u015fi\u015feler.<\/p>","protected":false},"featured_media":3006,"comment_status":"open","ping_status":"closed","template":"","meta":{"_acf_changed":false,"site-sidebar-layout":"default","site-content-layout":"","ast-site-content-layout":"default","site-content-style":"default","site-sidebar-style":"default","ast-global-header-display":"","ast-banner-title-visibility":"","ast-main-header-display":"","ast-hfb-above-header-display":"","ast-hfb-below-header-display":"","ast-hfb-mobile-header-display":"","site-post-title":"","ast-breadcrumbs-content":"","ast-featured-img":"","footer-sml-layout":"","ast-disable-related-posts":"","theme-transparent-header-meta":"default","adv-header-id-meta":"","stick-header-meta":"","header-above-stick-meta":"","header-main-stick-meta":"","header-below-stick-meta":"","astra-migrate-meta-layouts":"set","ast-page-background-enabled":"default","ast-page-background-meta":{"desktop":{"background-color":"var(--ast-global-color-5)","background-image":"","background-repeat":"repeat","background-position":"center center","background-size":"auto","background-attachment":"scroll","background-type":"","background-media":"","overlay-type":"","overlay-color":"","overlay-opacity":"","overlay-gradient":""},"tablet":{"background-color":"","background-image":"","background-repeat":"repeat","background-position":"center center","background-size":"auto","background-attachment":"scroll","background-type":"","background-media":"","overlay-type":"","overlay-color":"","overlay-opacity":"","overlay-gradient":""},"mobile":{"background-color":"","background-image":"","background-repeat":"repeat","background-position":"center center","background-size":"auto","background-attachment":"scroll","background-type":"","background-media":"","overlay-type":"","overlay-color":"","overlay-opacity":"","overlay-gradient":""}},"ast-content-background-meta":{"desktop":{"background-color":"var(--ast-global-color-4)","background-image":"","background-repeat":"repeat","background-position":"center center","background-size":"auto","background-attachment":"scroll","background-type":"","background-media":"","overlay-type":"","overlay-color":"","overlay-opacity":"","overlay-gradient":""},"tablet":{"background-color":"var(--ast-global-color-4)","background-image":"","background-repeat":"repeat","background-position":"center center","background-size":"auto","background-attachment":"scroll","background-type":"","background-media":"","overlay-type":"","overlay-color":"","overlay-opacity":"","overlay-gradient":""},"mobile":{"background-color":"var(--ast-global-color-4)","background-image":"","background-repeat":"repeat","background-position":"center center","background-size":"auto","background-attachment":"scroll","background-type":"","background-media":"","overlay-type":"","overlay-color":"","overlay-opacity":"","overlay-gradient":""}}},"product_brand":[],"product_cat":[72,91,41],"product_tag":[],"class_list":{"0":"post-3000","1":"product","2":"type-product","3":"status-publish","4":"has-post-thumbnail","6":"product_cat-cosmetic-packaging","7":"product_cat-custom-perfume-bottles","8":"product_cat-perfume-bottles","9":"desktop-align-left","10":"tablet-align-left","11":"mobile-align-left","13":"first","14":"instock","15":"shipping-taxable","16":"product-type-simple"},"acf":[],"jetpack_sharing_enabled":true,"_links":{"self":[{"href":"https:\/\/theperfumebottles.com\/tr\/wp-json\/wp\/v2\/product\/3000","targetHints":{"allow":["GET"]}}],"collection":[{"href":"https:\/\/theperfumebottles.com\/tr\/wp-json\/wp\/v2\/product"}],"about":[{"href":"https:\/\/theperfumebottles.com\/tr\/wp-json\/wp\/v2\/types\/product"}],"replies":[{"embeddable":true,"href":"https:\/\/theperfumebottles.com\/tr\/wp-json\/wp\/v2\/comments?post=3000"}],"wp:featuredmedia":[{"embeddable":true,"href":"https:\/\/theperfumebottles.com\/tr\/wp-json\/wp\/v2\/media\/3006"}],"wp:attachment":[{"href":"https:\/\/theperfumebottles.com\/tr\/wp-json\/wp\/v2\/media?parent=3000"}],"wp:term":[{"taxonomy":"product_brand","embeddable":true,"href":"https:\/\/theperfumebottles.com\/tr\/wp-json\/wp\/v2\/product_brand?post=3000"},{"taxonomy":"product_cat","embeddable":true,"href":"https:\/\/theperfumebottles.com\/tr\/wp-json\/wp\/v2\/product_cat?post=3000"},{"taxonomy":"product_tag","embeddable":true,"href":"https:\/\/theperfumebottles.com\/tr\/wp-json\/wp\/v2\/product_tag?post=3000"}],"curies":[{"name":"wp","href":"https:\/\/api.w.org\/{rel}","templated":true}]}}