{"id":3007,"date":"2025-04-09T04:02:22","date_gmt":"2025-04-09T04:02:22","guid":{"rendered":"https:\/\/theperfumebottles.com\/?post_type=product&#038;p=3007"},"modified":"2025-04-17T07:54:20","modified_gmt":"2025-04-17T07:54:20","slug":"30ml-50ml-100ml-red-round-perfume-bottles-with-lava-mountain-base","status":"publish","type":"product","link":"https:\/\/theperfumebottles.com\/tr\/urun\/30ml-50ml-100ml-red-round-perfume-bottles-with-lava-mountain-base\/","title":{"rendered":"Lava Da\u011f\u0131 Tabanl\u0131 30ml 50ml 100ml K\u0131rm\u0131z\u0131 Yuvarlak Parf\u00fcm \u015ei\u015feleri"},"content":{"rendered":"<p>S\u0131k\u0131c\u0131 parf\u00fcm \u015fi\u015felerinden b\u0131km\u0131\u015f markalar i\u00e7in: &#034;L\u00fcks asi&#034; diye f\u0131s\u0131ldayan, yontulmu\u015f k\u0131rm\u0131z\u0131 lav taban\u0131yla tan\u0131\u015f\u0131n. Erimi\u015f kaya ve kristal cam\u0131n birle\u015fti\u011fi kontrast\u0131 yans\u0131tan 30 ml\/50 ml\/100 ml boyutlar\u0131n\u0131 se\u00e7in. Sadece koku satm\u0131yorsunuz; Instagram&#039;da mermer tezgahlar\u0131n yan\u0131nda harika g\u00f6r\u00fcnecek bir hava sat\u0131yorsunuz.<\/p>\n<table style=\"border-collapse: collapse; margin-left: auto; margin-right: auto; width: 162.03pt;\" border=\"0\" width=\"216\" cellspacing=\"0\" cellpadding=\"0\">\n<tbody>\n<tr style=\"height: 13.50pt;\">\n<td style=\"height: 13.50pt; width: 54.00pt;\" width=\"72\" height=\"18\">\n<p><figure id=\"attachment_3011\" aria-describedby=\"caption-attachment-3011\" style=\"width: 300px\" class=\"wp-caption aligncenter\"><img fetchpriority=\"high\" decoding=\"async\" class=\"size-medium wp-image-3011\" src=\"https:\/\/theperfumebottles.com\/wp-content\/uploads\/2025\/04\/round-perfume-bottle-HS0601-300x300.webp\" alt=\"yuvarlak parf\u00fcm \u015fi\u015fesi\" width=\"300\" height=\"300\" srcset=\"https:\/\/theperfumebottles.com\/wp-content\/uploads\/2025\/04\/round-perfume-bottle-HS0601-300x300.webp 300w, https:\/\/theperfumebottles.com\/wp-content\/uploads\/2025\/04\/round-perfume-bottle-HS0601-150x150.webp 150w, https:\/\/theperfumebottles.com\/wp-content\/uploads\/2025\/04\/round-perfume-bottle-HS0601-768x768.webp 768w, https:\/\/theperfumebottles.com\/wp-content\/uploads\/2025\/04\/round-perfume-bottle-HS0601-12x12.webp 12w, https:\/\/theperfumebottles.com\/wp-content\/uploads\/2025\/04\/round-perfume-bottle-HS0601-600x600.webp 600w, https:\/\/theperfumebottles.com\/wp-content\/uploads\/2025\/04\/round-perfume-bottle-HS0601-100x100.webp 100w, https:\/\/theperfumebottles.com\/wp-content\/uploads\/2025\/04\/round-perfume-bottle-HS0601.webp 1024w\" sizes=\"(max-width: 300px) 100vw, 300px\" \/><figcaption id=\"caption-attachment-3011\" class=\"wp-caption-text\">30 ml yuvarlak parf\u00fcm \u015fi\u015fesi<\/figcaption><\/figure><\/td>\n<td style=\"width: 54.00pt;\" width=\"72\">\n<p><figure id=\"attachment_3012\" aria-describedby=\"caption-attachment-3012\" style=\"width: 300px\" class=\"wp-caption aligncenter\"><img decoding=\"async\" class=\"size-medium wp-image-3012\" src=\"https:\/\/theperfumebottles.com\/wp-content\/uploads\/2025\/04\/round-perfume-bottle-HS0602-300x300.webp\" alt=\"yuvarlak parf\u00fcm \u015fi\u015fesi\" width=\"300\" height=\"300\" srcset=\"https:\/\/theperfumebottles.com\/wp-content\/uploads\/2025\/04\/round-perfume-bottle-HS0602-300x300.webp 300w, https:\/\/theperfumebottles.com\/wp-content\/uploads\/2025\/04\/round-perfume-bottle-HS0602-150x150.webp 150w, https:\/\/theperfumebottles.com\/wp-content\/uploads\/2025\/04\/round-perfume-bottle-HS0602-768x768.webp 768w, https:\/\/theperfumebottles.com\/wp-content\/uploads\/2025\/04\/round-perfume-bottle-HS0602-12x12.webp 12w, https:\/\/theperfumebottles.com\/wp-content\/uploads\/2025\/04\/round-perfume-bottle-HS0602-600x600.webp 600w, https:\/\/theperfumebottles.com\/wp-content\/uploads\/2025\/04\/round-perfume-bottle-HS0602-100x100.webp 100w, https:\/\/theperfumebottles.com\/wp-content\/uploads\/2025\/04\/round-perfume-bottle-HS0602.webp 1024w\" sizes=\"(max-width: 300px) 100vw, 300px\" \/><figcaption id=\"caption-attachment-3012\" class=\"wp-caption-text\">50 ml yuvarlak parf\u00fcm \u015fi\u015fesi<\/figcaption><\/figure><\/td>\n<td style=\"width: 54.00pt;\" width=\"72\">\n<p><figure id=\"attachment_3013\" aria-describedby=\"caption-attachment-3013\" style=\"width: 300px\" class=\"wp-caption aligncenter\"><img decoding=\"async\" class=\"size-medium wp-image-3013\" src=\"https:\/\/theperfumebottles.com\/wp-content\/uploads\/2025\/04\/round-perfume-bottle-HS0603-300x300.webp\" alt=\"yuvarlak parf\u00fcm \u015fi\u015feleri\" width=\"300\" height=\"300\" srcset=\"https:\/\/theperfumebottles.com\/wp-content\/uploads\/2025\/04\/round-perfume-bottle-HS0603-300x300.webp 300w, https:\/\/theperfumebottles.com\/wp-content\/uploads\/2025\/04\/round-perfume-bottle-HS0603-150x150.webp 150w, https:\/\/theperfumebottles.com\/wp-content\/uploads\/2025\/04\/round-perfume-bottle-HS0603-768x768.webp 768w, https:\/\/theperfumebottles.com\/wp-content\/uploads\/2025\/04\/round-perfume-bottle-HS0603-12x12.webp 12w, https:\/\/theperfumebottles.com\/wp-content\/uploads\/2025\/04\/round-perfume-bottle-HS0603-600x600.webp 600w, https:\/\/theperfumebottles.com\/wp-content\/uploads\/2025\/04\/round-perfume-bottle-HS0603-100x100.webp 100w, https:\/\/theperfumebottles.com\/wp-content\/uploads\/2025\/04\/round-perfume-bottle-HS0603.webp 1024w\" sizes=\"(max-width: 300px) 100vw, 300px\" \/><figcaption id=\"caption-attachment-3013\" class=\"wp-caption-text\">100 ml yuvarlak parf\u00fcm \u015fi\u015feleri<\/figcaption><\/figure><\/td>\n<\/tr>\n<\/tbody>\n<\/table>\n<h2>Bir Bak\u0131\u015fta Temel \u00d6zellikler<\/h2>\n<div class=\"hyc-common-markdown__table-wrapper\">\n<table>\n<thead>\n<tr>\n<th>Model<\/th>\n<th>Kapasite<\/th>\n<th>Boyut (Y\u00d7\u00c7ap)<\/th>\n<th>Malzeme<\/th>\n<th>Renk Tasar\u0131m\u0131<\/th>\n<\/tr>\n<\/thead>\n<tbody>\n<tr>\n<td>PB-HS0601<\/td>\n<td>30 ml\/1 oz<\/td>\n<td>73\u00d746 mm<\/td>\n<td>Kristal Cam<\/td>\n<td>\u015eeffaf + K\u0131rm\u0131z\u0131 Lav Taban\u0131<\/td>\n<\/tr>\n<tr>\n<td>PB-HS0602<\/td>\n<td>50 ml\/1,7 oz<\/td>\n<td>80\u00d751 mm<\/td>\n<td>Kristal Cam<\/td>\n<td>\u015eeffaf + K\u0131rm\u0131z\u0131 Lav Taban\u0131<\/td>\n<\/tr>\n<tr>\n<td>PB-HS0603<\/td>\n<td>100 ml\/3,4 oz<\/td>\n<td>94\u00d759 mm<\/td>\n<td>Kristal Cam<\/td>\n<td>\u015eeffaf + K\u0131rm\u0131z\u0131 Lav Taban\u0131<\/td>\n<\/tr>\n<\/tbody>\n<\/table>\n<\/div>\n<p><em>T\u00fcm modellerde k\u0131rm\u0131z\u0131 metalik kapak ve standart p\u00fcsk\u00fcrtme pompas\u0131 bulunur. \u00c7o\u011fu s\u0131kma sistemiyle uyumludur.<\/em><\/p>\n<h2>Neden Volcano Serisini Se\u00e7melisiniz?<\/h2>\n<h3><strong>Marka Sahipleri \u0130\u00e7in<\/strong><\/h3>\n<ul>\n<li>\u200b<strong>\u00d6ne \u00c7\u0131k\u0131n<\/strong>:Cesur k\u0131rm\u0131z\u0131 lav taban\u0131, ye\u015fil \u015fi\u015feli kolonya rakipleri veya minimalist tasar\u0131mlarla g\u00fczel bir kontrast olu\u015fturuyor.<\/li>\n<li>\u200b<strong>\u00c7ok Y\u00f6nl\u00fc Boyutlar<\/strong>: \u00d6rnekleyicileri (30 ml), seyahat boylar\u0131n\u0131 (50 ml) veya amiral gemisi \u00fcr\u00fcnlerini (100 ml) tutarl\u0131 ambalajlarla piyasaya s\u00fcr\u00fcn.<\/li>\n<li>\u200b<strong>L\u00fcks Hissi<\/strong>: Kal\u0131n cam yap\u0131s\u0131 ve a\u011f\u0131rl\u0131kl\u0131 taban\u0131 birinci s\u0131n\u0131f kaliteyi yans\u0131t\u0131r.<\/li>\n<\/ul>\n<h3><strong>T\u00fcccarlar \u0130\u00e7in<\/strong><\/h3>\n<ul>\n<li>\u200b<strong>Y\u00fcksek Talep<\/strong>:K\u0131rm\u0131z\u0131 parf\u00fcm \u015fi\u015feleri, unisex ve mevsimlik parf\u00fcmlerde trend haline geldi.<\/li>\n<li>\u200b<strong>Kolay \u00d6zelle\u015ftirme<\/strong>:M\u00fc\u015fterilerimize UV \u200b\u200bbask\u0131, kapak rengi e\u015fle\u015ftirme (alt\u0131n, g\u00fcm\u00fc\u015f, ye\u015fil) ve toplu al\u0131mlarda indirim sunuyoruz.<\/li>\n<li>\u200b<strong>Dayan\u0131kl\u0131l\u0131k<\/strong>: K\u0131r\u0131lmaya dayan\u0131kl\u0131 cam parf\u00fcm \u015fi\u015feleri nakliye risklerini azalt\u0131r.<\/li>\n<\/ul>\n<h2>\u0130mza Kokunuzu Bug\u00fcn Tasarlay\u0131n<\/h2>\n<p>Toptan sat\u0131\u015f fiyatlar\u0131na, minimum sipari\u015f miktar\u0131 bilgilerine ve 3 boyutlu tasar\u0131m ara\u00e7lar\u0131na eri\u015fmek i\u00e7in bir hesap olu\u015fturun. Sevgililer G\u00fcn\u00fc koleksiyonlar\u0131n\u0131z i\u00e7in ister erkek ister kad\u0131n parf\u00fcm\u00fc i\u00e7in \u00f6zel k\u0131rm\u0131z\u0131 \u015fi\u015feye ihtiyac\u0131n\u0131z olsun, Volcano Serisi vizyonunuza uyum sa\u011flar.<\/p>\n<p><a href=\"https:\/\/theperfumebottles.com\/tr\/contact\/\"><em>Numune talep etmek veya \u00f6zel markal\u0131 parf\u00fcm ambalajlama \u00e7\u00f6z\u00fcmlerini ke\u015ffetmek i\u00e7in \u00fcretici ekibimizle ileti\u015fime ge\u00e7in.<\/em><\/a><\/p>","protected":false},"excerpt":{"rendered":"<p>Volcano Serisi yuvarlak parf\u00fcm \u015fi\u015feleriyle parf\u00fcm markan\u0131z\u0131 bir \u00fcst seviyeye ta\u015f\u0131y\u0131n. 1 oz, 1.7 oz, 3.4 oz&#039;luk cesur erkek kolonyas\u0131 k\u0131rm\u0131z\u0131 \u015fi\u015fe ve kad\u0131n parf\u00fcm\u00fc k\u0131rm\u0131z\u0131 \u015fi\u015fe se\u00e7enekleri.<\/p>","protected":false},"featured_media":3013,"comment_status":"open","ping_status":"closed","template":"","meta":{"_acf_changed":false,"site-sidebar-layout":"default","site-content-layout":"","ast-site-content-layout":"default","site-content-style":"default","site-sidebar-style":"default","ast-global-header-display":"","ast-banner-title-visibility":"","ast-main-header-display":"","ast-hfb-above-header-display":"","ast-hfb-below-header-display":"","ast-hfb-mobile-header-display":"","site-post-title":"","ast-breadcrumbs-content":"","ast-featured-img":"","footer-sml-layout":"","ast-disable-related-posts":"","theme-transparent-header-meta":"default","adv-header-id-meta":"","stick-header-meta":"","header-above-stick-meta":"","header-main-stick-meta":"","header-below-stick-meta":"","astra-migrate-meta-layouts":"set","ast-page-background-enabled":"default","ast-page-background-meta":{"desktop":{"background-color":"var(--ast-global-color-5)","background-image":"","background-repeat":"repeat","background-position":"center center","background-size":"auto","background-attachment":"scroll","background-type":"","background-media":"","overlay-type":"","overlay-color":"","overlay-opacity":"","overlay-gradient":""},"tablet":{"background-color":"","background-image":"","background-repeat":"repeat","background-position":"center center","background-size":"auto","background-attachment":"scroll","background-type":"","background-media":"","overlay-type":"","overlay-color":"","overlay-opacity":"","overlay-gradient":""},"mobile":{"background-color":"","background-image":"","background-repeat":"repeat","background-position":"center center","background-size":"auto","background-attachment":"scroll","background-type":"","background-media":"","overlay-type":"","overlay-color":"","overlay-opacity":"","overlay-gradient":""}},"ast-content-background-meta":{"desktop":{"background-color":"var(--ast-global-color-4)","background-image":"","background-repeat":"repeat","background-position":"center center","background-size":"auto","background-attachment":"scroll","background-type":"","background-media":"","overlay-type":"","overlay-color":"","overlay-opacity":"","overlay-gradient":""},"tablet":{"background-color":"var(--ast-global-color-4)","background-image":"","background-repeat":"repeat","background-position":"center center","background-size":"auto","background-attachment":"scroll","background-type":"","background-media":"","overlay-type":"","overlay-color":"","overlay-opacity":"","overlay-gradient":""},"mobile":{"background-color":"var(--ast-global-color-4)","background-image":"","background-repeat":"repeat","background-position":"center center","background-size":"auto","background-attachment":"scroll","background-type":"","background-media":"","overlay-type":"","overlay-color":"","overlay-opacity":"","overlay-gradient":""}}},"product_brand":[],"product_cat":[72,91,41],"product_tag":[],"class_list":{"0":"post-3007","1":"product","2":"type-product","3":"status-publish","4":"has-post-thumbnail","6":"product_cat-cosmetic-packaging","7":"product_cat-custom-perfume-bottles","8":"product_cat-perfume-bottles","9":"desktop-align-left","10":"tablet-align-left","11":"mobile-align-left","13":"first","14":"instock","15":"shipping-taxable","16":"product-type-simple"},"acf":[],"jetpack_sharing_enabled":true,"_links":{"self":[{"href":"https:\/\/theperfumebottles.com\/tr\/wp-json\/wp\/v2\/product\/3007","targetHints":{"allow":["GET"]}}],"collection":[{"href":"https:\/\/theperfumebottles.com\/tr\/wp-json\/wp\/v2\/product"}],"about":[{"href":"https:\/\/theperfumebottles.com\/tr\/wp-json\/wp\/v2\/types\/product"}],"replies":[{"embeddable":true,"href":"https:\/\/theperfumebottles.com\/tr\/wp-json\/wp\/v2\/comments?post=3007"}],"wp:featuredmedia":[{"embeddable":true,"href":"https:\/\/theperfumebottles.com\/tr\/wp-json\/wp\/v2\/media\/3013"}],"wp:attachment":[{"href":"https:\/\/theperfumebottles.com\/tr\/wp-json\/wp\/v2\/media?parent=3007"}],"wp:term":[{"taxonomy":"product_brand","embeddable":true,"href":"https:\/\/theperfumebottles.com\/tr\/wp-json\/wp\/v2\/product_brand?post=3007"},{"taxonomy":"product_cat","embeddable":true,"href":"https:\/\/theperfumebottles.com\/tr\/wp-json\/wp\/v2\/product_cat?post=3007"},{"taxonomy":"product_tag","embeddable":true,"href":"https:\/\/theperfumebottles.com\/tr\/wp-json\/wp\/v2\/product_tag?post=3007"}],"curies":[{"name":"wp","href":"https:\/\/api.w.org\/{rel}","templated":true}]}}