{"id":3081,"date":"2025-04-16T09:14:49","date_gmt":"2025-04-16T09:14:49","guid":{"rendered":"https:\/\/theperfumebottles.com\/?post_type=product&#038;p=3081"},"modified":"2026-04-07T15:47:10","modified_gmt":"2026-04-07T07:47:10","slug":"1-oz-30-ml-perfume-bottle-with-customizable-design","status":"publish","type":"product","link":"https:\/\/theperfumebottles.com\/tr\/urun\/1-oz-30-ml-perfume-bottle-with-customizable-design\/","title":{"rendered":"\u00d6zelle\u015ftirilebilir Tasar\u0131ma Sahip 1 oz 30 ml Parf\u00fcm \u015ei\u015fesi"},"content":{"rendered":"<p>Bug\u00fcn sizlere m\u00fckemmel bir YX06 30 ml cam parf\u00fcm \u015fi\u015fesi \u00f6neriyoruz. 30 ml&#039;lik parf\u00fcm \u015fi\u015fesi, dikd\u00f6rtgen \u015fekli i\u00e7in ultra \u015feffaf cam kullanan ve zarif bir l\u00fcks etki yaratan g\u00fcm\u00fc\u015f krom sprey ba\u015fl\u0131\u011f\u0131yla birle\u015fen \u00f6nemli bir tasar\u0131m unsuruna sahiptir.<\/p>\n<h2>Temel \u00d6zellikler<\/h2>\n<div>\n<table class=\"aligncenter\" style=\"border-collapse: collapse; width: 524.27pt;\" border=\"0\" width=\"699\" cellspacing=\"0\" cellpadding=\"0\">\n<tbody>\n<tr style=\"height: 13.50pt;\">\n<td style=\"height: 13.50pt; width: 96.75pt;\" width=\"129\" height=\"18\">\u00d6zellik<\/td>\n<td style=\"width: 427.50pt;\" width=\"570\">Detaylar<\/td>\n<\/tr>\n<tr style=\"height: 13.50pt;\">\n<td style=\"height: 13.50pt;\" height=\"18\">Model<\/td>\n<td>PB-YX06<\/td>\n<\/tr>\n<tr style=\"height: 13.50pt;\">\n<td style=\"height: 13.50pt;\" height=\"18\">Kapasite<\/td>\n<td>30 ml (1 ons)<\/td>\n<\/tr>\n<tr style=\"height: 13.50pt;\">\n<td style=\"height: 13.50pt;\" height=\"18\">Boyutlar<\/td>\n<td>37 \u00d7 25 \u00d7 95 mm<\/td>\n<\/tr>\n<tr style=\"height: 13.50pt;\">\n<td style=\"height: 13.50pt;\" height=\"18\">Y\u00fczey Se\u00e7enekleri<\/td>\n<td>Buzlu cam, serigrafi bask\u0131, s\u0131cak damgalama, \u00f6zel renk tasar\u0131mlar\u0131<\/td>\n<\/tr>\n<tr style=\"height: 13.50pt;\">\n<td style=\"height: 13.50pt;\" height=\"18\">Sertifikalar<\/td>\n<td>ISO, CE, REACH, BSCI, MSDS<\/td>\n<\/tr>\n<tr style=\"height: 13.50pt;\">\n<td style=\"height: 13.50pt;\" height=\"18\">Ambalajlama<\/td>\n<td>Toplu sipari\u015fler i\u00e7in \u00f6zelle\u015ftirilebilir karton kutular veya ah\u015fap paletler.<\/td>\n<\/tr>\n<tr style=\"height: 13.50pt;\">\n<td style=\"height: 13.50pt;\" height=\"18\">Kur\u015fun zaman\u0131<\/td>\n<td>7-15 g\u00fcn (stokta); 30-45 g\u00fcn (\u00f6zel sipari\u015f)<\/td>\n<\/tr>\n<\/tbody>\n<\/table>\n<\/div>\n<h2>Toplu Sipari\u015fler Hakk\u0131nda<\/h2>\n<p>\u0130ster 500 ister 50.000 adet sat\u0131n alman\u0131z gereksin, esnek ve \u00e7e\u015fitli ambalaj se\u00e7enekleri sunarak h\u0131zl\u0131 teslimat\u0131 garanti ediyoruz. Stoktaki \u00fcr\u00fcnler 1 ila 2 hafta i\u00e7inde, \u00f6zel sipari\u015f \u00fcr\u00fcnler ise genellikle 30 ila 45 g\u00fcn i\u00e7inde teslim edilerek sipari\u015fin zaman\u0131nda tamamlanmas\u0131 sa\u011flan\u0131r.<\/p>\n<h2>1 oz Parf\u00fcm \u015ei\u015feleri \u0130\u00e7in Ki\u015fiselle\u015ftirme \u00d6nerileri<\/h2>\n<ul>\n<li>Kare Oran Varyasyonlar\u0131: T\u00fcm \u00fcr\u00fcn yelpazesi boyunca estetik de\u011ferlerini koruyan uzun dar ve k\u0131sa geni\u015f kare kaplar i\u00e7eren \u015fi\u015fe \u015fekilleri geli\u015ftirerek yeni \u00fcr\u00fcn tasar\u0131mlar\u0131 olu\u015fturun.<\/li>\n<li>Manyetik \u015ei\u015fe Kapa\u011f\u0131: \u015ei\u015fe kapa\u011f\u0131, kullan\u0131c\u0131lara kesintisiz bir y\u00fczey sunan ve b\u00f6ylece \u00fcr\u00fcnle etkile\u015fimlerini geli\u015ftiren g\u00fcvenli bir manyetik kapatma tasar\u0131m\u0131na sahiptir.<\/li>\n<li>Geli\u015fmi\u015f P\u00fcsk\u00fcrtme \u00d6zelle\u015ftirmesi: P\u00fcsk\u00fcrtme ba\u015fl\u0131\u011f\u0131, kullan\u0131c\u0131lar\u0131n renk ve \u015feklini de\u011fi\u015ftirmesine ve istedikleri sonu\u00e7lara ula\u015fana kadar p\u00fcsk\u00fcrtme desenini ayarlamas\u0131na olanak tan\u0131r.<\/li>\n<\/ul>","protected":false},"excerpt":{"rendered":"<p>Ki\u015fiselle\u015ftirilebilir tasar\u0131mlara, toptan sat\u0131\u015f se\u00e7eneklerine ve h\u0131zl\u0131 teslimata sahip \u015f\u0131k 30 ml (1 oz) parf\u00fcm \u015fi\u015felerini ke\u015ffedin. Parf\u00fcm markalar\u0131 ve tedarik\u00e7ileri i\u00e7in m\u00fckemmel.<\/p>","protected":false},"featured_media":3082,"comment_status":"open","ping_status":"closed","template":"","meta":{"_acf_changed":false,"site-sidebar-layout":"default","site-content-layout":"","ast-site-content-layout":"default","site-content-style":"default","site-sidebar-style":"default","ast-global-header-display":"","ast-banner-title-visibility":"","ast-main-header-display":"","ast-hfb-above-header-display":"","ast-hfb-below-header-display":"","ast-hfb-mobile-header-display":"","site-post-title":"","ast-breadcrumbs-content":"","ast-featured-img":"","footer-sml-layout":"","ast-disable-related-posts":"","theme-transparent-header-meta":"default","adv-header-id-meta":"","stick-header-meta":"","header-above-stick-meta":"","header-main-stick-meta":"","header-below-stick-meta":"","astra-migrate-meta-layouts":"set","ast-page-background-enabled":"default","ast-page-background-meta":{"desktop":{"background-color":"var(--ast-global-color-5)","background-image":"","background-repeat":"repeat","background-position":"center center","background-size":"auto","background-attachment":"scroll","background-type":"","background-media":"","overlay-type":"","overlay-color":"","overlay-opacity":"","overlay-gradient":""},"tablet":{"background-color":"","background-image":"","background-repeat":"repeat","background-position":"center center","background-size":"auto","background-attachment":"scroll","background-type":"","background-media":"","overlay-type":"","overlay-color":"","overlay-opacity":"","overlay-gradient":""},"mobile":{"background-color":"","background-image":"","background-repeat":"repeat","background-position":"center center","background-size":"auto","background-attachment":"scroll","background-type":"","background-media":"","overlay-type":"","overlay-color":"","overlay-opacity":"","overlay-gradient":""}},"ast-content-background-meta":{"desktop":{"background-color":"var(--ast-global-color-4)","background-image":"","background-repeat":"repeat","background-position":"center center","background-size":"auto","background-attachment":"scroll","background-type":"","background-media":"","overlay-type":"","overlay-color":"","overlay-opacity":"","overlay-gradient":""},"tablet":{"background-color":"var(--ast-global-color-4)","background-image":"","background-repeat":"repeat","background-position":"center center","background-size":"auto","background-attachment":"scroll","background-type":"","background-media":"","overlay-type":"","overlay-color":"","overlay-opacity":"","overlay-gradient":""},"mobile":{"background-color":"var(--ast-global-color-4)","background-image":"","background-repeat":"repeat","background-position":"center center","background-size":"auto","background-attachment":"scroll","background-type":"","background-media":"","overlay-type":"","overlay-color":"","overlay-opacity":"","overlay-gradient":""}}},"product_brand":[],"product_cat":[91,72,41],"product_tag":[],"class_list":{"0":"post-3081","1":"product","2":"type-product","3":"status-publish","4":"has-post-thumbnail","6":"product_cat-custom-perfume-bottles","7":"product_cat-cosmetic-packaging","8":"product_cat-perfume-bottles","9":"desktop-align-left","10":"tablet-align-left","11":"mobile-align-left","13":"first","14":"instock","15":"shipping-taxable","16":"product-type-simple"},"acf":[],"jetpack_sharing_enabled":true,"_links":{"self":[{"href":"https:\/\/theperfumebottles.com\/tr\/wp-json\/wp\/v2\/product\/3081","targetHints":{"allow":["GET"]}}],"collection":[{"href":"https:\/\/theperfumebottles.com\/tr\/wp-json\/wp\/v2\/product"}],"about":[{"href":"https:\/\/theperfumebottles.com\/tr\/wp-json\/wp\/v2\/types\/product"}],"replies":[{"embeddable":true,"href":"https:\/\/theperfumebottles.com\/tr\/wp-json\/wp\/v2\/comments?post=3081"}],"wp:featuredmedia":[{"embeddable":true,"href":"https:\/\/theperfumebottles.com\/tr\/wp-json\/wp\/v2\/media\/3082"}],"wp:attachment":[{"href":"https:\/\/theperfumebottles.com\/tr\/wp-json\/wp\/v2\/media?parent=3081"}],"wp:term":[{"taxonomy":"product_brand","embeddable":true,"href":"https:\/\/theperfumebottles.com\/tr\/wp-json\/wp\/v2\/product_brand?post=3081"},{"taxonomy":"product_cat","embeddable":true,"href":"https:\/\/theperfumebottles.com\/tr\/wp-json\/wp\/v2\/product_cat?post=3081"},{"taxonomy":"product_tag","embeddable":true,"href":"https:\/\/theperfumebottles.com\/tr\/wp-json\/wp\/v2\/product_tag?post=3081"}],"curies":[{"name":"wp","href":"https:\/\/api.w.org\/{rel}","templated":true}]}}