{"id":3099,"date":"2025-04-18T07:05:07","date_gmt":"2025-04-18T07:05:07","guid":{"rendered":"https:\/\/theperfumebottles.com\/?post_type=product&#038;p=3099"},"modified":"2025-05-28T19:24:10","modified_gmt":"2025-05-28T11:24:10","slug":"custom-100ml-cool-perfume-bottles-aftershave-bottles-for-wholesale","status":"publish","type":"product","link":"https:\/\/theperfumebottles.com\/tr\/urun\/custom-100ml-cool-perfume-bottles-aftershave-bottles-for-wholesale\/","title":{"rendered":"Toptan Sat\u0131\u015f \u0130\u00e7in \u00d6zel 100 ml Serin Parf\u00fcm \u015ei\u015feleri ve T\u0131ra\u015f Sonras\u0131 \u015ei\u015feleri"},"content":{"rendered":"<p>Dikd\u00f6rtgen \u200bhaval\u0131 parf\u00fcm \u015fi\u015felerimiz\u200b keskin kenarlar\u0131 ak\u0131c\u0131 metalik vurgularla birle\u015ftiriyor; alt\u0131n rengi sprey u\u00e7lar\u0131 \u015f\u0131k cam boyunlarla kontrast olu\u015fturarak, ileri d\u00fczey esteti\u011fi yans\u0131tan, \u0131\u015f\u0131\u011f\u0131 yans\u0131tan bir dram yarat\u0131yor.<\/p>\n<h2><strong>\u00d6zellikler<\/strong><\/h2>\n<table>\n<thead>\n<tr>\n<th><strong>\u00d6zellik<\/strong><\/th>\n<th><strong>Detaylar<\/strong><\/th>\n<\/tr>\n<\/thead>\n<tbody>\n<tr>\n<td><strong>Model<\/strong><\/td>\n<td>PB-YX08<\/td>\n<\/tr>\n<tr>\n<td><strong>\u015eekil<\/strong><\/td>\n<td>Dikd\u00f6rtgen<\/td>\n<\/tr>\n<tr>\n<td><strong>Kapasite<\/strong><\/td>\n<td>100 ml (3,4 oz)<\/td>\n<\/tr>\n<tr>\n<td><strong>Tepe<\/strong><\/td>\n<td>Sprey ba\u015fl\u0131kl\u0131 k\u00fcresel kapak<\/td>\n<\/tr>\n<tr>\n<td><strong>Boyutlar<\/strong><\/td>\n<td>55 mm (G) \u00d7 30 mm (D) \u00d7 118 mm (Y)<\/td>\n<\/tr>\n<tr>\n<td><strong>Y\u00fczey Se\u00e7enekleri<\/strong><\/td>\n<td>Kumlama, serigrafi, yald\u0131zlama, p\u00fcsk\u00fcrtme, kabartma, cilalama, \u00e7\u0131kartmalar<\/td>\n<\/tr>\n<tr>\n<td><strong>Sertifikalar<\/strong><\/td>\n<td>CE, ISO, BSCI, REACH<\/td>\n<\/tr>\n<tr>\n<td><strong>Paketleme Se\u00e7enekleri<\/strong><\/td>\n<td>Ah\u015fap palet, karton veya \u00f6zel ambalaj<\/td>\n<\/tr>\n<\/tbody>\n<\/table>\n<h2>Paketleme \u0130pu\u00e7lar\u0131:<\/h2>\n<p>Bir marka, yeni t\u0131ra\u015f sonras\u0131 losyonunun kab\u0131 olarak bu \u015fi\u015feyi kulland\u0131. Mat siyah kaplama ve alt\u0131n kabartma ekleyerek \u015f\u0131k ve \u00e7arp\u0131c\u0131 bir estetik yaratt\u0131lar ve bu da \u00e7evrimi\u00e7i aramalarda g\u00f6r\u00fcn\u00fcrl\u00fcklerini art\u0131rd\u0131. Bu \u015fi\u015felerin dayan\u0131kl\u0131l\u0131\u011f\u0131 ve CE sertifikalar\u0131, markan\u0131n Avrupa pazar\u0131na h\u0131zla girmesini sa\u011flad\u0131.<\/p>","protected":false},"excerpt":{"rendered":"<p>Parf\u00fcm i\u015finiz i\u00e7in 100 ml&#039;lik haval\u0131 parf\u00fcm \u015fi\u015felerini ve t\u0131ra\u015f sonras\u0131 losyon \u015fi\u015felerini ke\u015ffedin. \u00d6zel tasar\u0131mlar, h\u0131zl\u0131 toptan sipari\u015fler ve k\u00fcresel sertifikalar.<\/p>","protected":false},"featured_media":3101,"comment_status":"open","ping_status":"closed","template":"","meta":{"_acf_changed":false,"site-sidebar-layout":"default","site-content-layout":"","ast-site-content-layout":"default","site-content-style":"default","site-sidebar-style":"default","ast-global-header-display":"","ast-banner-title-visibility":"","ast-main-header-display":"","ast-hfb-above-header-display":"","ast-hfb-below-header-display":"","ast-hfb-mobile-header-display":"","site-post-title":"","ast-breadcrumbs-content":"","ast-featured-img":"","footer-sml-layout":"","ast-disable-related-posts":"","theme-transparent-header-meta":"default","adv-header-id-meta":"","stick-header-meta":"","header-above-stick-meta":"","header-main-stick-meta":"","header-below-stick-meta":"","astra-migrate-meta-layouts":"set","ast-page-background-enabled":"default","ast-page-background-meta":{"desktop":{"background-color":"var(--ast-global-color-5)","background-image":"","background-repeat":"repeat","background-position":"center center","background-size":"auto","background-attachment":"scroll","background-type":"","background-media":"","overlay-type":"","overlay-color":"","overlay-opacity":"","overlay-gradient":""},"tablet":{"background-color":"","background-image":"","background-repeat":"repeat","background-position":"center center","background-size":"auto","background-attachment":"scroll","background-type":"","background-media":"","overlay-type":"","overlay-color":"","overlay-opacity":"","overlay-gradient":""},"mobile":{"background-color":"","background-image":"","background-repeat":"repeat","background-position":"center center","background-size":"auto","background-attachment":"scroll","background-type":"","background-media":"","overlay-type":"","overlay-color":"","overlay-opacity":"","overlay-gradient":""}},"ast-content-background-meta":{"desktop":{"background-color":"var(--ast-global-color-4)","background-image":"","background-repeat":"repeat","background-position":"center center","background-size":"auto","background-attachment":"scroll","background-type":"","background-media":"","overlay-type":"","overlay-color":"","overlay-opacity":"","overlay-gradient":""},"tablet":{"background-color":"var(--ast-global-color-4)","background-image":"","background-repeat":"repeat","background-position":"center center","background-size":"auto","background-attachment":"scroll","background-type":"","background-media":"","overlay-type":"","overlay-color":"","overlay-opacity":"","overlay-gradient":""},"mobile":{"background-color":"var(--ast-global-color-4)","background-image":"","background-repeat":"repeat","background-position":"center center","background-size":"auto","background-attachment":"scroll","background-type":"","background-media":"","overlay-type":"","overlay-color":"","overlay-opacity":"","overlay-gradient":""}}},"product_brand":[],"product_cat":[72,91],"product_tag":[],"class_list":{"0":"post-3099","1":"product","2":"type-product","3":"status-publish","4":"has-post-thumbnail","6":"product_cat-cosmetic-packaging","7":"product_cat-custom-perfume-bottles","8":"desktop-align-left","9":"tablet-align-left","10":"mobile-align-left","12":"first","13":"instock","14":"shipping-taxable","15":"product-type-simple"},"acf":[],"jetpack_sharing_enabled":true,"_links":{"self":[{"href":"https:\/\/theperfumebottles.com\/tr\/wp-json\/wp\/v2\/product\/3099","targetHints":{"allow":["GET"]}}],"collection":[{"href":"https:\/\/theperfumebottles.com\/tr\/wp-json\/wp\/v2\/product"}],"about":[{"href":"https:\/\/theperfumebottles.com\/tr\/wp-json\/wp\/v2\/types\/product"}],"replies":[{"embeddable":true,"href":"https:\/\/theperfumebottles.com\/tr\/wp-json\/wp\/v2\/comments?post=3099"}],"wp:featuredmedia":[{"embeddable":true,"href":"https:\/\/theperfumebottles.com\/tr\/wp-json\/wp\/v2\/media\/3101"}],"wp:attachment":[{"href":"https:\/\/theperfumebottles.com\/tr\/wp-json\/wp\/v2\/media?parent=3099"}],"wp:term":[{"taxonomy":"product_brand","embeddable":true,"href":"https:\/\/theperfumebottles.com\/tr\/wp-json\/wp\/v2\/product_brand?post=3099"},{"taxonomy":"product_cat","embeddable":true,"href":"https:\/\/theperfumebottles.com\/tr\/wp-json\/wp\/v2\/product_cat?post=3099"},{"taxonomy":"product_tag","embeddable":true,"href":"https:\/\/theperfumebottles.com\/tr\/wp-json\/wp\/v2\/product_tag?post=3099"}],"curies":[{"name":"wp","href":"https:\/\/api.w.org\/{rel}","templated":true}]}}