{"id":3118,"date":"2025-04-21T08:56:26","date_gmt":"2025-04-21T08:56:26","guid":{"rendered":"https:\/\/theperfumebottles.com\/?post_type=product&#038;p=3118"},"modified":"2025-05-23T18:09:44","modified_gmt":"2025-05-23T10:09:44","slug":"30ml-50ml-small-perfume-spray-bottles-small-cologne-bottles","status":"publish","type":"product","link":"https:\/\/theperfumebottles.com\/tr\/urun\/30ml-50ml-small-perfume-spray-bottles-small-cologne-bottles\/","title":{"rendered":"30 ml 50 ml K\u00fc\u00e7\u00fck Parf\u00fcm Sprey \u015ei\u015feleri ve K\u00fc\u00e7\u00fck Kolonya \u015ei\u015feleri"},"content":{"rendered":"<p>Parf\u00fcm end\u00fcstrisinde, bir parf\u00fcm \u015fi\u015fesinin g\u00f6r\u00fcn\u00fcm tasar\u0131m\u0131 m\u00fc\u015fterilerin onu sat\u0131n al\u0131p almayaca\u011f\u0131n\u0131 do\u011frudan belirleyebilir mi? Rekabetin yo\u011fun oldu\u011fu pazarda, PB-YX12 serisi k\u00fc\u00e7\u00fck parf\u00fcm sprey \u015fi\u015feleri \u00f6ne \u00e7\u0131kman\u0131za yard\u0131mc\u0131 olacak gizli silaht\u0131r. 30ml ve 50ml olmak \u00fczere iki kapasitede mevcuttur - cebe kolayca s\u0131\u011facak kadar k\u00fc\u00e7\u00fck, ancak bir parf\u00fcm partisinin rit\u00fcelini tutacak kadar b\u00fcy\u00fck.<\/p>\n<table style=\"border-collapse: collapse;margin-left: auto;margin-right: auto;width: 108.03pt\" border=\"0\" width=\"144\" cellspacing=\"0\" cellpadding=\"0\">\n<tbody>\n<tr style=\"height: 13.50pt\">\n<td style=\"height: 13.50pt;width: 54.00pt\" width=\"72\" height=\"18\">\n<p><figure id=\"attachment_3121\" aria-describedby=\"caption-attachment-3121\" style=\"width: 300px\" class=\"wp-caption aligncenter\"><img fetchpriority=\"high\" decoding=\"async\" class=\"size-medium wp-image-3121\" src=\"https:\/\/theperfumebottles.com\/wp-content\/uploads\/2025\/04\/small-perfume-spray-bottles-yx1201-300x300.webp\" alt=\"k\u00fc\u00e7\u00fck parf\u00fcm sprey \u015fi\u015feleri\" width=\"300\" height=\"300\" srcset=\"https:\/\/theperfumebottles.com\/wp-content\/uploads\/2025\/04\/small-perfume-spray-bottles-yx1201-300x300.webp 300w, https:\/\/theperfumebottles.com\/wp-content\/uploads\/2025\/04\/small-perfume-spray-bottles-yx1201-150x150.webp 150w, https:\/\/theperfumebottles.com\/wp-content\/uploads\/2025\/04\/small-perfume-spray-bottles-yx1201-768x768.webp 768w, https:\/\/theperfumebottles.com\/wp-content\/uploads\/2025\/04\/small-perfume-spray-bottles-yx1201-12x12.webp 12w, https:\/\/theperfumebottles.com\/wp-content\/uploads\/2025\/04\/small-perfume-spray-bottles-yx1201-600x600.webp 600w, https:\/\/theperfumebottles.com\/wp-content\/uploads\/2025\/04\/small-perfume-spray-bottles-yx1201-100x100.webp 100w, https:\/\/theperfumebottles.com\/wp-content\/uploads\/2025\/04\/small-perfume-spray-bottles-yx1201.webp 1000w\" sizes=\"(max-width: 300px) 100vw, 300px\" \/><figcaption id=\"caption-attachment-3121\" class=\"wp-caption-text\">30ml k\u00fc\u00e7\u00fck kolonya \u015fi\u015fesi<\/figcaption><\/figure><\/td>\n<td style=\"width: 54.00pt\" width=\"72\">\n<p><figure id=\"attachment_3123\" aria-describedby=\"caption-attachment-3123\" style=\"width: 300px\" class=\"wp-caption aligncenter\"><img decoding=\"async\" class=\"size-medium wp-image-3123\" src=\"https:\/\/theperfumebottles.com\/wp-content\/uploads\/2025\/04\/small-cologne-bottle-yx1202-300x300.webp\" alt=\"k\u00fc\u00e7\u00fck kolonya \u015fi\u015fesi\" width=\"300\" height=\"300\" srcset=\"https:\/\/theperfumebottles.com\/wp-content\/uploads\/2025\/04\/small-cologne-bottle-yx1202-300x300.webp 300w, https:\/\/theperfumebottles.com\/wp-content\/uploads\/2025\/04\/small-cologne-bottle-yx1202-150x150.webp 150w, https:\/\/theperfumebottles.com\/wp-content\/uploads\/2025\/04\/small-cologne-bottle-yx1202-768x768.webp 768w, https:\/\/theperfumebottles.com\/wp-content\/uploads\/2025\/04\/small-cologne-bottle-yx1202-12x12.webp 12w, https:\/\/theperfumebottles.com\/wp-content\/uploads\/2025\/04\/small-cologne-bottle-yx1202-600x600.webp 600w, https:\/\/theperfumebottles.com\/wp-content\/uploads\/2025\/04\/small-cologne-bottle-yx1202-100x100.webp 100w, https:\/\/theperfumebottles.com\/wp-content\/uploads\/2025\/04\/small-cologne-bottle-yx1202.webp 1000w\" sizes=\"(max-width: 300px) 100vw, 300px\" \/><figcaption id=\"caption-attachment-3123\" class=\"wp-caption-text\">50ml k\u00fc\u00e7\u00fck kolonya \u015fi\u015fesi<\/figcaption><\/figure><\/td>\n<\/tr>\n<\/tbody>\n<\/table>\n<h2>\u015eartname<\/h2>\n<table style=\"border-collapse: collapse;margin-left: auto;margin-right: auto;width: 80%\" border=\"0\" width=\"80%\" cellspacing=\"0\" cellpadding=\"0\">\n<tbody>\n<tr style=\"height: 13.50pt\">\n<td class=\"et2\" style=\"height: 13.50pt;width: 142.50pt\" width=\"190\" height=\"18\"><strong>\u015eartname<\/strong><\/td>\n<td class=\"et2\" style=\"width: 153.75pt\" width=\"205\"><strong>PB-YX1201<\/strong><\/td>\n<td class=\"et2\" style=\"width: 155.25pt\" width=\"207\"><strong>PB-YX1202<\/strong><\/td>\n<\/tr>\n<tr style=\"height: 13.50pt\">\n<td class=\"et2\" style=\"height: 13.50pt\" height=\"18\"><strong>Kapasite<\/strong><\/td>\n<td>30 ml<\/td>\n<td>50 ml<\/td>\n<\/tr>\n<tr style=\"height: 13.50pt\">\n<td class=\"et2\" style=\"height: 13.50pt\" height=\"18\"><strong>Boyutlar<\/strong><\/td>\n<td>55 mm * 25 mm * 85 mm<\/td>\n<td>66 mm * 30 mm * 100 mm<\/td>\n<\/tr>\n<tr style=\"height: 13.50pt\">\n<td class=\"et2\" style=\"height: 13.50pt\" height=\"18\"><strong>Kalibre<\/strong><\/td>\n<td class=\"et3\" colspan=\"2\">15 mm<\/td>\n<\/tr>\n<tr style=\"height: 13.50pt\">\n<td class=\"et2\" style=\"height: 13.50pt\" height=\"18\"><strong>Cam Rengi<\/strong><\/td>\n<td class=\"et3\" colspan=\"2\">\u015eeffaf, \u00f6zelle\u015ftirilebilir<\/td>\n<\/tr>\n<tr style=\"height: 13.50pt\">\n<td class=\"et2\" style=\"height: 13.50pt\" height=\"18\"><strong>Mevcut \u015eapka Renkleri<\/strong><\/td>\n<td class=\"et3\" colspan=\"2\">Alt\u0131n, G\u00fcm\u00fc\u015f, Siyah, Beyaz, Ah\u015fap, \u00d6zelle\u015ftirilebilir<\/td>\n<\/tr>\n<\/tbody>\n<\/table>\n<h2>Ger\u00e7ek vaka: K\u00fc\u00e7\u00fck \u015fi\u015feler b\u00fcy\u00fck pazardan yararlan\u0131yor<\/h2>\n<p>Minimalist bir yakla\u015f\u0131m benimseyen butik bir parf\u00fcm markas\u0131, PB-YX1201 modeliyle bir seyahat serisi ba\u015flatt\u0131. Mat siyah bir \u015fi\u015fe kapa\u011f\u0131 + minimalist serigrafi bask\u0131s\u0131 se\u00e7tiler ve sonu\u00e7 \u015fuydu: Sat\u0131\u015flar iki kat\u0131na \u00e7\u0131kt\u0131 ve gen\u00e7 m\u00fc\u015fteriler buna bay\u0131ld\u0131!<br \/>\nSosyal medya mesaj ya\u011fmuruna tutuldu: \"Bu \u015fi\u015fe \u00e7ok dokulu!\" \"Bo\u015f \u015fi\u015fe bile bir sergi olmak istiyor!\"<\/p>\n<h2>Ambalaj \u00f6nerileri:<\/h2>\n<p><strong>\u015ei\u015fe kapa\u011f\u0131 rengini \u00f6zelle\u015ftirebiliriz:<\/strong>\u00a0Alt\u0131n, g\u00fcm\u00fc\u015f, siyah, beyaz ve hatta ah\u015fap tah\u0131l rengi, istedi\u011finiz gibi e\u015fle\u015ftirebilirsiniz. G\u00f6steri\u015ften uzak m\u0131 olmak istiyorsunuz? Mat siyah\u0131 se\u00e7in; dikkat \u00e7ekmek mi istiyorsunuz? Parlak alt\u0131n rengini deneyin. Logonuzu veya deseninizi serigrafi ile basarak m\u00fc\u015fterinin akl\u0131ndaki \"tek\" hat\u0131rlama noktas\u0131 haline getirin.<br \/>\n<strong>L\u00fcks y\u00fckseltme: <\/strong>Her bir parf\u00fcm \u015fi\u015fesi kadife kapl\u0131 ka\u011f\u0131t bir kutuya yerle\u015ftirilmi\u015ftir. Hafif bir dokunu\u015fla, a\u011f\u0131r t\u00f6ren duygusu hemen doluyor.<br \/>\n<strong>Ayr\u0131nt\u0131lar art\u0131 puanlar: <\/strong>M\u00fc\u015fterilere \"bu parf\u00fcm \u015fi\u015fesinin hangi durum i\u00e7in uygun oldu\u011funu\" s\u00f6yleyen ve markan\u0131n s\u0131cakl\u0131\u011f\u0131n\u0131 an\u0131nda y\u00fckselten el yaz\u0131s\u0131yla yaz\u0131lm\u0131\u015f bir koku kart\u0131 eklenmi\u015ftir.<br \/>\n\u00c7evresel bonus puanlar: Hem y\u00fcksek kaliteli hem de modern t\u00fcketicilerin de\u011ferleriyle uyumlu, geri d\u00f6n\u00fc\u015ft\u00fcr\u00fclebilir malzemelerden yap\u0131lm\u0131\u015f bir ambalaj kutusu se\u00e7in.<\/p>","protected":false},"excerpt":{"rendered":"<p>\u015e\u0131k k\u00fc\u00e7\u00fck parf\u00fcm sprey \u015fi\u015felerimizi ve k\u00fc\u00e7\u00fck kolonya \u015fi\u015fesi se\u00e7eneklerimizi ke\u015ffedin. Bu kristal cam \u015fi\u015feler, markan\u0131za uyacak \u015fekilde \u00e7e\u015fitli \u00f6zelle\u015ftirmelerle gelir.<\/p>","protected":false},"featured_media":3123,"comment_status":"open","ping_status":"closed","template":"","meta":{"_acf_changed":false,"site-sidebar-layout":"default","site-content-layout":"","ast-site-content-layout":"default","site-content-style":"default","site-sidebar-style":"default","ast-global-header-display":"","ast-banner-title-visibility":"","ast-main-header-display":"","ast-hfb-above-header-display":"","ast-hfb-below-header-display":"","ast-hfb-mobile-header-display":"","site-post-title":"","ast-breadcrumbs-content":"","ast-featured-img":"","footer-sml-layout":"","ast-disable-related-posts":"","theme-transparent-header-meta":"default","adv-header-id-meta":"","stick-header-meta":"","header-above-stick-meta":"","header-main-stick-meta":"","header-below-stick-meta":"","astra-migrate-meta-layouts":"set","ast-page-background-enabled":"default","ast-page-background-meta":{"desktop":{"background-color":"var(--ast-global-color-5)","background-image":"","background-repeat":"repeat","background-position":"center center","background-size":"auto","background-attachment":"scroll","background-type":"","background-media":"","overlay-type":"","overlay-color":"","overlay-opacity":"","overlay-gradient":""},"tablet":{"background-color":"","background-image":"","background-repeat":"repeat","background-position":"center center","background-size":"auto","background-attachment":"scroll","background-type":"","background-media":"","overlay-type":"","overlay-color":"","overlay-opacity":"","overlay-gradient":""},"mobile":{"background-color":"","background-image":"","background-repeat":"repeat","background-position":"center center","background-size":"auto","background-attachment":"scroll","background-type":"","background-media":"","overlay-type":"","overlay-color":"","overlay-opacity":"","overlay-gradient":""}},"ast-content-background-meta":{"desktop":{"background-color":"var(--ast-global-color-4)","background-image":"","background-repeat":"repeat","background-position":"center center","background-size":"auto","background-attachment":"scroll","background-type":"","background-media":"","overlay-type":"","overlay-color":"","overlay-opacity":"","overlay-gradient":""},"tablet":{"background-color":"var(--ast-global-color-4)","background-image":"","background-repeat":"repeat","background-position":"center center","background-size":"auto","background-attachment":"scroll","background-type":"","background-media":"","overlay-type":"","overlay-color":"","overlay-opacity":"","overlay-gradient":""},"mobile":{"background-color":"var(--ast-global-color-4)","background-image":"","background-repeat":"repeat","background-position":"center center","background-size":"auto","background-attachment":"scroll","background-type":"","background-media":"","overlay-type":"","overlay-color":"","overlay-opacity":"","overlay-gradient":""}}},"product_brand":[],"product_cat":[72,91,41],"product_tag":[],"class_list":{"0":"post-3118","1":"product","2":"type-product","3":"status-publish","4":"has-post-thumbnail","6":"product_cat-cosmetic-packaging","7":"product_cat-custom-perfume-bottles","8":"product_cat-perfume-bottles","9":"desktop-align-left","10":"tablet-align-left","11":"mobile-align-left","13":"first","14":"instock","15":"shipping-taxable","16":"product-type-simple"},"acf":[],"jetpack_sharing_enabled":true,"_links":{"self":[{"href":"https:\/\/theperfumebottles.com\/tr\/wp-json\/wp\/v2\/product\/3118","targetHints":{"allow":["GET"]}}],"collection":[{"href":"https:\/\/theperfumebottles.com\/tr\/wp-json\/wp\/v2\/product"}],"about":[{"href":"https:\/\/theperfumebottles.com\/tr\/wp-json\/wp\/v2\/types\/product"}],"replies":[{"embeddable":true,"href":"https:\/\/theperfumebottles.com\/tr\/wp-json\/wp\/v2\/comments?post=3118"}],"wp:featuredmedia":[{"embeddable":true,"href":"https:\/\/theperfumebottles.com\/tr\/wp-json\/wp\/v2\/media\/3123"}],"wp:attachment":[{"href":"https:\/\/theperfumebottles.com\/tr\/wp-json\/wp\/v2\/media?parent=3118"}],"wp:term":[{"taxonomy":"product_brand","embeddable":true,"href":"https:\/\/theperfumebottles.com\/tr\/wp-json\/wp\/v2\/product_brand?post=3118"},{"taxonomy":"product_cat","embeddable":true,"href":"https:\/\/theperfumebottles.com\/tr\/wp-json\/wp\/v2\/product_cat?post=3118"},{"taxonomy":"product_tag","embeddable":true,"href":"https:\/\/theperfumebottles.com\/tr\/wp-json\/wp\/v2\/product_tag?post=3118"}],"curies":[{"name":"wp","href":"https:\/\/api.w.org\/{rel}","templated":true}]}}