{"id":3124,"date":"2025-04-22T04:03:56","date_gmt":"2025-04-22T04:03:56","guid":{"rendered":"https:\/\/theperfumebottles.com\/?post_type=product&#038;p=3124"},"modified":"2025-05-29T10:34:52","modified_gmt":"2025-05-29T02:34:52","slug":"customize-your-own-big-cologne-bottles-empty-perfume-bottles-100ml","status":"publish","type":"product","link":"https:\/\/theperfumebottles.com\/tr\/urun\/customize-your-own-big-cologne-bottles-empty-perfume-bottles-100ml\/","title":{"rendered":"Kendi B\u00fcy\u00fck Kolonya \u015ei\u015felerinizi \u00d6zelle\u015ftirin - Bo\u015f Parf\u00fcm \u015ei\u015feleri 100 ml"},"content":{"rendered":"<p>Marka sahibiyseniz veya perakendeciyseniz,\u6211\u4eec\u7684PB-YX13 100ml b\u00fcy\u00fck \u015fi\u015fe i\u015finizin \u0131\u015f\u0131k noktas\u0131 olabilir. \u015e\u0131k tasar\u0131m + pratik kapasite, bir \u015fi\u015fe hem l\u00fcks hem de g\u00fcnl\u00fck ihtiya\u00e7lar\u0131 kar\u015f\u0131lama.<\/p>\n<h2>\u015eartname<\/h2>\n<p><img fetchpriority=\"high\" decoding=\"async\" class=\"wp-image-3125 aligncenter\" src=\"https:\/\/theperfumebottles.com\/wp-content\/uploads\/2025\/04\/big-cologne-bottles-sizes-yx13.webp\" alt=\"b\u00fcy\u00fck kolonya \u015fi\u015feleri\" width=\"500\" height=\"500\" srcset=\"https:\/\/theperfumebottles.com\/wp-content\/uploads\/2025\/04\/big-cologne-bottles-sizes-yx13.webp 1000w, https:\/\/theperfumebottles.com\/wp-content\/uploads\/2025\/04\/big-cologne-bottles-sizes-yx13-300x300.webp 300w, https:\/\/theperfumebottles.com\/wp-content\/uploads\/2025\/04\/big-cologne-bottles-sizes-yx13-150x150.webp 150w, https:\/\/theperfumebottles.com\/wp-content\/uploads\/2025\/04\/big-cologne-bottles-sizes-yx13-768x768.webp 768w, https:\/\/theperfumebottles.com\/wp-content\/uploads\/2025\/04\/big-cologne-bottles-sizes-yx13-12x12.webp 12w, https:\/\/theperfumebottles.com\/wp-content\/uploads\/2025\/04\/big-cologne-bottles-sizes-yx13-600x600.webp 600w, https:\/\/theperfumebottles.com\/wp-content\/uploads\/2025\/04\/big-cologne-bottles-sizes-yx13-100x100.webp 100w\" sizes=\"(max-width: 500px) 100vw, 500px\" \/><\/p>\n<table style=\"border-collapse: collapse;border: 0;margin-left: auto;margin-right: auto;width: 366.77pt\" border=\"0\" width=\"489\" cellspacing=\"0\" cellpadding=\"0\">\n<tbody>\n<tr style=\"height: 15.00pt\">\n<td class=\"et1\" style=\"height: 15.00pt;width: 141.15pt\" width=\"188\" height=\"20\"><strong>Kapasite<\/strong><\/td>\n<td class=\"et1\" style=\"width: 225.85pt\" width=\"301\">100 ml (3,4 oz)<\/td>\n<\/tr>\n<tr style=\"height: 15.00pt\">\n<td class=\"et1\" style=\"height: 15.00pt\" height=\"20\"><strong>Malzeme<\/strong><\/td>\n<td class=\"et1\">Kristal Cam<\/td>\n<\/tr>\n<tr style=\"height: 15.00pt\">\n<td class=\"et1\" style=\"height: 15.00pt\" height=\"20\"><strong>Sprey Tipi<\/strong><\/td>\n<td class=\"et1\">Atomizer<\/td>\n<\/tr>\n<tr style=\"height: 15.00pt\">\n<td class=\"et1\" style=\"height: 15.00pt\" height=\"20\"><strong>Mevcut Renkler<\/strong><\/td>\n<td class=\"et1\">Alt\u0131n, G\u00fcm\u00fc\u015f, Siyah, Beyaz, Ah\u015fap<\/td>\n<\/tr>\n<\/tbody>\n<\/table>\n<h2>Uygulanabilir senaryolar tam strateji<\/h2>\n<ul>\n<li><strong>G\u00fcnl\u00fck kullan\u0131m:<\/strong> 100 ml kapasite, dola\u015fmaya uygun, t\u00fcm g\u00fcn kokusal ihtiyac\u0131 kar\u015f\u0131lamaya ihtiya\u00e7 duyanlara uygun.<\/li>\n<li><strong>Tatil hediye:<\/strong> \u015e\u0131k \u015fi\u015fe + \u00f6zel paketleme, hediye senaryolar\u0131 i\u00e7in kaliteli bir se\u00e7enek.<\/li>\n<li><strong>\u00c7ok kokuya uyum:<\/strong> Toilettte suyu, \u00e7i\u00e7ek suyu, kokulu su t\u00fcm\u00fc uyumludur.<\/li>\n<\/ul>\n<figure id=\"attachment_3128\" aria-describedby=\"caption-attachment-3128\" style=\"width: 500px\" class=\"wp-caption aligncenter\"><img decoding=\"async\" class=\"wp-image-3128\" src=\"https:\/\/theperfumebottles.com\/wp-content\/uploads\/2025\/04\/empty-perfume-bottles-100ml-yx13.webp\" alt=\"bo\u015f parf\u00fcm \u015fi\u015feleri 100ml\" width=\"500\" height=\"500\" srcset=\"https:\/\/theperfumebottles.com\/wp-content\/uploads\/2025\/04\/empty-perfume-bottles-100ml-yx13.webp 1000w, https:\/\/theperfumebottles.com\/wp-content\/uploads\/2025\/04\/empty-perfume-bottles-100ml-yx13-300x300.webp 300w, https:\/\/theperfumebottles.com\/wp-content\/uploads\/2025\/04\/empty-perfume-bottles-100ml-yx13-150x150.webp 150w, https:\/\/theperfumebottles.com\/wp-content\/uploads\/2025\/04\/empty-perfume-bottles-100ml-yx13-768x768.webp 768w, https:\/\/theperfumebottles.com\/wp-content\/uploads\/2025\/04\/empty-perfume-bottles-100ml-yx13-12x12.webp 12w, https:\/\/theperfumebottles.com\/wp-content\/uploads\/2025\/04\/empty-perfume-bottles-100ml-yx13-600x600.webp 600w, https:\/\/theperfumebottles.com\/wp-content\/uploads\/2025\/04\/empty-perfume-bottles-100ml-yx13-100x100.webp 100w\" sizes=\"(max-width: 500px) 100vw, 500px\" \/><figcaption id=\"caption-attachment-3128\" class=\"wp-caption-text\">bo\u015f parf\u00fcm \u015fi\u015feleri 100ml<\/figcaption><\/figure>\n<h2>Ambalaj \u00d6nerileri<\/h2>\n<p>Bir \u00fcst d\u00fczey marka,\u6211\u4eec\u7684YX1301 modeli (\u00f6zel d\u00f6k\u00fcm model) ile s\u0131n\u0131rl\u0131 s\u00fcr\u00fcm parf\u00fcm\u00fcn\u00fc lansman yapm\u0131\u015f (sadece sat\u0131\u015flar\u0131 art\u0131rd\u0131, sosyal medyada yo\u011fun tart\u0131\u015fmalara yol a\u00e7t\u0131).<\/p>\n<h2>\u00d6zel tasar\u0131m ipu\u00e7lar\u0131:<\/h2>\n<ul>\n<li><strong>\u015ei\u015fe d\u00f6k\u00fcm\u00fc<\/strong>: marka LOGO, \u00f6zel slogan, sanatsal desen.<\/li>\n<li><strong>\u015ei\u015fe boynu s\u00fcsleme<\/strong>: metal halka, rulo, do\u011fal malzeme s\u00fcsleme.<\/li>\n<li><strong>Paketleme y\u00fckseltme<\/strong>: basit ka\u011f\u0131t kutusudan l\u00fcks ah\u015fap kutuya, farkl\u0131 b\u00fct\u00e7eler ve senaryo ihtiya\u00e7lar\u0131na uyan.<\/li>\n<\/ul>\n<p>\u015eimdi \u00f6zel tasarlay\u0131n ve her \u015fi\u015fenin marka hikayesinin bir ta\u015f\u0131 olmas\u0131n\u0131 sa\u011flay\u0131n!<\/p>","protected":false},"excerpt":{"rendered":"<p>100ml bo\u015f parf\u00fcm \u015fi\u015feleri de dahil olmak \u00fczere \u00f6zelle\u015ftirilebilir b\u00fcy\u00fck kolonya \u015fi\u015felerimizi ke\u015ffedin. Benzersiz tasar\u0131mlar ve en y\u00fcksek kalite ile i\u015f ihtiya\u00e7lar\u0131n\u0131z i\u00e7in m\u00fckemmeldir.<\/p>","protected":false},"featured_media":3127,"comment_status":"open","ping_status":"closed","template":"","meta":{"_acf_changed":false,"site-sidebar-layout":"default","site-content-layout":"","ast-site-content-layout":"default","site-content-style":"default","site-sidebar-style":"default","ast-global-header-display":"","ast-banner-title-visibility":"","ast-main-header-display":"","ast-hfb-above-header-display":"","ast-hfb-below-header-display":"","ast-hfb-mobile-header-display":"","site-post-title":"","ast-breadcrumbs-content":"","ast-featured-img":"","footer-sml-layout":"","ast-disable-related-posts":"","theme-transparent-header-meta":"default","adv-header-id-meta":"","stick-header-meta":"","header-above-stick-meta":"","header-main-stick-meta":"","header-below-stick-meta":"","astra-migrate-meta-layouts":"set","ast-page-background-enabled":"default","ast-page-background-meta":{"desktop":{"background-color":"var(--ast-global-color-5)","background-image":"","background-repeat":"repeat","background-position":"center center","background-size":"auto","background-attachment":"scroll","background-type":"","background-media":"","overlay-type":"","overlay-color":"","overlay-opacity":"","overlay-gradient":""},"tablet":{"background-color":"","background-image":"","background-repeat":"repeat","background-position":"center center","background-size":"auto","background-attachment":"scroll","background-type":"","background-media":"","overlay-type":"","overlay-color":"","overlay-opacity":"","overlay-gradient":""},"mobile":{"background-color":"","background-image":"","background-repeat":"repeat","background-position":"center center","background-size":"auto","background-attachment":"scroll","background-type":"","background-media":"","overlay-type":"","overlay-color":"","overlay-opacity":"","overlay-gradient":""}},"ast-content-background-meta":{"desktop":{"background-color":"var(--ast-global-color-4)","background-image":"","background-repeat":"repeat","background-position":"center center","background-size":"auto","background-attachment":"scroll","background-type":"","background-media":"","overlay-type":"","overlay-color":"","overlay-opacity":"","overlay-gradient":""},"tablet":{"background-color":"var(--ast-global-color-4)","background-image":"","background-repeat":"repeat","background-position":"center center","background-size":"auto","background-attachment":"scroll","background-type":"","background-media":"","overlay-type":"","overlay-color":"","overlay-opacity":"","overlay-gradient":""},"mobile":{"background-color":"var(--ast-global-color-4)","background-image":"","background-repeat":"repeat","background-position":"center center","background-size":"auto","background-attachment":"scroll","background-type":"","background-media":"","overlay-type":"","overlay-color":"","overlay-opacity":"","overlay-gradient":""}}},"product_brand":[],"product_cat":[72,91,41],"product_tag":[],"class_list":{"0":"post-3124","1":"product","2":"type-product","3":"status-publish","4":"has-post-thumbnail","6":"product_cat-cosmetic-packaging","7":"product_cat-custom-perfume-bottles","8":"product_cat-perfume-bottles","9":"desktop-align-left","10":"tablet-align-left","11":"mobile-align-left","13":"first","14":"instock","15":"shipping-taxable","16":"product-type-simple"},"acf":[],"jetpack_sharing_enabled":true,"_links":{"self":[{"href":"https:\/\/theperfumebottles.com\/tr\/wp-json\/wp\/v2\/product\/3124","targetHints":{"allow":["GET"]}}],"collection":[{"href":"https:\/\/theperfumebottles.com\/tr\/wp-json\/wp\/v2\/product"}],"about":[{"href":"https:\/\/theperfumebottles.com\/tr\/wp-json\/wp\/v2\/types\/product"}],"replies":[{"embeddable":true,"href":"https:\/\/theperfumebottles.com\/tr\/wp-json\/wp\/v2\/comments?post=3124"}],"wp:featuredmedia":[{"embeddable":true,"href":"https:\/\/theperfumebottles.com\/tr\/wp-json\/wp\/v2\/media\/3127"}],"wp:attachment":[{"href":"https:\/\/theperfumebottles.com\/tr\/wp-json\/wp\/v2\/media?parent=3124"}],"wp:term":[{"taxonomy":"product_brand","embeddable":true,"href":"https:\/\/theperfumebottles.com\/tr\/wp-json\/wp\/v2\/product_brand?post=3124"},{"taxonomy":"product_cat","embeddable":true,"href":"https:\/\/theperfumebottles.com\/tr\/wp-json\/wp\/v2\/product_cat?post=3124"},{"taxonomy":"product_tag","embeddable":true,"href":"https:\/\/theperfumebottles.com\/tr\/wp-json\/wp\/v2\/product_tag?post=3124"}],"curies":[{"name":"wp","href":"https:\/\/api.w.org\/{rel}","templated":true}]}}