{"id":3131,"date":"2025-04-22T07:53:22","date_gmt":"2025-04-22T07:53:22","guid":{"rendered":"https:\/\/theperfumebottles.com\/?post_type=product&#038;p=3131"},"modified":"2025-05-22T13:14:17","modified_gmt":"2025-05-22T05:14:17","slug":"vintage-perfume-bottle-with-pump-design-crystal-perfume-bottles-for-wholesale","status":"publish","type":"product","link":"https:\/\/theperfumebottles.com\/tr\/urun\/vintage-perfume-bottle-with-pump-design-crystal-perfume-bottles-for-wholesale\/","title":{"rendered":"Pompal\u0131 Vintage Parf\u00fcm \u015ei\u015fesi | Toptan Kristal Parf\u00fcm \u015ei\u015feleri"},"content":{"rendered":"<p>PB-YX14 serisi kristal parf\u00fcm kaplar\u0131m\u0131z sekizgen bir taban ve omuzlar i\u00e7erir. \u015ei\u015fe, p\u00fcr\u00fczs\u00fcz ve \u015f\u0131k \u00e7izgiler ve \u00fc\u00e7 boyutlu bir his ile sekizgen bir d\u0131\u015f hatlara sahiptir. \u0130ster yeni bir \u00fcr\u00fcn grubu olu\u015fturun ister mevcut bir \u00fcr\u00fcn grubunu y\u00fckseltin, PB-YX14 kristal parf\u00fcm \u015fi\u015femiz kesinlikle t\u00fcketicilerinizin \u0131\u015f\u0131ldamas\u0131n\u0131 sa\u011flayacakt\u0131r.<\/p>\n<figure id=\"attachment_3138\" aria-describedby=\"caption-attachment-3138\" style=\"width: 500px\" class=\"wp-caption aligncenter\"><img fetchpriority=\"high\" decoding=\"async\" class=\"wp-image-3138\" src=\"https:\/\/theperfumebottles.com\/wp-content\/uploads\/2025\/04\/vintage-perfume-bottle-with-pump-yx14.webp\" alt=\"pompal\u0131 eski parf\u00fcm \u015fi\u015fesi\" width=\"500\" height=\"500\" srcset=\"https:\/\/theperfumebottles.com\/wp-content\/uploads\/2025\/04\/vintage-perfume-bottle-with-pump-yx14.webp 1000w, https:\/\/theperfumebottles.com\/wp-content\/uploads\/2025\/04\/vintage-perfume-bottle-with-pump-yx14-300x300.webp 300w, https:\/\/theperfumebottles.com\/wp-content\/uploads\/2025\/04\/vintage-perfume-bottle-with-pump-yx14-150x150.webp 150w, https:\/\/theperfumebottles.com\/wp-content\/uploads\/2025\/04\/vintage-perfume-bottle-with-pump-yx14-768x768.webp 768w, https:\/\/theperfumebottles.com\/wp-content\/uploads\/2025\/04\/vintage-perfume-bottle-with-pump-yx14-12x12.webp 12w, https:\/\/theperfumebottles.com\/wp-content\/uploads\/2025\/04\/vintage-perfume-bottle-with-pump-yx14-600x600.webp 600w, https:\/\/theperfumebottles.com\/wp-content\/uploads\/2025\/04\/vintage-perfume-bottle-with-pump-yx14-100x100.webp 100w\" sizes=\"(max-width: 500px) 100vw, 500px\" \/><figcaption id=\"caption-attachment-3138\" class=\"wp-caption-text\">pompa tasar\u0131ml\u0131 vintage parf\u00fcm \u015fi\u015fesi<\/figcaption><\/figure>\n<h2>Temel \u00d6zellikler<\/h2>\n<figure id=\"attachment_3133\" aria-describedby=\"caption-attachment-3133\" style=\"width: 500px\" class=\"wp-caption aligncenter\"><img decoding=\"async\" class=\"wp-image-3133\" src=\"https:\/\/theperfumebottles.com\/wp-content\/uploads\/2025\/04\/crystal-perfume-bottles-sizes-yx14.webp\" alt=\"kristal parf\u00fcm \u015fi\u015feleri\" width=\"500\" height=\"500\" srcset=\"https:\/\/theperfumebottles.com\/wp-content\/uploads\/2025\/04\/crystal-perfume-bottles-sizes-yx14.webp 1000w, https:\/\/theperfumebottles.com\/wp-content\/uploads\/2025\/04\/crystal-perfume-bottles-sizes-yx14-300x300.webp 300w, https:\/\/theperfumebottles.com\/wp-content\/uploads\/2025\/04\/crystal-perfume-bottles-sizes-yx14-150x150.webp 150w, https:\/\/theperfumebottles.com\/wp-content\/uploads\/2025\/04\/crystal-perfume-bottles-sizes-yx14-768x768.webp 768w, https:\/\/theperfumebottles.com\/wp-content\/uploads\/2025\/04\/crystal-perfume-bottles-sizes-yx14-12x12.webp 12w, https:\/\/theperfumebottles.com\/wp-content\/uploads\/2025\/04\/crystal-perfume-bottles-sizes-yx14-600x600.webp 600w, https:\/\/theperfumebottles.com\/wp-content\/uploads\/2025\/04\/crystal-perfume-bottles-sizes-yx14-100x100.webp 100w\" sizes=\"(max-width: 500px) 100vw, 500px\" \/><figcaption id=\"caption-attachment-3133\" class=\"wp-caption-text\">PB-YX14 kristal parf\u00fcm \u015fi\u015feleri<\/figcaption><\/figure>\n<table>\n<thead>\n<tr>\n<th>Model<\/th>\n<th>Kapasite<\/th>\n<th>Boyut<\/th>\n<th>Kalibre<\/th>\n<th>Cam Rengi<\/th>\n<th>Pompa Renkleri<\/th>\n<\/tr>\n<\/thead>\n<tbody>\n<tr>\n<td>PB-YX1401<\/td>\n<td>50 ml<\/td>\n<td>49*49*80 mm<\/td>\n<td>15 mm<\/td>\n<td>\u015eeffaf<\/td>\n<td>Alt\u0131n, G\u00fcm\u00fc\u015f<\/td>\n<\/tr>\n<tr>\n<td>PB-YX1402<\/td>\n<td>100 ml<\/td>\n<td>58*58*101 mm<\/td>\n<td>15 mm<\/td>\n<td>\u015eeffaf<\/td>\n<td>Alt\u0131n, G\u00fcm\u00fc\u015f<\/td>\n<\/tr>\n<\/tbody>\n<\/table>\n<h2>Paketleme \u0130pu\u00e7lar\u0131<\/h2>\n<p>M\u00fc\u015fterilerimizden biri en \u00e7ok satan parf\u00fcm\u00fcn\u00fc PB-YX1401 pompa tasar\u0131ml\u0131 vintage parf\u00fcm \u015fi\u015femizle de\u011fi\u015ftirdi, renkli cam\u0131 ve p\u00fcsk\u00fclleri \u00f6zelle\u015ftirdi ve sat\u0131\u015flarda 30%'lik bir art\u0131\u015f g\u00f6rd\u00fc. Zarif tasar\u0131m sadece \u00fcr\u00fcn\u00fcn cazibesini artt\u0131rmakla kalm\u0131yor, ayn\u0131 zamanda m\u00fc\u015fteri memnuniyetini de artt\u0131r\u0131yor.<\/p>\n<figure id=\"attachment_3134\" aria-describedby=\"caption-attachment-3134\" style=\"width: 500px\" class=\"wp-caption aligncenter\"><img decoding=\"async\" class=\"wp-image-3134\" src=\"https:\/\/theperfumebottles.com\/wp-content\/uploads\/2025\/04\/crystal-perfume-bottles-yx14-pb.webp\" alt=\"kristal parf\u00fcm \u015fi\u015feleri\" width=\"500\" height=\"500\" srcset=\"https:\/\/theperfumebottles.com\/wp-content\/uploads\/2025\/04\/crystal-perfume-bottles-yx14-pb.webp 1000w, https:\/\/theperfumebottles.com\/wp-content\/uploads\/2025\/04\/crystal-perfume-bottles-yx14-pb-300x300.webp 300w, https:\/\/theperfumebottles.com\/wp-content\/uploads\/2025\/04\/crystal-perfume-bottles-yx14-pb-150x150.webp 150w, https:\/\/theperfumebottles.com\/wp-content\/uploads\/2025\/04\/crystal-perfume-bottles-yx14-pb-768x768.webp 768w, https:\/\/theperfumebottles.com\/wp-content\/uploads\/2025\/04\/crystal-perfume-bottles-yx14-pb-12x12.webp 12w, https:\/\/theperfumebottles.com\/wp-content\/uploads\/2025\/04\/crystal-perfume-bottles-yx14-pb-600x600.webp 600w, https:\/\/theperfumebottles.com\/wp-content\/uploads\/2025\/04\/crystal-perfume-bottles-yx14-pb-100x100.webp 100w\" sizes=\"(max-width: 500px) 100vw, 500px\" \/><figcaption id=\"caption-attachment-3134\" class=\"wp-caption-text\">kristal parf\u00fcm \u015fi\u015feleri<\/figcaption><\/figure>\n<p>Ah\u015fap paletler, kartonlar veya her ikisinin bir kombinasyonu dahil olmak \u00fczere \u00f6zel paketleme hizmetlerimizi se\u00e7in. Bu, \u00fcr\u00fcnlerinizin g\u00fcvenli bir \u015fekilde ula\u015fmas\u0131n\u0131 ve etkileyici bir paket i\u00e7inde sunulmas\u0131n\u0131 sa\u011flar.<\/p>","protected":false},"excerpt":{"rendered":"<p>Pompa tasar\u0131m\u0131, \u015f\u0131kl\u0131\u011f\u0131 ve dayan\u0131kl\u0131l\u0131\u011f\u0131 ile vintage parf\u00fcm \u015fi\u015femizi ke\u015ffedin. Kristal parf\u00fcm \u015fi\u015felerimiz parf\u00fcm i\u015finizin ihtiya\u00e7lar\u0131na uyacak \u015fekilde \u00f6zelle\u015ftirilebilir.<\/p>","protected":false},"featured_media":3135,"comment_status":"open","ping_status":"closed","template":"","meta":{"_acf_changed":false,"site-sidebar-layout":"default","site-content-layout":"","ast-site-content-layout":"default","site-content-style":"default","site-sidebar-style":"default","ast-global-header-display":"","ast-banner-title-visibility":"","ast-main-header-display":"","ast-hfb-above-header-display":"","ast-hfb-below-header-display":"","ast-hfb-mobile-header-display":"","site-post-title":"","ast-breadcrumbs-content":"","ast-featured-img":"","footer-sml-layout":"","ast-disable-related-posts":"","theme-transparent-header-meta":"default","adv-header-id-meta":"","stick-header-meta":"","header-above-stick-meta":"","header-main-stick-meta":"","header-below-stick-meta":"","astra-migrate-meta-layouts":"set","ast-page-background-enabled":"default","ast-page-background-meta":{"desktop":{"background-color":"var(--ast-global-color-5)","background-image":"","background-repeat":"repeat","background-position":"center center","background-size":"auto","background-attachment":"scroll","background-type":"","background-media":"","overlay-type":"","overlay-color":"","overlay-opacity":"","overlay-gradient":""},"tablet":{"background-color":"","background-image":"","background-repeat":"repeat","background-position":"center center","background-size":"auto","background-attachment":"scroll","background-type":"","background-media":"","overlay-type":"","overlay-color":"","overlay-opacity":"","overlay-gradient":""},"mobile":{"background-color":"","background-image":"","background-repeat":"repeat","background-position":"center center","background-size":"auto","background-attachment":"scroll","background-type":"","background-media":"","overlay-type":"","overlay-color":"","overlay-opacity":"","overlay-gradient":""}},"ast-content-background-meta":{"desktop":{"background-color":"var(--ast-global-color-4)","background-image":"","background-repeat":"repeat","background-position":"center center","background-size":"auto","background-attachment":"scroll","background-type":"","background-media":"","overlay-type":"","overlay-color":"","overlay-opacity":"","overlay-gradient":""},"tablet":{"background-color":"var(--ast-global-color-4)","background-image":"","background-repeat":"repeat","background-position":"center center","background-size":"auto","background-attachment":"scroll","background-type":"","background-media":"","overlay-type":"","overlay-color":"","overlay-opacity":"","overlay-gradient":""},"mobile":{"background-color":"var(--ast-global-color-4)","background-image":"","background-repeat":"repeat","background-position":"center center","background-size":"auto","background-attachment":"scroll","background-type":"","background-media":"","overlay-type":"","overlay-color":"","overlay-opacity":"","overlay-gradient":""}}},"product_brand":[],"product_cat":[72,91,73,41],"product_tag":[],"class_list":{"0":"post-3131","1":"product","2":"type-product","3":"status-publish","4":"has-post-thumbnail","6":"product_cat-cosmetic-packaging","7":"product_cat-custom-perfume-bottles","8":"product_cat-vintage-perfume-bottles","9":"product_cat-perfume-bottles","10":"desktop-align-left","11":"tablet-align-left","12":"mobile-align-left","14":"first","15":"instock","16":"shipping-taxable","17":"product-type-simple"},"acf":[],"jetpack_sharing_enabled":true,"_links":{"self":[{"href":"https:\/\/theperfumebottles.com\/tr\/wp-json\/wp\/v2\/product\/3131","targetHints":{"allow":["GET"]}}],"collection":[{"href":"https:\/\/theperfumebottles.com\/tr\/wp-json\/wp\/v2\/product"}],"about":[{"href":"https:\/\/theperfumebottles.com\/tr\/wp-json\/wp\/v2\/types\/product"}],"replies":[{"embeddable":true,"href":"https:\/\/theperfumebottles.com\/tr\/wp-json\/wp\/v2\/comments?post=3131"}],"wp:featuredmedia":[{"embeddable":true,"href":"https:\/\/theperfumebottles.com\/tr\/wp-json\/wp\/v2\/media\/3135"}],"wp:attachment":[{"href":"https:\/\/theperfumebottles.com\/tr\/wp-json\/wp\/v2\/media?parent=3131"}],"wp:term":[{"taxonomy":"product_brand","embeddable":true,"href":"https:\/\/theperfumebottles.com\/tr\/wp-json\/wp\/v2\/product_brand?post=3131"},{"taxonomy":"product_cat","embeddable":true,"href":"https:\/\/theperfumebottles.com\/tr\/wp-json\/wp\/v2\/product_cat?post=3131"},{"taxonomy":"product_tag","embeddable":true,"href":"https:\/\/theperfumebottles.com\/tr\/wp-json\/wp\/v2\/product_tag?post=3131"}],"curies":[{"name":"wp","href":"https:\/\/api.w.org\/{rel}","templated":true}]}}