{"id":3139,"date":"2025-04-22T09:35:30","date_gmt":"2025-04-22T09:35:30","guid":{"rendered":"https:\/\/theperfumebottles.com\/?post_type=product&#038;p=3139"},"modified":"2026-01-04T09:16:43","modified_gmt":"2026-01-04T01:16:43","slug":"30ml-45ml-small-glass-perfume-bottles-portable-fragrance-bottle-solutions","status":"publish","type":"product","link":"https:\/\/theperfumebottles.com\/tr\/urun\/30ml-45ml-small-glass-perfume-bottles-portable-fragrance-bottle-solutions\/","title":{"rendered":"30 ml - 45 ml K\u00fc\u00e7\u00fck Cam Parf\u00fcm \u015ei\u015feleri - Ta\u015f\u0131nabilir Parf\u00fcm \u015ei\u015fesi \u00c7\u00f6z\u00fcmleri"},"content":{"rendered":"<p>\u0130ster ta\u015f\u0131nabilir parf\u00fcm \u015fi\u015fesi tasar\u0131m\u0131 ar\u0131yor olun, ister kompakt bir cam parf\u00fcm \u015fi\u015fesiyle etkileyici bir g\u00f6r\u00fcn\u00fcm yaratmak istiyor olun, PB-YX15 serimiz en iyi se\u00e7iminiz olacakt\u0131r.<\/p>\n<figure id=\"attachment_3144\" aria-describedby=\"caption-attachment-3144\" style=\"width: 500px\" class=\"wp-caption aligncenter\"><img fetchpriority=\"high\" decoding=\"async\" class=\"wp-image-3144\" src=\"https:\/\/theperfumebottles.com\/wp-content\/uploads\/2025\/04\/small-glass-perfume-bottles-YX15-details.webp\" alt=\"k\u00fc\u00e7\u00fck cam parf\u00fcm \u015fi\u015feleri\" width=\"500\" height=\"500\" srcset=\"https:\/\/theperfumebottles.com\/wp-content\/uploads\/2025\/04\/small-glass-perfume-bottles-YX15-details.webp 800w, https:\/\/theperfumebottles.com\/wp-content\/uploads\/2025\/04\/small-glass-perfume-bottles-YX15-details-300x300.webp 300w, https:\/\/theperfumebottles.com\/wp-content\/uploads\/2025\/04\/small-glass-perfume-bottles-YX15-details-150x150.webp 150w, https:\/\/theperfumebottles.com\/wp-content\/uploads\/2025\/04\/small-glass-perfume-bottles-YX15-details-768x768.webp 768w, https:\/\/theperfumebottles.com\/wp-content\/uploads\/2025\/04\/small-glass-perfume-bottles-YX15-details-12x12.webp 12w, https:\/\/theperfumebottles.com\/wp-content\/uploads\/2025\/04\/small-glass-perfume-bottles-YX15-details-600x600.webp 600w, https:\/\/theperfumebottles.com\/wp-content\/uploads\/2025\/04\/small-glass-perfume-bottles-YX15-details-100x100.webp 100w\" sizes=\"(max-width: 500px) 100vw, 500px\" \/><figcaption id=\"caption-attachment-3144\" class=\"wp-caption-text\">YX15 ta\u015f\u0131nabilir koku \u015fi\u015fesi<\/figcaption><\/figure>\n<h2>\u015eartname<\/h2>\n<table style=\"border-collapse: collapse;margin-left: auto;margin-right: auto;width: 80%\" border=\"0\" width=\"80%\" cellspacing=\"0\" cellpadding=\"0\">\n<tbody>\n<tr style=\"height: 13.50pt\">\n<td style=\"height: 13.50pt;width: 72.00pt\" width=\"96\" height=\"18\">Model<\/td>\n<td style=\"width: 65.25pt\" width=\"87\">Kapasite<\/td>\n<td style=\"width: 76.50pt\" width=\"102\">Boyut<\/td>\n<td style=\"width: 59.25pt\" width=\"79\">Kalibre<\/td>\n<td style=\"width: 79.50pt\" width=\"106\">Cam Rengi<\/td>\n<td style=\"width: 92.25pt\" width=\"123\">Pompa Se\u00e7enekleri<\/td>\n<\/tr>\n<tr style=\"height: 13.50pt\">\n<td style=\"height: 13.50pt\" height=\"18\">PB-YX1501<\/td>\n<td>30 ml<\/td>\n<td>38 * 38 * 80 mm<\/td>\n<td>15 mm<\/td>\n<td>\u015eeffaf<\/td>\n<td>Alt\u0131n, G\u00fcm\u00fc\u015f<\/td>\n<\/tr>\n<tr style=\"height: 13.50pt\">\n<td style=\"height: 13.50pt\" height=\"18\">PB-YX1502<\/td>\n<td>45ml<\/td>\n<td>38 * 38 * 116 mm<\/td>\n<td>15 mm<\/td>\n<td>\u015eeffaf<\/td>\n<td>Alt\u0131n, G\u00fcm\u00fc\u015f<\/td>\n<\/tr>\n<\/tbody>\n<\/table>\n<h2>Ger\u00e7ek vaka payla\u015f\u0131m\u0131:<\/h2>\n<p>Butik bir parf\u00fcm markas\u0131 i\u015fleten bir m\u00fc\u015fterimiz, k\u00fc\u00e7\u00fck cam \u015fi\u015femize ge\u00e7tikten sonra genel ambalaj stilini yeniden ayarlad\u0131. Tahmin edin ne oldu? Marka sadece daha \u015f\u0131k g\u00f6r\u00fcnmekle kalmad\u0131, ayn\u0131 zamanda sat\u0131\u015flar da birka\u00e7 ay i\u00e7inde yakla\u015f\u0131k 30% artt\u0131!<\/p>\n<p>\u00dcr\u00fcn\u00fcn\u00fcz\u00fcn sadece kullan\u0131lmas\u0131n\u0131 de\u011fil, ayn\u0131 zamanda \"toplanmas\u0131n\u0131\" ve \"sergilenmesini\" istiyorsan\u0131z, PB-YX15 serisini deneyin. Bu sadece bir parf\u00fcm \u015fi\u015fesi de\u011fil, ayn\u0131 zamanda insanlar\u0131n hat\u0131rlamak isteyecekleri harika bir deneyimdir.<\/p>","protected":false},"excerpt":{"rendered":"<p>\u015e\u0131k k\u00fc\u00e7\u00fck cam parf\u00fcm \u015fi\u015felerimizi ke\u015ffedin. \u0130\u015f ihtiya\u00e7lar\u0131n\u0131z i\u00e7in m\u00fckemmel olan ta\u015f\u0131nabilir koku \u015fi\u015fesi \u00e7\u00f6z\u00fcmleri.<\/p>","protected":false},"featured_media":3140,"comment_status":"open","ping_status":"closed","template":"","meta":{"_acf_changed":false,"site-sidebar-layout":"default","site-content-layout":"","ast-site-content-layout":"default","site-content-style":"default","site-sidebar-style":"default","ast-global-header-display":"","ast-banner-title-visibility":"","ast-main-header-display":"","ast-hfb-above-header-display":"","ast-hfb-below-header-display":"","ast-hfb-mobile-header-display":"","site-post-title":"","ast-breadcrumbs-content":"","ast-featured-img":"","footer-sml-layout":"","ast-disable-related-posts":"","theme-transparent-header-meta":"default","adv-header-id-meta":"","stick-header-meta":"","header-above-stick-meta":"","header-main-stick-meta":"","header-below-stick-meta":"","astra-migrate-meta-layouts":"set","ast-page-background-enabled":"default","ast-page-background-meta":{"desktop":{"background-color":"var(--ast-global-color-5)","background-image":"","background-repeat":"repeat","background-position":"center center","background-size":"auto","background-attachment":"scroll","background-type":"","background-media":"","overlay-type":"","overlay-color":"","overlay-opacity":"","overlay-gradient":""},"tablet":{"background-color":"","background-image":"","background-repeat":"repeat","background-position":"center center","background-size":"auto","background-attachment":"scroll","background-type":"","background-media":"","overlay-type":"","overlay-color":"","overlay-opacity":"","overlay-gradient":""},"mobile":{"background-color":"","background-image":"","background-repeat":"repeat","background-position":"center center","background-size":"auto","background-attachment":"scroll","background-type":"","background-media":"","overlay-type":"","overlay-color":"","overlay-opacity":"","overlay-gradient":""}},"ast-content-background-meta":{"desktop":{"background-color":"var(--ast-global-color-4)","background-image":"","background-repeat":"repeat","background-position":"center center","background-size":"auto","background-attachment":"scroll","background-type":"","background-media":"","overlay-type":"","overlay-color":"","overlay-opacity":"","overlay-gradient":""},"tablet":{"background-color":"var(--ast-global-color-4)","background-image":"","background-repeat":"repeat","background-position":"center center","background-size":"auto","background-attachment":"scroll","background-type":"","background-media":"","overlay-type":"","overlay-color":"","overlay-opacity":"","overlay-gradient":""},"mobile":{"background-color":"var(--ast-global-color-4)","background-image":"","background-repeat":"repeat","background-position":"center center","background-size":"auto","background-attachment":"scroll","background-type":"","background-media":"","overlay-type":"","overlay-color":"","overlay-opacity":"","overlay-gradient":""}}},"product_brand":[],"product_cat":[72,91,41],"product_tag":[],"class_list":{"0":"post-3139","1":"product","2":"type-product","3":"status-publish","4":"has-post-thumbnail","6":"product_cat-cosmetic-packaging","7":"product_cat-custom-perfume-bottles","8":"product_cat-perfume-bottles","9":"desktop-align-left","10":"tablet-align-left","11":"mobile-align-left","13":"first","14":"instock","15":"shipping-taxable","16":"product-type-simple"},"acf":[],"jetpack_sharing_enabled":true,"_links":{"self":[{"href":"https:\/\/theperfumebottles.com\/tr\/wp-json\/wp\/v2\/product\/3139","targetHints":{"allow":["GET"]}}],"collection":[{"href":"https:\/\/theperfumebottles.com\/tr\/wp-json\/wp\/v2\/product"}],"about":[{"href":"https:\/\/theperfumebottles.com\/tr\/wp-json\/wp\/v2\/types\/product"}],"replies":[{"embeddable":true,"href":"https:\/\/theperfumebottles.com\/tr\/wp-json\/wp\/v2\/comments?post=3139"}],"wp:featuredmedia":[{"embeddable":true,"href":"https:\/\/theperfumebottles.com\/tr\/wp-json\/wp\/v2\/media\/3140"}],"wp:attachment":[{"href":"https:\/\/theperfumebottles.com\/tr\/wp-json\/wp\/v2\/media?parent=3139"}],"wp:term":[{"taxonomy":"product_brand","embeddable":true,"href":"https:\/\/theperfumebottles.com\/tr\/wp-json\/wp\/v2\/product_brand?post=3139"},{"taxonomy":"product_cat","embeddable":true,"href":"https:\/\/theperfumebottles.com\/tr\/wp-json\/wp\/v2\/product_cat?post=3139"},{"taxonomy":"product_tag","embeddable":true,"href":"https:\/\/theperfumebottles.com\/tr\/wp-json\/wp\/v2\/product_tag?post=3139"}],"curies":[{"name":"wp","href":"https:\/\/api.w.org\/{rel}","templated":true}]}}