{"id":3145,"date":"2025-04-24T05:57:06","date_gmt":"2025-04-24T05:57:06","guid":{"rendered":"https:\/\/theperfumebottles.com\/?post_type=product&#038;p=3145"},"modified":"2026-04-06T15:10:24","modified_gmt":"2026-04-06T07:10:24","slug":"crimped-fancy-perfume-bottles-wholesale","status":"publish","type":"product","link":"https:\/\/theperfumebottles.com\/tr\/urun\/crimped-fancy-perfume-bottles-wholesale\/","title":{"rendered":"Toptan 50 ml - 100 ml K\u0131vr\u0131ml\u0131 \u015e\u0131k Parf\u00fcm \u015ei\u015feleri"},"content":{"rendered":"<p>Bu \u015f\u0131k parf\u00fcm \u015fi\u015feleri, \u015feffaf camdan yap\u0131lm\u0131\u015f, g\u00fc\u00e7l\u00fc kare s\u00fctun tasar\u0131m\u0131na sahip toptan \u00fcr\u00fcnlerdir. Yan taraflar\u0131 dikey oluklar ve derin U \u015feklinde bir panelle s\u00fcslenmi\u015fken, kapaklar\u0131 yuvarlak, parlak alt\u0131n veya g\u00fcm\u00fc\u015f metalden \u00fcretilmi\u015ftir.<\/p>\n<figure id=\"attachment_3146\" aria-describedby=\"caption-attachment-3146\" style=\"width: 500px\" class=\"wp-caption aligncenter\"><img fetchpriority=\"high\" decoding=\"async\" class=\"wp-image-3146\" src=\"https:\/\/theperfumebottles.com\/wp-content\/uploads\/2025\/04\/crimp-perfume-bottles-yx16-pb.webp\" alt=\"k\u0131vr\u0131ml\u0131 parf\u00fcm \u015fi\u015feleri\" width=\"500\" height=\"500\" srcset=\"https:\/\/theperfumebottles.com\/wp-content\/uploads\/2025\/04\/crimp-perfume-bottles-yx16-pb.webp 1000w, https:\/\/theperfumebottles.com\/wp-content\/uploads\/2025\/04\/crimp-perfume-bottles-yx16-pb-300x300.webp 300w, https:\/\/theperfumebottles.com\/wp-content\/uploads\/2025\/04\/crimp-perfume-bottles-yx16-pb-150x150.webp 150w, https:\/\/theperfumebottles.com\/wp-content\/uploads\/2025\/04\/crimp-perfume-bottles-yx16-pb-768x768.webp 768w, https:\/\/theperfumebottles.com\/wp-content\/uploads\/2025\/04\/crimp-perfume-bottles-yx16-pb-12x12.webp 12w, https:\/\/theperfumebottles.com\/wp-content\/uploads\/2025\/04\/crimp-perfume-bottles-yx16-pb-600x600.webp 600w, https:\/\/theperfumebottles.com\/wp-content\/uploads\/2025\/04\/crimp-perfume-bottles-yx16-pb-100x100.webp 100w\" sizes=\"(max-width: 500px) 100vw, 500px\" \/><figcaption id=\"caption-attachment-3146\" class=\"wp-caption-text\">l\u00fcks parf\u00fcm \u015fi\u015feleri toptan<\/figcaption><\/figure>\n<h2>Temel \u00d6zellikler<\/h2>\n<figure id=\"attachment_3148\" aria-describedby=\"caption-attachment-3148\" style=\"width: 500px\" class=\"wp-caption aligncenter\"><img decoding=\"async\" class=\"wp-image-3148\" src=\"https:\/\/theperfumebottles.com\/wp-content\/uploads\/2025\/04\/fancy-perfume-bottles-wholesale-yx16-shape.webp\" alt=\"l\u00fcks parf\u00fcm \u015fi\u015feleri toptan\" width=\"500\" height=\"500\" srcset=\"https:\/\/theperfumebottles.com\/wp-content\/uploads\/2025\/04\/fancy-perfume-bottles-wholesale-yx16-shape.webp 1000w, https:\/\/theperfumebottles.com\/wp-content\/uploads\/2025\/04\/fancy-perfume-bottles-wholesale-yx16-shape-300x300.webp 300w, https:\/\/theperfumebottles.com\/wp-content\/uploads\/2025\/04\/fancy-perfume-bottles-wholesale-yx16-shape-150x150.webp 150w, https:\/\/theperfumebottles.com\/wp-content\/uploads\/2025\/04\/fancy-perfume-bottles-wholesale-yx16-shape-768x768.webp 768w, https:\/\/theperfumebottles.com\/wp-content\/uploads\/2025\/04\/fancy-perfume-bottles-wholesale-yx16-shape-12x12.webp 12w, https:\/\/theperfumebottles.com\/wp-content\/uploads\/2025\/04\/fancy-perfume-bottles-wholesale-yx16-shape-600x600.webp 600w, https:\/\/theperfumebottles.com\/wp-content\/uploads\/2025\/04\/fancy-perfume-bottles-wholesale-yx16-shape-100x100.webp 100w\" sizes=\"(max-width: 500px) 100vw, 500px\" \/><figcaption id=\"caption-attachment-3148\" class=\"wp-caption-text\">k\u0131vr\u0131ml\u0131 boyunlu parf\u00fcm \u015fi\u015fesi<\/figcaption><\/figure>\n<table>\n<thead>\n<tr>\n<th>\u015eartname<\/th>\n<th>PB-YX1601<\/th>\n<th>PB-YX1602<\/th>\n<\/tr>\n<\/thead>\n<tbody>\n<tr>\n<td>Kapasite<\/td>\n<td>50 ml<\/td>\n<td>100 ml<\/td>\n<\/tr>\n<tr>\n<td>Boyut<\/td>\n<td>38*38*80 mm<\/td>\n<td>38*38*116 mm<\/td>\n<\/tr>\n<tr>\n<td>Kalibre<\/td>\n<td>15 mm<\/td>\n<td>15 mm<\/td>\n<\/tr>\n<tr>\n<td>Cam Rengi<\/td>\n<td>\u015eeffaf<\/td>\n<td>\u015eeffaf<\/td>\n<\/tr>\n<tr>\n<td>Pompa<\/td>\n<td>Alt\u0131n, G\u00fcm\u00fc\u015f, Siyah<\/td>\n<td>Alt\u0131n, G\u00fcm\u00fc\u015f, Siyah<\/td>\n<\/tr>\n<tr>\n<td>M\u00fch\u00fcr Tipi<\/td>\n<td>K\u0131vr\u0131ml\u0131 boyun<\/td>\n<td>K\u0131vr\u0131ml\u0131 boyun<\/td>\n<\/tr>\n<\/tbody>\n<\/table>\n<h2>Ba\u015far\u0131 \u00d6yk\u00fcs\u00fc: Avrupa&#039;dan L\u00fcks Bir Moda Markas\u0131ndan \u00d6zel Sipari\u015f<\/h2>\n<p>\u0130talyan bir moda evi, 18 ayar alt\u0131n kaplama kapakl\u0131 ve dumanl\u0131 gri cam g\u00f6vdeli \u00f6zel parf\u00fcm kreasyonlar\u0131yla birlikte kare k\u0131vr\u0131ml\u0131 parf\u00fcm \u015fi\u015felerimizi se\u00e7ti. \u00d6zel parf\u00fcm \u015fi\u015fesi tasar\u0131m\u0131 b\u00fcy\u00fck ba\u015far\u0131 elde etti \u00e7\u00fcnk\u00fc \u00fcst d\u00fczey g\u00f6r\u00fcn\u00fcm\u00fc sayesinde \u00f6nceki \u00fcr\u00fcn serilerine g\u00f6re daha y\u00fcksek fiyata sat\u0131ld\u0131 ve kendine \u00f6zg\u00fc \u015fekli, \u00fcr\u00fcn sat\u0131\u015fa \u00e7\u0131kmadan \u00f6nce sosyal medyada 0 daha fazla ilgi uyand\u0131ran ana tasar\u0131m unsuru haline geldi. Bu ba\u015far\u0131n\u0131n \u00fczerine marka, yeni unisex parf\u00fcm serisi ve s\u0131n\u0131rl\u0131 say\u0131da \u00fcretilen sanat\u00e7\u0131 i\u015f birlikleri i\u00e7in 250.000 \u015fi\u015felik ek bir sipari\u015f verdi.<\/p>\n<h2>Parf\u00fcm \u015ei\u015fesi \u0130\u00e7in Ki\u015fiselle\u015ftirme \u00d6nerileri<\/h2>\n<ul>\n<li>Kapak Malzemesi ve Y\u00fczey \u0130\u015flemesi: Mat, parlak, d\u00f6vme ve kristal i\u015flemeli tasar\u0131mlar dahil olmak \u00fczere d\u00f6rt farkl\u0131 y\u00fczey i\u015fleme stiliyle birlikte \u00e7e\u015fitli metal kapak se\u00e7enekleri sunuyoruz.<\/li>\n<li>Doku ve Desen Varyasyonlar\u0131: Kullan\u0131c\u0131lar, e\u011fimli tasar\u0131mlar, geometrik desenler ve p\u00fcr\u00fczs\u00fcz \u00f6n y\u00fcz ile dokulu yan y\u00fczeylerin bir kombinasyonunu i\u00e7eren \u00fc\u00e7 tasar\u0131m se\u00e7ene\u011fi arac\u0131l\u0131\u011f\u0131yla \u00e7e\u015fitli yan panel tasar\u0131mlar\u0131 olu\u015fturabilirler.<\/li>\n<li>U-Oluk Desenleri: Kullan\u0131c\u0131lar, V \u015feklinde tasar\u0131mlar, dalgal\u0131 \u015fekiller ve markalar\u0131n\u0131n kulland\u0131\u011f\u0131 \u00f6zel geometrik desenler de dahil olmak \u00fczere \u00fc\u00e7 farkl\u0131 tasar\u0131m se\u00e7ene\u011fiyle \u00f6zel U-oluk tasar\u0131mlar\u0131 olu\u015fturabilirler.<\/li>\n<\/ul>","protected":false},"excerpt":{"rendered":"<p>Dokulu cam y\u00fczeyli, y\u00fcksek kaliteli, \u015f\u0131k parf\u00fcm \u015fi\u015felerinin toptan sat\u0131\u015f\u0131. S\u0131k\u0131\u015ft\u0131rma mekanizmal\u0131 parf\u00fcm \u015fi\u015feleri g\u00fcvenli bir \u015fekilde kapan\u0131r. Fabrika do\u011frudan sat\u0131\u015f fiyatlar\u0131 mevcuttur.<\/p>","protected":false},"featured_media":3147,"comment_status":"open","ping_status":"closed","template":"","meta":{"_acf_changed":false,"site-sidebar-layout":"default","site-content-layout":"","ast-site-content-layout":"default","site-content-style":"default","site-sidebar-style":"default","ast-global-header-display":"","ast-banner-title-visibility":"","ast-main-header-display":"","ast-hfb-above-header-display":"","ast-hfb-below-header-display":"","ast-hfb-mobile-header-display":"","site-post-title":"","ast-breadcrumbs-content":"","ast-featured-img":"","footer-sml-layout":"","ast-disable-related-posts":"","theme-transparent-header-meta":"default","adv-header-id-meta":"","stick-header-meta":"","header-above-stick-meta":"","header-main-stick-meta":"","header-below-stick-meta":"","astra-migrate-meta-layouts":"set","ast-page-background-enabled":"default","ast-page-background-meta":{"desktop":{"background-color":"var(--ast-global-color-5)","background-image":"","background-repeat":"repeat","background-position":"center center","background-size":"auto","background-attachment":"scroll","background-type":"","background-media":"","overlay-type":"","overlay-color":"","overlay-opacity":"","overlay-gradient":""},"tablet":{"background-color":"","background-image":"","background-repeat":"repeat","background-position":"center center","background-size":"auto","background-attachment":"scroll","background-type":"","background-media":"","overlay-type":"","overlay-color":"","overlay-opacity":"","overlay-gradient":""},"mobile":{"background-color":"","background-image":"","background-repeat":"repeat","background-position":"center center","background-size":"auto","background-attachment":"scroll","background-type":"","background-media":"","overlay-type":"","overlay-color":"","overlay-opacity":"","overlay-gradient":""}},"ast-content-background-meta":{"desktop":{"background-color":"var(--ast-global-color-4)","background-image":"","background-repeat":"repeat","background-position":"center center","background-size":"auto","background-attachment":"scroll","background-type":"","background-media":"","overlay-type":"","overlay-color":"","overlay-opacity":"","overlay-gradient":""},"tablet":{"background-color":"var(--ast-global-color-4)","background-image":"","background-repeat":"repeat","background-position":"center center","background-size":"auto","background-attachment":"scroll","background-type":"","background-media":"","overlay-type":"","overlay-color":"","overlay-opacity":"","overlay-gradient":""},"mobile":{"background-color":"var(--ast-global-color-4)","background-image":"","background-repeat":"repeat","background-position":"center center","background-size":"auto","background-attachment":"scroll","background-type":"","background-media":"","overlay-type":"","overlay-color":"","overlay-opacity":"","overlay-gradient":""}}},"product_brand":[],"product_cat":[91,72,41],"product_tag":[],"class_list":{"0":"post-3145","1":"product","2":"type-product","3":"status-publish","4":"has-post-thumbnail","6":"product_cat-custom-perfume-bottles","7":"product_cat-cosmetic-packaging","8":"product_cat-perfume-bottles","9":"desktop-align-left","10":"tablet-align-left","11":"mobile-align-left","13":"first","14":"instock","15":"shipping-taxable","16":"product-type-simple"},"acf":[],"jetpack_sharing_enabled":true,"_links":{"self":[{"href":"https:\/\/theperfumebottles.com\/tr\/wp-json\/wp\/v2\/product\/3145","targetHints":{"allow":["GET"]}}],"collection":[{"href":"https:\/\/theperfumebottles.com\/tr\/wp-json\/wp\/v2\/product"}],"about":[{"href":"https:\/\/theperfumebottles.com\/tr\/wp-json\/wp\/v2\/types\/product"}],"replies":[{"embeddable":true,"href":"https:\/\/theperfumebottles.com\/tr\/wp-json\/wp\/v2\/comments?post=3145"}],"wp:featuredmedia":[{"embeddable":true,"href":"https:\/\/theperfumebottles.com\/tr\/wp-json\/wp\/v2\/media\/3147"}],"wp:attachment":[{"href":"https:\/\/theperfumebottles.com\/tr\/wp-json\/wp\/v2\/media?parent=3145"}],"wp:term":[{"taxonomy":"product_brand","embeddable":true,"href":"https:\/\/theperfumebottles.com\/tr\/wp-json\/wp\/v2\/product_brand?post=3145"},{"taxonomy":"product_cat","embeddable":true,"href":"https:\/\/theperfumebottles.com\/tr\/wp-json\/wp\/v2\/product_cat?post=3145"},{"taxonomy":"product_tag","embeddable":true,"href":"https:\/\/theperfumebottles.com\/tr\/wp-json\/wp\/v2\/product_tag?post=3145"}],"curies":[{"name":"wp","href":"https:\/\/api.w.org\/{rel}","templated":true}]}}