{"id":3206,"date":"2025-04-25T07:43:22","date_gmt":"2025-04-25T07:43:22","guid":{"rendered":"https:\/\/theperfumebottles.com\/?post_type=product&#038;p=3206"},"modified":"2025-04-25T07:51:56","modified_gmt":"2025-04-25T07:51:56","slug":"3-oz-perfume-bottles-glass-cologne-bottles-for-bulk-orders","status":"publish","type":"product","link":"https:\/\/theperfumebottles.com\/tr\/urun\/3-oz-perfume-bottles-glass-cologne-bottles-for-bulk-orders\/","title":{"rendered":"3 ons Parf\u00fcm \u015ei\u015feleri | Toplu Sipari\u015fler i\u00e7in Cam Kolonya \u015ei\u015feleri"},"content":{"rendered":"<p>PB-YX1702 3oz parf\u00fcm \u015fi\u015femiz yuvarlak, neredeyse silindirik bir dikd\u00f6rtgen tasar\u0131ma, \u015feffaf bir cam kapa\u011fa ve l\u00fcks bir g\u00f6r\u00fcn\u00fcm i\u00e7in kal\u0131n bir cam tabana sahiptir.<\/p>\n<p><img fetchpriority=\"high\" decoding=\"async\" class=\"wp-image-3209 aligncenter\" src=\"https:\/\/theperfumebottles.com\/wp-content\/uploads\/2025\/04\/3-oz-cologne-bottle-sizes-yx1702.webp\" alt=\"3 oz kolonya \u015fi\u015fesi\" width=\"500\" height=\"500\" srcset=\"https:\/\/theperfumebottles.com\/wp-content\/uploads\/2025\/04\/3-oz-cologne-bottle-sizes-yx1702.webp 1000w, https:\/\/theperfumebottles.com\/wp-content\/uploads\/2025\/04\/3-oz-cologne-bottle-sizes-yx1702-300x300.webp 300w, https:\/\/theperfumebottles.com\/wp-content\/uploads\/2025\/04\/3-oz-cologne-bottle-sizes-yx1702-150x150.webp 150w, https:\/\/theperfumebottles.com\/wp-content\/uploads\/2025\/04\/3-oz-cologne-bottle-sizes-yx1702-768x768.webp 768w, https:\/\/theperfumebottles.com\/wp-content\/uploads\/2025\/04\/3-oz-cologne-bottle-sizes-yx1702-12x12.webp 12w, https:\/\/theperfumebottles.com\/wp-content\/uploads\/2025\/04\/3-oz-cologne-bottle-sizes-yx1702-600x600.webp 600w, https:\/\/theperfumebottles.com\/wp-content\/uploads\/2025\/04\/3-oz-cologne-bottle-sizes-yx1702-100x100.webp 100w\" sizes=\"(max-width: 500px) 100vw, 500px\" \/><\/p>\n<h2>Anahtar \u00d6zellikler<\/h2>\n<table>\n<thead>\n<tr>\n<th style=\"text-align: left;\"><strong>Model<\/strong><\/th>\n<th style=\"text-align: left;\">PB-YX1702<\/th>\n<\/tr>\n<\/thead>\n<tbody>\n<tr>\n<td><strong>Kapasite<\/strong><\/td>\n<td>90ml (3 oz)<\/td>\n<\/tr>\n<tr>\n<td><strong>Boyutlar<\/strong><\/td>\n<td>55\u00d755\u00d788 mm<\/td>\n<\/tr>\n<tr>\n<td><strong>Nozul Renkleri<\/strong><\/td>\n<td>G\u00fcm\u00fc\u015f\/Alt\u0131n atomizer<\/td>\n<\/tr>\n<tr>\n<td><strong>M\u00fch\u00fcr Tipi<\/strong><\/td>\n<td>S\u0131zd\u0131rmaz s\u0131zd\u0131rmazl\u0131k i\u00e7in bast\u0131rarak tak\u0131lan boyun<\/td>\n<\/tr>\n<\/tbody>\n<\/table>\n<h2>\u00d6zelle\u015ftirme \u0130pu\u00e7lar\u0131<\/h2>\n<p>Bir parf\u00fcm toptanc\u0131s\u0131, 3 oz kolonya serisini yeniden markalamak i\u00e7in 3 oz kolonya \u015fi\u015femizi kulland\u0131. Marka logolar\u0131n\u0131 s\u0131cak damgalama ile \u00f6zelle\u015ftirerek ve \u00e7evre dostu ambalaj kullanarak, l\u00fcks bir perakendeciden $50.000'in \u00fczerinde toplu sipari\u015f ald\u0131lar.<\/p>\n<ol>\n<li>Kurumsal hediyeler veya d\u00fc\u011f\u00fcn hediyeleri i\u00e7in cam \u015fi\u015fe \u00fczerine metin kaz\u0131yabilirsiniz.<\/li>\n<li>Alternatif olarak, bo\u015f \u015fi\u015feler i\u00e7in mat veya parlak bir y\u00fczey se\u00e7in.<\/li>\n<li>Fuar promosyonlar\u0131 i\u00e7in ah\u015fap te\u015fhir standlar\u0131 ile birle\u015ftirin.<\/li>\n<\/ol>","protected":false},"excerpt":{"rendered":"<p>Toplu sipari\u015f i\u00e7in uygun, yuvarlak dikd\u00f6rtgen cam tasar\u0131ml\u0131 3 oz parf\u00fcm \u015fi\u015fesi (90 ml). Parf\u00fcm markan\u0131z i\u00e7in \u00f6zel renk, boyut, y\u00fczey ve aksesuarlar.<\/p>","protected":false},"featured_media":3211,"comment_status":"open","ping_status":"closed","template":"","meta":{"_acf_changed":false,"site-sidebar-layout":"default","site-content-layout":"","ast-site-content-layout":"default","site-content-style":"default","site-sidebar-style":"default","ast-global-header-display":"","ast-banner-title-visibility":"","ast-main-header-display":"","ast-hfb-above-header-display":"","ast-hfb-below-header-display":"","ast-hfb-mobile-header-display":"","site-post-title":"","ast-breadcrumbs-content":"","ast-featured-img":"","footer-sml-layout":"","ast-disable-related-posts":"","theme-transparent-header-meta":"default","adv-header-id-meta":"","stick-header-meta":"","header-above-stick-meta":"","header-main-stick-meta":"","header-below-stick-meta":"","astra-migrate-meta-layouts":"set","ast-page-background-enabled":"default","ast-page-background-meta":{"desktop":{"background-color":"var(--ast-global-color-5)","background-image":"","background-repeat":"repeat","background-position":"center center","background-size":"auto","background-attachment":"scroll","background-type":"","background-media":"","overlay-type":"","overlay-color":"","overlay-opacity":"","overlay-gradient":""},"tablet":{"background-color":"","background-image":"","background-repeat":"repeat","background-position":"center center","background-size":"auto","background-attachment":"scroll","background-type":"","background-media":"","overlay-type":"","overlay-color":"","overlay-opacity":"","overlay-gradient":""},"mobile":{"background-color":"","background-image":"","background-repeat":"repeat","background-position":"center center","background-size":"auto","background-attachment":"scroll","background-type":"","background-media":"","overlay-type":"","overlay-color":"","overlay-opacity":"","overlay-gradient":""}},"ast-content-background-meta":{"desktop":{"background-color":"var(--ast-global-color-4)","background-image":"","background-repeat":"repeat","background-position":"center center","background-size":"auto","background-attachment":"scroll","background-type":"","background-media":"","overlay-type":"","overlay-color":"","overlay-opacity":"","overlay-gradient":""},"tablet":{"background-color":"var(--ast-global-color-4)","background-image":"","background-repeat":"repeat","background-position":"center center","background-size":"auto","background-attachment":"scroll","background-type":"","background-media":"","overlay-type":"","overlay-color":"","overlay-opacity":"","overlay-gradient":""},"mobile":{"background-color":"var(--ast-global-color-4)","background-image":"","background-repeat":"repeat","background-position":"center center","background-size":"auto","background-attachment":"scroll","background-type":"","background-media":"","overlay-type":"","overlay-color":"","overlay-opacity":"","overlay-gradient":""}}},"product_brand":[],"product_cat":[72,91,41],"product_tag":[],"class_list":{"0":"post-3206","1":"product","2":"type-product","3":"status-publish","4":"has-post-thumbnail","6":"product_cat-cosmetic-packaging","7":"product_cat-custom-perfume-bottles","8":"product_cat-perfume-bottles","9":"desktop-align-left","10":"tablet-align-left","11":"mobile-align-left","13":"first","14":"instock","15":"shipping-taxable","16":"product-type-simple"},"acf":[],"jetpack_sharing_enabled":true,"_links":{"self":[{"href":"https:\/\/theperfumebottles.com\/tr\/wp-json\/wp\/v2\/product\/3206","targetHints":{"allow":["GET"]}}],"collection":[{"href":"https:\/\/theperfumebottles.com\/tr\/wp-json\/wp\/v2\/product"}],"about":[{"href":"https:\/\/theperfumebottles.com\/tr\/wp-json\/wp\/v2\/types\/product"}],"replies":[{"embeddable":true,"href":"https:\/\/theperfumebottles.com\/tr\/wp-json\/wp\/v2\/comments?post=3206"}],"wp:featuredmedia":[{"embeddable":true,"href":"https:\/\/theperfumebottles.com\/tr\/wp-json\/wp\/v2\/media\/3211"}],"wp:attachment":[{"href":"https:\/\/theperfumebottles.com\/tr\/wp-json\/wp\/v2\/media?parent=3206"}],"wp:term":[{"taxonomy":"product_brand","embeddable":true,"href":"https:\/\/theperfumebottles.com\/tr\/wp-json\/wp\/v2\/product_brand?post=3206"},{"taxonomy":"product_cat","embeddable":true,"href":"https:\/\/theperfumebottles.com\/tr\/wp-json\/wp\/v2\/product_cat?post=3206"},{"taxonomy":"product_tag","embeddable":true,"href":"https:\/\/theperfumebottles.com\/tr\/wp-json\/wp\/v2\/product_tag?post=3206"}],"curies":[{"name":"wp","href":"https:\/\/api.w.org\/{rel}","templated":true}]}}