{"id":3212,"date":"2025-04-27T07:08:23","date_gmt":"2025-04-27T07:08:23","guid":{"rendered":"https:\/\/theperfumebottles.com\/?post_type=product&#038;p=3212"},"modified":"2025-04-27T07:08:25","modified_gmt":"2025-04-27T07:08:25","slug":"premium-circle-perfume-bottles-with-fan-shaped-caps","status":"publish","type":"product","link":"https:\/\/theperfumebottles.com\/tr\/urun\/premium-circle-perfume-bottles-with-fan-shaped-caps\/","title":{"rendered":"Premium Circle Perfume Bottles with Fan-shaped Caps for Your Brand"},"content":{"rendered":"<h2><strong>\u00d6zellikler<\/strong><\/h2>\n<table>\n<thead>\n<tr>\n<th>Model<\/th>\n<th>Kapasite<\/th>\n<th>Boyutlar (mm)<\/th>\n<th>Pompa Kafas\u0131 Renkleri<\/th>\n<th>Sertifikalar<\/th>\n<\/tr>\n<\/thead>\n<tbody>\n<tr>\n<td>PB-YX1901<\/td>\n<td>30 ml<\/td>\n<td>64\u00d728\u00d772<\/td>\n<td>G\u00fcm\u00fc\u015f\/Alt\u0131n\/Siyah<\/td>\n<td>CE, ISO, BSCI, REACH<\/td>\n<\/tr>\n<tr>\n<td>PB-YX1902<\/td>\n<td>50 ml<\/td>\n<td>75\u00d725\u00d785<\/td>\n<td>G\u00fcm\u00fc\u015f\/Alt\u0131n\/Siyah<\/td>\n<td>CE, ISO, BSCI, REACH<\/td>\n<\/tr>\n<tr>\n<td>PB-YX1903<\/td>\n<td>100 ml<\/td>\n<td>86\u00d736\u00d790<\/td>\n<td>G\u00fcm\u00fc\u015f\/Alt\u0131n\/Siyah<\/td>\n<td>CE, ISO, BSCI, REACH<\/td>\n<\/tr>\n<\/tbody>\n<\/table>\n<h2>Paketleme \u0130pu\u00e7lar\u0131<\/h2>\n<p>Avrupal\u0131 l\u00fcks bir parf\u00fcm markas\u0131 yak\u0131n zamanda PB-YX1902 50 ml parf\u00fcm \u015fi\u015fesini pembe alt\u0131n pompa ba\u015fl\u0131\u011f\u0131 ve kaz\u0131nm\u0131\u015f logo ile \u00f6zelle\u015ftirmek i\u00e7in bizimle \u00e7al\u0131\u015ft\u0131. Benzersiz ambalaj\u0131 ve y\u00fcksek kaliteli dokusuyla parf\u00fcm sat\u0131\u015flar\u0131 \u00fc\u00e7 ay i\u00e7inde 30% artt\u0131.<\/p>\n<h3>\u00d6neriler<\/h3>\n<p>Renk ve Biti\u015f: Daha g\u00f6z al\u0131c\u0131 hale getirmek i\u00e7in metalik doku veya s\u0131cak damgalama ekleyin.<\/p>\n<p>Etiket Tasar\u0131m\u0131: Marka imaj\u0131n\u0131z\u0131 olu\u015fturmak i\u00e7in bo\u015f etiketlerimizle e\u015fle\u015ftirin.<\/p>\n<p>Toplu Paketleme: Toptan sipari\u015fler i\u00e7in ah\u015fap paletler veya \u00e7evre dostu kutular aras\u0131ndan se\u00e7im yap\u0131n.<\/p>\n<p>\u0130\u015finizi b\u00fcy\u00fctmeye \u00f6ncelik veriyoruz. Toptan fiyatland\u0131rma ve h\u0131zl\u0131 teslimat (stoktaki \u00fcr\u00fcnler i\u00e7in 7-15 g\u00fcn) ile siz parf\u00fcm\u00fcn\u00fcz\u00fcn kokusuna odaklanabilirsiniz, biz paketlemeyle ilgileniriz.<\/p>","protected":false},"excerpt":{"rendered":"<p>Yelpaze \u015feklinde kapaklara sahip l\u00fcks daire parf\u00fcm \u015fi\u015felerini ke\u015ffedin. \u00d6zelle\u015ftirme ve toplu toptan sat\u0131\u015f se\u00e7enekleri. Birinci s\u0131n\u0131f koku ambalaj\u0131 arayan markalar i\u00e7in m\u00fckemmeldir.<\/p>","protected":false},"featured_media":3214,"comment_status":"open","ping_status":"closed","template":"","meta":{"_acf_changed":false,"site-sidebar-layout":"default","site-content-layout":"","ast-site-content-layout":"default","site-content-style":"default","site-sidebar-style":"default","ast-global-header-display":"","ast-banner-title-visibility":"","ast-main-header-display":"","ast-hfb-above-header-display":"","ast-hfb-below-header-display":"","ast-hfb-mobile-header-display":"","site-post-title":"","ast-breadcrumbs-content":"","ast-featured-img":"","footer-sml-layout":"","ast-disable-related-posts":"","theme-transparent-header-meta":"default","adv-header-id-meta":"","stick-header-meta":"","header-above-stick-meta":"","header-main-stick-meta":"","header-below-stick-meta":"","astra-migrate-meta-layouts":"set","ast-page-background-enabled":"default","ast-page-background-meta":{"desktop":{"background-color":"var(--ast-global-color-5)","background-image":"","background-repeat":"repeat","background-position":"center center","background-size":"auto","background-attachment":"scroll","background-type":"","background-media":"","overlay-type":"","overlay-color":"","overlay-opacity":"","overlay-gradient":""},"tablet":{"background-color":"","background-image":"","background-repeat":"repeat","background-position":"center center","background-size":"auto","background-attachment":"scroll","background-type":"","background-media":"","overlay-type":"","overlay-color":"","overlay-opacity":"","overlay-gradient":""},"mobile":{"background-color":"","background-image":"","background-repeat":"repeat","background-position":"center center","background-size":"auto","background-attachment":"scroll","background-type":"","background-media":"","overlay-type":"","overlay-color":"","overlay-opacity":"","overlay-gradient":""}},"ast-content-background-meta":{"desktop":{"background-color":"var(--ast-global-color-4)","background-image":"","background-repeat":"repeat","background-position":"center center","background-size":"auto","background-attachment":"scroll","background-type":"","background-media":"","overlay-type":"","overlay-color":"","overlay-opacity":"","overlay-gradient":""},"tablet":{"background-color":"var(--ast-global-color-4)","background-image":"","background-repeat":"repeat","background-position":"center center","background-size":"auto","background-attachment":"scroll","background-type":"","background-media":"","overlay-type":"","overlay-color":"","overlay-opacity":"","overlay-gradient":""},"mobile":{"background-color":"var(--ast-global-color-4)","background-image":"","background-repeat":"repeat","background-position":"center center","background-size":"auto","background-attachment":"scroll","background-type":"","background-media":"","overlay-type":"","overlay-color":"","overlay-opacity":"","overlay-gradient":""}}},"product_brand":[],"product_cat":[72,91,41],"product_tag":[],"class_list":{"0":"post-3212","1":"product","2":"type-product","3":"status-publish","4":"has-post-thumbnail","6":"product_cat-cosmetic-packaging","7":"product_cat-custom-perfume-bottles","8":"product_cat-perfume-bottles","9":"desktop-align-left","10":"tablet-align-left","11":"mobile-align-left","13":"first","14":"instock","15":"shipping-taxable","16":"product-type-simple"},"acf":[],"jetpack_sharing_enabled":true,"_links":{"self":[{"href":"https:\/\/theperfumebottles.com\/tr\/wp-json\/wp\/v2\/product\/3212","targetHints":{"allow":["GET"]}}],"collection":[{"href":"https:\/\/theperfumebottles.com\/tr\/wp-json\/wp\/v2\/product"}],"about":[{"href":"https:\/\/theperfumebottles.com\/tr\/wp-json\/wp\/v2\/types\/product"}],"replies":[{"embeddable":true,"href":"https:\/\/theperfumebottles.com\/tr\/wp-json\/wp\/v2\/comments?post=3212"}],"wp:featuredmedia":[{"embeddable":true,"href":"https:\/\/theperfumebottles.com\/tr\/wp-json\/wp\/v2\/media\/3214"}],"wp:attachment":[{"href":"https:\/\/theperfumebottles.com\/tr\/wp-json\/wp\/v2\/media?parent=3212"}],"wp:term":[{"taxonomy":"product_brand","embeddable":true,"href":"https:\/\/theperfumebottles.com\/tr\/wp-json\/wp\/v2\/product_brand?post=3212"},{"taxonomy":"product_cat","embeddable":true,"href":"https:\/\/theperfumebottles.com\/tr\/wp-json\/wp\/v2\/product_cat?post=3212"},{"taxonomy":"product_tag","embeddable":true,"href":"https:\/\/theperfumebottles.com\/tr\/wp-json\/wp\/v2\/product_tag?post=3212"}],"curies":[{"name":"wp","href":"https:\/\/api.w.org\/{rel}","templated":true}]}}