{"id":3235,"date":"2025-04-28T08:04:02","date_gmt":"2025-04-28T08:04:02","guid":{"rendered":"https:\/\/theperfumebottles.com\/?post_type=product&#038;p=3235"},"modified":"2026-04-07T14:19:18","modified_gmt":"2026-04-07T06:19:18","slug":"25ml-stylish-small-empty-perfume-bottles-for-wholesale","status":"publish","type":"product","link":"https:\/\/theperfumebottles.com\/tr\/urun\/25ml-stylish-small-empty-perfume-bottles-for-wholesale\/","title":{"rendered":"Toptan 25 ml \u015e\u0131k K\u00fc\u00e7\u00fck Bo\u015f Parf\u00fcm \u015ei\u015feleri"},"content":{"rendered":"<p>P\u00fcr\u00fczs\u00fcz kenarlara sahip dikd\u00f6rtgen k\u00fc\u00e7\u00fck bo\u015f parf\u00fcm \u015fi\u015feleri, simetrik tasar\u0131m\u0131yla modern bir g\u00f6r\u00fcn\u00fcm yarat\u0131yor. \u015eeffaf cam g\u00f6vdesi ve kal\u0131n taban\u0131 sayesinde \u015fi\u015fenin g\u00f6vdesi koku rengini sergiliyor ve dengeyi art\u0131r\u0131yor. \u00dcr\u00fcn, \u015f\u0131k silindirik kapa\u011f\u0131 ve hassas p\u00fcsk\u00fcrtme ba\u015fl\u0131\u011f\u0131yla g\u00fcnl\u00fck kullan\u0131m ve kompakt seyahat ama\u00e7lar\u0131 i\u00e7in uygun hale geliyor.<\/p>\n<h2>Temel \u00d6zellikler<\/h2>\n<p>&nbsp;<\/p>\n<table style=\"border-collapse: collapse; margin-left: auto; margin-right: auto; width: 80%;\" border=\"0\" width=\"80%\" cellspacing=\"0\" cellpadding=\"0\">\n<tbody>\n<tr style=\"height: 13.50pt;\">\n<td style=\"height: 13.5pt; width: 132pt; text-align: center;\" width=\"176\" height=\"18\"><strong>Model<\/strong><\/td>\n<td style=\"width: 195pt; text-align: center;\" width=\"260\">PB-YX2001<\/td>\n<\/tr>\n<tr style=\"height: 13.50pt;\">\n<td style=\"height: 13.5pt; text-align: center;\" height=\"18\"><strong>Boyut<\/strong><\/td>\n<td style=\"text-align: center;\">25 ml<\/td>\n<\/tr>\n<tr style=\"height: 13.50pt;\">\n<td style=\"height: 13.5pt; text-align: center;\" height=\"18\"><strong>Boyut<\/strong><\/td>\n<td style=\"text-align: center;\">32\u00d720\u00d775 mm<\/td>\n<\/tr>\n<tr style=\"height: 13.50pt;\">\n<td style=\"height: 13.5pt; text-align: center;\" height=\"18\"><strong>Kalibre<\/strong><\/td>\n<td style=\"text-align: center;\">15 mm<\/td>\n<\/tr>\n<tr style=\"height: 13.50pt;\">\n<td style=\"height: 13.5pt; text-align: center;\" height=\"18\"><strong>Pompa Renk Se\u00e7enekleri Mevcuttur<\/strong><\/td>\n<td style=\"text-align: center;\">G\u00fcm\u00fc\u015f, Alt\u0131n, Siyah<\/td>\n<\/tr>\n<tr style=\"height: 13.50pt;\">\n<td style=\"height: 13.5pt; text-align: center;\" height=\"18\"><strong>S\u0131zd\u0131rmazl\u0131k Tipi<\/strong><\/td>\n<td style=\"text-align: center;\">K\u0131vr\u0131ml\u0131 boyun<\/td>\n<\/tr>\n<\/tbody>\n<\/table>\n<h2>Ba\u015far\u0131 \u00d6rne\u011fi<\/h2>\n<p>Ba\u011f\u0131ms\u0131z bir parf\u00fcm markas\u0131 bize ba\u015fvurdu ve 25 ml&#039;lik dikd\u00f6rtgen parf\u00fcm \u015fi\u015fesi tasar\u0131m\u0131m\u0131z\u0131 se\u00e7ti. \u015ei\u015fe \u00f6zelle\u015ftirme s\u00fcreci, parf\u00fcm s\u0131v\u0131s\u0131n\u0131n do\u011fal rengini ortaya \u00e7\u0131karan \u00f6zel bir etki yaratan, i\u00e7 k\u0131sm\u0131na yumu\u015fak bir degrade kaplama uygulanmas\u0131n\u0131 i\u00e7eriyordu. Kapaklar, farkl\u0131 parf\u00fcm kategorilerini ay\u0131rt etmek i\u00e7in iki farkl\u0131 tarzda \u2013f\u0131r\u00e7alanm\u0131\u015f alt\u0131n ve parlak siyah\u2013 \u00f6zel olarak \u00fcretildi. Marka logosu, y\u00fczeye \u00fcst\u00fcn yap\u0131\u015fma sa\u011flayan hassas bir serigrafi y\u00f6ntemi kullan\u0131larak uyguland\u0131.<\/p>\n<p>M\u00fc\u015fteri, resmi lansmanlar\u0131n\u0131 takip eden iki ay i\u00e7inde deneme boyu hediye setlerinin sat\u0131\u015flar\u0131nda &#039;lik bir art\u0131\u015f g\u00f6zlemledikten sonra ek \u00fcr\u00fcn sipari\u015fi verdi.<\/p>\n<h2>\u00d6zelle\u015ftirme \u00d6nerileri<\/h2>\n<p>M\u00fc\u015fterilerimizden biri, bu \u015fi\u015feleri sipari\u015f \u00fczerine \u00f6zel olarak \u00fcreten ni\u015f bir parf\u00fcm \u015firketidir. S\u0131cak bask\u0131 i\u015fleminin y\u00fczeyini ve boyun k\u0131sm\u0131ndaki dekorasyonu \u00f6zelle\u015ftirdiler. Zarif ambalaj, marka imajlar\u0131n\u0131 g\u00fc\u00e7lendirerek toptan sat\u0131\u015f taleplerini art\u0131rd\u0131.<\/p>\n<p>P\u00fcsk\u00fcrtme pompas\u0131ndan, kapa\u011fa, karton veya kutu se\u00e7imine kadar, ekibimiz i\u015fletmenizin ihtiya\u00e7lar\u0131na uygun bir ambalaj \u00e7\u00f6z\u00fcm\u00fc tasarlayabilir.<\/p>","protected":false},"excerpt":{"rendered":"<p>Toptanc\u0131lar i\u00e7in y\u00fcksek kaliteli k\u00fc\u00e7\u00fck bo\u015f parf\u00fcm \u015fi\u015feleri, fabrika do\u011frudan tedarik, \u00f6zelle\u015ftirilebilir tasar\u0131m ve h\u0131zl\u0131 teslimat. Mini parf\u00fcm \u015fi\u015feleri, toptan sat\u0131\u015f.<\/p>","protected":false},"featured_media":3238,"comment_status":"open","ping_status":"closed","template":"","meta":{"_acf_changed":false,"site-sidebar-layout":"default","site-content-layout":"","ast-site-content-layout":"default","site-content-style":"default","site-sidebar-style":"default","ast-global-header-display":"","ast-banner-title-visibility":"","ast-main-header-display":"","ast-hfb-above-header-display":"","ast-hfb-below-header-display":"","ast-hfb-mobile-header-display":"","site-post-title":"","ast-breadcrumbs-content":"","ast-featured-img":"","footer-sml-layout":"","ast-disable-related-posts":"","theme-transparent-header-meta":"default","adv-header-id-meta":"","stick-header-meta":"","header-above-stick-meta":"","header-main-stick-meta":"","header-below-stick-meta":"","astra-migrate-meta-layouts":"set","ast-page-background-enabled":"default","ast-page-background-meta":{"desktop":{"background-color":"var(--ast-global-color-5)","background-image":"","background-repeat":"repeat","background-position":"center center","background-size":"auto","background-attachment":"scroll","background-type":"","background-media":"","overlay-type":"","overlay-color":"","overlay-opacity":"","overlay-gradient":""},"tablet":{"background-color":"","background-image":"","background-repeat":"repeat","background-position":"center center","background-size":"auto","background-attachment":"scroll","background-type":"","background-media":"","overlay-type":"","overlay-color":"","overlay-opacity":"","overlay-gradient":""},"mobile":{"background-color":"","background-image":"","background-repeat":"repeat","background-position":"center center","background-size":"auto","background-attachment":"scroll","background-type":"","background-media":"","overlay-type":"","overlay-color":"","overlay-opacity":"","overlay-gradient":""}},"ast-content-background-meta":{"desktop":{"background-color":"var(--ast-global-color-4)","background-image":"","background-repeat":"repeat","background-position":"center center","background-size":"auto","background-attachment":"scroll","background-type":"","background-media":"","overlay-type":"","overlay-color":"","overlay-opacity":"","overlay-gradient":""},"tablet":{"background-color":"var(--ast-global-color-4)","background-image":"","background-repeat":"repeat","background-position":"center center","background-size":"auto","background-attachment":"scroll","background-type":"","background-media":"","overlay-type":"","overlay-color":"","overlay-opacity":"","overlay-gradient":""},"mobile":{"background-color":"var(--ast-global-color-4)","background-image":"","background-repeat":"repeat","background-position":"center center","background-size":"auto","background-attachment":"scroll","background-type":"","background-media":"","overlay-type":"","overlay-color":"","overlay-opacity":"","overlay-gradient":""}}},"product_brand":[],"product_cat":[74,72,41],"product_tag":[],"class_list":{"0":"post-3235","1":"product","2":"type-product","3":"status-publish","4":"has-post-thumbnail","6":"product_cat-mini-perfume-bottles","7":"product_cat-cosmetic-packaging","8":"product_cat-perfume-bottles","9":"desktop-align-left","10":"tablet-align-left","11":"mobile-align-left","13":"first","14":"instock","15":"shipping-taxable","16":"product-type-simple"},"acf":[],"jetpack_sharing_enabled":true,"_links":{"self":[{"href":"https:\/\/theperfumebottles.com\/tr\/wp-json\/wp\/v2\/product\/3235","targetHints":{"allow":["GET"]}}],"collection":[{"href":"https:\/\/theperfumebottles.com\/tr\/wp-json\/wp\/v2\/product"}],"about":[{"href":"https:\/\/theperfumebottles.com\/tr\/wp-json\/wp\/v2\/types\/product"}],"replies":[{"embeddable":true,"href":"https:\/\/theperfumebottles.com\/tr\/wp-json\/wp\/v2\/comments?post=3235"}],"wp:featuredmedia":[{"embeddable":true,"href":"https:\/\/theperfumebottles.com\/tr\/wp-json\/wp\/v2\/media\/3238"}],"wp:attachment":[{"href":"https:\/\/theperfumebottles.com\/tr\/wp-json\/wp\/v2\/media?parent=3235"}],"wp:term":[{"taxonomy":"product_brand","embeddable":true,"href":"https:\/\/theperfumebottles.com\/tr\/wp-json\/wp\/v2\/product_brand?post=3235"},{"taxonomy":"product_cat","embeddable":true,"href":"https:\/\/theperfumebottles.com\/tr\/wp-json\/wp\/v2\/product_cat?post=3235"},{"taxonomy":"product_tag","embeddable":true,"href":"https:\/\/theperfumebottles.com\/tr\/wp-json\/wp\/v2\/product_tag?post=3235"}],"curies":[{"name":"wp","href":"https:\/\/api.w.org\/{rel}","templated":true}]}}