{"id":3240,"date":"2025-04-28T08:53:56","date_gmt":"2025-04-28T08:53:56","guid":{"rendered":"https:\/\/theperfumebottles.com\/?post_type=product&#038;p=3240"},"modified":"2025-05-23T14:29:50","modified_gmt":"2025-05-23T06:29:50","slug":"personalized-perfume-bottle-with-sprayer","status":"publish","type":"product","link":"https:\/\/theperfumebottles.com\/tr\/urun\/personalized-perfume-bottle-with-sprayer\/","title":{"rendered":"50 ml 100 ml Spreyli Ki\u015fiselle\u015ftirilmi\u015f Parf\u00fcm \u015ei\u015fesi"},"content":{"rendered":"<h2>Temel \u00d6zellikler<\/h2>\n<table style=\"border-collapse: collapse; margin-left: auto; margin-right: auto; width: 80%;\" border=\"0\" width=\"80%\" cellspacing=\"0\" cellpadding=\"0\">\n<tbody>\n<tr style=\"height: 13.50pt;\">\n<td style=\"height: 13.50pt; width: 148.50pt;\" width=\"198\" height=\"18\"><strong>Model<\/strong><\/td>\n<td style=\"width: 154.50pt;\" width=\"206\">PB-YX2002<\/td>\n<td style=\"width: 154.50pt;\" width=\"206\">PB-YX2003<\/td>\n<\/tr>\n<tr style=\"height: 13.50pt;\">\n<td style=\"height: 13.50pt;\" height=\"18\"><strong>Kapasite<\/strong><\/td>\n<td>50 ml<\/td>\n<td>100 ml<\/td>\n<\/tr>\n<tr style=\"height: 13.50pt;\">\n<td style=\"height: 13.50pt;\" height=\"18\"><strong>Boyutlar<\/strong><\/td>\n<td>42*25*92 mm<\/td>\n<td>53*31*114 mm<\/td>\n<\/tr>\n<tr style=\"height: 13.50pt;\">\n<td style=\"height: 13.50pt;\" height=\"18\"><strong>Boyun \u00c7ap\u0131<\/strong><\/td>\n<td>15 mm<\/td>\n<td>15 mm<\/td>\n<\/tr>\n<tr style=\"height: 13.50pt;\">\n<td style=\"height: 13.50pt;\" height=\"18\"><strong>Pompa Renk Se\u00e7enekleri<\/strong><\/td>\n<td>G\u00fcm\u00fc\u015f, Alt\u0131n, Siyah<\/td>\n<td>G\u00fcm\u00fc\u015f, Alt\u0131n, Siyah<\/td>\n<\/tr>\n<tr style=\"height: 13.50pt;\">\n<td style=\"height: 13.50pt;\" height=\"18\"><strong>S\u0131zd\u0131rmazl\u0131k Tipi<\/strong><\/td>\n<td>K\u0131vr\u0131ml\u0131 boyun<\/td>\n<td>K\u0131vr\u0131ml\u0131 boyun<\/td>\n<\/tr>\n<\/tbody>\n<\/table>\n<h2>Cam Ambalaj Fikirleri<\/h2>\n<p>Yayg\u0131n olarak bilinen bir koku markas\u0131, yepyeni \u00fcr\u00fcnlerinin lansman\u0131 i\u00e7in \u00f6zel koku \u015fi\u015felerimizi se\u00e7ti. PB-YX2002 50ml parf\u00fcm kab\u0131n\u0131 markalar\u0131n\u0131n logo tasar\u0131m\u0131 ve t\u00fcr\u00fcn\u00fcn tek \u00f6rne\u011fi renk deseniyle ki\u015fiselle\u015ftirerek sat\u0131\u015flar\u0131n\u0131 \u00f6nemli \u00f6l\u00e7\u00fcde art\u0131rd\u0131lar.<\/p>\n<p>Parf\u00fcm organizasyonunuz i\u00e7in, markan\u0131z\u0131n logo tasar\u0131m\u0131n\u0131 grav\u00fcr veya \u00f6zel etiketler yoluyla cam parf\u00fcm \u015fi\u015fesine eklemeyi ve ayr\u0131ca boyundaki dekorasyonu uyarlamay\u0131 d\u00fc\u015f\u00fcnebilirsiniz. Bu sadece \u00fcr\u00fcn\u00fcn\u00fcz\u00fcn cazibesini art\u0131rmakla kalmayacak, ayn\u0131 zamanda her bir parf\u00fcm kab\u0131n\u0131 markan\u0131z i\u00e7in kesinlikle farkl\u0131 k\u0131lacakt\u0131r.<\/p>\n<p>&nbsp;<\/p>","protected":false},"excerpt":{"rendered":"<p>PB-YX20 p\u00fcsk\u00fcrt\u00fcc\u00fcl\u00fc cam parf\u00fcm \u015fi\u015fesi ile markan\u0131z\u0131 geli\u015ftirin. \u0130\u015fletmeniz i\u00e7in ki\u015fiselle\u015ftirilmi\u015f parf\u00fcm \u015fi\u015fesi \u00f6zelle\u015ftirme se\u00e7enekleri. Toplu sipari\u015fler i\u00e7in m\u00fckemmeldir.<\/p>","protected":false},"featured_media":3241,"comment_status":"open","ping_status":"closed","template":"","meta":{"_acf_changed":false,"site-sidebar-layout":"default","site-content-layout":"","ast-site-content-layout":"default","site-content-style":"default","site-sidebar-style":"default","ast-global-header-display":"","ast-banner-title-visibility":"","ast-main-header-display":"","ast-hfb-above-header-display":"","ast-hfb-below-header-display":"","ast-hfb-mobile-header-display":"","site-post-title":"","ast-breadcrumbs-content":"","ast-featured-img":"","footer-sml-layout":"","ast-disable-related-posts":"","theme-transparent-header-meta":"default","adv-header-id-meta":"","stick-header-meta":"","header-above-stick-meta":"","header-main-stick-meta":"","header-below-stick-meta":"","astra-migrate-meta-layouts":"set","ast-page-background-enabled":"default","ast-page-background-meta":{"desktop":{"background-color":"var(--ast-global-color-5)","background-image":"","background-repeat":"repeat","background-position":"center center","background-size":"auto","background-attachment":"scroll","background-type":"","background-media":"","overlay-type":"","overlay-color":"","overlay-opacity":"","overlay-gradient":""},"tablet":{"background-color":"","background-image":"","background-repeat":"repeat","background-position":"center center","background-size":"auto","background-attachment":"scroll","background-type":"","background-media":"","overlay-type":"","overlay-color":"","overlay-opacity":"","overlay-gradient":""},"mobile":{"background-color":"","background-image":"","background-repeat":"repeat","background-position":"center center","background-size":"auto","background-attachment":"scroll","background-type":"","background-media":"","overlay-type":"","overlay-color":"","overlay-opacity":"","overlay-gradient":""}},"ast-content-background-meta":{"desktop":{"background-color":"var(--ast-global-color-4)","background-image":"","background-repeat":"repeat","background-position":"center center","background-size":"auto","background-attachment":"scroll","background-type":"","background-media":"","overlay-type":"","overlay-color":"","overlay-opacity":"","overlay-gradient":""},"tablet":{"background-color":"var(--ast-global-color-4)","background-image":"","background-repeat":"repeat","background-position":"center center","background-size":"auto","background-attachment":"scroll","background-type":"","background-media":"","overlay-type":"","overlay-color":"","overlay-opacity":"","overlay-gradient":""},"mobile":{"background-color":"var(--ast-global-color-4)","background-image":"","background-repeat":"repeat","background-position":"center center","background-size":"auto","background-attachment":"scroll","background-type":"","background-media":"","overlay-type":"","overlay-color":"","overlay-opacity":"","overlay-gradient":""}}},"product_brand":[],"product_cat":[72,91,41],"product_tag":[],"class_list":{"0":"post-3240","1":"product","2":"type-product","3":"status-publish","4":"has-post-thumbnail","6":"product_cat-cosmetic-packaging","7":"product_cat-custom-perfume-bottles","8":"product_cat-perfume-bottles","9":"desktop-align-left","10":"tablet-align-left","11":"mobile-align-left","13":"first","14":"instock","15":"shipping-taxable","16":"product-type-simple"},"acf":[],"jetpack_sharing_enabled":true,"_links":{"self":[{"href":"https:\/\/theperfumebottles.com\/tr\/wp-json\/wp\/v2\/product\/3240","targetHints":{"allow":["GET"]}}],"collection":[{"href":"https:\/\/theperfumebottles.com\/tr\/wp-json\/wp\/v2\/product"}],"about":[{"href":"https:\/\/theperfumebottles.com\/tr\/wp-json\/wp\/v2\/types\/product"}],"replies":[{"embeddable":true,"href":"https:\/\/theperfumebottles.com\/tr\/wp-json\/wp\/v2\/comments?post=3240"}],"wp:featuredmedia":[{"embeddable":true,"href":"https:\/\/theperfumebottles.com\/tr\/wp-json\/wp\/v2\/media\/3241"}],"wp:attachment":[{"href":"https:\/\/theperfumebottles.com\/tr\/wp-json\/wp\/v2\/media?parent=3240"}],"wp:term":[{"taxonomy":"product_brand","embeddable":true,"href":"https:\/\/theperfumebottles.com\/tr\/wp-json\/wp\/v2\/product_brand?post=3240"},{"taxonomy":"product_cat","embeddable":true,"href":"https:\/\/theperfumebottles.com\/tr\/wp-json\/wp\/v2\/product_cat?post=3240"},{"taxonomy":"product_tag","embeddable":true,"href":"https:\/\/theperfumebottles.com\/tr\/wp-json\/wp\/v2\/product_tag?post=3240"}],"curies":[{"name":"wp","href":"https:\/\/api.w.org\/{rel}","templated":true}]}}