{"id":3243,"date":"2025-04-29T09:30:18","date_gmt":"2025-04-29T09:30:18","guid":{"rendered":"https:\/\/theperfumebottles.com\/?post_type=product&#038;p=3243"},"modified":"2025-05-23T13:47:44","modified_gmt":"2025-05-23T05:47:44","slug":"custimizable-round-perfume-bottles-for-luxury-brands","status":"publish","type":"product","link":"https:\/\/theperfumebottles.com\/tr\/urun\/custimizable-round-perfume-bottles-for-luxury-brands\/","title":{"rendered":"L\u00fcks Markalar \u0130\u00e7in \u00d6zelle\u015ftirilebilir Yuvarlak Parf\u00fcm \u015ei\u015feleri"},"content":{"rendered":"<p>\u00dccretsiz numune ve h\u0131zl\u0131 teslimat. PB-YX21 serisi yuvarlak parf\u00fcm \u015fi\u015felerimiz parf\u00fcm ambalaj\u0131n\u0131z\u0131 y\u00fckseltmek i\u00e7in tasarlanm\u0131\u015ft\u0131r. Birinci s\u0131n\u0131f camdan \u00fcretilen bu \u015fi\u015feler hem zarif hem de i\u015flevseldir. \u0130ster unutulmaz bir kreasyon yaratmaya ister mevcut \u00fcr\u00fcn yelpazenizi geni\u015fletmeye haz\u0131r olun, yuvarlak parf\u00fcm \u015fi\u015felerimiz \u00f6zel ve toptan sat\u0131\u015f i\u00e7in mevcuttur. Y\u00fcksek kaliteli \u00fcretim, h\u0131zl\u0131 teslimat ve esnek \u00f6zelle\u015ftirme ile markan\u0131z i\u00e7in g\u00fcvenilir destek sa\u011fl\u0131yoruz.<\/p>\n<table style=\"border-collapse: collapse; margin-left: auto; margin-right: auto; width: 162.03pt;\" border=\"0\" width=\"216\" cellspacing=\"0\" cellpadding=\"0\">\n<tbody>\n<tr style=\"height: 13.50pt;\">\n<td style=\"height: 13.50pt; width: 54.00pt;\" width=\"72\" height=\"18\">\n<p><figure id=\"attachment_3244\" aria-describedby=\"caption-attachment-3244\" style=\"width: 300px\" class=\"wp-caption aligncenter\"><img fetchpriority=\"high\" decoding=\"async\" class=\"wp-image-3244 size-medium\" src=\"https:\/\/theperfumebottles.com\/wp-content\/uploads\/2025\/04\/perfume-round-bottle-yx2101-300x300.webp\" alt=\"parf\u00fcm yuvarlak \u015fi\u015fe\" width=\"300\" height=\"300\" srcset=\"https:\/\/theperfumebottles.com\/wp-content\/uploads\/2025\/04\/perfume-round-bottle-yx2101-300x300.webp 300w, https:\/\/theperfumebottles.com\/wp-content\/uploads\/2025\/04\/perfume-round-bottle-yx2101-150x150.webp 150w, https:\/\/theperfumebottles.com\/wp-content\/uploads\/2025\/04\/perfume-round-bottle-yx2101-768x768.webp 768w, https:\/\/theperfumebottles.com\/wp-content\/uploads\/2025\/04\/perfume-round-bottle-yx2101-12x12.webp 12w, https:\/\/theperfumebottles.com\/wp-content\/uploads\/2025\/04\/perfume-round-bottle-yx2101-600x600.webp 600w, https:\/\/theperfumebottles.com\/wp-content\/uploads\/2025\/04\/perfume-round-bottle-yx2101-100x100.webp 100w, https:\/\/theperfumebottles.com\/wp-content\/uploads\/2025\/04\/perfume-round-bottle-yx2101.webp 1000w\" sizes=\"(max-width: 300px) 100vw, 300px\" \/><figcaption id=\"caption-attachment-3244\" class=\"wp-caption-text\">30ml PB-YX2101<\/figcaption><\/figure><\/td>\n<td style=\"width: 54.00pt;\" width=\"72\">\n<p><figure id=\"attachment_3245\" aria-describedby=\"caption-attachment-3245\" style=\"width: 300px\" class=\"wp-caption aligncenter\"><img decoding=\"async\" class=\"wp-image-3245 size-medium\" src=\"https:\/\/theperfumebottles.com\/wp-content\/uploads\/2025\/04\/perfume-round-bottle-yx2102-300x300.webp\" alt=\"parf\u00fcm yuvarlak \u015fi\u015fe\" width=\"300\" height=\"300\" srcset=\"https:\/\/theperfumebottles.com\/wp-content\/uploads\/2025\/04\/perfume-round-bottle-yx2102-300x300.webp 300w, https:\/\/theperfumebottles.com\/wp-content\/uploads\/2025\/04\/perfume-round-bottle-yx2102-150x150.webp 150w, https:\/\/theperfumebottles.com\/wp-content\/uploads\/2025\/04\/perfume-round-bottle-yx2102-768x768.webp 768w, https:\/\/theperfumebottles.com\/wp-content\/uploads\/2025\/04\/perfume-round-bottle-yx2102-12x12.webp 12w, https:\/\/theperfumebottles.com\/wp-content\/uploads\/2025\/04\/perfume-round-bottle-yx2102-600x600.webp 600w, https:\/\/theperfumebottles.com\/wp-content\/uploads\/2025\/04\/perfume-round-bottle-yx2102-100x100.webp 100w, https:\/\/theperfumebottles.com\/wp-content\/uploads\/2025\/04\/perfume-round-bottle-yx2102.webp 1000w\" sizes=\"(max-width: 300px) 100vw, 300px\" \/><figcaption id=\"caption-attachment-3245\" class=\"wp-caption-text\">50ml PB-YX2102<\/figcaption><\/figure><\/td>\n<td style=\"width: 54.00pt;\" width=\"72\">\n<p><figure id=\"attachment_3246\" aria-describedby=\"caption-attachment-3246\" style=\"width: 300px\" class=\"wp-caption aligncenter\"><img decoding=\"async\" class=\"wp-image-3246 size-medium\" src=\"https:\/\/theperfumebottles.com\/wp-content\/uploads\/2025\/04\/perfume-round-bottle-yx2103-300x300.webp\" alt=\"parf\u00fcm yuvarlak \u015fi\u015fe\" width=\"300\" height=\"300\" srcset=\"https:\/\/theperfumebottles.com\/wp-content\/uploads\/2025\/04\/perfume-round-bottle-yx2103-300x300.webp 300w, https:\/\/theperfumebottles.com\/wp-content\/uploads\/2025\/04\/perfume-round-bottle-yx2103-150x150.webp 150w, https:\/\/theperfumebottles.com\/wp-content\/uploads\/2025\/04\/perfume-round-bottle-yx2103-768x768.webp 768w, https:\/\/theperfumebottles.com\/wp-content\/uploads\/2025\/04\/perfume-round-bottle-yx2103-12x12.webp 12w, https:\/\/theperfumebottles.com\/wp-content\/uploads\/2025\/04\/perfume-round-bottle-yx2103-600x600.webp 600w, https:\/\/theperfumebottles.com\/wp-content\/uploads\/2025\/04\/perfume-round-bottle-yx2103-100x100.webp 100w, https:\/\/theperfumebottles.com\/wp-content\/uploads\/2025\/04\/perfume-round-bottle-yx2103.webp 1000w\" sizes=\"(max-width: 300px) 100vw, 300px\" \/><figcaption id=\"caption-attachment-3246\" class=\"wp-caption-text\">80ml PB-YX2103<\/figcaption><\/figure><\/td>\n<\/tr>\n<\/tbody>\n<\/table>\n<h2>Temel \u00d6zellikler<\/h2>\n<table style=\"border-collapse: collapse; margin-left: auto; margin-right: auto; width: 80%;\" border=\"0\" width=\"80%\" cellspacing=\"0\" cellpadding=\"0\">\n<tbody>\n<tr style=\"height: 13.50pt;\">\n<td style=\"height: 13.50pt; width: 114.75pt;\" width=\"153\" height=\"18\"><strong>Model<\/strong><\/td>\n<td style=\"width: 72.00pt;\" width=\"96\">PB-YX2101<\/td>\n<td style=\"width: 64.50pt;\" width=\"86\">PB-YX2102<\/td>\n<td style=\"width: 84.75pt;\" width=\"113\">PB-YX2103<\/td>\n<\/tr>\n<tr style=\"height: 13.50pt;\">\n<td style=\"height: 13.50pt;\" height=\"18\"><strong>Kapasite<\/strong><\/td>\n<td>30 ml<\/td>\n<td>50 ml<\/td>\n<td>80 ml<\/td>\n<\/tr>\n<tr style=\"height: 13.50pt;\">\n<td style=\"height: 13.50pt;\" height=\"18\"><strong>Boyutlar<\/strong><\/td>\n<td>50 x 64 mm<\/td>\n<td>57 x 63 mm<\/td>\n<td>70 x 75 mm<\/td>\n<\/tr>\n<tr style=\"height: 13.50pt;\">\n<td style=\"height: 13.50pt;\" height=\"18\"><strong>Kapak \u00c7ap\u0131<\/strong><\/td>\n<td class=\"et2\" colspan=\"3\">15 mm<\/td>\n<\/tr>\n<tr style=\"height: 13.50pt;\">\n<td style=\"height: 13.50pt;\" height=\"18\"><strong>Kapak Renk Se\u00e7enekleri<\/strong><\/td>\n<td class=\"et2\" colspan=\"3\">G\u00fcm\u00fc\u015f, Alt\u0131n, Siyah<\/td>\n<\/tr>\n<tr style=\"height: 13.50pt;\">\n<td style=\"height: 13.50pt;\" height=\"18\"><strong>S\u0131zd\u0131rmazl\u0131k Tipi<\/strong><\/td>\n<td class=\"et2\" colspan=\"3\">K\u0131vr\u0131ml\u0131 boyun<\/td>\n<\/tr>\n<\/tbody>\n<\/table>\n<h2>Ambalaj \u00d6nerileri:<\/h2>\n<p>\u00d6nde gelen bir ni\u015f parf\u00fcm markas\u0131, yeni unisex koku serisini piyasaya s\u00fcrmek i\u00e7in PB-YX2102'yi kulland\u0131. Marka bilinirli\u011fini ve m\u00fc\u015fteri sadakatini art\u0131rmak i\u00e7in mat siyah kapaklar\u0131 \u00f6zelle\u015ftirmeyi ve her bo\u015f cam \u015fi\u015feye marka logolar\u0131n\u0131 lazerle kaz\u0131may\u0131 se\u00e7tiler.<\/p>\n<h3>\u0130pu\u00e7lar\u0131:<\/h3>\n<ol>\n<li>Kaz\u0131nm\u0131\u015f veya bask\u0131l\u0131 y\u00fczey i\u015flemleriyle markan\u0131z\u0131 veya logonuzu ekleyin.<\/li>\n<li>Marka imaj\u0131n\u0131z\u0131 vurgulamak i\u00e7in benzersiz \u015fapka malzemeleri ve renkleri se\u00e7in.<\/li>\n<li>\u00d6zel bask\u0131l\u0131 kutular veya ah\u015fap kasalar gibi birinci s\u0131n\u0131f ambalaj \u00e7\u00f6z\u00fcmleri kullan\u0131n.<\/li>\n<\/ol>","protected":false},"excerpt":{"rendered":"<p>\u00d6zelle\u015ftirilebilir yuvarlak parf\u00fcm \u015fi\u015felerimiz, ki\u015fiselle\u015ftirilmi\u015f markalar\u0131n ve toplu ambalajlar\u0131n \u00e7e\u015fitli ihtiya\u00e7lar\u0131n\u0131 kar\u015f\u0131layan l\u00fcks bir g\u00f6r\u00fcn\u00fcme sahiptir.<\/p>","protected":false},"featured_media":3245,"comment_status":"open","ping_status":"closed","template":"","meta":{"_acf_changed":false,"site-sidebar-layout":"default","site-content-layout":"","ast-site-content-layout":"default","site-content-style":"default","site-sidebar-style":"default","ast-global-header-display":"","ast-banner-title-visibility":"","ast-main-header-display":"","ast-hfb-above-header-display":"","ast-hfb-below-header-display":"","ast-hfb-mobile-header-display":"","site-post-title":"","ast-breadcrumbs-content":"","ast-featured-img":"","footer-sml-layout":"","ast-disable-related-posts":"","theme-transparent-header-meta":"default","adv-header-id-meta":"","stick-header-meta":"","header-above-stick-meta":"","header-main-stick-meta":"","header-below-stick-meta":"","astra-migrate-meta-layouts":"set","ast-page-background-enabled":"default","ast-page-background-meta":{"desktop":{"background-color":"var(--ast-global-color-5)","background-image":"","background-repeat":"repeat","background-position":"center center","background-size":"auto","background-attachment":"scroll","background-type":"","background-media":"","overlay-type":"","overlay-color":"","overlay-opacity":"","overlay-gradient":""},"tablet":{"background-color":"","background-image":"","background-repeat":"repeat","background-position":"center center","background-size":"auto","background-attachment":"scroll","background-type":"","background-media":"","overlay-type":"","overlay-color":"","overlay-opacity":"","overlay-gradient":""},"mobile":{"background-color":"","background-image":"","background-repeat":"repeat","background-position":"center center","background-size":"auto","background-attachment":"scroll","background-type":"","background-media":"","overlay-type":"","overlay-color":"","overlay-opacity":"","overlay-gradient":""}},"ast-content-background-meta":{"desktop":{"background-color":"var(--ast-global-color-4)","background-image":"","background-repeat":"repeat","background-position":"center center","background-size":"auto","background-attachment":"scroll","background-type":"","background-media":"","overlay-type":"","overlay-color":"","overlay-opacity":"","overlay-gradient":""},"tablet":{"background-color":"var(--ast-global-color-4)","background-image":"","background-repeat":"repeat","background-position":"center center","background-size":"auto","background-attachment":"scroll","background-type":"","background-media":"","overlay-type":"","overlay-color":"","overlay-opacity":"","overlay-gradient":""},"mobile":{"background-color":"var(--ast-global-color-4)","background-image":"","background-repeat":"repeat","background-position":"center center","background-size":"auto","background-attachment":"scroll","background-type":"","background-media":"","overlay-type":"","overlay-color":"","overlay-opacity":"","overlay-gradient":""}}},"product_brand":[],"product_cat":[72,91,41],"product_tag":[],"class_list":{"0":"post-3243","1":"product","2":"type-product","3":"status-publish","4":"has-post-thumbnail","6":"product_cat-cosmetic-packaging","7":"product_cat-custom-perfume-bottles","8":"product_cat-perfume-bottles","9":"desktop-align-left","10":"tablet-align-left","11":"mobile-align-left","13":"first","14":"instock","15":"shipping-taxable","16":"product-type-simple"},"acf":[],"jetpack_sharing_enabled":true,"_links":{"self":[{"href":"https:\/\/theperfumebottles.com\/tr\/wp-json\/wp\/v2\/product\/3243","targetHints":{"allow":["GET"]}}],"collection":[{"href":"https:\/\/theperfumebottles.com\/tr\/wp-json\/wp\/v2\/product"}],"about":[{"href":"https:\/\/theperfumebottles.com\/tr\/wp-json\/wp\/v2\/types\/product"}],"replies":[{"embeddable":true,"href":"https:\/\/theperfumebottles.com\/tr\/wp-json\/wp\/v2\/comments?post=3243"}],"wp:featuredmedia":[{"embeddable":true,"href":"https:\/\/theperfumebottles.com\/tr\/wp-json\/wp\/v2\/media\/3245"}],"wp:attachment":[{"href":"https:\/\/theperfumebottles.com\/tr\/wp-json\/wp\/v2\/media?parent=3243"}],"wp:term":[{"taxonomy":"product_brand","embeddable":true,"href":"https:\/\/theperfumebottles.com\/tr\/wp-json\/wp\/v2\/product_brand?post=3243"},{"taxonomy":"product_cat","embeddable":true,"href":"https:\/\/theperfumebottles.com\/tr\/wp-json\/wp\/v2\/product_cat?post=3243"},{"taxonomy":"product_tag","embeddable":true,"href":"https:\/\/theperfumebottles.com\/tr\/wp-json\/wp\/v2\/product_tag?post=3243"}],"curies":[{"name":"wp","href":"https:\/\/api.w.org\/{rel}","templated":true}]}}