{"id":3250,"date":"2025-04-30T09:16:37","date_gmt":"2025-04-30T09:16:37","guid":{"rendered":"https:\/\/theperfumebottles.com\/?post_type=product&#038;p=3250"},"modified":"2025-05-23T13:25:40","modified_gmt":"2025-05-23T05:25:40","slug":"minimalist-perfume-bottle-for-modern-fragrance-brands","status":"publish","type":"product","link":"https:\/\/theperfumebottles.com\/tr\/urun\/minimalist-perfume-bottle-for-modern-fragrance-brands\/","title":{"rendered":"Modern Parf\u00fcm Markalar\u0131 \u0130\u00e7in 30ml, 50ml ve 100ml Minimalist Parf\u00fcm \u015ei\u015fesi"},"content":{"rendered":"<p>Minimalist koku kaplar\u0131ndan olu\u015fan PB-YX22 koleksiyonumuz d\u00fczenli, yuvarlak dikd\u00f6rtgen bir forma sahiptir. Kristal cam, malzemenin \u015feffafl\u0131\u011f\u0131n\u0131 ve safl\u0131\u011f\u0131n\u0131 vurgulayarak zarif ve \u015f\u0131k bir g\u00f6r\u00fcn\u00fcm geli\u015ftirir. Dikd\u00f6rtgen kapak g\u00fcm\u00fc\u015f, alt\u0131n ve siyah renklerde sunulmakta olup, toplam d\u00fczenin sofistike ve \u00e7e\u015fitli olmas\u0131n\u0131 sa\u011flamaktad\u0131r.<\/p>\n<table style=\"border-collapse: collapse; margin-left: auto; margin-right: auto; width: 162.03pt;\" border=\"0\" width=\"216\" cellspacing=\"0\" cellpadding=\"0\">\n<tbody>\n<tr style=\"height: 13.50pt;\">\n<td style=\"height: 13.50pt; width: 54.00pt;\" width=\"72\" height=\"18\">\n<p><figure id=\"attachment_3251\" aria-describedby=\"caption-attachment-3251\" style=\"width: 300px\" class=\"wp-caption aligncenter\"><img fetchpriority=\"high\" decoding=\"async\" class=\"wp-image-3251 size-medium\" src=\"https:\/\/theperfumebottles.com\/wp-content\/uploads\/2025\/04\/minimalist-perfume-bottle-yx2201-300x300.webp\" alt=\"minimalist parf\u00fcm \u015fi\u015fesi\" width=\"300\" height=\"300\" srcset=\"https:\/\/theperfumebottles.com\/wp-content\/uploads\/2025\/04\/minimalist-perfume-bottle-yx2201-300x300.webp 300w, https:\/\/theperfumebottles.com\/wp-content\/uploads\/2025\/04\/minimalist-perfume-bottle-yx2201-150x150.webp 150w, https:\/\/theperfumebottles.com\/wp-content\/uploads\/2025\/04\/minimalist-perfume-bottle-yx2201-768x768.webp 768w, https:\/\/theperfumebottles.com\/wp-content\/uploads\/2025\/04\/minimalist-perfume-bottle-yx2201-12x12.webp 12w, https:\/\/theperfumebottles.com\/wp-content\/uploads\/2025\/04\/minimalist-perfume-bottle-yx2201-600x600.webp 600w, https:\/\/theperfumebottles.com\/wp-content\/uploads\/2025\/04\/minimalist-perfume-bottle-yx2201-100x100.webp 100w, https:\/\/theperfumebottles.com\/wp-content\/uploads\/2025\/04\/minimalist-perfume-bottle-yx2201.webp 1000w\" sizes=\"(max-width: 300px) 100vw, 300px\" \/><figcaption id=\"caption-attachment-3251\" class=\"wp-caption-text\">30ml PB-YX2201<\/figcaption><\/figure><\/td>\n<td style=\"width: 54.00pt;\" width=\"72\">\n<p><figure id=\"attachment_3252\" aria-describedby=\"caption-attachment-3252\" style=\"width: 300px\" class=\"wp-caption aligncenter\"><img decoding=\"async\" class=\"wp-image-3252 size-medium\" src=\"https:\/\/theperfumebottles.com\/wp-content\/uploads\/2025\/04\/minimalist-perfume-bottle-yx2202-300x300.webp\" alt=\"minimalist parf\u00fcm \u015fi\u015fesi\" width=\"300\" height=\"300\" srcset=\"https:\/\/theperfumebottles.com\/wp-content\/uploads\/2025\/04\/minimalist-perfume-bottle-yx2202-300x300.webp 300w, https:\/\/theperfumebottles.com\/wp-content\/uploads\/2025\/04\/minimalist-perfume-bottle-yx2202-150x150.webp 150w, https:\/\/theperfumebottles.com\/wp-content\/uploads\/2025\/04\/minimalist-perfume-bottle-yx2202-768x768.webp 768w, https:\/\/theperfumebottles.com\/wp-content\/uploads\/2025\/04\/minimalist-perfume-bottle-yx2202-12x12.webp 12w, https:\/\/theperfumebottles.com\/wp-content\/uploads\/2025\/04\/minimalist-perfume-bottle-yx2202-600x600.webp 600w, https:\/\/theperfumebottles.com\/wp-content\/uploads\/2025\/04\/minimalist-perfume-bottle-yx2202-100x100.webp 100w, https:\/\/theperfumebottles.com\/wp-content\/uploads\/2025\/04\/minimalist-perfume-bottle-yx2202.webp 1000w\" sizes=\"(max-width: 300px) 100vw, 300px\" \/><figcaption id=\"caption-attachment-3252\" class=\"wp-caption-text\">50ml PB-YX2202<\/figcaption><\/figure><\/td>\n<td style=\"width: 54.00pt;\" width=\"72\">\n<p><figure id=\"attachment_3253\" aria-describedby=\"caption-attachment-3253\" style=\"width: 300px\" class=\"wp-caption aligncenter\"><img decoding=\"async\" class=\"wp-image-3253 size-medium\" src=\"https:\/\/theperfumebottles.com\/wp-content\/uploads\/2025\/04\/minimalist-perfume-bottle-YX2203-300x300.webp\" alt=\"minimalist parf\u00fcm \u015fi\u015fesi\" width=\"300\" height=\"300\" srcset=\"https:\/\/theperfumebottles.com\/wp-content\/uploads\/2025\/04\/minimalist-perfume-bottle-YX2203-300x300.webp 300w, https:\/\/theperfumebottles.com\/wp-content\/uploads\/2025\/04\/minimalist-perfume-bottle-YX2203-150x150.webp 150w, https:\/\/theperfumebottles.com\/wp-content\/uploads\/2025\/04\/minimalist-perfume-bottle-YX2203-768x768.webp 768w, https:\/\/theperfumebottles.com\/wp-content\/uploads\/2025\/04\/minimalist-perfume-bottle-YX2203-12x12.webp 12w, https:\/\/theperfumebottles.com\/wp-content\/uploads\/2025\/04\/minimalist-perfume-bottle-YX2203-600x600.webp 600w, https:\/\/theperfumebottles.com\/wp-content\/uploads\/2025\/04\/minimalist-perfume-bottle-YX2203-100x100.webp 100w, https:\/\/theperfumebottles.com\/wp-content\/uploads\/2025\/04\/minimalist-perfume-bottle-YX2203.webp 1000w\" sizes=\"(max-width: 300px) 100vw, 300px\" \/><figcaption id=\"caption-attachment-3253\" class=\"wp-caption-text\">100ml PB-YX2203<\/figcaption><\/figure><\/td>\n<\/tr>\n<\/tbody>\n<\/table>\n<h2>Temel \u00d6zellikler<\/h2>\n<table style=\"border-collapse: collapse; width: 80%; margin-left: auto; margin-right: auto;\" border=\"0\" width=\"80%\" cellspacing=\"0\" cellpadding=\"0\">\n<tbody>\n<tr style=\"height: 13.50pt;\">\n<td style=\"height: 13.50pt; width: 98.25pt;\" width=\"131\" height=\"18\"><strong>Model<\/strong><\/td>\n<td style=\"width: 110.25pt;\" width=\"147\"><strong>PB-YX2201<\/strong><\/td>\n<td style=\"width: 111.75pt;\" width=\"149\"><strong>PB-YX2202<\/strong><\/td>\n<td style=\"width: 108.00pt;\" width=\"144\"><strong>PB-YX2203<\/strong><\/td>\n<\/tr>\n<tr style=\"height: 13.50pt;\">\n<td style=\"height: 13.50pt;\" height=\"18\"><strong>Kapasite<\/strong><\/td>\n<td>30 ml<\/td>\n<td>50 ml<\/td>\n<td>100 ml<\/td>\n<\/tr>\n<tr style=\"height: 13.50pt;\">\n<td style=\"height: 13.50pt;\" height=\"18\"><strong>Boyutlar<\/strong><\/td>\n<td>56 x 28 x 70 mm<\/td>\n<td>63 x 31 x 79 mm<\/td>\n<td>76 x 38 x 98 mm<\/td>\n<\/tr>\n<tr style=\"height: 13.50pt;\">\n<td style=\"height: 13.50pt;\" height=\"18\"><strong>Kapak \u00c7ap\u0131<\/strong><\/td>\n<td class=\"et2\" colspan=\"3\">15 mm<\/td>\n<\/tr>\n<tr style=\"height: 13.50pt;\">\n<td style=\"height: 13.50pt;\" height=\"18\"><strong>Kapak Renk Se\u00e7enekleri<\/strong><\/td>\n<td class=\"et2\" colspan=\"3\">G\u00fcm\u00fc\u015f, Alt\u0131n, Siyah<\/td>\n<\/tr>\n<tr style=\"height: 13.50pt;\">\n<td style=\"height: 13.50pt;\" height=\"18\"><strong>S\u0131zd\u0131rmazl\u0131k Tipi<\/strong><\/td>\n<td class=\"et2\" colspan=\"3\">K\u0131vr\u0131ml\u0131 boyun<\/td>\n<\/tr>\n<\/tbody>\n<\/table>\n<h2>\u00dcr\u00fcn paketleme fikirleri:<\/h2>\n<p>Avrupal\u0131 bir koku \u015firketi, \u00e7evreye duyarl\u0131 gen\u00e7lere y\u00f6nelik minimalist bir koku serisi geli\u015ftirmek i\u00e7in bize ba\u015fvurdu. Mat y\u00fczeyli 50 ml'lik bir cam \u015fi\u015fe ve basit, \u00e7evre dostu bir karton \u00fcr\u00fcn ambalaj\u0131n\u0131 ki\u015fiselle\u015ftirdik. Sonu\u00e7 olarak \u00fcr\u00fcn, \"sade tarz\u0131\" ve \"l\u00fcks hissi\" ile rekabet\u00e7i fiyat\u0131n\u0131 alk\u0131\u015flayan t\u00fcketicilerden olumlu geri d\u00f6n\u00fc\u015fler ald\u0131.<\/p>\n<h3>Ki\u015fiselle\u015ftirme ipu\u00e7lar\u0131:<\/h3>\n<ul>\n<li><strong>Biti\u015fler<\/strong>: Mat ve parlak cam y\u00fczeyler, \u00fcr\u00fcn\u00fcn\u00fcze estetik a\u00e7\u0131dan ilgi \u00e7ekicilik katabilir.<\/li>\n<li><strong>Logo<\/strong>: Lazer kaz\u0131ma veya s\u0131cak damgalama, \u00fcr\u00fcn\u00fcn\u00fcze birinci s\u0131n\u0131f bir his verebilir.<\/li>\n<li><strong>Kutular<\/strong>: Temel kutulardan l\u00fcks hediye setlerine kadar, perakende ve al\u0131\u015fveri\u015f i\u00e7in ideal.<\/li>\n<li><strong>Hedef kitle<\/strong>: Gotik d\u00fczenler belirli bir ni\u015f pazar\u0131 \u00e7ekebilir, minimal d\u00fczenler ise daha geni\u015f bir kitleyi \u00e7ekme e\u011filimindedir.<\/li>\n<\/ul>","protected":false},"excerpt":{"rendered":"<p>\u00c7a\u011fda\u015f koku markalar\u0131 i\u00e7in birinci s\u0131n\u0131f minimal parf\u00fcm \u015fi\u015felerini bulun. Modern parf\u00fcm \u015fi\u015felerini toptan sat\u0131n al\u0131n ve \u00fcr\u00fcn ambalaj\u0131n\u0131z\u0131 bug\u00fcn y\u00fckseltin.<\/p>","protected":false},"featured_media":3252,"comment_status":"open","ping_status":"closed","template":"","meta":{"_acf_changed":false,"site-sidebar-layout":"default","site-content-layout":"","ast-site-content-layout":"default","site-content-style":"default","site-sidebar-style":"default","ast-global-header-display":"","ast-banner-title-visibility":"","ast-main-header-display":"","ast-hfb-above-header-display":"","ast-hfb-below-header-display":"","ast-hfb-mobile-header-display":"","site-post-title":"","ast-breadcrumbs-content":"","ast-featured-img":"","footer-sml-layout":"","ast-disable-related-posts":"","theme-transparent-header-meta":"default","adv-header-id-meta":"","stick-header-meta":"","header-above-stick-meta":"","header-main-stick-meta":"","header-below-stick-meta":"","astra-migrate-meta-layouts":"set","ast-page-background-enabled":"default","ast-page-background-meta":{"desktop":{"background-color":"var(--ast-global-color-5)","background-image":"","background-repeat":"repeat","background-position":"center center","background-size":"auto","background-attachment":"scroll","background-type":"","background-media":"","overlay-type":"","overlay-color":"","overlay-opacity":"","overlay-gradient":""},"tablet":{"background-color":"","background-image":"","background-repeat":"repeat","background-position":"center center","background-size":"auto","background-attachment":"scroll","background-type":"","background-media":"","overlay-type":"","overlay-color":"","overlay-opacity":"","overlay-gradient":""},"mobile":{"background-color":"","background-image":"","background-repeat":"repeat","background-position":"center center","background-size":"auto","background-attachment":"scroll","background-type":"","background-media":"","overlay-type":"","overlay-color":"","overlay-opacity":"","overlay-gradient":""}},"ast-content-background-meta":{"desktop":{"background-color":"var(--ast-global-color-4)","background-image":"","background-repeat":"repeat","background-position":"center center","background-size":"auto","background-attachment":"scroll","background-type":"","background-media":"","overlay-type":"","overlay-color":"","overlay-opacity":"","overlay-gradient":""},"tablet":{"background-color":"var(--ast-global-color-4)","background-image":"","background-repeat":"repeat","background-position":"center center","background-size":"auto","background-attachment":"scroll","background-type":"","background-media":"","overlay-type":"","overlay-color":"","overlay-opacity":"","overlay-gradient":""},"mobile":{"background-color":"var(--ast-global-color-4)","background-image":"","background-repeat":"repeat","background-position":"center center","background-size":"auto","background-attachment":"scroll","background-type":"","background-media":"","overlay-type":"","overlay-color":"","overlay-opacity":"","overlay-gradient":""}}},"product_brand":[],"product_cat":[72,91,41],"product_tag":[],"class_list":{"0":"post-3250","1":"product","2":"type-product","3":"status-publish","4":"has-post-thumbnail","6":"product_cat-cosmetic-packaging","7":"product_cat-custom-perfume-bottles","8":"product_cat-perfume-bottles","9":"desktop-align-left","10":"tablet-align-left","11":"mobile-align-left","13":"first","14":"instock","15":"shipping-taxable","16":"product-type-simple"},"acf":[],"jetpack_sharing_enabled":true,"_links":{"self":[{"href":"https:\/\/theperfumebottles.com\/tr\/wp-json\/wp\/v2\/product\/3250","targetHints":{"allow":["GET"]}}],"collection":[{"href":"https:\/\/theperfumebottles.com\/tr\/wp-json\/wp\/v2\/product"}],"about":[{"href":"https:\/\/theperfumebottles.com\/tr\/wp-json\/wp\/v2\/types\/product"}],"replies":[{"embeddable":true,"href":"https:\/\/theperfumebottles.com\/tr\/wp-json\/wp\/v2\/comments?post=3250"}],"wp:featuredmedia":[{"embeddable":true,"href":"https:\/\/theperfumebottles.com\/tr\/wp-json\/wp\/v2\/media\/3252"}],"wp:attachment":[{"href":"https:\/\/theperfumebottles.com\/tr\/wp-json\/wp\/v2\/media?parent=3250"}],"wp:term":[{"taxonomy":"product_brand","embeddable":true,"href":"https:\/\/theperfumebottles.com\/tr\/wp-json\/wp\/v2\/product_brand?post=3250"},{"taxonomy":"product_cat","embeddable":true,"href":"https:\/\/theperfumebottles.com\/tr\/wp-json\/wp\/v2\/product_cat?post=3250"},{"taxonomy":"product_tag","embeddable":true,"href":"https:\/\/theperfumebottles.com\/tr\/wp-json\/wp\/v2\/product_tag?post=3250"}],"curies":[{"name":"wp","href":"https:\/\/api.w.org\/{rel}","templated":true}]}}