{"id":3264,"date":"2025-05-06T06:06:27","date_gmt":"2025-05-06T06:06:27","guid":{"rendered":"https:\/\/theperfumebottles.com\/?post_type=product&#038;p=3264"},"modified":"2025-05-23T13:10:13","modified_gmt":"2025-05-23T05:10:13","slug":"diamond-perfume-bottle-crystal-perfume-atomisers-for-custom-fragrance-brands","status":"publish","type":"product","link":"https:\/\/theperfumebottles.com\/tr\/urun\/diamond-perfume-bottle-crystal-perfume-atomisers-for-custom-fragrance-brands\/","title":{"rendered":"Diamond Parf\u00fcm \u015ei\u015fesi \u2013 \u00d6zel Parf\u00fcm Markalar\u0131 i\u00e7in Kristal Parf\u00fcm Atomizerleri"},"content":{"rendered":"<p>PB-YX24 serisi elmas parf\u00fcm \u015fi\u015felerimiz, bir a\u00e7\u0131klama yapmak isteyen parf\u00fcm markas\u0131 sahipleri ve toptanc\u0131lar i\u00e7in tasarlanm\u0131\u015ft\u0131r.<\/p>\n<table style=\"border-collapse: collapse; margin-left: auto; margin-right: auto; width: 162.03pt;\" border=\"0\" width=\"216\" cellspacing=\"0\" cellpadding=\"0\">\n<tbody>\n<tr style=\"height: 13.50pt;\">\n<td style=\"height: 13.50pt; width: 54.00pt;\" width=\"72\" height=\"18\">\n<p><figure id=\"attachment_3268\" aria-describedby=\"caption-attachment-3268\" style=\"width: 300px\" class=\"wp-caption aligncenter\"><img fetchpriority=\"high\" decoding=\"async\" class=\"wp-image-3268 size-medium\" src=\"https:\/\/theperfumebottles.com\/wp-content\/uploads\/2025\/05\/perfume-diamond-bottle-yx2401-300x300.webp\" alt=\"parf\u00fcm elmas \u015fi\u015fesi\" width=\"300\" height=\"300\" srcset=\"https:\/\/theperfumebottles.com\/wp-content\/uploads\/2025\/05\/perfume-diamond-bottle-yx2401-300x300.webp 300w, https:\/\/theperfumebottles.com\/wp-content\/uploads\/2025\/05\/perfume-diamond-bottle-yx2401-150x150.webp 150w, https:\/\/theperfumebottles.com\/wp-content\/uploads\/2025\/05\/perfume-diamond-bottle-yx2401-768x768.webp 768w, https:\/\/theperfumebottles.com\/wp-content\/uploads\/2025\/05\/perfume-diamond-bottle-yx2401-12x12.webp 12w, https:\/\/theperfumebottles.com\/wp-content\/uploads\/2025\/05\/perfume-diamond-bottle-yx2401-600x600.webp 600w, https:\/\/theperfumebottles.com\/wp-content\/uploads\/2025\/05\/perfume-diamond-bottle-yx2401-100x100.webp 100w, https:\/\/theperfumebottles.com\/wp-content\/uploads\/2025\/05\/perfume-diamond-bottle-yx2401.webp 1000w\" sizes=\"(max-width: 300px) 100vw, 300px\" \/><figcaption id=\"caption-attachment-3268\" class=\"wp-caption-text\">30ml PB-YX2401<\/figcaption><\/figure><\/td>\n<td style=\"width: 54.00pt;\" width=\"72\">\n<p><figure id=\"attachment_3269\" aria-describedby=\"caption-attachment-3269\" style=\"width: 300px\" class=\"wp-caption aligncenter\"><img decoding=\"async\" class=\"wp-image-3269 size-medium\" src=\"https:\/\/theperfumebottles.com\/wp-content\/uploads\/2025\/05\/perfume-diamond-bottle-yx2402-300x300.webp\" alt=\"parf\u00fcm elmas \u015fi\u015fesi\" width=\"300\" height=\"300\" srcset=\"https:\/\/theperfumebottles.com\/wp-content\/uploads\/2025\/05\/perfume-diamond-bottle-yx2402-300x300.webp 300w, https:\/\/theperfumebottles.com\/wp-content\/uploads\/2025\/05\/perfume-diamond-bottle-yx2402-150x150.webp 150w, https:\/\/theperfumebottles.com\/wp-content\/uploads\/2025\/05\/perfume-diamond-bottle-yx2402-768x768.webp 768w, https:\/\/theperfumebottles.com\/wp-content\/uploads\/2025\/05\/perfume-diamond-bottle-yx2402-12x12.webp 12w, https:\/\/theperfumebottles.com\/wp-content\/uploads\/2025\/05\/perfume-diamond-bottle-yx2402-600x600.webp 600w, https:\/\/theperfumebottles.com\/wp-content\/uploads\/2025\/05\/perfume-diamond-bottle-yx2402-100x100.webp 100w, https:\/\/theperfumebottles.com\/wp-content\/uploads\/2025\/05\/perfume-diamond-bottle-yx2402.webp 1000w\" sizes=\"(max-width: 300px) 100vw, 300px\" \/><figcaption id=\"caption-attachment-3269\" class=\"wp-caption-text\">50ml PB-YX2402<\/figcaption><\/figure><\/td>\n<td style=\"width: 54.00pt;\" width=\"72\">\n<p><figure id=\"attachment_3271\" aria-describedby=\"caption-attachment-3271\" style=\"width: 300px\" class=\"wp-caption aligncenter\"><img decoding=\"async\" class=\"wp-image-3271 size-medium\" src=\"https:\/\/theperfumebottles.com\/wp-content\/uploads\/2025\/05\/crystal-perfume-atomiser-yx2403-300x300.webp\" alt=\"kristal parf\u00fcm atomiz\u00f6r\u00fc\" width=\"300\" height=\"300\" srcset=\"https:\/\/theperfumebottles.com\/wp-content\/uploads\/2025\/05\/crystal-perfume-atomiser-yx2403-300x300.webp 300w, https:\/\/theperfumebottles.com\/wp-content\/uploads\/2025\/05\/crystal-perfume-atomiser-yx2403-150x150.webp 150w, https:\/\/theperfumebottles.com\/wp-content\/uploads\/2025\/05\/crystal-perfume-atomiser-yx2403-768x768.webp 768w, https:\/\/theperfumebottles.com\/wp-content\/uploads\/2025\/05\/crystal-perfume-atomiser-yx2403-12x12.webp 12w, https:\/\/theperfumebottles.com\/wp-content\/uploads\/2025\/05\/crystal-perfume-atomiser-yx2403-600x600.webp 600w, https:\/\/theperfumebottles.com\/wp-content\/uploads\/2025\/05\/crystal-perfume-atomiser-yx2403-100x100.webp 100w, https:\/\/theperfumebottles.com\/wp-content\/uploads\/2025\/05\/crystal-perfume-atomiser-yx2403.webp 1000w\" sizes=\"(max-width: 300px) 100vw, 300px\" \/><figcaption id=\"caption-attachment-3271\" class=\"wp-caption-text\">100ml PB-YX2403<\/figcaption><\/figure><\/td>\n<\/tr>\n<\/tbody>\n<\/table>\n<h2>Temel \u00d6zellikler<\/h2>\n<table style=\"border-collapse: collapse; margin-left: auto; margin-right: auto; width: 80%;\" border=\"0\" width=\"80%\" cellspacing=\"0\" cellpadding=\"0\">\n<tbody>\n<tr style=\"height: 13.50pt;\">\n<td style=\"height: 13.50pt; width: 82.50pt;\" width=\"110\" height=\"18\"><strong>Model<\/strong><\/td>\n<td style=\"width: 71.25pt;\" width=\"95\"><strong>Kalibre<\/strong><\/td>\n<td style=\"width: 68.25pt;\" width=\"91\"><strong>Kapasite<\/strong><\/td>\n<td style=\"width: 149.25pt;\" width=\"199\"><strong>Boyutlar (G x D x Y)<\/strong><\/td>\n<td style=\"width: 87.00pt;\" width=\"116\"><strong>Boyun Tipi<\/strong><\/td>\n<\/tr>\n<tr style=\"height: 13.50pt;\">\n<td style=\"height: 13.50pt;\" height=\"18\"><strong>PB-YX2401<\/strong><\/td>\n<td>15 mm<\/td>\n<td>30 ml<\/td>\n<td>44 x 34 x 77 mm<\/td>\n<td>K\u0131vr\u0131ml\u0131 boyun<\/td>\n<\/tr>\n<tr style=\"height: 13.50pt;\">\n<td style=\"height: 13.50pt;\" height=\"18\"><strong>PB-YX2402<\/strong><\/td>\n<td>15 mm<\/td>\n<td>50 ml<\/td>\n<td>50 x 39 x 87 mm<\/td>\n<td>K\u0131vr\u0131ml\u0131 boyun<\/td>\n<\/tr>\n<tr style=\"height: 13.50pt;\">\n<td style=\"height: 13.50pt;\" height=\"18\"><strong>PB-YX2403<\/strong><\/td>\n<td>15 mm<\/td>\n<td>100 ml<\/td>\n<td>60 x 47 x 110 mm<\/td>\n<td>K\u0131vr\u0131ml\u0131 boyun<\/td>\n<\/tr>\n<\/tbody>\n<\/table>\n<h2>Ambalaj \u00f6nerisi<\/h2>\n<p>Paris'ten bir butik parf\u00fcm markas\u0131 l\u00fcks bir ambalaj \u00e7\u00f6z\u00fcm\u00fc bulmak istedi. \u015eeffaf camdan yap\u0131lm\u0131\u015f, \u00f6zel alt\u0131n kapakl\u0131 ve s\u0131cak damgalama logolu PB-YX2403 modelimizi se\u00e7tiler. Parf\u00fcm sat\u0131\u015flar\u0131 iki ay i\u00e7inde 25% artt\u0131 ve 10% m\u00fc\u015fteri yeniden sat\u0131n alma oran\u0131 getirdi.<\/p>\n<p>Farkl\u0131 i\u015f ihtiya\u00e7lar\u0131n\u0131 kar\u015f\u0131lamak i\u00e7in 30ml, 50ml ve 100ml olmak \u00fczere \u00fc\u00e7 spesifikasyon sunuyoruz. Toplu sipari\u015fleri destekliyor ve markan\u0131z\u0131n verimli ve b\u00fcy\u00fck \u00f6l\u00e7ekte \u00e7al\u0131\u015fmas\u0131na yard\u0131mc\u0131 olmak i\u00e7in ambalaj \u00e7\u00f6z\u00fcmlerini esnek bir \u015fekilde \u00f6zelle\u015ftirebiliyoruz.<\/p>\n<p>&nbsp;<\/p>\n<h2>\u00d6zelle\u015ftirme \u0130pu\u00e7lar\u0131<\/h2>\n<p>En sevdi\u011finiz cam rengini se\u00e7in (\u015feffaf, kehribar, pembe, mavi, vb.)<\/p>\n<p>Kapak \u015feklini ve y\u00fczey i\u015flemini \u00f6zelle\u015ftirme<\/p>\n<p>Lazer kaz\u0131ma veya logo bask\u0131s\u0131 ekleyin<\/p>\n<p>&nbsp;<\/p>","protected":false},"excerpt":{"rendered":"<p>PB-YX24 serisi elmas parf\u00fcm \u015fi\u015felerimiz, bir a\u00e7\u0131klama yapmak isteyen parf\u00fcm markas\u0131 sahipleri ve toptanc\u0131lar i\u00e7in tasarlanm\u0131\u015ft\u0131r.<\/p>","protected":false},"featured_media":3269,"comment_status":"open","ping_status":"closed","template":"","meta":{"_acf_changed":false,"site-sidebar-layout":"default","site-content-layout":"","ast-site-content-layout":"default","site-content-style":"default","site-sidebar-style":"default","ast-global-header-display":"","ast-banner-title-visibility":"","ast-main-header-display":"","ast-hfb-above-header-display":"","ast-hfb-below-header-display":"","ast-hfb-mobile-header-display":"","site-post-title":"","ast-breadcrumbs-content":"","ast-featured-img":"","footer-sml-layout":"","ast-disable-related-posts":"","theme-transparent-header-meta":"default","adv-header-id-meta":"","stick-header-meta":"","header-above-stick-meta":"","header-main-stick-meta":"","header-below-stick-meta":"","astra-migrate-meta-layouts":"set","ast-page-background-enabled":"default","ast-page-background-meta":{"desktop":{"background-color":"var(--ast-global-color-5)","background-image":"","background-repeat":"repeat","background-position":"center center","background-size":"auto","background-attachment":"scroll","background-type":"","background-media":"","overlay-type":"","overlay-color":"","overlay-opacity":"","overlay-gradient":""},"tablet":{"background-color":"","background-image":"","background-repeat":"repeat","background-position":"center center","background-size":"auto","background-attachment":"scroll","background-type":"","background-media":"","overlay-type":"","overlay-color":"","overlay-opacity":"","overlay-gradient":""},"mobile":{"background-color":"","background-image":"","background-repeat":"repeat","background-position":"center center","background-size":"auto","background-attachment":"scroll","background-type":"","background-media":"","overlay-type":"","overlay-color":"","overlay-opacity":"","overlay-gradient":""}},"ast-content-background-meta":{"desktop":{"background-color":"var(--ast-global-color-4)","background-image":"","background-repeat":"repeat","background-position":"center center","background-size":"auto","background-attachment":"scroll","background-type":"","background-media":"","overlay-type":"","overlay-color":"","overlay-opacity":"","overlay-gradient":""},"tablet":{"background-color":"var(--ast-global-color-4)","background-image":"","background-repeat":"repeat","background-position":"center center","background-size":"auto","background-attachment":"scroll","background-type":"","background-media":"","overlay-type":"","overlay-color":"","overlay-opacity":"","overlay-gradient":""},"mobile":{"background-color":"var(--ast-global-color-4)","background-image":"","background-repeat":"repeat","background-position":"center center","background-size":"auto","background-attachment":"scroll","background-type":"","background-media":"","overlay-type":"","overlay-color":"","overlay-opacity":"","overlay-gradient":""}}},"product_brand":[],"product_cat":[72,91,41],"product_tag":[],"class_list":{"0":"post-3264","1":"product","2":"type-product","3":"status-publish","4":"has-post-thumbnail","6":"product_cat-cosmetic-packaging","7":"product_cat-custom-perfume-bottles","8":"product_cat-perfume-bottles","9":"desktop-align-left","10":"tablet-align-left","11":"mobile-align-left","13":"first","14":"instock","15":"shipping-taxable","16":"product-type-simple"},"acf":[],"jetpack_sharing_enabled":true,"_links":{"self":[{"href":"https:\/\/theperfumebottles.com\/tr\/wp-json\/wp\/v2\/product\/3264","targetHints":{"allow":["GET"]}}],"collection":[{"href":"https:\/\/theperfumebottles.com\/tr\/wp-json\/wp\/v2\/product"}],"about":[{"href":"https:\/\/theperfumebottles.com\/tr\/wp-json\/wp\/v2\/types\/product"}],"replies":[{"embeddable":true,"href":"https:\/\/theperfumebottles.com\/tr\/wp-json\/wp\/v2\/comments?post=3264"}],"wp:featuredmedia":[{"embeddable":true,"href":"https:\/\/theperfumebottles.com\/tr\/wp-json\/wp\/v2\/media\/3269"}],"wp:attachment":[{"href":"https:\/\/theperfumebottles.com\/tr\/wp-json\/wp\/v2\/media?parent=3264"}],"wp:term":[{"taxonomy":"product_brand","embeddable":true,"href":"https:\/\/theperfumebottles.com\/tr\/wp-json\/wp\/v2\/product_brand?post=3264"},{"taxonomy":"product_cat","embeddable":true,"href":"https:\/\/theperfumebottles.com\/tr\/wp-json\/wp\/v2\/product_cat?post=3264"},{"taxonomy":"product_tag","embeddable":true,"href":"https:\/\/theperfumebottles.com\/tr\/wp-json\/wp\/v2\/product_tag?post=3264"}],"curies":[{"name":"wp","href":"https:\/\/api.w.org\/{rel}","templated":true}]}}