{"id":3272,"date":"2025-05-07T08:01:39","date_gmt":"2025-05-07T08:01:39","guid":{"rendered":"https:\/\/theperfumebottles.com\/?post_type=product&#038;p=3272"},"modified":"2025-05-12T05:20:09","modified_gmt":"2025-05-12T05:20:09","slug":"tall-100ml-perfume-glass-bottle-custom-scent-containers","status":"publish","type":"product","link":"https:\/\/theperfumebottles.com\/tr\/urun\/tall-100ml-perfume-glass-bottle-custom-scent-containers\/","title":{"rendered":"100 ml&#039;lik Uzun Parf\u00fcm Cam \u015ei\u015fesi | \u00d6zel Koku Kaplar\u0131"},"content":{"rendered":"<p>Yuvarlak tasar\u0131ml\u0131 PB-YZ01 3,4oz\/100ml parf\u00fcm cam \u015fi\u015femiz rafta g\u00f6r\u00fcn\u00fcrl\u00fc\u011f\u00fc en \u00fcst d\u00fczeye \u00e7\u0131kar\u0131rken, p\u00fcsk\u00fcrtme mekanizmas\u0131 hassas bir p\u00fcsk\u00fcrtme sa\u011flar. \u0130ster koku ya\u011flar\u0131n\u0131z i\u00e7in \u015f\u0131k bir koku kab\u0131na, ister ana koku koleksiyonunuz i\u00e7in toplu bir cam \u015fi\u015feye ihtiyac\u0131n\u0131z olsun, PB-YX2401 sizi korur.<\/p>\n<h2>Temel \u00d6zellikler<\/h2>\n<table style=\"border-collapse: collapse; margin-left: auto; margin-right: auto; width: 80%;\" border=\"0\" width=\"80%\" cellspacing=\"0\" cellpadding=\"0\">\n<tbody>\n<tr style=\"height: 13.50pt;\">\n<td style=\"height: 13.50pt; width: 126.00pt;\" width=\"168\" height=\"18\"><strong>Model<\/strong><\/td>\n<td style=\"width: 326.25pt;\" width=\"435\">PB-YZ01<\/td>\n<\/tr>\n<tr style=\"height: 13.50pt;\">\n<td style=\"height: 13.50pt;\" height=\"18\"><strong>Kapasite<\/strong><\/td>\n<td>100 ml<\/td>\n<\/tr>\n<tr style=\"height: 13.50pt;\">\n<td style=\"height: 13.50pt;\" height=\"18\"><strong>Boyutlar<\/strong><\/td>\n<td>55 x 114 mm<\/td>\n<\/tr>\n<tr style=\"height: 13.50pt;\">\n<td style=\"height: 13.50pt;\" height=\"18\"><strong>Kalibre<\/strong><\/td>\n<td>15 mm<\/td>\n<\/tr>\n<tr style=\"height: 13.50pt;\">\n<td style=\"height: 13.50pt;\" height=\"18\"><strong>Malzeme<\/strong><\/td>\n<td>Kristal cam, akrilik kapak<\/td>\n<\/tr>\n<tr style=\"height: 13.50pt;\">\n<td style=\"height: 13.50pt;\" height=\"18\"><strong>Conta Tipi<\/strong><\/td>\n<td>P\u00fcsk\u00fcrtme pompal\u0131 k\u0131vr\u0131ml\u0131 boyun<\/td>\n<\/tr>\n<tr style=\"height: 13.50pt;\">\n<td style=\"height: 13.50pt;\" height=\"18\"><strong>Malzemeler<\/strong><\/td>\n<td>Kristal cam, akrilik kapak, metal\/plastik pompa<\/td>\n<\/tr>\n<\/tbody>\n<\/table>\n<h2>Ambalaj \u00d6nerileri<\/h2>\n<p>Bir Frans\u0131z parf\u00fcm markas\u0131, 100ml cam parf\u00fcm \u015fi\u015felerimizi kullanarak yeni Jasmine koleksiyonunun sat\u0131\u015flar\u0131n\u0131 27% art\u0131rd\u0131. Aynal\u0131 alt\u0131n kapak, \"uygun fiyatl\u0131 l\u00fcks\" marka konumland\u0131rmas\u0131n\u0131 tamamlayarak \u00e7i\u00e7ek suyunun bile l\u00fcks hissettirebilece\u011fini kan\u0131tl\u0131yor.<\/p>\n<h3>\u00d6zelle\u015ftirme \u0130pu\u00e7lar\u0131<\/h3>\n<p>Renk E\u015fle\u015ftirme: Sade bir estetik i\u00e7in mat beyaz gibi yumu\u015fak bir renk tonu veya ni\u015f bir koku i\u00e7in cesur bir amber se\u00e7in.<\/p>\n<p>Kapak Dekorasyonu: Parlak \u015fi\u015feye kontrast olu\u015fturmak i\u00e7in mat bir y\u00fczey veya \u00f6zel bir logo kabartmas\u0131 ekleyin.<\/p>\n<p>Pompa Ba\u015fl\u0131\u011f\u0131 Se\u00e7enekleri: Y\u00fcksek kaliteli kolonyalar i\u00e7in metal atomiz\u00f6rleri veya uygun fiyata toplu sipari\u015fler i\u00e7in plastik pompa ba\u015fl\u0131klar\u0131n\u0131 se\u00e7in.<\/p>","protected":false},"excerpt":{"rendered":"<p>L\u00fcks parf\u00fcm kokusu \u015fi\u015fesi ambalaj\u0131 i\u00e7in haz\u0131rlanm\u0131\u015f birinci s\u0131n\u0131f 100ml parf\u00fcm cam \u015fi\u015felerini ke\u015ffedin. \u00d6zelle\u015ftirilebilir, s\u0131zd\u0131rmaz ve toplu sipari\u015f se\u00e7enekleri mevcuttur.<\/p>","protected":false},"featured_media":3274,"comment_status":"open","ping_status":"closed","template":"","meta":{"_acf_changed":false,"site-sidebar-layout":"default","site-content-layout":"","ast-site-content-layout":"default","site-content-style":"default","site-sidebar-style":"default","ast-global-header-display":"","ast-banner-title-visibility":"","ast-main-header-display":"","ast-hfb-above-header-display":"","ast-hfb-below-header-display":"","ast-hfb-mobile-header-display":"","site-post-title":"","ast-breadcrumbs-content":"","ast-featured-img":"","footer-sml-layout":"","ast-disable-related-posts":"","theme-transparent-header-meta":"default","adv-header-id-meta":"","stick-header-meta":"","header-above-stick-meta":"","header-main-stick-meta":"","header-below-stick-meta":"","astra-migrate-meta-layouts":"set","ast-page-background-enabled":"default","ast-page-background-meta":{"desktop":{"background-color":"var(--ast-global-color-5)","background-image":"","background-repeat":"repeat","background-position":"center center","background-size":"auto","background-attachment":"scroll","background-type":"","background-media":"","overlay-type":"","overlay-color":"","overlay-opacity":"","overlay-gradient":""},"tablet":{"background-color":"","background-image":"","background-repeat":"repeat","background-position":"center center","background-size":"auto","background-attachment":"scroll","background-type":"","background-media":"","overlay-type":"","overlay-color":"","overlay-opacity":"","overlay-gradient":""},"mobile":{"background-color":"","background-image":"","background-repeat":"repeat","background-position":"center center","background-size":"auto","background-attachment":"scroll","background-type":"","background-media":"","overlay-type":"","overlay-color":"","overlay-opacity":"","overlay-gradient":""}},"ast-content-background-meta":{"desktop":{"background-color":"var(--ast-global-color-4)","background-image":"","background-repeat":"repeat","background-position":"center center","background-size":"auto","background-attachment":"scroll","background-type":"","background-media":"","overlay-type":"","overlay-color":"","overlay-opacity":"","overlay-gradient":""},"tablet":{"background-color":"var(--ast-global-color-4)","background-image":"","background-repeat":"repeat","background-position":"center center","background-size":"auto","background-attachment":"scroll","background-type":"","background-media":"","overlay-type":"","overlay-color":"","overlay-opacity":"","overlay-gradient":""},"mobile":{"background-color":"var(--ast-global-color-4)","background-image":"","background-repeat":"repeat","background-position":"center center","background-size":"auto","background-attachment":"scroll","background-type":"","background-media":"","overlay-type":"","overlay-color":"","overlay-opacity":"","overlay-gradient":""}}},"product_brand":[],"product_cat":[72,91,41],"product_tag":[],"class_list":{"0":"post-3272","1":"product","2":"type-product","3":"status-publish","4":"has-post-thumbnail","6":"product_cat-cosmetic-packaging","7":"product_cat-custom-perfume-bottles","8":"product_cat-perfume-bottles","9":"desktop-align-left","10":"tablet-align-left","11":"mobile-align-left","13":"first","14":"instock","15":"shipping-taxable","16":"product-type-simple"},"acf":[],"jetpack_sharing_enabled":true,"_links":{"self":[{"href":"https:\/\/theperfumebottles.com\/tr\/wp-json\/wp\/v2\/product\/3272","targetHints":{"allow":["GET"]}}],"collection":[{"href":"https:\/\/theperfumebottles.com\/tr\/wp-json\/wp\/v2\/product"}],"about":[{"href":"https:\/\/theperfumebottles.com\/tr\/wp-json\/wp\/v2\/types\/product"}],"replies":[{"embeddable":true,"href":"https:\/\/theperfumebottles.com\/tr\/wp-json\/wp\/v2\/comments?post=3272"}],"wp:featuredmedia":[{"embeddable":true,"href":"https:\/\/theperfumebottles.com\/tr\/wp-json\/wp\/v2\/media\/3274"}],"wp:attachment":[{"href":"https:\/\/theperfumebottles.com\/tr\/wp-json\/wp\/v2\/media?parent=3272"}],"wp:term":[{"taxonomy":"product_brand","embeddable":true,"href":"https:\/\/theperfumebottles.com\/tr\/wp-json\/wp\/v2\/product_brand?post=3272"},{"taxonomy":"product_cat","embeddable":true,"href":"https:\/\/theperfumebottles.com\/tr\/wp-json\/wp\/v2\/product_cat?post=3272"},{"taxonomy":"product_tag","embeddable":true,"href":"https:\/\/theperfumebottles.com\/tr\/wp-json\/wp\/v2\/product_tag?post=3272"}],"curies":[{"name":"wp","href":"https:\/\/api.w.org\/{rel}","templated":true}]}}