{"id":3292,"date":"2025-05-12T03:29:57","date_gmt":"2025-05-12T03:29:57","guid":{"rendered":"https:\/\/theperfumebottles.com\/?post_type=product&#038;p=3292"},"modified":"2025-05-12T03:41:05","modified_gmt":"2025-05-12T03:41:05","slug":"90-ml-3-oz-cologne-bottle-with-ball-cap","status":"publish","type":"product","link":"https:\/\/theperfumebottles.com\/tr\/urun\/90-ml-3-oz-cologne-bottle-with-ball-cap\/","title":{"rendered":"90 ml 3 oz Kolonya \u015ei\u015fesi ve Top Kapak"},"content":{"rendered":"<p>PB-YZ03 parf\u00fcm \u015fi\u015femiz minimalizmin cesur tasar\u0131mla bulu\u015ftu\u011fu yerdir. Bu 3 oz'luk kolonya \u015fi\u015fesi bir ambalajdan \u00e7ok daha fazlas\u0131d\u0131r; bir hikaye anlat\u0131c\u0131s\u0131d\u0131r. PB-YZ03 parf\u00fcm \u015fi\u015fesi, parf\u00fcm\u00fc g\u00fcnl\u00fck bir spreyden giyilebilir bir sanat eserine y\u00fckseltir. Bug\u00fcn bir numune sipari\u015f edin ve kendi imza g\u00f6r\u00fcn\u00fcm\u00fcn\u00fcz\u00fc yaratmam\u0131za izin verin.<\/p>\n<figure id=\"attachment_3291\" aria-describedby=\"caption-attachment-3291\" style=\"width: 500px\" class=\"wp-caption aligncenter\"><img fetchpriority=\"high\" decoding=\"async\" class=\"wp-image-3291\" src=\"https:\/\/theperfumebottles.com\/wp-content\/uploads\/2025\/05\/90-ml-perfume-bottles-yz03.webp\" alt=\"Top Kapakl\u0131 Premium 90 ml 3 oz Kolonya \u015ei\u015fesi\" width=\"500\" height=\"500\" srcset=\"https:\/\/theperfumebottles.com\/wp-content\/uploads\/2025\/05\/90-ml-perfume-bottles-yz03.webp 1000w, https:\/\/theperfumebottles.com\/wp-content\/uploads\/2025\/05\/90-ml-perfume-bottles-yz03-300x300.webp 300w, https:\/\/theperfumebottles.com\/wp-content\/uploads\/2025\/05\/90-ml-perfume-bottles-yz03-150x150.webp 150w, https:\/\/theperfumebottles.com\/wp-content\/uploads\/2025\/05\/90-ml-perfume-bottles-yz03-768x768.webp 768w, https:\/\/theperfumebottles.com\/wp-content\/uploads\/2025\/05\/90-ml-perfume-bottles-yz03-12x12.webp 12w, https:\/\/theperfumebottles.com\/wp-content\/uploads\/2025\/05\/90-ml-perfume-bottles-yz03-600x600.webp 600w, https:\/\/theperfumebottles.com\/wp-content\/uploads\/2025\/05\/90-ml-perfume-bottles-yz03-100x100.webp 100w\" sizes=\"(max-width: 500px) 100vw, 500px\" \/><figcaption id=\"caption-attachment-3291\" class=\"wp-caption-text\">90 ml K\u00fcresel Kapakl\u0131 Parf\u00fcm \u015ei\u015fesi<\/figcaption><\/figure>\n<h2>Temel \u00d6zellikler<\/h2>\n<table style=\"border-collapse: collapse; margin-left: auto; margin-right: auto; width: 80%;\" border=\"0\" width=\"80%\" cellspacing=\"0\" cellpadding=\"0\">\n<tbody>\n<tr style=\"height: 13.50pt;\">\n<td style=\"height: 13.50pt; width: 105.00pt;\" width=\"140\" height=\"18\"><strong>Ba\u011flanmak<\/strong><\/td>\n<td style=\"width: 257.25pt;\" width=\"343\"><strong>Detay<\/strong><\/td>\n<\/tr>\n<tr style=\"height: 13.50pt;\">\n<td style=\"height: 13.50pt;\" height=\"18\"><strong>Kapasite<\/strong><\/td>\n<td>90ml (3 oz)<\/td>\n<\/tr>\n<tr style=\"height: 13.50pt;\">\n<td style=\"height: 13.50pt;\" height=\"18\"><strong>Malzeme<\/strong><\/td>\n<td>Kristal cam<\/td>\n<\/tr>\n<tr style=\"height: 13.50pt;\">\n<td style=\"height: 13.50pt;\" height=\"18\"><strong>Boyutlar<\/strong><\/td>\n<td>60mm x 95mm<\/td>\n<\/tr>\n<tr style=\"height: 13.50pt;\">\n<td style=\"height: 13.50pt;\" height=\"18\"><strong>Kalibre<\/strong><\/td>\n<td>15 mm di\u015fli a\u00e7\u0131kl\u0131k<\/td>\n<\/tr>\n<tr style=\"height: 13.50pt;\">\n<td style=\"height: 13.50pt;\" height=\"18\"><strong>M\u00fch\u00fcr Tipi<\/strong><\/td>\n<td>K\u0131vr\u0131ml\u0131 boyun + atomizer<\/td>\n<\/tr>\n<tr style=\"height: 13.50pt;\">\n<td style=\"height: 13.50pt;\" height=\"18\"><strong>Renk Se\u00e7enekleri<\/strong><\/td>\n<td>\u015eeffaf cam, \u00f6zelle\u015ftirilebilir kapak<\/td>\n<\/tr>\n<\/tbody>\n<\/table>\n<h2>Bu \u015fi\u015fe neden sizin i\u00e7in do\u011fru?<\/h2>\n<p>\u0130ster 3 oz'luk bir erkek kolonyas\u0131 \u015fi\u015fesi ister \u00e7i\u00e7eksi bir parf\u00fcm sisi yarat\u0131yor olun, bu tasar\u0131m m\u00fckemmel uyum sa\u011flar. 15 mm'lik boyun end\u00fcstri standard\u0131 atomiz\u00f6rlerin \u00e7o\u011funa uyar ve cam, hassas koku ya\u011flar\u0131n\u0131 UV hasar\u0131ndan korur.<\/p>\n<h2>Ambalaj \u00d6nerileri<\/h2>\n<p>Ni\u015f bir botanik koku markas\u0131 yeni koleksiyonu i\u00e7in bu 90 ml'lik parf\u00fcm \u015fi\u015fesini se\u00e7ti. \u00c7arp\u0131c\u0131 mavi kapa\u011f\u0131 ve serigrafi logosu marka imaj\u0131n\u0131 tamamlayarak ilk \u00e7eyrekte 18%'lik sat\u0131\u015f art\u0131\u015f\u0131 sa\u011flad\u0131. S\u0131n\u0131rl\u0131 say\u0131da \u00fcretilen \u00fcr\u00fcn \u00fc\u00e7 hafta i\u00e7inde t\u00fckendi.<\/p>\n<h3>\u00d6zelle\u015ftirme \u0130pu\u00e7lar\u0131\uff1a<\/h3>\n<ul>\n<li>L\u00fcks seri metalik \u015fi\u015fe kapa\u011f\u0131 (alt\u0131n veya pembe alt\u0131n) se\u00e7ebilir.<\/li>\n<li>Organik temal\u0131 koku serisi, yar\u0131 saydam kapakl\u0131 mat bir sprey se\u00e7ebilir.<\/li>\n<li>Toplu sipari\u015f, yeni sezon \u00fcr\u00fcnlerinin piyasaya s\u00fcr\u00fclme maliyetini azaltabilir.<\/li>\n<\/ul>\n<h3>Startup'lar i\u00e7in:<\/h3>\n<p>Tasar\u0131m\u0131 test etmek i\u00e7in k\u00fc\u00e7\u00fck bir parti (50 adet) ile ba\u015flay\u0131n. K\u00f6kl\u00fc markalar k\u00fcresel pazarlama kampanyalar\u0131 ba\u015flatmak i\u00e7in toptan indirimleri kullanabilir. Stok \u015fi\u015felerimizi tam \u00f6zelle\u015ftirme yerine hafif \u00f6zelle\u015ftirme ile sat\u0131n almak, markan\u0131n ilk a\u015famalar\u0131nda maliyetleri kontrol etmeye yard\u0131mc\u0131 olacakt\u0131r.<\/p>","protected":false},"excerpt":{"rendered":"<p>Koku markan\u0131z\u0131 3 oz kolonya \u015fi\u015femizle y\u00fckseltin. 90 ml parf\u00fcm \u015fi\u015fesi, \u00f6zelle\u015ftirilebilir se\u00e7enekler, toplu sipari\u015fler. L\u00fcks ve zanaatkar markalar i\u00e7in m\u00fckemmeldir.<\/p>","protected":false},"featured_media":3290,"comment_status":"open","ping_status":"closed","template":"","meta":{"_acf_changed":false,"site-sidebar-layout":"default","site-content-layout":"","ast-site-content-layout":"default","site-content-style":"default","site-sidebar-style":"default","ast-global-header-display":"","ast-banner-title-visibility":"","ast-main-header-display":"","ast-hfb-above-header-display":"","ast-hfb-below-header-display":"","ast-hfb-mobile-header-display":"","site-post-title":"","ast-breadcrumbs-content":"","ast-featured-img":"","footer-sml-layout":"","ast-disable-related-posts":"","theme-transparent-header-meta":"default","adv-header-id-meta":"","stick-header-meta":"","header-above-stick-meta":"","header-main-stick-meta":"","header-below-stick-meta":"","astra-migrate-meta-layouts":"set","ast-page-background-enabled":"default","ast-page-background-meta":{"desktop":{"background-color":"var(--ast-global-color-5)","background-image":"","background-repeat":"repeat","background-position":"center center","background-size":"auto","background-attachment":"scroll","background-type":"","background-media":"","overlay-type":"","overlay-color":"","overlay-opacity":"","overlay-gradient":""},"tablet":{"background-color":"","background-image":"","background-repeat":"repeat","background-position":"center center","background-size":"auto","background-attachment":"scroll","background-type":"","background-media":"","overlay-type":"","overlay-color":"","overlay-opacity":"","overlay-gradient":""},"mobile":{"background-color":"","background-image":"","background-repeat":"repeat","background-position":"center center","background-size":"auto","background-attachment":"scroll","background-type":"","background-media":"","overlay-type":"","overlay-color":"","overlay-opacity":"","overlay-gradient":""}},"ast-content-background-meta":{"desktop":{"background-color":"var(--ast-global-color-4)","background-image":"","background-repeat":"repeat","background-position":"center center","background-size":"auto","background-attachment":"scroll","background-type":"","background-media":"","overlay-type":"","overlay-color":"","overlay-opacity":"","overlay-gradient":""},"tablet":{"background-color":"var(--ast-global-color-4)","background-image":"","background-repeat":"repeat","background-position":"center center","background-size":"auto","background-attachment":"scroll","background-type":"","background-media":"","overlay-type":"","overlay-color":"","overlay-opacity":"","overlay-gradient":""},"mobile":{"background-color":"var(--ast-global-color-4)","background-image":"","background-repeat":"repeat","background-position":"center center","background-size":"auto","background-attachment":"scroll","background-type":"","background-media":"","overlay-type":"","overlay-color":"","overlay-opacity":"","overlay-gradient":""}}},"product_brand":[],"product_cat":[72,91,41],"product_tag":[],"class_list":{"0":"post-3292","1":"product","2":"type-product","3":"status-publish","4":"has-post-thumbnail","6":"product_cat-cosmetic-packaging","7":"product_cat-custom-perfume-bottles","8":"product_cat-perfume-bottles","9":"desktop-align-left","10":"tablet-align-left","11":"mobile-align-left","13":"first","14":"instock","15":"shipping-taxable","16":"product-type-simple"},"acf":[],"jetpack_sharing_enabled":true,"_links":{"self":[{"href":"https:\/\/theperfumebottles.com\/tr\/wp-json\/wp\/v2\/product\/3292","targetHints":{"allow":["GET"]}}],"collection":[{"href":"https:\/\/theperfumebottles.com\/tr\/wp-json\/wp\/v2\/product"}],"about":[{"href":"https:\/\/theperfumebottles.com\/tr\/wp-json\/wp\/v2\/types\/product"}],"replies":[{"embeddable":true,"href":"https:\/\/theperfumebottles.com\/tr\/wp-json\/wp\/v2\/comments?post=3292"}],"wp:featuredmedia":[{"embeddable":true,"href":"https:\/\/theperfumebottles.com\/tr\/wp-json\/wp\/v2\/media\/3290"}],"wp:attachment":[{"href":"https:\/\/theperfumebottles.com\/tr\/wp-json\/wp\/v2\/media?parent=3292"}],"wp:term":[{"taxonomy":"product_brand","embeddable":true,"href":"https:\/\/theperfumebottles.com\/tr\/wp-json\/wp\/v2\/product_brand?post=3292"},{"taxonomy":"product_cat","embeddable":true,"href":"https:\/\/theperfumebottles.com\/tr\/wp-json\/wp\/v2\/product_cat?post=3292"},{"taxonomy":"product_tag","embeddable":true,"href":"https:\/\/theperfumebottles.com\/tr\/wp-json\/wp\/v2\/product_tag?post=3292"}],"curies":[{"name":"wp","href":"https:\/\/api.w.org\/{rel}","templated":true}]}}