{"id":3300,"date":"2025-05-12T06:03:14","date_gmt":"2025-05-12T06:03:14","guid":{"rendered":"https:\/\/theperfumebottles.com\/?post_type=product&#038;p=3300"},"modified":"2025-05-23T11:48:09","modified_gmt":"2025-05-23T03:48:09","slug":"55ml-portable-perfume-bottles-with-diamond-cap","status":"publish","type":"product","link":"https:\/\/theperfumebottles.com\/tr\/urun\/55ml-portable-perfume-bottles-with-diamond-cap\/","title":{"rendered":"Elmas Kapakl\u0131 55 ml Ta\u015f\u0131nabilir Parf\u00fcm \u015ei\u015fesi"},"content":{"rendered":"<p>\u00dcst d\u00fczey kokular i\u00e7in premium 55ml mobil koku \u015fi\u015feleri. Ayarlanabilir cam spay d\u00fczenleri, toplu sipari\u015fler ve aerodinamik paketleme - parf\u00fcm markalar\u0131 ve toptanc\u0131lar i\u00e7in m\u00fckemmel. PB-YZ05 ta\u015f\u0131nabilir parf\u00fcm \u015fi\u015femiz sadece \u00fcr\u00fcn ambalaj\u0131ndan daha fazlas\u0131d\u0131r; bir sohbet ba\u015flat\u0131c\u0131d\u0131r.<\/p>\n<p>Modern kad\u0131nlar yanlar\u0131nda parf\u00fcm ta\u015f\u0131may\u0131 giderek daha fazla seviyor. En sevdikleri kokuyu her zaman kullanabilirler. \u0130ster ferah ve zarif bir parf\u00fcm, ister yo\u011fun bir kolonya olsun, \u015fi\u015feyi markan\u0131z\u0131n tarz\u0131na uyacak \u015fekilde \u00f6zelle\u015ftirebiliriz. Toplu sipari\u015f, kaliteden \u00f6d\u00fcn vermeden maliyet tasarrufu sa\u011flayabilir.<\/p>\n<figure id=\"attachment_3296\" aria-describedby=\"caption-attachment-3296\" style=\"width: 500px\" class=\"wp-caption aligncenter\"><img fetchpriority=\"high\" decoding=\"async\" class=\"wp-image-3296\" src=\"https:\/\/theperfumebottles.com\/wp-content\/uploads\/2025\/05\/portable-perfume-bottle-yz05pb.webp\" alt=\"ta\u015f\u0131nabilir parf\u00fcm \u015fi\u015fesi\" width=\"500\" height=\"500\" srcset=\"https:\/\/theperfumebottles.com\/wp-content\/uploads\/2025\/05\/portable-perfume-bottle-yz05pb.webp 1000w, https:\/\/theperfumebottles.com\/wp-content\/uploads\/2025\/05\/portable-perfume-bottle-yz05pb-300x300.webp 300w, https:\/\/theperfumebottles.com\/wp-content\/uploads\/2025\/05\/portable-perfume-bottle-yz05pb-150x150.webp 150w, https:\/\/theperfumebottles.com\/wp-content\/uploads\/2025\/05\/portable-perfume-bottle-yz05pb-768x768.webp 768w, https:\/\/theperfumebottles.com\/wp-content\/uploads\/2025\/05\/portable-perfume-bottle-yz05pb-12x12.webp 12w, https:\/\/theperfumebottles.com\/wp-content\/uploads\/2025\/05\/portable-perfume-bottle-yz05pb-600x600.webp 600w, https:\/\/theperfumebottles.com\/wp-content\/uploads\/2025\/05\/portable-perfume-bottle-yz05pb-100x100.webp 100w\" sizes=\"(max-width: 500px) 100vw, 500px\" \/><figcaption id=\"caption-attachment-3296\" class=\"wp-caption-text\">55ml ta\u015f\u0131nabilir parf\u00fcm \u015fi\u015fesi<\/figcaption><\/figure>\n<h2>Temel \u00d6zellikler<\/h2>\n<p>&nbsp;<\/p>\n<table style=\"border-collapse: collapse; margin-left: auto; margin-right: auto; width: 80%;\" border=\"0\" width=\"80%\" cellspacing=\"0\" cellpadding=\"0\">\n<tbody>\n<tr style=\"height: 13.50pt;\">\n<td style=\"height: 13.50pt; width: 102.00pt;\" width=\"136\" height=\"18\"><strong>Model<\/strong><\/td>\n<td style=\"width: 219.00pt;\" width=\"292\">PB-YZ05<\/td>\n<\/tr>\n<tr style=\"height: 13.50pt;\">\n<td style=\"height: 13.50pt;\" height=\"18\"><strong>Kapasite<\/strong><\/td>\n<td>55ml<\/td>\n<\/tr>\n<tr style=\"height: 13.50pt;\">\n<td style=\"height: 13.50pt;\" height=\"18\"><strong>Boyutlar<\/strong><\/td>\n<td>40mm (\u00e7ap) x 102mm (y\u00fckseklik)<\/td>\n<\/tr>\n<tr style=\"height: 13.50pt;\">\n<td style=\"height: 13.50pt;\" height=\"18\"><strong>Kalibre<\/strong><\/td>\n<td>15 mm<\/td>\n<\/tr>\n<tr style=\"height: 13.50pt;\">\n<td style=\"height: 13.50pt;\" height=\"18\"><strong>Malzeme<\/strong><\/td>\n<td>Kristal cam, akrilik kapak, metal aksan<\/td>\n<\/tr>\n<tr style=\"height: 13.50pt;\">\n<td style=\"height: 13.50pt;\" height=\"18\"><strong>M\u00fch\u00fcr Tipi<\/strong><\/td>\n<td>K\u0131vr\u0131ml\u0131 boyun + p\u00fcsk\u00fcrt\u00fcc\u00fc<\/td>\n<\/tr>\n<tr style=\"height: 13.50pt;\">\n<td style=\"height: 13.50pt;\" height=\"18\"><strong>Renk<\/strong><\/td>\n<td>\u00f6zelle\u015ftirilebilir<\/td>\n<\/tr>\n<\/tbody>\n<\/table>\n<h2>\u00dcr\u00fcn ambalaj kutusu:<\/h2>\n<p>Belirli bir ni\u015f \u00fcst d\u00fczey koku markas\u0131, 55 ml'lik ta\u015f\u0131nabilir parf\u00fcm sprey \u015fi\u015femizi, \"\u0131\u015f\u0131lt\u0131l\u0131 sofistike\" tarz\u0131yla e\u015fle\u015fen ve tatil sezonu boyunca 32%'nin sat\u0131\u015flar\u0131n\u0131 geli\u015ftiren etiket etiketleri, alt\u0131n bir pompa ve omuz tasar\u0131mlar\u0131yla ki\u015fiselle\u015ftirdi.<\/p>\n<h3>\u00d6zelle\u015ftirme i\u015faret\u00e7ileri:<\/h3>\n<ul>\n<li>Marka bilinirli\u011fini art\u0131rmak i\u00e7in cam ve kapak \u00fczerine marka logonuzu ekleyin.<\/li>\n<li>Kapak rengi kokuya uygun olmal\u0131d\u0131r (\u00f6rne\u011fin, g\u00fcl kokusu i\u00e7in pembe).<\/li>\n<li>Toptan sipari\u015f verirken, birinci s\u0131n\u0131f estetik \u00fcr\u00fcn ambalaj\u0131 olu\u015fturmak i\u00e7in kadife bir po\u015fetle e\u015fle\u015ftirebilirsiniz.<\/li>\n<li>Bir hediye seti olu\u015fturmak i\u00e7in bir koku ya\u011f\u0131 deneme seti ile birle\u015ftirin. Sadece parf\u00fcm satmay\u0131n; cep boyutunda bir deneyim sunun!<\/li>\n<\/ul>","protected":false},"excerpt":{"rendered":"<p>L\u00fcks kokular i\u00e7in premium 55ml ta\u015f\u0131nabilir parf\u00fcm \u015fi\u015feleri. \u00d6zelle\u015ftirilebilir cam spay tasar\u0131mlar\u0131, toplu sipari\u015fler ve \u015f\u0131k ambalajlar - parf\u00fcm markalar\u0131 ve toptanc\u0131lar i\u00e7in ideal.<\/p>","protected":false},"featured_media":3295,"comment_status":"open","ping_status":"closed","template":"","meta":{"_acf_changed":false,"site-sidebar-layout":"default","site-content-layout":"","ast-site-content-layout":"default","site-content-style":"default","site-sidebar-style":"default","ast-global-header-display":"","ast-banner-title-visibility":"","ast-main-header-display":"","ast-hfb-above-header-display":"","ast-hfb-below-header-display":"","ast-hfb-mobile-header-display":"","site-post-title":"","ast-breadcrumbs-content":"","ast-featured-img":"","footer-sml-layout":"","ast-disable-related-posts":"","theme-transparent-header-meta":"default","adv-header-id-meta":"","stick-header-meta":"","header-above-stick-meta":"","header-main-stick-meta":"","header-below-stick-meta":"","astra-migrate-meta-layouts":"set","ast-page-background-enabled":"default","ast-page-background-meta":{"desktop":{"background-color":"var(--ast-global-color-5)","background-image":"","background-repeat":"repeat","background-position":"center center","background-size":"auto","background-attachment":"scroll","background-type":"","background-media":"","overlay-type":"","overlay-color":"","overlay-opacity":"","overlay-gradient":""},"tablet":{"background-color":"","background-image":"","background-repeat":"repeat","background-position":"center center","background-size":"auto","background-attachment":"scroll","background-type":"","background-media":"","overlay-type":"","overlay-color":"","overlay-opacity":"","overlay-gradient":""},"mobile":{"background-color":"","background-image":"","background-repeat":"repeat","background-position":"center center","background-size":"auto","background-attachment":"scroll","background-type":"","background-media":"","overlay-type":"","overlay-color":"","overlay-opacity":"","overlay-gradient":""}},"ast-content-background-meta":{"desktop":{"background-color":"var(--ast-global-color-4)","background-image":"","background-repeat":"repeat","background-position":"center center","background-size":"auto","background-attachment":"scroll","background-type":"","background-media":"","overlay-type":"","overlay-color":"","overlay-opacity":"","overlay-gradient":""},"tablet":{"background-color":"var(--ast-global-color-4)","background-image":"","background-repeat":"repeat","background-position":"center center","background-size":"auto","background-attachment":"scroll","background-type":"","background-media":"","overlay-type":"","overlay-color":"","overlay-opacity":"","overlay-gradient":""},"mobile":{"background-color":"var(--ast-global-color-4)","background-image":"","background-repeat":"repeat","background-position":"center center","background-size":"auto","background-attachment":"scroll","background-type":"","background-media":"","overlay-type":"","overlay-color":"","overlay-opacity":"","overlay-gradient":""}}},"product_brand":[],"product_cat":[72,91,41],"product_tag":[],"class_list":{"0":"post-3300","1":"product","2":"type-product","3":"status-publish","4":"has-post-thumbnail","6":"product_cat-cosmetic-packaging","7":"product_cat-custom-perfume-bottles","8":"product_cat-perfume-bottles","9":"desktop-align-left","10":"tablet-align-left","11":"mobile-align-left","13":"first","14":"instock","15":"shipping-taxable","16":"product-type-simple"},"acf":[],"jetpack_sharing_enabled":true,"_links":{"self":[{"href":"https:\/\/theperfumebottles.com\/tr\/wp-json\/wp\/v2\/product\/3300","targetHints":{"allow":["GET"]}}],"collection":[{"href":"https:\/\/theperfumebottles.com\/tr\/wp-json\/wp\/v2\/product"}],"about":[{"href":"https:\/\/theperfumebottles.com\/tr\/wp-json\/wp\/v2\/types\/product"}],"replies":[{"embeddable":true,"href":"https:\/\/theperfumebottles.com\/tr\/wp-json\/wp\/v2\/comments?post=3300"}],"wp:featuredmedia":[{"embeddable":true,"href":"https:\/\/theperfumebottles.com\/tr\/wp-json\/wp\/v2\/media\/3295"}],"wp:attachment":[{"href":"https:\/\/theperfumebottles.com\/tr\/wp-json\/wp\/v2\/media?parent=3300"}],"wp:term":[{"taxonomy":"product_brand","embeddable":true,"href":"https:\/\/theperfumebottles.com\/tr\/wp-json\/wp\/v2\/product_brand?post=3300"},{"taxonomy":"product_cat","embeddable":true,"href":"https:\/\/theperfumebottles.com\/tr\/wp-json\/wp\/v2\/product_cat?post=3300"},{"taxonomy":"product_tag","embeddable":true,"href":"https:\/\/theperfumebottles.com\/tr\/wp-json\/wp\/v2\/product_tag?post=3300"}],"curies":[{"name":"wp","href":"https:\/\/api.w.org\/{rel}","templated":true}]}}