{"id":3325,"date":"2025-05-14T03:26:10","date_gmt":"2025-05-14T03:26:10","guid":{"rendered":"https:\/\/theperfumebottles.com\/?post_type=product&#038;p=3325"},"modified":"2025-05-23T10:54:00","modified_gmt":"2025-05-23T02:54:00","slug":"premium-perfume-bottles-recyclable-modern-fragrance-bottle-set","status":"publish","type":"product","link":"https:\/\/theperfumebottles.com\/tr\/urun\/premium-perfume-bottles-recyclable-modern-fragrance-bottle-set\/","title":{"rendered":"Parf\u00fcm Markalar\u0131 \u0130\u00e7in 50ml 100ml Geri D\u00f6n\u00fc\u015ft\u00fcr\u00fclebilir Parf\u00fcm \u015ei\u015fesi Seti"},"content":{"rendered":"<p>PB-YZ06 parf\u00fcm \u015fi\u015fesi setimiz s\u00fcrd\u00fcr\u00fclebilirlik, stil ve pratikli\u011fin m\u00fckemmel bir birle\u015fimidir. PB-YZ06 parf\u00fcm \u015fi\u015fesi setimiz s\u00fcrd\u00fcr\u00fclebilirlik, moda ve pratikli\u011fi bir araya getirir. Parf\u00fcm, kolonya, \u00e7i\u00e7ek suyu veya u\u00e7ucu ya\u011f \u00fcr\u00fcnleri vb. \u015fi\u015felemek i\u00e7in uygundur. Ek olarak, tam \u00f6zel se\u00e7eneklerimiz yarat\u0131c\u0131l\u0131\u011f\u0131n\u0131z\u0131 tam olarak ifade edebilir.<\/p>\n<figure id=\"attachment_3330\" aria-describedby=\"caption-attachment-3330\" style=\"width: 500px\" class=\"wp-caption aligncenter\"><img fetchpriority=\"high\" decoding=\"async\" class=\"wp-image-3330\" src=\"https:\/\/theperfumebottles.com\/wp-content\/uploads\/2025\/05\/perfume-bottles-recyclable-pbyz06.webp\" alt=\"Premium Parf\u00fcm \u015ei\u015feleri Geri D\u00f6n\u00fc\u015ft\u00fcr\u00fclebilir | Modern Koku \u015ei\u015fesi Seti\" width=\"500\" height=\"500\" srcset=\"https:\/\/theperfumebottles.com\/wp-content\/uploads\/2025\/05\/perfume-bottles-recyclable-pbyz06.webp 1000w, https:\/\/theperfumebottles.com\/wp-content\/uploads\/2025\/05\/perfume-bottles-recyclable-pbyz06-300x300.webp 300w, https:\/\/theperfumebottles.com\/wp-content\/uploads\/2025\/05\/perfume-bottles-recyclable-pbyz06-150x150.webp 150w, https:\/\/theperfumebottles.com\/wp-content\/uploads\/2025\/05\/perfume-bottles-recyclable-pbyz06-768x768.webp 768w, https:\/\/theperfumebottles.com\/wp-content\/uploads\/2025\/05\/perfume-bottles-recyclable-pbyz06-12x12.webp 12w, https:\/\/theperfumebottles.com\/wp-content\/uploads\/2025\/05\/perfume-bottles-recyclable-pbyz06-600x600.webp 600w, https:\/\/theperfumebottles.com\/wp-content\/uploads\/2025\/05\/perfume-bottles-recyclable-pbyz06-100x100.webp 100w\" sizes=\"(max-width: 500px) 100vw, 500px\" \/><figcaption id=\"caption-attachment-3330\" class=\"wp-caption-text\">Premium Parf\u00fcm \u015ei\u015fesi Seti<\/figcaption><\/figure>\n<h2>Temel \u00d6zellikler<\/h2>\n<table border=\"0\" width=\"80%\" cellspacing=\"0\" cellpadding=\"0\">\n<tbody>\n<tr>\n<td width=\"96\" height=\"18\">Model<\/td>\n<td width=\"93\">Kapasite<\/td>\n<td width=\"104\">Cam Boyutu<\/td>\n<td width=\"128\">Malzeme<\/td>\n<td width=\"211\">M\u00fch\u00fcr Tipi<\/td>\n<td width=\"225\">Renk Se\u00e7enekleri<\/td>\n<\/tr>\n<tr>\n<td height=\"18\">PB-YZ0601<\/td>\n<td>50 ml<\/td>\n<td>47 * 81mm<\/td>\n<td>Kristal Cam<\/td>\n<td>15mm K\u0131vr\u0131ml\u0131 boyun + P\u00fcsk\u00fcrt\u00fcc\u00fc<\/td>\n<td>\u015eeffaf + G\u00fcm\u00fc\u015f\/Pembe<\/td>\n<\/tr>\n<tr>\n<td height=\"18\">PB-YZ0602<\/td>\n<td>100 ml<\/td>\n<td>59 * 103mm<\/td>\n<td>Kristal Cam<\/td>\n<td>15mm K\u0131vr\u0131ml\u0131 boyun + P\u00fcsk\u00fcrt\u00fcc\u00fc<\/td>\n<td>\u015eeffaf + G\u00fcm\u00fc\u015f\/Siyah<\/td>\n<\/tr>\n<\/tbody>\n<\/table>\n<h2>Ambalaj \u00d6nerileri<\/h2>\n<p>Ba\u011f\u0131ms\u0131z marka Bloom &amp; Mist, unisex koku koleksiyonunu PB-YZ0601 Parf\u00fcm \u015ei\u015femiz (50ml) ile piyasaya s\u00fcrd\u00fc. Kapaklar\u0131 pembe alt\u0131n kaplama ile \u00f6zelle\u015ftirdiler ve minimalist bir etiket eklediler, bu da ilk \u00e7eyrekte sat\u0131\u015flarda 27%'lik bir art\u0131\u015fa yard\u0131mc\u0131 oldu.<\/p>\n<h2>\u00d6zelle\u015ftirme \u0130pu\u00e7lar\u0131:<\/h2>\n<p>Marka Renklerinizle E\u015fle\u015ftirin: Toplu sipari\u015f verirken, kapak renkleri marka kimli\u011finizle e\u015fle\u015fmelidir.<\/p>\n<p>Kapaklar: Bu parf\u00fcm \u015fi\u015feleri l\u00fcks bir g\u00f6r\u00fcn\u00fcm i\u00e7in metalik sprey kapaklarla e\u015fle\u015ftirilebilir<\/p>\n<p>Y\u00fczeyler: Minimalist bir g\u00f6r\u00fcn\u00fcm i\u00e7in mat bir y\u00fczey se\u00e7in.<\/p>\n<h2>Neden Parf\u00fcm \u015ei\u015felerimizi Se\u00e7melisiniz?<\/h2>\n<p>\u0130ster k\u00fc\u00e7\u00fck bir seri i\u00e7in bo\u015f parf\u00fcm \u015fi\u015felerine, ister toplu olarak \u00f6zel kozmetik ambalajlar\u0131na ihtiyac\u0131n\u0131z olsun, \u00e7ok y\u00f6nl\u00fc parf\u00fcm \u015fi\u015fesi setlerimiz h\u0131zl\u0131 geri d\u00f6n\u00fc\u015f, dayan\u0131kl\u0131l\u0131k ve daha fazlas\u0131na sahiptir.<\/p>\n<p>Yard\u0131ma m\u0131 ihtiyac\u0131n\u0131z var? Tasar\u0131mdan teslimata kadar size rehberlik edece\u011fiz! \u0130ade edilebilir parf\u00fcm \u015fi\u015fesi setinizi bug\u00fcn sipari\u015f edin - toplu ticari sipari\u015flerde toptan indirim kazan\u0131n!<\/p>","protected":false},"excerpt":{"rendered":"<p>Parf\u00fcm \u015fi\u015fesi setimizle koku markan\u0131z\u0131 y\u00fckseltin. Kad\u0131n parf\u00fcm\u00fc, erkek kolonyas\u0131 ve aromatik ya\u011flar i\u00e7in geri d\u00f6n\u00fc\u015ft\u00fcr\u00fclebilir \u015f\u0131k, \u00f6zelle\u015ftirilebilir parf\u00fcm \u015fi\u015feleri.<\/p>","protected":false},"featured_media":3333,"comment_status":"open","ping_status":"closed","template":"","meta":{"_acf_changed":false,"site-sidebar-layout":"default","site-content-layout":"","ast-site-content-layout":"default","site-content-style":"default","site-sidebar-style":"default","ast-global-header-display":"","ast-banner-title-visibility":"","ast-main-header-display":"","ast-hfb-above-header-display":"","ast-hfb-below-header-display":"","ast-hfb-mobile-header-display":"","site-post-title":"","ast-breadcrumbs-content":"","ast-featured-img":"","footer-sml-layout":"","ast-disable-related-posts":"","theme-transparent-header-meta":"default","adv-header-id-meta":"","stick-header-meta":"","header-above-stick-meta":"","header-main-stick-meta":"","header-below-stick-meta":"","astra-migrate-meta-layouts":"set","ast-page-background-enabled":"default","ast-page-background-meta":{"desktop":{"background-color":"var(--ast-global-color-5)","background-image":"","background-repeat":"repeat","background-position":"center center","background-size":"auto","background-attachment":"scroll","background-type":"","background-media":"","overlay-type":"","overlay-color":"","overlay-opacity":"","overlay-gradient":""},"tablet":{"background-color":"","background-image":"","background-repeat":"repeat","background-position":"center center","background-size":"auto","background-attachment":"scroll","background-type":"","background-media":"","overlay-type":"","overlay-color":"","overlay-opacity":"","overlay-gradient":""},"mobile":{"background-color":"","background-image":"","background-repeat":"repeat","background-position":"center center","background-size":"auto","background-attachment":"scroll","background-type":"","background-media":"","overlay-type":"","overlay-color":"","overlay-opacity":"","overlay-gradient":""}},"ast-content-background-meta":{"desktop":{"background-color":"var(--ast-global-color-4)","background-image":"","background-repeat":"repeat","background-position":"center center","background-size":"auto","background-attachment":"scroll","background-type":"","background-media":"","overlay-type":"","overlay-color":"","overlay-opacity":"","overlay-gradient":""},"tablet":{"background-color":"var(--ast-global-color-4)","background-image":"","background-repeat":"repeat","background-position":"center center","background-size":"auto","background-attachment":"scroll","background-type":"","background-media":"","overlay-type":"","overlay-color":"","overlay-opacity":"","overlay-gradient":""},"mobile":{"background-color":"var(--ast-global-color-4)","background-image":"","background-repeat":"repeat","background-position":"center center","background-size":"auto","background-attachment":"scroll","background-type":"","background-media":"","overlay-type":"","overlay-color":"","overlay-opacity":"","overlay-gradient":""}}},"product_brand":[],"product_cat":[72,91,37,41],"product_tag":[],"class_list":{"0":"post-3325","1":"product","2":"type-product","3":"status-publish","4":"has-post-thumbnail","6":"product_cat-cosmetic-packaging","7":"product_cat-custom-perfume-bottles","8":"product_cat-uncategorized","9":"product_cat-perfume-bottles","10":"desktop-align-left","11":"tablet-align-left","12":"mobile-align-left","14":"first","15":"instock","16":"shipping-taxable","17":"product-type-simple"},"acf":[],"jetpack_sharing_enabled":true,"_links":{"self":[{"href":"https:\/\/theperfumebottles.com\/tr\/wp-json\/wp\/v2\/product\/3325","targetHints":{"allow":["GET"]}}],"collection":[{"href":"https:\/\/theperfumebottles.com\/tr\/wp-json\/wp\/v2\/product"}],"about":[{"href":"https:\/\/theperfumebottles.com\/tr\/wp-json\/wp\/v2\/types\/product"}],"replies":[{"embeddable":true,"href":"https:\/\/theperfumebottles.com\/tr\/wp-json\/wp\/v2\/comments?post=3325"}],"wp:featuredmedia":[{"embeddable":true,"href":"https:\/\/theperfumebottles.com\/tr\/wp-json\/wp\/v2\/media\/3333"}],"wp:attachment":[{"href":"https:\/\/theperfumebottles.com\/tr\/wp-json\/wp\/v2\/media?parent=3325"}],"wp:term":[{"taxonomy":"product_brand","embeddable":true,"href":"https:\/\/theperfumebottles.com\/tr\/wp-json\/wp\/v2\/product_brand?post=3325"},{"taxonomy":"product_cat","embeddable":true,"href":"https:\/\/theperfumebottles.com\/tr\/wp-json\/wp\/v2\/product_cat?post=3325"},{"taxonomy":"product_tag","embeddable":true,"href":"https:\/\/theperfumebottles.com\/tr\/wp-json\/wp\/v2\/product_tag?post=3325"}],"curies":[{"name":"wp","href":"https:\/\/api.w.org\/{rel}","templated":true}]}}