{"id":3334,"date":"2025-05-15T04:03:28","date_gmt":"2025-05-15T04:03:28","guid":{"rendered":"https:\/\/theperfumebottles.com\/?post_type=product&#038;p=3334"},"modified":"2025-05-23T10:38:52","modified_gmt":"2025-05-23T02:38:52","slug":"100ml-spray-bottles-bulk-cylinder-perfume-empty-glass-bottles","status":"publish","type":"product","link":"https:\/\/theperfumebottles.com\/tr\/urun\/100ml-spray-bottles-bulk-cylinder-perfume-empty-glass-bottles\/","title":{"rendered":"100 ml Sprey \u015ei\u015feleri Toplu \u2013 Silindir Parf\u00fcm Bo\u015f Cam \u015ei\u015feler"},"content":{"rendered":"<p>\u0130ster ferahlat\u0131c\u0131 bir narenciye spreyi ister n\u00f6tr odunsu bir kolonya piyasaya s\u00fcr\u00fcyor olun, silindirik parf\u00fcm bo\u015f cam \u015fi\u015felerimiz \u00e7e\u015fitli ihtiya\u00e7lar\u0131 kar\u015f\u0131layabilir. Geri d\u00f6n\u00fc\u015ft\u00fcr\u00fclebilir malzeme \u00e7evre dostu t\u00fcketiciler taraf\u0131ndan tercih edilir ve bo\u015f y\u00fczey markan\u0131z\u0131n ki\u015fili\u011fini g\u00f6sterebilir. K\u00fc\u00e7\u00fck bir partiyi test etmeniz mi gerekiyor? Yeni ba\u015flayanlar\u0131n riskleri azaltmas\u0131na yard\u0131mc\u0131 olmak i\u00e7in 500 adetlik sipari\u015fleri kabul ediyoruz.<\/p>\n<figure id=\"attachment_3336\" aria-describedby=\"caption-attachment-3336\" style=\"width: 500px\" class=\"wp-caption aligncenter\"><img fetchpriority=\"high\" decoding=\"async\" class=\"wp-image-3336\" src=\"https:\/\/theperfumebottles.com\/wp-content\/uploads\/2025\/05\/100ml-spray-bottles-bulk-yz07.webp\" alt=\"100ml Sprey \u015ei\u015feleri Toplu - Silindir Parf\u00fcm Bo\u015f Cam \u015ei\u015feler\" width=\"500\" height=\"500\" srcset=\"https:\/\/theperfumebottles.com\/wp-content\/uploads\/2025\/05\/100ml-spray-bottles-bulk-yz07.webp 1000w, https:\/\/theperfumebottles.com\/wp-content\/uploads\/2025\/05\/100ml-spray-bottles-bulk-yz07-300x300.webp 300w, https:\/\/theperfumebottles.com\/wp-content\/uploads\/2025\/05\/100ml-spray-bottles-bulk-yz07-150x150.webp 150w, https:\/\/theperfumebottles.com\/wp-content\/uploads\/2025\/05\/100ml-spray-bottles-bulk-yz07-768x768.webp 768w, https:\/\/theperfumebottles.com\/wp-content\/uploads\/2025\/05\/100ml-spray-bottles-bulk-yz07-12x12.webp 12w, https:\/\/theperfumebottles.com\/wp-content\/uploads\/2025\/05\/100ml-spray-bottles-bulk-yz07-600x600.webp 600w, https:\/\/theperfumebottles.com\/wp-content\/uploads\/2025\/05\/100ml-spray-bottles-bulk-yz07-100x100.webp 100w\" sizes=\"(max-width: 500px) 100vw, 500px\" \/><figcaption id=\"caption-attachment-3336\" class=\"wp-caption-text\">100 ml Sprey \u015ei\u015feleri Toplu \u2013 Silindir Parf\u00fcm Bo\u015f Cam \u015ei\u015feler<\/figcaption><\/figure>\n<h2>Temel \u00d6zellikler<\/h2>\n<table style=\"border-collapse: collapse; margin-left: auto; magrin-right: auto; width: 80%;\" border=\"0\" width=\"80%\" cellspacing=\"0\" cellpadding=\"0\">\n<tbody>\n<tr style=\"height: 13.50pt;\">\n<td style=\"height: 13.50pt; width: 93.00pt;\" width=\"124\" height=\"18\"><strong>Model<\/strong><\/td>\n<td style=\"width: 258.00pt;\" width=\"344\">PB-YZ07<\/td>\n<\/tr>\n<tr style=\"height: 13.50pt;\">\n<td style=\"height: 13.50pt;\" height=\"18\"><strong>Kapasite<\/strong><\/td>\n<td>100 ml<\/td>\n<\/tr>\n<tr style=\"height: 13.50pt;\">\n<td style=\"height: 13.50pt;\" height=\"18\"><strong>Boyutlar<\/strong><\/td>\n<td>52mm (\u00e7ap) x 98mm (y\u00fckseklik)<\/td>\n<\/tr>\n<tr style=\"height: 13.50pt;\">\n<td style=\"height: 13.50pt;\" height=\"18\"><strong>Kalibre<\/strong><\/td>\n<td>15 mm<\/td>\n<\/tr>\n<tr style=\"height: 13.50pt;\">\n<td style=\"height: 13.50pt;\" height=\"18\"><strong>\u015eekil<\/strong><\/td>\n<td>Silindirik<\/td>\n<\/tr>\n<tr style=\"height: 13.50pt;\">\n<td style=\"height: 13.50pt;\" height=\"18\"><strong>Malzeme<\/strong><\/td>\n<td>Kristal cam (geri d\u00f6n\u00fc\u015ft\u00fcr\u00fclebilir)<\/td>\n<\/tr>\n<tr style=\"height: 13.50pt;\">\n<td style=\"height: 13.50pt;\" height=\"18\"><strong>M\u00fch\u00fcr Tipi<\/strong><\/td>\n<td>K\u0131vr\u0131ml\u0131 boyun + p\u00fcsk\u00fcrt\u00fcc\u00fc<\/td>\n<\/tr>\n<tr style=\"height: 13.50pt;\">\n<td style=\"height: 13.50pt;\" height=\"18\"><strong>Renk Se\u00e7enekleri<\/strong><\/td>\n<td>\u015eeffaf cam, siyah kapak, \u00f6zelle\u015ftirilebilir<\/td>\n<\/tr>\n<\/tbody>\n<\/table>\n<h2>Ambalaj \u00d6nerileri<\/h2>\n<p>Geli\u015fmekte olan ni\u015f bir marka, unisex sulu kolonya serisi i\u00e7in silindirik parf\u00fcm \u015fi\u015felerimizi se\u00e7ti. \u015eeffaf tasar\u0131m kokular\u0131n\u0131n rengini vurgularken, a\u011f\u0131rl\u0131kl\u0131 taban l\u00fcks bir his veriyor. Sonu\u00e7, ilk \u00e7eyrekte 35%'lik bir sat\u0131\u015f art\u0131\u015f\u0131 ve 8 toptan sat\u0131\u015f orta\u011f\u0131n\u0131n kazan\u0131lmas\u0131 oldu.<\/p>\n<h2>Markalar\u0131n\u0131z i\u00e7in \u00d6zelle\u015ftirme \u0130pu\u00e7lar\u0131:<\/h2>\n<ol>\n<li>Markan\u0131z\u0131n renk paletine uymas\u0131 i\u00e7in siyah kapa\u011f\u0131 metalik bir kaplamayla de\u011fi\u015ftirin<\/li>\n<li>Dokunsal bir markala\u015fma i\u00e7in cama ince kabartmalar ekleyin<\/li>\n<li>100 ml'lik sprey \u015fi\u015felerinin toplu sipari\u015fleri birim maliyetleri d\u00fc\u015f\u00fcr\u00fcr<\/li>\n<li>Daha \u00fcst\u00fcn bir kutu a\u00e7ma deneyimi i\u00e7in \u00f6zel d\u0131\u015f kutularla e\u015fle\u015ftirin<\/li>\n<li>\u015eeffaf camla modern bir kontrast i\u00e7in mat etiketlerle e\u015fle\u015ftirin.<\/li>\n<\/ol>\n<p>100ml bo\u015f cam parf\u00fcm \u015fi\u015felerimizin toplu sipari\u015fleri i\u00e7in, parf\u00fcm\u00fcn\u00fcz\u00fc ger\u00e7ekten \u00f6ne \u00e7\u0131karmak i\u00e7in \u00f6zel kapak renkleri ve p\u00fcsk\u00fcrt\u00fcc\u00fc y\u00fckseltmeleri hakk\u0131nda bilgi isteyin. Parf\u00fcm ambalaj\u0131n\u0131z\u0131 bug\u00fcn d\u00f6n\u00fc\u015ft\u00fcr\u00fcn - markan\u0131z\u0131n \u00f6z\u00fcn\u00fc ger\u00e7ekten yakalayan bir tasar\u0131m yaratmam\u0131za izin verin!<\/p>","protected":false},"excerpt":{"rendered":"<p>Toptan sat\u0131\u015f i\u00e7in \u00f6zelle\u015ftirilebilir silindir parf\u00fcm bo\u015f cam \u015fi\u015feler. \u015eeffaf 100ml sprey \u015fi\u015feleri toplu sipari\u015fler, koku markalar\u0131 i\u00e7in geri d\u00f6n\u00fc\u015ft\u00fcr\u00fclebilir ve \u015f\u0131k tasar\u0131m.<\/p>","protected":false},"featured_media":3338,"comment_status":"open","ping_status":"closed","template":"","meta":{"_acf_changed":false,"site-sidebar-layout":"default","site-content-layout":"","ast-site-content-layout":"default","site-content-style":"default","site-sidebar-style":"default","ast-global-header-display":"","ast-banner-title-visibility":"","ast-main-header-display":"","ast-hfb-above-header-display":"","ast-hfb-below-header-display":"","ast-hfb-mobile-header-display":"","site-post-title":"","ast-breadcrumbs-content":"","ast-featured-img":"","footer-sml-layout":"","ast-disable-related-posts":"","theme-transparent-header-meta":"default","adv-header-id-meta":"","stick-header-meta":"","header-above-stick-meta":"","header-main-stick-meta":"","header-below-stick-meta":"","astra-migrate-meta-layouts":"set","ast-page-background-enabled":"default","ast-page-background-meta":{"desktop":{"background-color":"var(--ast-global-color-5)","background-image":"","background-repeat":"repeat","background-position":"center center","background-size":"auto","background-attachment":"scroll","background-type":"","background-media":"","overlay-type":"","overlay-color":"","overlay-opacity":"","overlay-gradient":""},"tablet":{"background-color":"","background-image":"","background-repeat":"repeat","background-position":"center center","background-size":"auto","background-attachment":"scroll","background-type":"","background-media":"","overlay-type":"","overlay-color":"","overlay-opacity":"","overlay-gradient":""},"mobile":{"background-color":"","background-image":"","background-repeat":"repeat","background-position":"center center","background-size":"auto","background-attachment":"scroll","background-type":"","background-media":"","overlay-type":"","overlay-color":"","overlay-opacity":"","overlay-gradient":""}},"ast-content-background-meta":{"desktop":{"background-color":"var(--ast-global-color-4)","background-image":"","background-repeat":"repeat","background-position":"center center","background-size":"auto","background-attachment":"scroll","background-type":"","background-media":"","overlay-type":"","overlay-color":"","overlay-opacity":"","overlay-gradient":""},"tablet":{"background-color":"var(--ast-global-color-4)","background-image":"","background-repeat":"repeat","background-position":"center center","background-size":"auto","background-attachment":"scroll","background-type":"","background-media":"","overlay-type":"","overlay-color":"","overlay-opacity":"","overlay-gradient":""},"mobile":{"background-color":"var(--ast-global-color-4)","background-image":"","background-repeat":"repeat","background-position":"center center","background-size":"auto","background-attachment":"scroll","background-type":"","background-media":"","overlay-type":"","overlay-color":"","overlay-opacity":"","overlay-gradient":""}}},"product_brand":[],"product_cat":[72,91,41],"product_tag":[],"class_list":{"0":"post-3334","1":"product","2":"type-product","3":"status-publish","4":"has-post-thumbnail","6":"product_cat-cosmetic-packaging","7":"product_cat-custom-perfume-bottles","8":"product_cat-perfume-bottles","9":"desktop-align-left","10":"tablet-align-left","11":"mobile-align-left","13":"first","14":"instock","15":"shipping-taxable","16":"product-type-simple"},"acf":[],"jetpack_sharing_enabled":true,"_links":{"self":[{"href":"https:\/\/theperfumebottles.com\/tr\/wp-json\/wp\/v2\/product\/3334","targetHints":{"allow":["GET"]}}],"collection":[{"href":"https:\/\/theperfumebottles.com\/tr\/wp-json\/wp\/v2\/product"}],"about":[{"href":"https:\/\/theperfumebottles.com\/tr\/wp-json\/wp\/v2\/types\/product"}],"replies":[{"embeddable":true,"href":"https:\/\/theperfumebottles.com\/tr\/wp-json\/wp\/v2\/comments?post=3334"}],"wp:featuredmedia":[{"embeddable":true,"href":"https:\/\/theperfumebottles.com\/tr\/wp-json\/wp\/v2\/media\/3338"}],"wp:attachment":[{"href":"https:\/\/theperfumebottles.com\/tr\/wp-json\/wp\/v2\/media?parent=3334"}],"wp:term":[{"taxonomy":"product_brand","embeddable":true,"href":"https:\/\/theperfumebottles.com\/tr\/wp-json\/wp\/v2\/product_brand?post=3334"},{"taxonomy":"product_cat","embeddable":true,"href":"https:\/\/theperfumebottles.com\/tr\/wp-json\/wp\/v2\/product_cat?post=3334"},{"taxonomy":"product_tag","embeddable":true,"href":"https:\/\/theperfumebottles.com\/tr\/wp-json\/wp\/v2\/product_tag?post=3334"}],"curies":[{"name":"wp","href":"https:\/\/api.w.org\/{rel}","templated":true}]}}