{"id":3381,"date":"2025-05-22T11:47:13","date_gmt":"2025-05-22T03:47:13","guid":{"rendered":"https:\/\/theperfumebottles.com\/?post_type=product&#038;p=3381"},"modified":"2025-05-23T10:23:30","modified_gmt":"2025-05-23T02:23:30","slug":"custom-30ml-50ml-roll-on-bottles-wholesale","status":"publish","type":"product","link":"https:\/\/theperfumebottles.com\/tr\/urun\/custom-30ml-50ml-roll-on-bottles-wholesale\/","title":{"rendered":"\u00d6zel 30ml 50ml Roll On \u015ei\u015feler Toptan Sat\u0131\u015f"},"content":{"rendered":"<p>Tasar\u0131m, i\u015flev ve s\u00fcrd\u00fcr\u00fclebilirli\u011fi harmanlayan roll on \u015fi\u015feleri toptan sat\u0131n almak ister misiniz? Cam silindir \u015fi\u015felerimiz sizinki gibi markalar i\u00e7in geli\u015ftirilmi\u015ftir. 30 ml'lik seyahat boy roller ball kaplardan 50 ml'lik yeniden doldurulabilir roller'li \u00f6nemli ya\u011f \u015fi\u015felerine kadar, farkl\u0131 duran ambalajlar geli\u015ftirmenize yard\u0131mc\u0131 olaca\u011f\u0131z. 30ml veya 50ml kapasiteler aras\u0131ndan se\u00e7im yap\u0131n ve siyah, beyaz, alt\u0131n veya g\u00fcm\u00fc\u015f kapaklar aras\u0131ndan se\u00e7im yap\u0131n. Benzersiz bir \u015feye mi ihtiyac\u0131n\u0131z var? Markan\u0131z\u0131n kimli\u011fini yans\u0131tan cam silindir kaplar tasarlaman\u0131za yard\u0131mc\u0131 olaca\u011f\u0131z - ister minimalist, ister l\u00fcks, ister \u00e7evre odakl\u0131 olsun.<\/p>\n<h2>Temel \u00d6zellikler<\/h2>\n<table style=\"border-collapse: collapse; margin-left: auto; margin-right: auto; width: 80%;\" border=\"0\" width=\"80%\" cellspacing=\"0\" cellpadding=\"0\">\n<tbody>\n<tr style=\"height: 13.50pt;\">\n<td style=\"height: 13.50pt; width: 112.50pt;\" width=\"150\" height=\"18\"><strong>Kapasite<\/strong><\/td>\n<td style=\"width: 382.50pt;\" width=\"510\">30ml \/ 50ml<\/td>\n<\/tr>\n<tr style=\"height: 13.50pt;\">\n<td style=\"height: 13.50pt;\" height=\"18\"><strong>Malzeme<\/strong><\/td>\n<td>Ate\u015fle parlat\u0131lm\u0131\u015f cam (\u015feffaf), plastik (\u00f6zelle\u015ftirilebilir)<\/td>\n<\/tr>\n<tr style=\"height: 13.50pt;\">\n<td style=\"height: 13.50pt;\" height=\"18\"><strong>Kapak Renk Se\u00e7enekleri<\/strong><\/td>\n<td>Siyah, beyaz, alt\u0131n, g\u00fcm\u00fc\u015f (\u00f6zel renkler mevcuttur)<\/td>\n<\/tr>\n<tr style=\"height: 13.50pt;\">\n<td style=\"height: 13.50pt;\" height=\"18\"><strong>S\u0131zd\u0131rmazl\u0131k Mekanizmas\u0131<\/strong><\/td>\n<td>Vidal\u0131 boyun + makaral\u0131 bilye<\/td>\n<\/tr>\n<tr style=\"height: 13.50pt;\">\n<td style=\"height: 13.50pt;\" height=\"18\"><strong>Boyutlar<\/strong><\/td>\n<td>Silindirik \u015fekil, seyahat veya perakende ambalaj i\u00e7in kompakt<\/td>\n<\/tr>\n<tr style=\"height: 54.00pt;\">\n<td style=\"height: 54.00pt;\" height=\"72\"><strong>Hedef Kullan\u0131m<\/strong><\/td>\n<td class=\"et2\" style=\"width: 382.50pt;\" width=\"510\">Roll-on parf\u00fcmler, u\u00e7ucu ya\u011flar, deodorantlar veya serumlar i\u00e7in tasarlanm\u0131\u015ft\u0131r<br \/>\nSeyahat boy \u00fcr\u00fcnler, g\u00fcnl\u00fck kullan\u0131m \u00fcr\u00fcnleri veya hedefe y\u00f6nelik cilt bak\u0131m\u0131\/koku uygulamalar\u0131 i\u00e7in idealdir<\/td>\n<\/tr>\n<\/tbody>\n<\/table>\n<h2>\u00dcr\u00fcn ambalaj kutusu<\/h2>\n<p>Bir sa\u011fl\u0131kl\u0131 ya\u015fam markas\u0131, u\u00e7ucu ya\u011f silindir \u015fi\u015feleri i\u00e7in 30 ml'lik cam silindir \u015fi\u015felere ge\u00e7tikten sonra tekrar gelen m\u00fc\u015fterilerinde 35%'lik bir art\u0131\u015f g\u00f6rd\u00fc. \u015eeffaf cam, \u00fcr\u00fcn\u00fcn do\u011fal rengini vurgularken, geri d\u00f6n\u00fc\u015ft\u00fcr\u00fclebilir \u00fcr\u00fcn ambalaj\u0131 da \u00e7evre dostu de\u011ferleriyle \u00f6ne \u00e7\u0131kt\u0131.<\/p>\n<h2>\u00d6zelle\u015ftirilmi\u015f ipu\u00e7lar\u0131<\/h2>\n<ul>\n<li>50 ml'lik roll on \u015fi\u015feler i\u00e7in: L\u00fcks bir parf\u00fcm serisini y\u00fckseltmek i\u00e7in g\u00fcm\u00fc\u015f veya alt\u0131n kapaklar\u0131 tercih edin.<\/li>\n<li>30 ml cam silindir \u015fi\u015feler i\u00e7in: Kozmetik ambalajlar\u0131nda derli toplu, minimalist bir aray\u0131\u015f i\u00e7in siyah veya beyaz plastik kapaklar kullan\u0131n.<\/li>\n<\/ul>\n<p>&nbsp;<\/p>","protected":false},"excerpt":{"rendered":"<p>Roll-on parf\u00fcmler, u\u00e7ucu ya\u011flar, deodorantlar veya serumlar i\u00e7in 30ml 50ml'lik toptan \u00e7evre dostu cam silindir \u015fi\u015felerimizle markan\u0131z\u0131 g\u00fc\u00e7lendirin.<\/p>","protected":false},"featured_media":3385,"comment_status":"open","ping_status":"closed","template":"","meta":{"_acf_changed":false,"site-sidebar-layout":"default","site-content-layout":"","ast-site-content-layout":"default","site-content-style":"default","site-sidebar-style":"default","ast-global-header-display":"","ast-banner-title-visibility":"","ast-main-header-display":"","ast-hfb-above-header-display":"","ast-hfb-below-header-display":"","ast-hfb-mobile-header-display":"","site-post-title":"","ast-breadcrumbs-content":"","ast-featured-img":"","footer-sml-layout":"","ast-disable-related-posts":"","theme-transparent-header-meta":"default","adv-header-id-meta":"","stick-header-meta":"","header-above-stick-meta":"","header-main-stick-meta":"","header-below-stick-meta":"","astra-migrate-meta-layouts":"set","ast-page-background-enabled":"default","ast-page-background-meta":{"desktop":{"background-color":"var(--ast-global-color-5)","background-image":"","background-repeat":"repeat","background-position":"center center","background-size":"auto","background-attachment":"scroll","background-type":"","background-media":"","overlay-type":"","overlay-color":"","overlay-opacity":"","overlay-gradient":""},"tablet":{"background-color":"","background-image":"","background-repeat":"repeat","background-position":"center center","background-size":"auto","background-attachment":"scroll","background-type":"","background-media":"","overlay-type":"","overlay-color":"","overlay-opacity":"","overlay-gradient":""},"mobile":{"background-color":"","background-image":"","background-repeat":"repeat","background-position":"center center","background-size":"auto","background-attachment":"scroll","background-type":"","background-media":"","overlay-type":"","overlay-color":"","overlay-opacity":"","overlay-gradient":""}},"ast-content-background-meta":{"desktop":{"background-color":"var(--ast-global-color-4)","background-image":"","background-repeat":"repeat","background-position":"center center","background-size":"auto","background-attachment":"scroll","background-type":"","background-media":"","overlay-type":"","overlay-color":"","overlay-opacity":"","overlay-gradient":""},"tablet":{"background-color":"var(--ast-global-color-4)","background-image":"","background-repeat":"repeat","background-position":"center center","background-size":"auto","background-attachment":"scroll","background-type":"","background-media":"","overlay-type":"","overlay-color":"","overlay-opacity":"","overlay-gradient":""},"mobile":{"background-color":"var(--ast-global-color-4)","background-image":"","background-repeat":"repeat","background-position":"center center","background-size":"auto","background-attachment":"scroll","background-type":"","background-media":"","overlay-type":"","overlay-color":"","overlay-opacity":"","overlay-gradient":""}}},"product_brand":[],"product_cat":[72,62,60],"product_tag":[],"class_list":{"0":"post-3381","1":"product","2":"type-product","3":"status-publish","4":"has-post-thumbnail","6":"product_cat-cosmetic-packaging","7":"product_cat-cosmetic-containers","8":"product_cat-roller-bottles","9":"desktop-align-left","10":"tablet-align-left","11":"mobile-align-left","13":"first","14":"instock","15":"shipping-taxable","16":"product-type-simple"},"acf":[],"jetpack_sharing_enabled":true,"_links":{"self":[{"href":"https:\/\/theperfumebottles.com\/tr\/wp-json\/wp\/v2\/product\/3381","targetHints":{"allow":["GET"]}}],"collection":[{"href":"https:\/\/theperfumebottles.com\/tr\/wp-json\/wp\/v2\/product"}],"about":[{"href":"https:\/\/theperfumebottles.com\/tr\/wp-json\/wp\/v2\/types\/product"}],"replies":[{"embeddable":true,"href":"https:\/\/theperfumebottles.com\/tr\/wp-json\/wp\/v2\/comments?post=3381"}],"wp:featuredmedia":[{"embeddable":true,"href":"https:\/\/theperfumebottles.com\/tr\/wp-json\/wp\/v2\/media\/3385"}],"wp:attachment":[{"href":"https:\/\/theperfumebottles.com\/tr\/wp-json\/wp\/v2\/media?parent=3381"}],"wp:term":[{"taxonomy":"product_brand","embeddable":true,"href":"https:\/\/theperfumebottles.com\/tr\/wp-json\/wp\/v2\/product_brand?post=3381"},{"taxonomy":"product_cat","embeddable":true,"href":"https:\/\/theperfumebottles.com\/tr\/wp-json\/wp\/v2\/product_cat?post=3381"},{"taxonomy":"product_tag","embeddable":true,"href":"https:\/\/theperfumebottles.com\/tr\/wp-json\/wp\/v2\/product_tag?post=3381"}],"curies":[{"name":"wp","href":"https:\/\/api.w.org\/{rel}","templated":true}]}}