{"id":3409,"date":"2025-05-23T18:00:18","date_gmt":"2025-05-23T10:00:18","guid":{"rendered":"https:\/\/theperfumebottles.com\/?post_type=product&#038;p=3409"},"modified":"2025-05-26T13:33:07","modified_gmt":"2025-05-26T05:33:07","slug":"10ml-20ml-30ml-refillable-fragrance-bottle-travel-cologne-bottle","status":"publish","type":"product","link":"https:\/\/theperfumebottles.com\/tr\/urun\/10ml-20ml-30ml-refillable-fragrance-bottle-travel-cologne-bottle\/","title":{"rendered":"10ml 20ml 30ml Doldurulabilir Koku \u015ei\u015fesi ve Seyahat Kolonyas\u0131 \u015ei\u015fesi"},"content":{"rendered":"<p>Siz de kokuyu ta\u015f\u0131yabilecek ve markan\u0131n ruhunu aktarabilecek bir kap m\u0131 ar\u0131yorsunuz? D\u00fc\u015f\u00fcn\u00fcn: M\u00fc\u015fteri yeniden doldurulabilir koku \u015fi\u015fenizi nazik\u00e7e a\u00e7t\u0131\u011f\u0131nda, narin cam doku parmaklar\u0131n aras\u0131ndan ak\u0131yor ve kehribar rengi s\u0131v\u0131 ipek gibi d\u00f6k\u00fcl\u00fcyor ve her damla markan\u0131z\u0131n hikayesini anlat\u0131yor.<\/p>\n<h2>\nTemel \u00d6zellikler<\/h2>\n<table style=\"border-collapse: collapse;margin-left: auto;margin-right: auto;width: 80%\" border=\"0\" width=\"80%\" cellspacing=\"0\" cellpadding=\"0\">\n<tbody>\n<tr style=\"height: 13.50pt\">\n<td style=\"height: 13.50pt;width: 109.50pt\" width=\"146\" height=\"18\"><strong>Kapasite<\/strong><\/td>\n<td style=\"width: 194.25pt\" width=\"259\">10ml, 20ml, 30ml<\/td>\n<\/tr>\n<tr style=\"height: 13.50pt\">\n<td style=\"height: 13.50pt\" height=\"18\"><strong>Malzeme<\/strong><\/td>\n<td>Kristal cam, metal kapak<\/td>\n<\/tr>\n<tr style=\"height: 13.50pt\">\n<td style=\"height: 13.50pt\" height=\"18\"><strong>S\u0131zd\u0131rmazl\u0131k<\/strong><\/td>\n<td>vidal\u0131 boyun + p\u00fcsk\u00fcrtme nozulu<\/td>\n<\/tr>\n<tr style=\"height: 13.50pt\">\n<td style=\"height: 13.50pt\" height=\"18\"><strong>Renk<\/strong><\/td>\n<td>Tamamen \u00f6zelle\u015ftirilebilir<\/td>\n<\/tr>\n<tr style=\"height: 13.50pt\">\n<td style=\"height: 13.50pt\" height=\"18\"><strong>\u015eekil<\/strong><\/td>\n<td>Silindirik<\/td>\n<\/tr>\n<tr style=\"height: 13.50pt\">\n<td style=\"height: 13.50pt\" height=\"18\"><strong>Ambalaj T\u00fcr\u00fc<\/strong><\/td>\n<td>Geri d\u00f6n\u00fc\u015ft\u00fcr\u00fclebilir kozmetik ambalajlar\u0131<\/td>\n<\/tr>\n<\/tbody>\n<\/table>\n<p><img fetchpriority=\"high\" decoding=\"async\" class=\"wp-image-3402\" src=\"https:\/\/theperfumebottles.com\/wp-content\/uploads\/2025\/05\/travel-cologne-bottle-rb3020.webp\" alt=\"seyahat kolonyas\u0131 \u015fi\u015fesi\" width=\"451\" height=\"451\" srcset=\"https:\/\/theperfumebottles.com\/wp-content\/uploads\/2025\/05\/travel-cologne-bottle-rb3020.webp 1000w, https:\/\/theperfumebottles.com\/wp-content\/uploads\/2025\/05\/travel-cologne-bottle-rb3020-300x300.webp 300w, https:\/\/theperfumebottles.com\/wp-content\/uploads\/2025\/05\/travel-cologne-bottle-rb3020-150x150.webp 150w, https:\/\/theperfumebottles.com\/wp-content\/uploads\/2025\/05\/travel-cologne-bottle-rb3020-768x768.webp 768w, https:\/\/theperfumebottles.com\/wp-content\/uploads\/2025\/05\/travel-cologne-bottle-rb3020-12x12.webp 12w, https:\/\/theperfumebottles.com\/wp-content\/uploads\/2025\/05\/travel-cologne-bottle-rb3020-600x600.webp 600w, https:\/\/theperfumebottles.com\/wp-content\/uploads\/2025\/05\/travel-cologne-bottle-rb3020-100x100.webp 100w\" sizes=\"(max-width: 451px) 100vw, 451px\" \/><\/p>\n<p>&nbsp;<\/p>\n<h2>Ba\u015far\u0131 Hikayesi ve \u00d6zelle\u015ftirme \u0130pu\u00e7lar\u0131<\/h2>\n<p>Birlikte \u00e7al\u0131\u015ft\u0131\u011f\u0131m\u0131z bir cilt bak\u0131m markas\u0131, bu cam parf\u00fcm \u015fi\u015felerini seyahat boyu numune olarak kullanarak m\u00fc\u015fteri ba\u011fl\u0131l\u0131\u011f\u0131n\u0131 40% oran\u0131nda art\u0131rd\u0131. Yeniden doldurulabilir koku \u015fi\u015feleri sunarak at\u0131klar\u0131 azaltt\u0131lar ve tekrar sat\u0131n al\u0131mlar\u0131 te\u015fvik ettiler.<\/p>\n<h2>\u00d6zelle\u015ftirme \u0130pu\u00e7lar\u0131<\/h2>\n<ul>\n<li><strong>Tasar\u0131m Esnekli\u011fi<\/strong>: Markan\u0131za \u00f6zg\u00fc bir g\u00f6r\u00fcn\u00fcm olu\u015fturmak i\u00e7in logonuzu grav\u00fcr veya renk bloklama yoluyla ekleyin.<\/li>\n<li><strong>Toplu Sipari\u015fler<\/strong>: Etkinlikler veya perakende sat\u0131\u015f i\u00e7in numune \u015fi\u015feleri stoklamak \u00fczere toptan sipari\u015f verin.<\/li>\n<li><strong>\u00c7evre Dostu Kenar<\/strong>: Bilin\u00e7li t\u00fcketicileri \u00e7ekmek i\u00e7in pazarlaman\u0131zda geri d\u00f6n\u00fc\u015ft\u00fcr\u00fclebilir cam\u0131 ve ta\u015f\u0131nabilir tasar\u0131m\u0131 vurgulay\u0131n.<\/li>\n<\/ul>\n<h2>Kokunun G\u00fczelli\u011fi Ger\u00e7ekten G\u00f6r\u00fcls\u00fcn<\/h2>\n<p>Siz de kokuyu ta\u015f\u0131yabilecek ve markan\u0131n ruhunu aktarabilecek bir kap m\u0131 ar\u0131yorsunuz? D\u00fc\u015f\u00fcn\u00fcn: M\u00fc\u015fteri parf\u00fcm \u015fi\u015fenizi nazik\u00e7e a\u00e7t\u0131\u011f\u0131nda, narin cam dokusu parmaklar\u0131n aras\u0131ndan ak\u0131yor ve kehribar rengi s\u0131v\u0131 ipek gibi d\u00f6k\u00fcl\u00fcyor ve her damla markan\u0131z\u0131n hikayesini anlat\u0131yor.<\/p>\n<p>Modern t\u00fcketicilerin sadece parf\u00fcm de\u011fil, ayn\u0131 zamanda s\u00fcr\u00fckleyici deneyimler de sat\u0131n ald\u0131\u011f\u0131n\u0131n fark\u0131nday\u0131z. Bak\u0131n-<\/p>\n<blockquote><p>S\u0131zd\u0131rmaz tasar\u0131m i\u015f seyahatlerini zarif ve sakin hale getirir<\/p>\n<p>Manyetik \u015fi\u015fe kapa\u011f\u0131 oryantal esteti\u011fin zarifli\u011fini yorumluyor<\/p>\n<p>Mat doku, g\u00f6steri\u015fsiz \u00fcst d\u00fczey hissi vurgular<\/p><\/blockquote>\n<p>Bu ayr\u0131nt\u0131lar sessizce anlat\u0131yor: Bu vasat bir konteyner de\u011fil, y\u00fcr\u00fcyen bir sanat eseri.<\/p>\n<h2>Fikrinizle Ba\u015flay\u0131n<\/h2>\n<p>Unutulmaz bir nokta yaratman\u0131za yard\u0131mc\u0131 olacak \u00f6zel bir tasar\u0131mc\u0131ya m\u0131 ihtiyac\u0131n\u0131z var? \u015ei\u015fenin e\u011frili\u011finden \u0131\u015f\u0131k ve g\u00f6lge efektlerine kadar ekibimiz her ayr\u0131nt\u0131y\u0131 bir sanat eseri gibi i\u015fleyecek. \"Ay I\u015f\u0131\u011f\u0131 Orman\u0131\" konseptini yaratmak isteyen m\u00fc\u015fterimizi hat\u0131rl\u0131yor musunuz? Markas\u0131n\u0131 fuarda \u00f6ne \u00e7\u0131karmak i\u00e7in degrade cam + \u0131\u015f\u0131kl\u0131 logo kulland\u0131k.<\/p>\n<h3>\u015eu anda bana s\u00f6ylemen yeterli:<\/h3>\n<p>Ne t\u00fcr bir marka mizac\u0131 yans\u0131tmay\u0131 bekliyorsunuz?<\/p>\n<p>Hedef m\u00fc\u015fteri grubu ne t\u00fcr bir dokunma deneyimi tercih ediyor?<\/p>\n<p>Not: Sadece bizim s\u00f6z\u00fcm\u00fcze g\u00fcvenmeyin. \u00d6nce bir \u00f6rnek parti deneyin - \u00e7\u00fcnk\u00fc harika tasar\u0131m harika bir ilk izlenimle ba\u015flar.<\/p>","protected":false},"excerpt":{"rendered":"<p>Yeniden doldurulabilir koku \u015fi\u015felerimiz ve seyahat kolonya \u015fi\u015felerimizle markan\u0131z\u0131 y\u00fckseltin. Toptan veya toplu sipari\u015fler i\u00e7in k\u00fc\u00e7\u00fck, ta\u015f\u0131nabilir tasar\u0131mlarda \u00f6zel cam parf\u00fcm \u015fi\u015feleri.<\/p>","protected":false},"featured_media":3399,"comment_status":"open","ping_status":"closed","template":"","meta":{"_acf_changed":false,"site-sidebar-layout":"default","site-content-layout":"","ast-site-content-layout":"default","site-content-style":"default","site-sidebar-style":"default","ast-global-header-display":"","ast-banner-title-visibility":"","ast-main-header-display":"","ast-hfb-above-header-display":"","ast-hfb-below-header-display":"","ast-hfb-mobile-header-display":"","site-post-title":"","ast-breadcrumbs-content":"","ast-featured-img":"","footer-sml-layout":"","ast-disable-related-posts":"","theme-transparent-header-meta":"default","adv-header-id-meta":"","stick-header-meta":"","header-above-stick-meta":"","header-main-stick-meta":"","header-below-stick-meta":"","astra-migrate-meta-layouts":"set","ast-page-background-enabled":"default","ast-page-background-meta":{"desktop":{"background-color":"var(--ast-global-color-5)","background-image":"","background-repeat":"repeat","background-position":"center center","background-size":"auto","background-attachment":"scroll","background-type":"","background-media":"","overlay-type":"","overlay-color":"","overlay-opacity":"","overlay-gradient":""},"tablet":{"background-color":"","background-image":"","background-repeat":"repeat","background-position":"center center","background-size":"auto","background-attachment":"scroll","background-type":"","background-media":"","overlay-type":"","overlay-color":"","overlay-opacity":"","overlay-gradient":""},"mobile":{"background-color":"","background-image":"","background-repeat":"repeat","background-position":"center center","background-size":"auto","background-attachment":"scroll","background-type":"","background-media":"","overlay-type":"","overlay-color":"","overlay-opacity":"","overlay-gradient":""}},"ast-content-background-meta":{"desktop":{"background-color":"var(--ast-global-color-4)","background-image":"","background-repeat":"repeat","background-position":"center center","background-size":"auto","background-attachment":"scroll","background-type":"","background-media":"","overlay-type":"","overlay-color":"","overlay-opacity":"","overlay-gradient":""},"tablet":{"background-color":"var(--ast-global-color-4)","background-image":"","background-repeat":"repeat","background-position":"center center","background-size":"auto","background-attachment":"scroll","background-type":"","background-media":"","overlay-type":"","overlay-color":"","overlay-opacity":"","overlay-gradient":""},"mobile":{"background-color":"var(--ast-global-color-4)","background-image":"","background-repeat":"repeat","background-position":"center center","background-size":"auto","background-attachment":"scroll","background-type":"","background-media":"","overlay-type":"","overlay-color":"","overlay-opacity":"","overlay-gradient":""}}},"product_brand":[],"product_cat":[72,74,90,41],"product_tag":[],"class_list":{"0":"post-3409","1":"product","2":"type-product","3":"status-publish","4":"has-post-thumbnail","6":"product_cat-cosmetic-packaging","7":"product_cat-mini-perfume-bottles","8":"product_cat-refillable-perfume-bottles","9":"product_cat-perfume-bottles","10":"desktop-align-left","11":"tablet-align-left","12":"mobile-align-left","14":"first","15":"instock","16":"shipping-taxable","17":"product-type-simple"},"acf":[],"jetpack_sharing_enabled":true,"_links":{"self":[{"href":"https:\/\/theperfumebottles.com\/tr\/wp-json\/wp\/v2\/product\/3409","targetHints":{"allow":["GET"]}}],"collection":[{"href":"https:\/\/theperfumebottles.com\/tr\/wp-json\/wp\/v2\/product"}],"about":[{"href":"https:\/\/theperfumebottles.com\/tr\/wp-json\/wp\/v2\/types\/product"}],"replies":[{"embeddable":true,"href":"https:\/\/theperfumebottles.com\/tr\/wp-json\/wp\/v2\/comments?post=3409"}],"wp:featuredmedia":[{"embeddable":true,"href":"https:\/\/theperfumebottles.com\/tr\/wp-json\/wp\/v2\/media\/3399"}],"wp:attachment":[{"href":"https:\/\/theperfumebottles.com\/tr\/wp-json\/wp\/v2\/media?parent=3409"}],"wp:term":[{"taxonomy":"product_brand","embeddable":true,"href":"https:\/\/theperfumebottles.com\/tr\/wp-json\/wp\/v2\/product_brand?post=3409"},{"taxonomy":"product_cat","embeddable":true,"href":"https:\/\/theperfumebottles.com\/tr\/wp-json\/wp\/v2\/product_cat?post=3409"},{"taxonomy":"product_tag","embeddable":true,"href":"https:\/\/theperfumebottles.com\/tr\/wp-json\/wp\/v2\/product_tag?post=3409"}],"curies":[{"name":"wp","href":"https:\/\/api.w.org\/{rel}","templated":true}]}}