{"id":3430,"date":"2025-05-26T14:39:30","date_gmt":"2025-05-26T06:39:30","guid":{"rendered":"https:\/\/theperfumebottles.com\/?post_type=product&#038;p=3430"},"modified":"2026-03-30T09:49:23","modified_gmt":"2026-03-30T01:49:23","slug":"50ml-1-7oz-perfume-bottle-for-custom-brand-packaging","status":"publish","type":"product","link":"https:\/\/theperfumebottles.com\/tr\/urun\/50ml-1-7oz-perfume-bottle-for-custom-brand-packaging\/","title":{"rendered":"50ml\/1.7oz Perfume Bottle for Custom Brand Packaging"},"content":{"rendered":"<p>\u00d6yle bir parf\u00fcm \u015fi\u015fesi hayal edin ki sadece imza kokunuzu de\u011fil, markan\u0131z\u0131n \u00f6z\u00fcn\u00fc de ta\u015f\u0131s\u0131n. PB-YZ0801 model 1,7 oz parf\u00fcm \u015fi\u015femiz (50 ml kolonya \u015fi\u015fesi) hem sofistike hem de i\u015flevsel olmay\u0131 talep eden markalar i\u00e7in tasarlanm\u0131\u015ft\u0131r. \u0130ster l\u00fcks bir seri ba\u015flat\u0131yor olun, ister toptan kozmetik ambalaj\u0131na ihtiyac\u0131n\u0131z olsun, bu \u015fi\u015fe sizin tuvalinizdir.<\/p>\n<h2>Temel \u00d6zellikler<\/h2>\n<table style=\"border-collapse: collapse; margin-left: auto; margin-right: auto; width: 80%;\" border=\"0\" width=\"80%\" cellspacing=\"0\" cellpadding=\"0\">\n<tbody>\n<tr style=\"height: 13.50pt;\">\n<td style=\"height: 13.50pt; width: 93.75pt;\" width=\"125\" height=\"18\"><strong>Model<\/strong><\/td>\n<td style=\"width: 222.00pt;\" width=\"296\">PB-YZ0801<\/td>\n<\/tr>\n<tr style=\"height: 13.50pt;\">\n<td style=\"height: 13.50pt;\" height=\"18\"><strong>Kapasite<\/strong><\/td>\n<td style=\"width: 222.00pt;\" width=\"296\">50ml \/ 1.7oz<\/td>\n<\/tr>\n<tr style=\"height: 13.50pt;\">\n<td style=\"height: 13.50pt;\" height=\"18\"><strong>Boyutlar<\/strong><\/td>\n<td>43 x 96mm<\/td>\n<\/tr>\n<tr style=\"height: 13.50pt;\">\n<td style=\"height: 13.50pt;\" height=\"18\"><strong>Boyun \u00c7ap\u0131<\/strong><\/td>\n<td>15 mm<\/td>\n<\/tr>\n<tr style=\"height: 13.50pt;\">\n<td style=\"height: 13.50pt;\" height=\"18\"><strong>\u015eekil<\/strong><\/td>\n<td>E\u011fimli omuzlu silindirik<\/td>\n<\/tr>\n<tr style=\"height: 13.50pt;\">\n<td style=\"height: 13.50pt;\" height=\"18\"><strong>Kapan\u0131\u015f<\/strong><\/td>\n<td>\u00dcstten itmeli sprey + dald\u0131rma t\u00fcp\u00fc<\/td>\n<\/tr>\n<tr style=\"height: 13.50pt;\">\n<td style=\"height: 13.50pt;\" height=\"18\"><strong>Malzeme<\/strong><\/td>\n<td>Y\u00fcksek Beyazl\u0131kl\u0131 Soda-Kire\u00e7 Cam\u0131<\/td>\n<\/tr>\n<tr style=\"height: 13.50pt;\">\n<td style=\"height: 13.50pt;\" height=\"18\"><strong>Renk Se\u00e7enekleri<\/strong><\/td>\n<td>Tamamen \u00f6zelle\u015ftirilebilir<\/td>\n<\/tr>\n<\/tbody>\n<\/table>\n<h2>Ambalaj Kutusu<\/h2>\n<p>Y\u00fckselen bir koku markas\u0131 \"Midnight Bloom\" kolonyas\u0131 i\u00e7in cesur ama minimalist bir cam parf\u00fcm \u015fi\u015fesine ihtiya\u00e7 duyuyordu. Derin menek\u015fe rengi ve pembe alt\u0131n kapakl\u0131 50 ml'lik kolonya \u015fi\u015femizi se\u00e7tiklerinde, m\u00fc\u015fteri taleplerinde 40%'lik bir art\u0131\u015f g\u00f6rd\u00fcler. Ba\u015f tasar\u0131mc\u0131lar\u0131 \"Cam \u015fi\u015feler m\u00fccevher gibi hissettirdi,\" dedi. \"Parf\u00fcm\u00fcm\u00fcz\u00fc aile yadig\u00e2r\u0131 gibi hissettirdi.\"<\/p>\n<h2>\u00d6zel \u0130pu\u00e7lar\u0131<\/h2>\n<ul>\n<li><strong>\u00d6zel renk<\/strong>: Markan\u0131z\u0131n havas\u0131n\u0131 yans\u0131tan bir renk se\u00e7in (\u00f6rne\u011fin huzur i\u00e7in kobalt mavisi, tutku i\u00e7in yakut, k\u0131rm\u0131z\u0131, beyaz, siyah, herhangi bir renk).<\/li>\n<li><strong>\u00d6zel kaplama<\/strong>: \u015ei\u015fe boynuna lazer kaz\u0131ma, \u00e7\u0131kartmalar veya s\u00fcslemeler gibi ki\u015fisel bir dokunu\u015f yarat\u0131n.<\/li>\n<li><strong>Toplu Sipari\u015f<\/strong>: Taahh\u00fctte bulunmadan \u00f6nce g\u00f6r\u00fcn\u00fcm\u00fc test etmek i\u00e7in \u00f6rnek \u015fi\u015felere mi ihtiyac\u0131n\u0131z var? Toplu sipari\u015fler i\u00e7in toptan fiyatland\u0131rma sunuyoruz.<\/li>\n<\/ul>\n<p>Sipari\u015f vermeye haz\u0131r m\u0131s\u0131n\u0131z? Ba\u015f d\u00f6nd\u00fcren ve sadakat yaratan bir \u015fi\u015fe tasarlayal\u0131m.<\/p>\n<p>Not: Sadece bizim s\u00f6z\u00fcm\u00fcze g\u00fcvenmeyin. Bug\u00fcn bir numune \u015fi\u015fesi deneyin ve bilgili i\u015fletme sahiplerinin neden kendi cam parf\u00fcm \u015fi\u015felerini \u00f6zelle\u015ftirdiklerini g\u00f6r\u00fcn. Bir sonraki b\u00fcy\u00fck fikriniz, h\u0131rs\u0131na uygun bir kab\u0131 hak ediyor.<\/p>","protected":false},"excerpt":{"rendered":"<p data-spm-anchor-id=\"5176.28103460.0.i4.59d21db8X86Wee\">1.7oz parf\u00fcm \u015fi\u015femizi (50ml kolonya \u015fi\u015fesi) ke\u015ffedin - markalar i\u00e7in birinci s\u0131n\u0131f cam tasar\u0131m. \u00d6zel renkler, toptan sat\u0131\u015f se\u00e7enekleri ve seyahat dostu ambalaj.<\/p>","protected":false},"featured_media":3433,"comment_status":"open","ping_status":"closed","template":"","meta":{"_acf_changed":false,"site-sidebar-layout":"default","site-content-layout":"","ast-site-content-layout":"default","site-content-style":"default","site-sidebar-style":"default","ast-global-header-display":"","ast-banner-title-visibility":"","ast-main-header-display":"","ast-hfb-above-header-display":"","ast-hfb-below-header-display":"","ast-hfb-mobile-header-display":"","site-post-title":"","ast-breadcrumbs-content":"","ast-featured-img":"","footer-sml-layout":"","ast-disable-related-posts":"","theme-transparent-header-meta":"default","adv-header-id-meta":"","stick-header-meta":"","header-above-stick-meta":"","header-main-stick-meta":"","header-below-stick-meta":"","astra-migrate-meta-layouts":"set","ast-page-background-enabled":"default","ast-page-background-meta":{"desktop":{"background-color":"var(--ast-global-color-5)","background-image":"","background-repeat":"repeat","background-position":"center center","background-size":"auto","background-attachment":"scroll","background-type":"","background-media":"","overlay-type":"","overlay-color":"","overlay-opacity":"","overlay-gradient":""},"tablet":{"background-color":"","background-image":"","background-repeat":"repeat","background-position":"center center","background-size":"auto","background-attachment":"scroll","background-type":"","background-media":"","overlay-type":"","overlay-color":"","overlay-opacity":"","overlay-gradient":""},"mobile":{"background-color":"","background-image":"","background-repeat":"repeat","background-position":"center center","background-size":"auto","background-attachment":"scroll","background-type":"","background-media":"","overlay-type":"","overlay-color":"","overlay-opacity":"","overlay-gradient":""}},"ast-content-background-meta":{"desktop":{"background-color":"var(--ast-global-color-4)","background-image":"","background-repeat":"repeat","background-position":"center center","background-size":"auto","background-attachment":"scroll","background-type":"","background-media":"","overlay-type":"","overlay-color":"","overlay-opacity":"","overlay-gradient":""},"tablet":{"background-color":"var(--ast-global-color-4)","background-image":"","background-repeat":"repeat","background-position":"center center","background-size":"auto","background-attachment":"scroll","background-type":"","background-media":"","overlay-type":"","overlay-color":"","overlay-opacity":"","overlay-gradient":""},"mobile":{"background-color":"var(--ast-global-color-4)","background-image":"","background-repeat":"repeat","background-position":"center center","background-size":"auto","background-attachment":"scroll","background-type":"","background-media":"","overlay-type":"","overlay-color":"","overlay-opacity":"","overlay-gradient":""}}},"product_brand":[],"product_cat":[91,72,41],"product_tag":[],"class_list":{"0":"post-3430","1":"product","2":"type-product","3":"status-publish","4":"has-post-thumbnail","6":"product_cat-custom-perfume-bottles","7":"product_cat-cosmetic-packaging","8":"product_cat-perfume-bottles","9":"desktop-align-left","10":"tablet-align-left","11":"mobile-align-left","13":"first","14":"instock","15":"shipping-taxable","16":"product-type-simple"},"acf":[],"jetpack_sharing_enabled":true,"_links":{"self":[{"href":"https:\/\/theperfumebottles.com\/tr\/wp-json\/wp\/v2\/product\/3430","targetHints":{"allow":["GET"]}}],"collection":[{"href":"https:\/\/theperfumebottles.com\/tr\/wp-json\/wp\/v2\/product"}],"about":[{"href":"https:\/\/theperfumebottles.com\/tr\/wp-json\/wp\/v2\/types\/product"}],"replies":[{"embeddable":true,"href":"https:\/\/theperfumebottles.com\/tr\/wp-json\/wp\/v2\/comments?post=3430"}],"wp:featuredmedia":[{"embeddable":true,"href":"https:\/\/theperfumebottles.com\/tr\/wp-json\/wp\/v2\/media\/3433"}],"wp:attachment":[{"href":"https:\/\/theperfumebottles.com\/tr\/wp-json\/wp\/v2\/media?parent=3430"}],"wp:term":[{"taxonomy":"product_brand","embeddable":true,"href":"https:\/\/theperfumebottles.com\/tr\/wp-json\/wp\/v2\/product_brand?post=3430"},{"taxonomy":"product_cat","embeddable":true,"href":"https:\/\/theperfumebottles.com\/tr\/wp-json\/wp\/v2\/product_cat?post=3430"},{"taxonomy":"product_tag","embeddable":true,"href":"https:\/\/theperfumebottles.com\/tr\/wp-json\/wp\/v2\/product_tag?post=3430"}],"curies":[{"name":"wp","href":"https:\/\/api.w.org\/{rel}","templated":true}]}}