{"id":3437,"date":"2025-05-26T16:07:27","date_gmt":"2025-05-26T08:07:27","guid":{"rendered":"https:\/\/theperfumebottles.com\/?post_type=product&#038;p=3437"},"modified":"2025-05-26T16:19:40","modified_gmt":"2025-05-26T08:19:40","slug":"custom-tall-blank-100-ml-perfume-bottle-with-spray-cap","status":"publish","type":"product","link":"https:\/\/theperfumebottles.com\/tr\/urun\/custom-tall-blank-100-ml-perfume-bottle-with-spray-cap\/","title":{"rendered":"Sprey Kapakl\u0131 \u00d6zel Uzun Bo\u015f 100 ml Parf\u00fcm \u015ei\u015fesi"},"content":{"rendered":"<p>PB-YZ0802, birinci s\u0131n\u0131f kristal camdan \u00fcretilmi\u015f 100 ml boyunda bir parf\u00fcm \u015fi\u015fesidir. \u0130ster yeni bir koku piyasaya s\u00fcr\u00fcyor olun, ister toptan envanterinize pratik ve g\u00fczel bir paket ekliyor olun, bu parf\u00fcm \u015fi\u015fesi ideal se\u00e7iminiz olacakt\u0131r. Sadece \u015f\u0131k g\u00f6r\u00fcnmekle kalmaz, ayn\u0131 zamanda pratik ihtiya\u00e7lar\u0131 da kar\u015f\u0131lar.<\/p>\n<h2>Temel \u00d6zellikler<\/h2>\n<table style=\"border-collapse: collapse; margin-left: auto; margin-right: auto; width: 80%;\" border=\"0\" width=\"80%\" cellspacing=\"0\" cellpadding=\"0\">\n<tbody>\n<tr style=\"height: 13.50pt;\">\n<td style=\"height: 13.50pt; width: 97.50pt;\" width=\"130\" height=\"18\">Model<\/td>\n<td style=\"width: 231.75pt;\" width=\"309\">PB-YZ0802<\/td>\n<\/tr>\n<tr style=\"height: 13.50pt;\">\n<td style=\"height: 13.50pt;\" height=\"18\">Kapasite<\/td>\n<td>100 ml<\/td>\n<\/tr>\n<tr style=\"height: 13.50pt;\">\n<td style=\"height: 13.50pt;\" height=\"18\">\u015eekil<\/td>\n<td>Silindirik<\/td>\n<\/tr>\n<tr style=\"height: 13.50pt;\">\n<td style=\"height: 13.50pt;\" height=\"18\">Boyutlar<\/td>\n<td>40 mm x 129 mm<\/td>\n<\/tr>\n<tr style=\"height: 13.50pt;\">\n<td style=\"height: 13.50pt;\" height=\"18\">Boyun \u00c7ap\u0131<\/td>\n<td>15 mm<\/td>\n<\/tr>\n<tr style=\"height: 13.50pt;\">\n<td style=\"height: 13.50pt;\" height=\"18\">Kapatma T\u00fcr\u00fc<\/td>\n<td>K\u0131vr\u0131ml\u0131 boyun + p\u00fcsk\u00fcrt\u00fcc\u00fc<\/td>\n<\/tr>\n<tr style=\"height: 13.50pt;\">\n<td style=\"height: 13.50pt;\" height=\"18\">Malzeme<\/td>\n<td>Kristal cam<\/td>\n<\/tr>\n<tr style=\"height: 13.50pt;\">\n<td style=\"height: 13.50pt;\" height=\"18\">Renk Se\u00e7enekleri<\/td>\n<td>Tamamen \u00f6zelle\u015ftirilebilir<\/td>\n<\/tr>\n<tr style=\"height: 13.50pt;\">\n<td style=\"height: 13.50pt;\" height=\"18\">\u0130deal \u0130\u00e7in<\/td>\n<td>Parf\u00fcmler, y\u00fcz\/v\u00fccut spreyleri<\/td>\n<\/tr>\n<\/tbody>\n<\/table>\n<h2>Ambalaj Kutusu<\/h2>\n<p>Fransa'daki bir butik koku markas\u0131, yeni unisex koku serisi i\u00e7in bu 100 ml'lik parf\u00fcm \u015fi\u015fesinden 30.000 adet sipari\u015f etti. Manyetik kapakl\u0131, buzlu, oymal\u0131 logolar\u0131 se\u00e7tiler ve \u015fi\u015felerin imajlar\u0131n\u0131 nas\u0131l y\u00fckseltti\u011fini g\u00f6r\u00fcnce \u00e7ok heyecanland\u0131lar. D\u00f6rt ay i\u00e7inde perakende sat\u0131\u015flar\u0131nda 30%'lik bir art\u0131\u015f g\u00f6rd\u00fcler ve \u00fc\u00e7 yeni pazara a\u00e7\u0131ld\u0131lar.<\/p>\n<h2>\u00d6zel ipu\u00e7lar\u0131<\/h2>\n<ul>\n<li><strong>Etiketleme<\/strong>: Logonuzu serigrafi bask\u0131 veya lazer kaz\u0131ma yoluyla ekleyin.<\/li>\n<li><strong>Renk<\/strong>: \u015eeffaf, kehribar, kobalt renklerinden birini se\u00e7in veya bir PANTONE e\u015fle\u015fmesi talep edin.<\/li>\n<li><strong>Kapak Biti\u015fi<\/strong>: L\u00fcks bir his i\u00e7in mat siyah, alt\u0131n veya pembe alt\u0131n rengi tercih edin.<\/li>\n<li><strong>Kutu<\/strong>: G\u00f6r\u00fcn\u00fcm\u00fc tamamlamak i\u00e7in \u00f6zel ekler veya markal\u0131 kutularla birle\u015ftirin.<\/li>\n<\/ul>\n<p>Tam \u00fcretimden \u00f6nce numune \u015fi\u015feler sunuyoruz, b\u00f6ylece uyumu, hissi ve p\u00fcsk\u00fcrtme performans\u0131n\u0131 test edebilirsiniz - tahmin yapmak yok.<\/p>\n<h2>Neden Bu 100 ml Parf\u00fcm \u015ei\u015fesini Se\u00e7melisiniz?<\/h2>\n<p>\u0130ster bir i\u015fletme sahibi, ister bir ticari al\u0131c\u0131 veya bir marka y\u00f6neticisi olun, bu ta\u015f\u0131nabilir, y\u00fcksek kaliteli cam parf\u00fcm \u015fi\u015fesi ak\u0131ll\u0131ca bir yat\u0131r\u0131md\u0131r. Bu sadece bir kap de\u011fil, \u00fcr\u00fcn hikayenizin bir par\u00e7as\u0131d\u0131r. Toptan fiyatland\u0131rma ve \u00f6zelle\u015ftirme se\u00e7enekleriyle, bir \u015fi\u015feden daha fazlas\u0131n\u0131 elde edeceksiniz - bir ifade par\u00e7as\u0131 elde edeceksiniz.<\/p>\n<p>Hala emin de\u011fil misiniz? Bize ula\u015f\u0131n ve markan\u0131z i\u00e7in en iyisinin ne oldu\u011funa karar vermenize yard\u0131mc\u0131 olal\u0131m; \u00e7\u00fcnk\u00fc s\u00f6z konusu tasar\u0131m oldu\u011funda her ayr\u0131nt\u0131 \u00f6nemlidir.<\/p>","protected":false},"excerpt":{"rendered":"<p>Uzun cam tasar\u0131ml\u0131 \u00f6zel 100 ml parf\u00fcm \u015fi\u015fesi. Koku markalamas\u0131 i\u00e7in m\u00fckemmel bo\u015f kolonya \u015fi\u015fesi. Toplu toptan sat\u0131\u015f mevcuttur.<\/p>","protected":false},"featured_media":3438,"comment_status":"open","ping_status":"closed","template":"","meta":{"_acf_changed":false,"site-sidebar-layout":"default","site-content-layout":"","ast-site-content-layout":"default","site-content-style":"default","site-sidebar-style":"default","ast-global-header-display":"","ast-banner-title-visibility":"","ast-main-header-display":"","ast-hfb-above-header-display":"","ast-hfb-below-header-display":"","ast-hfb-mobile-header-display":"","site-post-title":"","ast-breadcrumbs-content":"","ast-featured-img":"","footer-sml-layout":"","ast-disable-related-posts":"","theme-transparent-header-meta":"default","adv-header-id-meta":"","stick-header-meta":"","header-above-stick-meta":"","header-main-stick-meta":"","header-below-stick-meta":"","astra-migrate-meta-layouts":"set","ast-page-background-enabled":"default","ast-page-background-meta":{"desktop":{"background-color":"var(--ast-global-color-5)","background-image":"","background-repeat":"repeat","background-position":"center center","background-size":"auto","background-attachment":"scroll","background-type":"","background-media":"","overlay-type":"","overlay-color":"","overlay-opacity":"","overlay-gradient":""},"tablet":{"background-color":"","background-image":"","background-repeat":"repeat","background-position":"center center","background-size":"auto","background-attachment":"scroll","background-type":"","background-media":"","overlay-type":"","overlay-color":"","overlay-opacity":"","overlay-gradient":""},"mobile":{"background-color":"","background-image":"","background-repeat":"repeat","background-position":"center center","background-size":"auto","background-attachment":"scroll","background-type":"","background-media":"","overlay-type":"","overlay-color":"","overlay-opacity":"","overlay-gradient":""}},"ast-content-background-meta":{"desktop":{"background-color":"var(--ast-global-color-4)","background-image":"","background-repeat":"repeat","background-position":"center center","background-size":"auto","background-attachment":"scroll","background-type":"","background-media":"","overlay-type":"","overlay-color":"","overlay-opacity":"","overlay-gradient":""},"tablet":{"background-color":"var(--ast-global-color-4)","background-image":"","background-repeat":"repeat","background-position":"center center","background-size":"auto","background-attachment":"scroll","background-type":"","background-media":"","overlay-type":"","overlay-color":"","overlay-opacity":"","overlay-gradient":""},"mobile":{"background-color":"var(--ast-global-color-4)","background-image":"","background-repeat":"repeat","background-position":"center center","background-size":"auto","background-attachment":"scroll","background-type":"","background-media":"","overlay-type":"","overlay-color":"","overlay-opacity":"","overlay-gradient":""}}},"product_brand":[],"product_cat":[72,91,41],"product_tag":[],"class_list":{"0":"post-3437","1":"product","2":"type-product","3":"status-publish","4":"has-post-thumbnail","6":"product_cat-cosmetic-packaging","7":"product_cat-custom-perfume-bottles","8":"product_cat-perfume-bottles","9":"desktop-align-left","10":"tablet-align-left","11":"mobile-align-left","13":"first","14":"instock","15":"shipping-taxable","16":"product-type-simple"},"acf":[],"jetpack_sharing_enabled":true,"_links":{"self":[{"href":"https:\/\/theperfumebottles.com\/tr\/wp-json\/wp\/v2\/product\/3437","targetHints":{"allow":["GET"]}}],"collection":[{"href":"https:\/\/theperfumebottles.com\/tr\/wp-json\/wp\/v2\/product"}],"about":[{"href":"https:\/\/theperfumebottles.com\/tr\/wp-json\/wp\/v2\/types\/product"}],"replies":[{"embeddable":true,"href":"https:\/\/theperfumebottles.com\/tr\/wp-json\/wp\/v2\/comments?post=3437"}],"wp:featuredmedia":[{"embeddable":true,"href":"https:\/\/theperfumebottles.com\/tr\/wp-json\/wp\/v2\/media\/3438"}],"wp:attachment":[{"href":"https:\/\/theperfumebottles.com\/tr\/wp-json\/wp\/v2\/media?parent=3437"}],"wp:term":[{"taxonomy":"product_brand","embeddable":true,"href":"https:\/\/theperfumebottles.com\/tr\/wp-json\/wp\/v2\/product_brand?post=3437"},{"taxonomy":"product_cat","embeddable":true,"href":"https:\/\/theperfumebottles.com\/tr\/wp-json\/wp\/v2\/product_cat?post=3437"},{"taxonomy":"product_tag","embeddable":true,"href":"https:\/\/theperfumebottles.com\/tr\/wp-json\/wp\/v2\/product_tag?post=3437"}],"curies":[{"name":"wp","href":"https:\/\/api.w.org\/{rel}","templated":true}]}}