{"id":3596,"date":"2025-06-04T10:01:33","date_gmt":"2025-06-04T02:01:33","guid":{"rendered":"https:\/\/theperfumebottles.com\/?post_type=product&#038;p=3596"},"modified":"2026-05-05T13:37:17","modified_gmt":"2026-05-05T05:37:17","slug":"fancy-perfume-bottles-for-vials-wholesale","status":"publish","type":"product","link":"https:\/\/theperfumebottles.com\/tr\/urun\/fancy-perfume-bottles-for-vials-wholesale\/","title":{"rendered":"30 ml, 55 ml, 100 ml \u015e\u0131k Parf\u00fcm \u015ei\u015feleri Toptan Sat\u0131\u015f"},"content":{"rendered":"<p>Bu \u015f\u0131k parf\u00fcm \u015fi\u015feleri, silindirik g\u00f6vdeleri ve benzersiz \u0131\u015f\u0131nsal doku desenine sahip \u015feffaf tabanlar\u0131yla dikkat \u00e7ekiyor. Ultra \u015feffaf camdan \u00fcretilen bu \u015fi\u015feler, \u00e7e\u015fitli boyutlarda ve iste\u011fe ba\u011fl\u0131 alt\u0131n, siyah veya siyah kapak se\u00e7enekleriyle sunuluyor.<\/p>\n<h2>Temel \u00d6zellikler<\/h2>\n<table style=\"border-collapse: collapse; width: 80%; margin-left: auto; margin-right: auto;\" border=\"0\" width=\"432\" cellspacing=\"0\" cellpadding=\"0\">\n<tbody>\n<tr style=\"height: 13.50pt;\">\n<td class=\"et2\" style=\"height: 13.5pt; width: 54pt; text-align: center;\" width=\"72\" height=\"18\">Model<\/td>\n<td class=\"et2\" style=\"width: 54pt; text-align: center;\" width=\"72\">Kapasite(ml)<\/td>\n<td class=\"et2\" style=\"width: 54pt; text-align: center;\" width=\"72\">Boyutlar (mm)<\/td>\n<td class=\"et2\" style=\"width: 54pt; text-align: center;\" width=\"72\">Kapak \u00c7ap\u0131<\/td>\n<td class=\"et2\" style=\"width: 54pt; text-align: center;\" width=\"72\">Kapatma T\u00fcr\u00fc<\/td>\n<td class=\"et2\" style=\"width: 54pt; text-align: center;\" width=\"72\">Malzeme<\/td>\n<\/tr>\n<tr style=\"height: 13.50pt;\">\n<td class=\"et2\" style=\"height: 13.5pt; text-align: center;\" height=\"18\">PB-YZ1101<\/td>\n<td class=\"et2\" style=\"text-align: center;\">30<\/td>\n<td class=\"et2\" style=\"text-align: center;\">45 x 76<\/td>\n<td class=\"et2\" style=\"text-align: center;\" rowspan=\"3\">15 mm<\/td>\n<td class=\"et2\" style=\"text-align: center;\" rowspan=\"3\">S\u0131k\u0131\u015ft\u0131rma Boyunlu + Sprey<\/td>\n<td class=\"et2\" style=\"text-align: center;\" rowspan=\"3\">Kristal Cam<\/td>\n<\/tr>\n<tr style=\"height: 13.50pt;\">\n<td class=\"et2\" style=\"height: 13.5pt; text-align: center;\" height=\"18\">PB-YZ1102<\/td>\n<td class=\"et2\" style=\"text-align: center;\">55<\/td>\n<td class=\"et2\" style=\"text-align: center;\">46 x 91,4<\/td>\n<\/tr>\n<tr style=\"height: 13.50pt;\">\n<td class=\"et2\" style=\"height: 13.5pt; text-align: center;\" height=\"18\">PB-YZ1103<\/td>\n<td class=\"et2\" style=\"text-align: center;\">100<\/td>\n<td class=\"et2\" style=\"text-align: center;\">45 x 126<\/td>\n<\/tr>\n<\/tbody>\n<\/table>\n<h2>Ba\u015far\u0131 Hikayesi<\/h2>\n<p>Orta Do\u011fu&#039;ya \u00f6zg\u00fc ni\u015f bir parf\u00fcm markas\u0131, alt\u0131n kapakl\u0131 ve serigrafi bask\u0131 ile alt\u0131n kurdeleli \u015f\u0131k parf\u00fcm \u015fi\u015felerimizi tercih etti. \u00dcr\u00fcn\u00fcn temel tasar\u0131m \u00f6\u011fesi, markan\u0131n ana imza tasar\u0131m \u00f6\u011fesi haline geldi. Marka, \u00fcr\u00fcn ambalaj\u0131 ve y\u00fcksek kaliteli malzemeler sayesinde marka bilinirli\u011finde &#039;luk bir art\u0131\u015f bildirdi; \u00e7\u00fcnk\u00fc yeni oud parf\u00fcm\u00fcn\u00fcn fiyat\u0131n\u0131 premium malzemeler kullanarak oran\u0131nda art\u0131rd\u0131lar. Marka, gelecekteki u\u00e7ucu ya\u011f ve kat\u0131 parf\u00fcm \u00fcretimini desteklemek i\u00e7in 200.000 adet ek parf\u00fcm \u015fi\u015fesi sipari\u015fi vermelerine yol a\u00e7an \u00f6nemli bir d\u00f6n\u00fcm noktas\u0131na ula\u015ft\u0131.<\/p>\n<h2>Parf\u00fcm \u015ei\u015feleri Toptan Sat\u0131\u015f \u00d6zelle\u015ftirme Se\u00e7enekleri<\/h2>\n<ul>\n<li>Kare veya \u00e7ok y\u00fczl\u00fc tasar\u0131m: Tasar\u0131m (dokulu taban + \u015feffaf \u015fi\u015fe), iki par\u00e7al\u0131 yap\u0131s\u0131 sayesinde kullan\u0131c\u0131lar\u0131n kare veya \u00e7ok y\u00fczl\u00fc bir y\u00fczey olu\u015fturmas\u0131na olanak tan\u0131r.<\/li>\n<li>Manyetik kapak: \u00dcr\u00fcn, kullan\u0131c\u0131lara sorunsuz ve keyifli bir kullan\u0131m deneyimi sunan manyetik bir contaya sahiptir.<\/li>\n<li>\u00d6zel taban dokusu ve rengi: \u00c7e\u015fitli i\u00e7 taban dokular\u0131 (geometrik, mermer, kristal) sunar ve farkl\u0131 renklerde cam taban se\u00e7imine olanak tan\u0131r.<\/li>\n<\/ul>","protected":false},"excerpt":{"rendered":"<p>Shop fancy perfume bottles and high-quality perfume vials wholesale\u2014ideal for luxury fragrance brands seeking elegant, eye-catching packaging. Free samples.<\/p>","protected":false},"featured_media":3601,"comment_status":"open","ping_status":"closed","template":"","meta":{"_acf_changed":false,"site-sidebar-layout":"default","site-content-layout":"","ast-site-content-layout":"default","site-content-style":"default","site-sidebar-style":"default","ast-global-header-display":"","ast-banner-title-visibility":"","ast-main-header-display":"","ast-hfb-above-header-display":"","ast-hfb-below-header-display":"","ast-hfb-mobile-header-display":"","site-post-title":"","ast-breadcrumbs-content":"","ast-featured-img":"","footer-sml-layout":"","ast-disable-related-posts":"","theme-transparent-header-meta":"default","adv-header-id-meta":"","stick-header-meta":"","header-above-stick-meta":"","header-main-stick-meta":"","header-below-stick-meta":"","astra-migrate-meta-layouts":"set","ast-page-background-enabled":"default","ast-page-background-meta":{"desktop":{"background-color":"var(--ast-global-color-5)","background-image":"","background-repeat":"repeat","background-position":"center center","background-size":"auto","background-attachment":"scroll","background-type":"","background-media":"","overlay-type":"","overlay-color":"","overlay-opacity":"","overlay-gradient":""},"tablet":{"background-color":"","background-image":"","background-repeat":"repeat","background-position":"center center","background-size":"auto","background-attachment":"scroll","background-type":"","background-media":"","overlay-type":"","overlay-color":"","overlay-opacity":"","overlay-gradient":""},"mobile":{"background-color":"","background-image":"","background-repeat":"repeat","background-position":"center center","background-size":"auto","background-attachment":"scroll","background-type":"","background-media":"","overlay-type":"","overlay-color":"","overlay-opacity":"","overlay-gradient":""}},"ast-content-background-meta":{"desktop":{"background-color":"var(--ast-global-color-4)","background-image":"","background-repeat":"repeat","background-position":"center center","background-size":"auto","background-attachment":"scroll","background-type":"","background-media":"","overlay-type":"","overlay-color":"","overlay-opacity":"","overlay-gradient":""},"tablet":{"background-color":"var(--ast-global-color-4)","background-image":"","background-repeat":"repeat","background-position":"center center","background-size":"auto","background-attachment":"scroll","background-type":"","background-media":"","overlay-type":"","overlay-color":"","overlay-opacity":"","overlay-gradient":""},"mobile":{"background-color":"var(--ast-global-color-4)","background-image":"","background-repeat":"repeat","background-position":"center center","background-size":"auto","background-attachment":"scroll","background-type":"","background-media":"","overlay-type":"","overlay-color":"","overlay-opacity":"","overlay-gradient":""}}},"product_brand":[],"product_cat":[91,72,41],"product_tag":[49],"class_list":{"0":"post-3596","1":"product","2":"type-product","3":"status-publish","4":"has-post-thumbnail","6":"product_cat-custom-perfume-bottles","7":"product_cat-cosmetic-packaging","8":"product_cat-perfume-bottles","9":"product_tag-perfume-bottles","10":"desktop-align-left","11":"tablet-align-left","12":"mobile-align-left","14":"first","15":"instock","16":"shipping-taxable","17":"product-type-simple"},"acf":[],"jetpack_sharing_enabled":true,"_links":{"self":[{"href":"https:\/\/theperfumebottles.com\/tr\/wp-json\/wp\/v2\/product\/3596","targetHints":{"allow":["GET"]}}],"collection":[{"href":"https:\/\/theperfumebottles.com\/tr\/wp-json\/wp\/v2\/product"}],"about":[{"href":"https:\/\/theperfumebottles.com\/tr\/wp-json\/wp\/v2\/types\/product"}],"replies":[{"embeddable":true,"href":"https:\/\/theperfumebottles.com\/tr\/wp-json\/wp\/v2\/comments?post=3596"}],"wp:featuredmedia":[{"embeddable":true,"href":"https:\/\/theperfumebottles.com\/tr\/wp-json\/wp\/v2\/media\/3601"}],"wp:attachment":[{"href":"https:\/\/theperfumebottles.com\/tr\/wp-json\/wp\/v2\/media?parent=3596"}],"wp:term":[{"taxonomy":"product_brand","embeddable":true,"href":"https:\/\/theperfumebottles.com\/tr\/wp-json\/wp\/v2\/product_brand?post=3596"},{"taxonomy":"product_cat","embeddable":true,"href":"https:\/\/theperfumebottles.com\/tr\/wp-json\/wp\/v2\/product_cat?post=3596"},{"taxonomy":"product_tag","embeddable":true,"href":"https:\/\/theperfumebottles.com\/tr\/wp-json\/wp\/v2\/product_tag?post=3596"}],"curies":[{"name":"wp","href":"https:\/\/api.w.org\/{rel}","templated":true}]}}