{"id":3705,"date":"2025-06-07T18:45:52","date_gmt":"2025-06-07T10:45:52","guid":{"rendered":"https:\/\/theperfumebottles.com\/?post_type=product&#038;p=3705"},"modified":"2025-06-11T18:31:27","modified_gmt":"2025-06-11T10:31:27","slug":"30ml-50ml-100ml-glass-perfume-bottles-supplier","status":"publish","type":"product","link":"https:\/\/theperfumebottles.com\/tr\/urun\/30ml-50ml-100ml-glass-perfume-bottles-supplier\/","title":{"rendered":"30ml 50ml 100ml Cam Parf\u00fcm \u015ei\u015feleri Tedarik\u00e7isi"},"content":{"rendered":"<p>Birinci s\u0131n\u0131f cam parf\u00fcm \u015fi\u015fesi tedarikini ke\u015ffedin - y\u00fcksek kaliteli ambalaj \u00e7\u00f6z\u00fcmleri arayan koku markalar\u0131 i\u00e7in m\u00fckemmel, \u00f6zel se\u00e7eneklere sahip zarif tasar\u0131mlar.<\/p>\n<h2>Temel \u00d6zellikler<\/h2>\n<table style=\"border-collapse: collapse;margin-left: auto;margin-right: auto;width: 80%\" border=\"0\" width=\"80%\" cellspacing=\"0\" cellpadding=\"0\">\n<tbody>\n<tr style=\"height: 13.50pt\">\n<td style=\"height: 13.50pt;width: 83.25pt\" width=\"111\" height=\"18\">Model<\/td>\n<td style=\"width: 72.00pt\" width=\"96\">Kapasite<\/td>\n<td style=\"width: 99.75pt\" width=\"133\">Boyutlar (mm)<\/td>\n<td style=\"width: 78.00pt\" width=\"104\">Boyun \u00d6l\u00e7\u00fcs\u00fc<\/td>\n<td style=\"width: 99.00pt\" width=\"132\">Malzeme<\/td>\n<td style=\"width: 120.00pt\" width=\"160\">Kapak Renk Se\u00e7enekleri<\/td>\n<\/tr>\n<tr style=\"height: 13.50pt\">\n<td style=\"height: 13.50pt\" height=\"18\">PB-YZ1201<\/td>\n<td>30 ml<\/td>\n<td>40&#215;82<\/td>\n<td>15 mm<\/td>\n<td>Kristal Cam<\/td>\n<td>\u00d6zelle\u015ftirilebilir<\/td>\n<\/tr>\n<tr style=\"height: 13.50pt\">\n<td style=\"height: 13.50pt\" height=\"18\">PB-YZ1202<\/td>\n<td>50 ml<\/td>\n<td>45&#215;92<\/td>\n<td>15 mm<\/td>\n<td>Kristal Cam<\/td>\n<td>\u00d6zelle\u015ftirilebilir<\/td>\n<\/tr>\n<tr style=\"height: 13.50pt\">\n<td style=\"height: 13.50pt\" height=\"18\">PB-YZ1203<\/td>\n<td>100 ml<\/td>\n<td>53&#215;110<\/td>\n<td>15 mm<\/td>\n<td>Kristal Cam<\/td>\n<td style=\"text-align: left\">\u00d6zelle\u015ftirilebilir<\/td>\n<\/tr>\n<\/tbody>\n<\/table>\n<h2>Ger\u00e7ek D\u00fcnyadan Bir Ba\u015far\u0131 Hikayesi<\/h2>\n<p>Milano'daki l\u00fcks bir parf\u00fcm markas\u0131, cesur ve sanatsal kimliklerine uygun bir \u015fi\u015feye ihtiya\u00e7 duyuyordu. Mermer grisi cam g\u00f6vdeli ve uyumlu sprey kapakl\u0131 50 ml'lik modelimizi se\u00e7tiler. Yeni serileri online sat\u0131\u015flarda 70%'lik bir art\u0131\u015fla piyasaya s\u00fcr\u00fcld\u00fc. Neden mi? \u00c7\u00fcnk\u00fc \u015fi\u015fenin cam parf\u00fcm tasar\u0131m\u0131 sadece bir koku bar\u0131nd\u0131rmakla kalmad\u0131, markan\u0131n hikayesinin bir par\u00e7as\u0131 haline geldi.<\/p>\n<h2>Bu \u015ei\u015fe Neden Rekabeti Yeniyor?<\/h2>\n<p>\u0130nsanlar cam parf\u00fcm \u015fi\u015fesi ararken, genellikle \u00f6nemli bir fakt\u00f6r\u00fc g\u00f6zden ka\u00e7\u0131r\u0131rlar: Markan\u0131z\u0131 yans\u0131t\u0131yor mu? Bu \u015fi\u015feler sadece parf\u00fcm saklamakla kalmaz, mesaj\u0131n\u0131z\u0131 da g\u00fc\u00e7lendirir.<\/p>\n<ul>\n<li><strong>Premium Hissiyat:<\/strong> Kal\u0131n taban\u0131 ve p\u00fcr\u00fczs\u00fcz cam\u0131 l\u00fcks bir \u00fcr\u00fcn hissi veriyor.<\/li>\n<li><strong>G\u00f6rsel \u00c7ekicilik:<\/strong> Renkli s\u0131v\u0131 ve uyumlu kapak an\u0131nda marka bilinirli\u011fi yarat\u0131r.<\/li>\n<li><strong>Esnek Boyutlar:<\/strong> \u0130ster 50 ml parf\u00fcm ister 100 ml l\u00fcks bask\u0131lar sat\u0131n, her ihtiyaca uygun bir \u00fcr\u00fcn var.<\/li>\n<\/ul>\n<h2>\u00d6zel Bir \u015eey \u0130n\u015fa Edelim<\/h2>\n<p>Parf\u00fcm\u00fcn\u00fcz, b\u00fcy\u00fcs\u00fcne uygun bir \u015fi\u015feyi hak ediyor. Bu cam parf\u00fcm \u015fi\u015feleri sadece kap de\u011fil, markan\u0131z\u0131n ilk izlenimidir.<\/p>\n<p>Hatt\u0131n\u0131z i\u00e7in en iyi se\u00e7ene\u011fi se\u00e7me konusunda yard\u0131ma m\u0131 ihtiyac\u0131n\u0131z var? Bize ula\u015f\u0131n. Vizyonunuzu bir cam parf\u00fcm \u015faheserine d\u00f6n\u00fc\u015ft\u00fcrmek i\u00e7in buraday\u0131z - her seferinde bir \u015fi\u015fe.<\/p>","protected":false},"excerpt":{"rendered":"<p>30ml, 50ml, 100ml boyutlar\u0131ndaki en iyi cam parf\u00fcm \u015fi\u015felerini ke\u015ffedin. \u00d6zelle\u015ftirilebilir, y\u00fcksek kaliteli cam parf\u00fcm ambalaj \u00e7\u00f6z\u00fcmlerine ihtiya\u00e7 duyan parf\u00fcm markalar\u0131 i\u00e7in idealdir.<\/p>","protected":false},"featured_media":3739,"comment_status":"open","ping_status":"closed","template":"","meta":{"_acf_changed":false,"site-sidebar-layout":"default","site-content-layout":"","ast-site-content-layout":"default","site-content-style":"default","site-sidebar-style":"default","ast-global-header-display":"","ast-banner-title-visibility":"","ast-main-header-display":"","ast-hfb-above-header-display":"","ast-hfb-below-header-display":"","ast-hfb-mobile-header-display":"","site-post-title":"","ast-breadcrumbs-content":"","ast-featured-img":"","footer-sml-layout":"","ast-disable-related-posts":"","theme-transparent-header-meta":"default","adv-header-id-meta":"","stick-header-meta":"","header-above-stick-meta":"","header-main-stick-meta":"","header-below-stick-meta":"","astra-migrate-meta-layouts":"set","ast-page-background-enabled":"default","ast-page-background-meta":{"desktop":{"background-color":"var(--ast-global-color-5)","background-image":"","background-repeat":"repeat","background-position":"center center","background-size":"auto","background-attachment":"scroll","background-type":"","background-media":"","overlay-type":"","overlay-color":"","overlay-opacity":"","overlay-gradient":""},"tablet":{"background-color":"","background-image":"","background-repeat":"repeat","background-position":"center center","background-size":"auto","background-attachment":"scroll","background-type":"","background-media":"","overlay-type":"","overlay-color":"","overlay-opacity":"","overlay-gradient":""},"mobile":{"background-color":"","background-image":"","background-repeat":"repeat","background-position":"center center","background-size":"auto","background-attachment":"scroll","background-type":"","background-media":"","overlay-type":"","overlay-color":"","overlay-opacity":"","overlay-gradient":""}},"ast-content-background-meta":{"desktop":{"background-color":"var(--ast-global-color-4)","background-image":"","background-repeat":"repeat","background-position":"center center","background-size":"auto","background-attachment":"scroll","background-type":"","background-media":"","overlay-type":"","overlay-color":"","overlay-opacity":"","overlay-gradient":""},"tablet":{"background-color":"var(--ast-global-color-4)","background-image":"","background-repeat":"repeat","background-position":"center center","background-size":"auto","background-attachment":"scroll","background-type":"","background-media":"","overlay-type":"","overlay-color":"","overlay-opacity":"","overlay-gradient":""},"mobile":{"background-color":"var(--ast-global-color-4)","background-image":"","background-repeat":"repeat","background-position":"center center","background-size":"auto","background-attachment":"scroll","background-type":"","background-media":"","overlay-type":"","overlay-color":"","overlay-opacity":"","overlay-gradient":""}}},"product_brand":[],"product_cat":[72,91,41],"product_tag":[49],"class_list":{"0":"post-3705","1":"product","2":"type-product","3":"status-publish","4":"has-post-thumbnail","6":"product_cat-cosmetic-packaging","7":"product_cat-custom-perfume-bottles","8":"product_cat-perfume-bottles","9":"product_tag-perfume-bottles","10":"desktop-align-left","11":"tablet-align-left","12":"mobile-align-left","14":"first","15":"instock","16":"shipping-taxable","17":"product-type-simple"},"acf":[],"jetpack_sharing_enabled":true,"_links":{"self":[{"href":"https:\/\/theperfumebottles.com\/tr\/wp-json\/wp\/v2\/product\/3705","targetHints":{"allow":["GET"]}}],"collection":[{"href":"https:\/\/theperfumebottles.com\/tr\/wp-json\/wp\/v2\/product"}],"about":[{"href":"https:\/\/theperfumebottles.com\/tr\/wp-json\/wp\/v2\/types\/product"}],"replies":[{"embeddable":true,"href":"https:\/\/theperfumebottles.com\/tr\/wp-json\/wp\/v2\/comments?post=3705"}],"wp:featuredmedia":[{"embeddable":true,"href":"https:\/\/theperfumebottles.com\/tr\/wp-json\/wp\/v2\/media\/3739"}],"wp:attachment":[{"href":"https:\/\/theperfumebottles.com\/tr\/wp-json\/wp\/v2\/media?parent=3705"}],"wp:term":[{"taxonomy":"product_brand","embeddable":true,"href":"https:\/\/theperfumebottles.com\/tr\/wp-json\/wp\/v2\/product_brand?post=3705"},{"taxonomy":"product_cat","embeddable":true,"href":"https:\/\/theperfumebottles.com\/tr\/wp-json\/wp\/v2\/product_cat?post=3705"},{"taxonomy":"product_tag","embeddable":true,"href":"https:\/\/theperfumebottles.com\/tr\/wp-json\/wp\/v2\/product_tag?post=3705"}],"curies":[{"name":"wp","href":"https:\/\/api.w.org\/{rel}","templated":true}]}}