{"id":3850,"date":"2025-06-11T18:38:00","date_gmt":"2025-06-11T10:38:00","guid":{"rendered":"https:\/\/theperfumebottles.com\/?post_type=product&#038;p=3850"},"modified":"2025-06-17T09:24:16","modified_gmt":"2025-06-17T01:24:16","slug":"elegant-bottle-perfume-glass-for-wholesale","status":"publish","type":"product","link":"https:\/\/theperfumebottles.com\/tr\/urun\/elegant-bottle-perfume-glass-for-wholesale\/","title":{"rendered":"Toptan 30ml 50ml 100ml \u015e\u0131k \u015ei\u015fe Parf\u00fcm Cam\u0131"},"content":{"rendered":"<p>Toptan parf\u00fcm \u015fi\u015feleri mi ar\u0131yorsunuz? \u015e\u0131k, \u00f6zelle\u015ftirilebilir ve markalar i\u00e7in m\u00fckemmel olan premium \u015fi\u015fe parf\u00fcm cam\u0131 koleksiyonumuzu ke\u015ffedin. G\u00fcvenli p\u00fcsk\u00fcrtme pompalar\u0131 ile 30ml, 50ml ve 100ml boyutlar\u0131nda mevcuttur. Dayan\u0131kl\u0131, zarif ve parf\u00fcmler, kolonyalar veya u\u00e7ucu ya\u011flar i\u00e7in idealdir. K\u00fc\u00e7\u00fck partiler veya b\u00fcy\u00fck \u00f6l\u00e7ekli sipari\u015fler i\u00e7in idealdir.<\/p>\n<h2>Temel \u00d6zellikler<\/h2>\n<table style=\"border-collapse: collapse;margin-left: auto;margin-right: auto;width: 80%\" border=\"0\" width=\"80%\" cellspacing=\"0\" cellpadding=\"0\">\n<tbody>\n<tr style=\"height: 13.50pt\">\n<td style=\"height: 13.50pt;width: 101.25pt\" width=\"135\" height=\"18\">Model<\/td>\n<td style=\"width: 77.25pt\" width=\"103\">Kapasite<\/td>\n<td style=\"width: 114.75pt\" width=\"153\">Boyutlar (mm)<\/td>\n<td style=\"width: 161.25pt\" width=\"215\">Kapatma T\u00fcr\u00fc<\/td>\n<td style=\"width: 98.25pt\" width=\"131\">Malzeme<\/td>\n<td style=\"width: 99.00pt\" width=\"132\">Renk Se\u00e7enekleri<\/td>\n<\/tr>\n<tr style=\"height: 13.50pt\">\n<td style=\"height: 13.50pt\" height=\"18\">PB-YZ1501<\/td>\n<td>30 ml<\/td>\n<td>36 x 72<\/td>\n<td>S\u0131k\u0131\u015ft\u0131rma Boyunlu + Sprey<\/td>\n<td>Kristal cam<\/td>\n<td>\u00d6zelle\u015ftirilebilir<\/td>\n<\/tr>\n<tr style=\"height: 13.50pt\">\n<td style=\"height: 13.50pt\" height=\"18\">PB-YZ1502<\/td>\n<td>50 ml<\/td>\n<td>43.5 x 85<\/td>\n<td>S\u0131k\u0131\u015ft\u0131rma Boyunlu + Sprey<\/td>\n<td>Kristal cam<\/td>\n<td>\u00d6zelle\u015ftirilebilir<\/td>\n<\/tr>\n<tr style=\"height: 13.50pt\">\n<td style=\"height: 13.50pt\" height=\"18\">PB-YZ1503<\/td>\n<td>100 ml<\/td>\n<td>51.4 x 100<\/td>\n<td>S\u0131k\u0131\u015ft\u0131rma Boyunlu + Sprey<\/td>\n<td>Kristal cam<\/td>\n<td>\u00d6zelle\u015ftirilebilir<\/td>\n<\/tr>\n<\/tbody>\n<\/table>\n<h2>Ger\u00e7ek Ba\u015far\u0131 Hikayesi<\/h2>\n<p>Fransa'da butik bir parf\u00fcm markas\u0131 ilk unisex parf\u00fcm\u00fcn\u00fc piyasaya s\u00fcrmeye haz\u0131rlan\u0131yordu. Raflarda g\u00f6ze \u00e7arpacak minimalist ama l\u00fcks bir g\u00f6r\u00fcn\u00fcm istiyorlard\u0131. Derin lacivert kaplamal\u0131 ve alt\u0131n atomiz\u00f6rl\u00fc 50 ml'lik cam parf\u00fcm \u015fi\u015femizi se\u00e7tiler. \u00dcr\u00fcn birka\u00e7 hafta i\u00e7inde bir\u00e7ok \"En \u0130yi 10\" listesine girdi ve m\u00fc\u015fteriler zarif tasar\u0131m\u0131 ve kullan\u0131m kolayl\u0131\u011f\u0131n\u0131 \u00f6vd\u00fc. \"Do\u011fru parf\u00fcm ambalaj\u0131n\u0131 bulmak i\u00e7in \u00e7ok arad\u0131k,\" diyor kurucu. \"Bu \u015fi\u015fe parf\u00fcm cam\u0131 bize tam olarak arad\u0131\u011f\u0131m\u0131z\u0131 verdi - stil, kalite ve de\u011fer.\"<\/p>\n<h2>Markan\u0131z \u0130\u00e7in \u00d6zelle\u015ftirme \u0130pu\u00e7lar\u0131<\/h2>\n<p>Parf\u00fcm\u00fcn\u00fcz\u00fcn dikkat \u00e7ekmesini ve ayr\u0131cal\u0131kl\u0131 hissettirmesini mi istiyorsunuz? \u0130\u015fte \u015fi\u015felerimizden en iyi \u015fekilde nas\u0131l yararlanaca\u011f\u0131n\u0131z:<\/p>\n<ul>\n<li><strong>Marka E\u015fle\u015fmesi:<\/strong> Rengi marka tonunuzu yans\u0131tacak \u015fekilde \u00f6zelle\u015ftirin - do\u011fal \u00e7izgiler i\u00e7in yumu\u015fak pastelleri veya keskin kokular i\u00e7in cesur tonlar\u0131 d\u00fc\u015f\u00fcn\u00fcn.<\/li>\n<li><strong>Etiket Dostu \u015eekil:<\/strong> Silindirik tasar\u0131m, etraf\u0131 saran etiketlerle veya dikey yerle\u015ftirmelerle harika \u00e7al\u0131\u015f\u0131r - temiz ve \u015f\u0131k tutun.<\/li>\n<li><strong>Do\u011fru beden:<\/strong> Seyahat dostu koleksiyonlar i\u00e7in 50 ml'lik se\u00e7ene\u011fi ve premium hediye setleri i\u00e7in 100 ml'lik versiyonu kullan\u0131n.<\/li>\n<li><strong>Ambalaj E\u015fle\u015fmesi:<\/strong> Kutu a\u00e7ma deneyimini y\u00fckseltmek i\u00e7in manyetik kutular veya \u00f6zel ekler ile birle\u015ftirin.<\/li>\n<\/ul>\n<h2>\u0130deal Parf\u00fcm Ambalaj Orta\u011f\u0131n\u0131z<\/h2>\n<p>\u0130ster ni\u015f bir el yap\u0131m\u0131 koku serisi ba\u015flat\u0131yor ister b\u00fcy\u00fck \u00f6l\u00e7ekli bir lansman planl\u0131yor olun, fikirlerinizi ger\u00e7e\u011fe d\u00f6n\u00fc\u015ft\u00fcrmenize yard\u0131mc\u0131 olmak i\u00e7in yeterli deneyime, profesyonel teknolojiye ve co\u015fkuya sahibiz.<\/p>\n<p>Gelin birlikte etkileyici bir parf\u00fcm deneyimi yaratal\u0131m. Ne de olsa her parf\u00fcm \u015fi\u015fesi bir hikaye anlat\u0131r ve iyi bir ambalaj onun en dokunakl\u0131 \u00f6rt\u00fcs\u00fcd\u00fcr.<\/p>","protected":false},"excerpt":{"rendered":"<p>Toptan parf\u00fcm \u015fi\u015felerinde y\u00fcksek kaliteli \u015fi\u015fe parf\u00fcm cam\u0131 mevcuttur. Markalar, perakendeciler ve \u00f6zel koku ambalajlar\u0131 i\u00e7in idealdir.<\/p>","protected":false},"featured_media":3981,"comment_status":"open","ping_status":"closed","template":"","meta":{"_acf_changed":false,"site-sidebar-layout":"default","site-content-layout":"","ast-site-content-layout":"default","site-content-style":"default","site-sidebar-style":"default","ast-global-header-display":"","ast-banner-title-visibility":"","ast-main-header-display":"","ast-hfb-above-header-display":"","ast-hfb-below-header-display":"","ast-hfb-mobile-header-display":"","site-post-title":"","ast-breadcrumbs-content":"","ast-featured-img":"","footer-sml-layout":"","ast-disable-related-posts":"","theme-transparent-header-meta":"default","adv-header-id-meta":"","stick-header-meta":"","header-above-stick-meta":"","header-main-stick-meta":"","header-below-stick-meta":"","astra-migrate-meta-layouts":"set","ast-page-background-enabled":"default","ast-page-background-meta":{"desktop":{"background-color":"var(--ast-global-color-5)","background-image":"","background-repeat":"repeat","background-position":"center center","background-size":"auto","background-attachment":"scroll","background-type":"","background-media":"","overlay-type":"","overlay-color":"","overlay-opacity":"","overlay-gradient":""},"tablet":{"background-color":"","background-image":"","background-repeat":"repeat","background-position":"center center","background-size":"auto","background-attachment":"scroll","background-type":"","background-media":"","overlay-type":"","overlay-color":"","overlay-opacity":"","overlay-gradient":""},"mobile":{"background-color":"","background-image":"","background-repeat":"repeat","background-position":"center center","background-size":"auto","background-attachment":"scroll","background-type":"","background-media":"","overlay-type":"","overlay-color":"","overlay-opacity":"","overlay-gradient":""}},"ast-content-background-meta":{"desktop":{"background-color":"var(--ast-global-color-4)","background-image":"","background-repeat":"repeat","background-position":"center center","background-size":"auto","background-attachment":"scroll","background-type":"","background-media":"","overlay-type":"","overlay-color":"","overlay-opacity":"","overlay-gradient":""},"tablet":{"background-color":"var(--ast-global-color-4)","background-image":"","background-repeat":"repeat","background-position":"center center","background-size":"auto","background-attachment":"scroll","background-type":"","background-media":"","overlay-type":"","overlay-color":"","overlay-opacity":"","overlay-gradient":""},"mobile":{"background-color":"var(--ast-global-color-4)","background-image":"","background-repeat":"repeat","background-position":"center center","background-size":"auto","background-attachment":"scroll","background-type":"","background-media":"","overlay-type":"","overlay-color":"","overlay-opacity":"","overlay-gradient":""}}},"product_brand":[],"product_cat":[72,91,41],"product_tag":[89],"class_list":{"0":"post-3850","1":"product","2":"type-product","3":"status-publish","4":"has-post-thumbnail","6":"product_cat-cosmetic-packaging","7":"product_cat-custom-perfume-bottles","8":"product_cat-perfume-bottles","9":"product_tag-perfume-bottle","10":"desktop-align-left","11":"tablet-align-left","12":"mobile-align-left","14":"first","15":"instock","16":"shipping-taxable","17":"product-type-simple"},"acf":[],"jetpack_sharing_enabled":true,"_links":{"self":[{"href":"https:\/\/theperfumebottles.com\/tr\/wp-json\/wp\/v2\/product\/3850","targetHints":{"allow":["GET"]}}],"collection":[{"href":"https:\/\/theperfumebottles.com\/tr\/wp-json\/wp\/v2\/product"}],"about":[{"href":"https:\/\/theperfumebottles.com\/tr\/wp-json\/wp\/v2\/types\/product"}],"replies":[{"embeddable":true,"href":"https:\/\/theperfumebottles.com\/tr\/wp-json\/wp\/v2\/comments?post=3850"}],"wp:featuredmedia":[{"embeddable":true,"href":"https:\/\/theperfumebottles.com\/tr\/wp-json\/wp\/v2\/media\/3981"}],"wp:attachment":[{"href":"https:\/\/theperfumebottles.com\/tr\/wp-json\/wp\/v2\/media?parent=3850"}],"wp:term":[{"taxonomy":"product_brand","embeddable":true,"href":"https:\/\/theperfumebottles.com\/tr\/wp-json\/wp\/v2\/product_brand?post=3850"},{"taxonomy":"product_cat","embeddable":true,"href":"https:\/\/theperfumebottles.com\/tr\/wp-json\/wp\/v2\/product_cat?post=3850"},{"taxonomy":"product_tag","embeddable":true,"href":"https:\/\/theperfumebottles.com\/tr\/wp-json\/wp\/v2\/product_tag?post=3850"}],"curies":[{"name":"wp","href":"https:\/\/api.w.org\/{rel}","templated":true}]}}