{"id":3897,"date":"2025-06-13T17:04:32","date_gmt":"2025-06-13T09:04:32","guid":{"rendered":"https:\/\/theperfumebottles.com\/?post_type=product&#038;p=3897"},"modified":"2025-06-17T09:38:58","modified_gmt":"2025-06-17T01:38:58","slug":"elegant-perfume-beautiful-bottle-with-glass-design","status":"publish","type":"product","link":"https:\/\/theperfumebottles.com\/tr\/urun\/elegant-perfume-beautiful-bottle-with-glass-design\/","title":{"rendered":"50ml 100ml Cam Tasar\u0131ml\u0131 \u015e\u0131k Parf\u00fcm G\u00fczel \u015ei\u015fe"},"content":{"rendered":"<p>Zamans\u0131z zarafeti modern pratiklikle harmanlayan g\u00fczel \u015fi\u015feli bir parf\u00fcm ar\u0131yorsan\u0131z, bu \u015fi\u015fe cam parf\u00fcmler tam size g\u00f6re. Yeni bir parf\u00fcm serisi piyasaya s\u00fcr\u00fcyor veya mevcut ambalaj\u0131n\u0131z\u0131 y\u00fckseltiyor olun, bu \u015fi\u015feler marka imaj\u0131n\u0131z\u0131 geli\u015ftirebilir.<\/p>\n<h2>Temel \u00d6zellikler<\/h2>\n<table style=\"border-collapse: collapse;margin-left: auto;margin-right: auto;width: 80%\" border=\"0\" width=\"80%\" cellspacing=\"0\" cellpadding=\"0\">\n<tbody>\n<tr style=\"height: 13.50pt\">\n<td style=\"height: 13.50pt;width: 81.00pt\" width=\"108\" height=\"18\">Model<\/td>\n<td style=\"width: 70.50pt\" width=\"94\">Kapasite<\/td>\n<td style=\"width: 93.00pt\" width=\"124\">\u015eekil<\/td>\n<td style=\"width: 102.00pt\" width=\"136\">Boyutlar (mm)<\/td>\n<td style=\"width: 102.75pt\" width=\"137\">Boyun \u00c7ap\u0131<\/td>\n<td style=\"width: 193.50pt\" width=\"258\">S\u0131zd\u0131rmazl\u0131k Y\u00f6ntemi<\/td>\n<td style=\"width: 105.75pt\" width=\"141\">Malzeme<\/td>\n<td style=\"width: 104.25pt\" width=\"139\">Renk<\/td>\n<\/tr>\n<tr style=\"height: 13.50pt\">\n<td style=\"height: 13.50pt\" height=\"18\">PB-YZ1604<\/td>\n<td>50 ml<\/td>\n<td>Silindirik<\/td>\n<td>37 \u00d7 98<\/td>\n<td>15 mm<\/td>\n<td>S\u0131k\u0131\u015ft\u0131rma Boyunlu + Sprey<\/td>\n<td>Kristal cam<\/td>\n<td>\u00d6zelle\u015ftirilebilir<\/td>\n<\/tr>\n<tr style=\"height: 13.50pt\">\n<td style=\"height: 13.50pt\" height=\"18\">PB-YZ1605<\/td>\n<td>50 ml<\/td>\n<td>Silindirik<\/td>\n<td>32 \u00d7 137<\/td>\n<td>15 mm<\/td>\n<td>S\u0131k\u0131\u015ft\u0131rma Boyunlu + Sprey<\/td>\n<td>Kristal cam<\/td>\n<td>\u00d6zelle\u015ftirilebilir<\/td>\n<\/tr>\n<tr style=\"height: 13.50pt\">\n<td style=\"height: 13.50pt\" height=\"18\">PB-YZ1606<\/td>\n<td>100 ml<\/td>\n<td>Silindirik<\/td>\n<td>39 \u00d7 159<\/td>\n<td>15 mm<\/td>\n<td>S\u0131k\u0131\u015ft\u0131rma Boyunlu + Sprey<\/td>\n<td>Kristal cam<\/td>\n<td>\u00d6zelle\u015ftirilebilir<\/td>\n<\/tr>\n<\/tbody>\n<\/table>\n<h2>Ger\u00e7ek Vaka \u00c7al\u0131\u015fmas\u0131<\/h2>\n<p>Paris'te bulunan butik bir parf\u00fcm markas\u0131, bu g\u00fczel \u015fi\u015feyle imza unisex parf\u00fcm\u00fcn\u00fc piyasaya s\u00fcrd\u00fc. Yumu\u015fak bir lavanta tonu, f\u0131r\u00e7alanm\u0131\u015f g\u00fcm\u00fc\u015f p\u00fcsk\u00fcrtme \u015fi\u015fe kapa\u011f\u0131 ve minimal bir marka logosu tercih ettiler. Sonu\u00e7 mu? \u00dcr\u00fcnleri raflarda \u00f6ne \u00e7\u0131kt\u0131, \u00e7evrimi\u00e7i ilgi g\u00f6rd\u00fc ve sadece birka\u00e7 ay i\u00e7inde toptan sipari\u015flerde % art\u0131\u015f kaydetti.<\/p>\n<h2>Kendi parf\u00fcm \u015fi\u015fenizi yaratmak i\u00e7in ipu\u00e7lar\u0131<\/h2>\n<ul>\n<li><strong>Renk \u00f6zelle\u015ftirmesi:<\/strong> G\u00f6r\u00fcn\u00fcm ve kokunun daha uyumlu olmas\u0131n\u0131 sa\u011flamak i\u00e7in \u015fi\u015fe rengini kokuya g\u00f6re se\u00e7in (\u00f6rne\u011fin, \u00e7i\u00e7eksi kokular i\u00e7in yumu\u015fak pembe ve odunsu kokular i\u00e7in koyu kahverengi).<\/li>\n<li><strong>Marka logosu:<\/strong> Marka bilinirli\u011fini art\u0131rmak i\u00e7in LOGO'yu serigrafi bask\u0131 veya lazerle kaz\u0131tabilirsiniz.<\/li>\n<li><strong>Malzeme detaylar\u0131:<\/strong> L\u00fcks hissi art\u0131rmak i\u00e7in mat\/elektrokaplama \u015fi\u015fe kapaklar\u0131 ve metal dokulu etiketler se\u00e7in.<\/li>\n<li><strong>\u00c7evre dostu ambalaj:<\/strong> Geri d\u00f6n\u00fc\u015ft\u00fcr\u00fclebilir ka\u011f\u0131t kutular + \u00f6zel astar e\u015fle\u015ftirerek ye\u015fil bir marka imaj\u0131 olu\u015fturun.<\/li>\n<li><strong>Bulk customization support:<\/strong> Support large orders and OEM services, better prices and stable supply.<\/li>\n<\/ul>\n<h2>Minghang'a parf\u00fcm \u00fcreticisi olarak neden se\u00e7ilmelidir?<\/h2>\n<p>Minghang'a se\u00e7im, profesyonel g\u00fc\u00e7, kalite g\u00fcvencesi ve esnek \u00f6zelle\u015ftirme sa\u011flayan tek nokta parf\u00fcm \u00fcreticisi demektir. Markalar\u0131n ihtiya\u00e7lar\u0131n\u0131 ve pazar ritmini anlar\u0131z. Tasar\u0131mdan \u00fcretmeye kadar t\u00fcm s\u00fcre\u00e7 hizmetler sunman\u0131n yan\u0131 s\u0131ra, \u00e7evre dostu malzemeler kullan\u0131yor, s\u0131k\u0131 kalite kontrol sa\u011fl\u0131yoruz ve rekabet\u00e7i toptan fiyatlarla size \u00f6zel kokulu \u00fcr\u00fcnler olu\u015fturman\u0131z\u0131 verimli hale getiriyoruz ve markan\u0131z\u0131 pazarda \u00f6ne \u00e7\u0131karm\u0131n\u0131za yard\u0131mc\u0131 oluyoruz.<\/p>","protected":false},"excerpt":{"rendered":"<p>Premium \u015fi\u015fe cam\u0131ndan yap\u0131lm\u0131\u015f g\u00fczel parf\u00fcm \u015fi\u015fesi. \u015e\u0131k 100ml tasar\u0131m, hediyelik veya toptan parf\u00fcm ambalaj\u0131.<\/p>","protected":false},"featured_media":3903,"comment_status":"open","ping_status":"closed","template":"","meta":{"_acf_changed":false,"site-sidebar-layout":"default","site-content-layout":"","ast-site-content-layout":"default","site-content-style":"default","site-sidebar-style":"default","ast-global-header-display":"","ast-banner-title-visibility":"","ast-main-header-display":"","ast-hfb-above-header-display":"","ast-hfb-below-header-display":"","ast-hfb-mobile-header-display":"","site-post-title":"","ast-breadcrumbs-content":"","ast-featured-img":"","footer-sml-layout":"","ast-disable-related-posts":"","theme-transparent-header-meta":"default","adv-header-id-meta":"","stick-header-meta":"","header-above-stick-meta":"","header-main-stick-meta":"","header-below-stick-meta":"","astra-migrate-meta-layouts":"set","ast-page-background-enabled":"default","ast-page-background-meta":{"desktop":{"background-color":"var(--ast-global-color-5)","background-image":"","background-repeat":"repeat","background-position":"center center","background-size":"auto","background-attachment":"scroll","background-type":"","background-media":"","overlay-type":"","overlay-color":"","overlay-opacity":"","overlay-gradient":""},"tablet":{"background-color":"","background-image":"","background-repeat":"repeat","background-position":"center center","background-size":"auto","background-attachment":"scroll","background-type":"","background-media":"","overlay-type":"","overlay-color":"","overlay-opacity":"","overlay-gradient":""},"mobile":{"background-color":"","background-image":"","background-repeat":"repeat","background-position":"center center","background-size":"auto","background-attachment":"scroll","background-type":"","background-media":"","overlay-type":"","overlay-color":"","overlay-opacity":"","overlay-gradient":""}},"ast-content-background-meta":{"desktop":{"background-color":"var(--ast-global-color-4)","background-image":"","background-repeat":"repeat","background-position":"center center","background-size":"auto","background-attachment":"scroll","background-type":"","background-media":"","overlay-type":"","overlay-color":"","overlay-opacity":"","overlay-gradient":""},"tablet":{"background-color":"var(--ast-global-color-4)","background-image":"","background-repeat":"repeat","background-position":"center center","background-size":"auto","background-attachment":"scroll","background-type":"","background-media":"","overlay-type":"","overlay-color":"","overlay-opacity":"","overlay-gradient":""},"mobile":{"background-color":"var(--ast-global-color-4)","background-image":"","background-repeat":"repeat","background-position":"center center","background-size":"auto","background-attachment":"scroll","background-type":"","background-media":"","overlay-type":"","overlay-color":"","overlay-opacity":"","overlay-gradient":""}}},"product_brand":[],"product_cat":[72,91,41],"product_tag":[49],"class_list":{"0":"post-3897","1":"product","2":"type-product","3":"status-publish","4":"has-post-thumbnail","6":"product_cat-cosmetic-packaging","7":"product_cat-custom-perfume-bottles","8":"product_cat-perfume-bottles","9":"product_tag-perfume-bottles","10":"desktop-align-left","11":"tablet-align-left","12":"mobile-align-left","14":"first","15":"instock","16":"shipping-taxable","17":"product-type-simple"},"acf":[],"jetpack_sharing_enabled":true,"_links":{"self":[{"href":"https:\/\/theperfumebottles.com\/tr\/wp-json\/wp\/v2\/product\/3897","targetHints":{"allow":["GET"]}}],"collection":[{"href":"https:\/\/theperfumebottles.com\/tr\/wp-json\/wp\/v2\/product"}],"about":[{"href":"https:\/\/theperfumebottles.com\/tr\/wp-json\/wp\/v2\/types\/product"}],"replies":[{"embeddable":true,"href":"https:\/\/theperfumebottles.com\/tr\/wp-json\/wp\/v2\/comments?post=3897"}],"wp:featuredmedia":[{"embeddable":true,"href":"https:\/\/theperfumebottles.com\/tr\/wp-json\/wp\/v2\/media\/3903"}],"wp:attachment":[{"href":"https:\/\/theperfumebottles.com\/tr\/wp-json\/wp\/v2\/media?parent=3897"}],"wp:term":[{"taxonomy":"product_brand","embeddable":true,"href":"https:\/\/theperfumebottles.com\/tr\/wp-json\/wp\/v2\/product_brand?post=3897"},{"taxonomy":"product_cat","embeddable":true,"href":"https:\/\/theperfumebottles.com\/tr\/wp-json\/wp\/v2\/product_cat?post=3897"},{"taxonomy":"product_tag","embeddable":true,"href":"https:\/\/theperfumebottles.com\/tr\/wp-json\/wp\/v2\/product_tag?post=3897"}],"curies":[{"name":"wp","href":"https:\/\/api.w.org\/{rel}","templated":true}]}}