{"id":3939,"date":"2025-06-16T18:01:47","date_gmt":"2025-06-16T10:01:47","guid":{"rendered":"https:\/\/theperfumebottles.com\/?post_type=product&#038;p=3939"},"modified":"2025-06-16T18:01:48","modified_gmt":"2025-06-16T10:01:48","slug":"wholesale-miniature-perfume-bottles-custom-perfume-bottle-mini","status":"publish","type":"product","link":"https:\/\/theperfumebottles.com\/tr\/urun\/wholesale-miniature-perfume-bottles-custom-perfume-bottle-mini\/","title":{"rendered":"15 ml 20 ml 30 ml Minyat\u00fcr Parf\u00fcm \u015ei\u015feleri | \u00d6zel Mini Parf\u00fcm \u015ei\u015fesi"},"content":{"rendered":"<p>M\u00fc\u015fterilerine l\u00fcks ve\u4fbf\u643a kokulu bir deneyim getirmek istiyor musunuz? K\u00fc\u00e7\u00fck kokulu \u015fi\u015felerimiz m\u00fckemmel! Kokulu \u015fi\u015fe mini hem \u015f\u0131k hem de pratiktir, marka paketine modern bir dokunu\u015f katar~<\/p>\n<h2>Temel \u00d6zellikler<\/h2>\n<table style=\"border-collapse: collapse; margin-left: auto; margin-right: auto; width: 80%;\" border=\"0\" width=\"80%\" cellspacing=\"0\" cellpadding=\"0\">\n<tbody>\n<tr style=\"height: 13.50pt;\">\n<td style=\"height: 13.50pt; width: 99.75pt;\" width=\"133\" height=\"18\">\u00d6zellik<\/td>\n<td style=\"width: 262.50pt;\" width=\"350\">Tan\u0131m<\/td>\n<\/tr>\n<tr style=\"height: 13.50pt;\">\n<td style=\"height: 13.50pt;\" height=\"18\">Modeller<\/td>\n<td>PB-YZ1601 \/ PB-YZ1602 \/ PB-YZ1603<\/td>\n<\/tr>\n<tr style=\"height: 13.50pt;\">\n<td style=\"height: 13.50pt;\" height=\"18\">Kapasite<\/td>\n<td>15ml \/ 20ml \/ 30ml<\/td>\n<\/tr>\n<tr style=\"height: 13.50pt;\">\n<td style=\"height: 13.50pt;\" height=\"18\">\u015eekil<\/td>\n<td>Silindirik<\/td>\n<\/tr>\n<tr style=\"height: 13.50pt;\">\n<td style=\"height: 13.50pt;\" height=\"18\">Boyutlar<\/td>\n<td>25x84mm \/ 29x67mm \/ 33x98mm<\/td>\n<\/tr>\n<tr style=\"height: 13.50pt;\">\n<td style=\"height: 13.50pt;\" height=\"18\">Boyun \u00c7ap\u0131<\/td>\n<td>15 mm<\/td>\n<\/tr>\n<tr style=\"height: 13.50pt;\">\n<td style=\"height: 13.50pt;\" height=\"18\">Kapatma T\u00fcr\u00fc<\/td>\n<td>Kilitli Boyun+Spray Pompa<\/td>\n<\/tr>\n<tr style=\"height: 13.50pt;\">\n<td style=\"height: 13.50pt;\" height=\"18\">Malzeme<\/td>\n<td>Kristal cam<\/td>\n<\/tr>\n<tr style=\"height: 13.50pt;\">\n<td style=\"height: 13.50pt;\" height=\"18\">Kapak Rengi<\/td>\n<td>P\u00fcr\u00fczl\u00fc siyah, g\u00fcm\u00fc\u015f, alt\u0131n, \u015feffaf akrilik<\/td>\n<\/tr>\n<tr style=\"height: 13.50pt;\">\n<td style=\"height: 13.50pt;\" height=\"18\">\u0130deal \u0130\u00e7in<\/td>\n<td>Koku numuneleri, seyahat boyutundaki kokular<\/td>\n<\/tr>\n<\/tbody>\n<\/table>\n<h2><strong>Ger\u00e7ek vaka \u00e7ok ikna edicidir:<\/strong><\/h2>\n<p>L\u00fcks bir parf\u00fcm markas\u0131, influencer'lar ve VIP'ler i\u00e7in hediye setleri olu\u015fturmak \u00fczere alt\u0131n \u015fi\u015fe kapa\u011f\u0131 ve marka yaz\u0131s\u0131yla koyu kobalt mavisi 30 ml PB-YZ1603 \u015fi\u015femizi kulland\u0131 ve influencer pazarlamas\u0131 b\u00fcy\u00fck bir ba\u015far\u0131 oldu! Herkes g\u00f6r\u00fcn\u00fc\u015f\u00fcn\u00fcn g\u00fczel ve ta\u015f\u0131mas\u0131n\u0131n kolay oldu\u011funu \u00f6vd\u00fc~<\/p>\n<h2>Markan\u0131z \u0130\u00e7in \u00d6zelle\u015ftirme \u0130pu\u00e7lar\u0131<\/h2>\n<p>Parf\u00fcm\u00fcn\u00fcz\u00fcn \u00f6ne \u00e7\u0131kmas\u0131n\u0131 istiyorsan\u0131z, ambalaj\u0131n\u0131n sadece kokuyu muhafaza etmekten daha fazlas\u0131n\u0131 yapmas\u0131 gerekir \u2014 bir hikaye anlatmal\u0131, g\u00f6ze \u00e7arpmal\u0131 ve insanlar\u0131 merakland\u0131rmal\u0131d\u0131r.<\/p>\n<ul>\n<li><strong>Markan\u0131z\u0131 \u00d6ne \u00c7\u0131kar\u0131n:<\/strong> Logonuzu veya ad\u0131n\u0131z\u0131 lazer kaz\u0131ma veya serigrafi bask\u0131 kullanarak ekleyin. Bu sadece bir dekorasyon de\u011fil \u2014 sizin imzan\u0131zd\u0131r. Bunu bir ba\u015fyap\u0131ta imza atmak gibi d\u00fc\u015f\u00fcn\u00fcn.<\/li>\n<li><strong>Kapak Renkleriyle Baharat Kat\u0131n:<\/strong> Kim demi\u015f kapaklar\u0131n s\u0131k\u0131c\u0131 olmas\u0131 gerekti\u011fini? \u015e\u0131k ve minimalist bir g\u00f6r\u00fcn\u00fcm\u00fc seviyorsan\u0131z mat siyah\u0131 tercih edin \u2014 veya \"l\u00fcks demek istiyorum\" havas\u0131 i\u00e7in rose gold'u tercih edin. Bir renk dokunu\u015fu \u015fi\u015fenizin havas\u0131n\u0131 tamamen de\u011fi\u015ftirebilir.<\/li>\n<li><strong>Tek Bir Boyutun \u00d6tesinde D\u00fc\u015f\u00fcn\u00fcn:<\/strong> Hediyelik bir koleksiyonda 15 ml, 20 ml ve 30 ml'yi kar\u0131\u015ft\u0131r\u0131n. Numuneler, seyahat, bayram hediyeleri veya influencer paketleri i\u00e7in m\u00fckemmeldir. Ve d\u00fcr\u00fcst olmak gerekirse? \u0130nsanlar se\u00e7enekleri sever.<\/li>\n<\/ul>\n<h2>\u00c7\u00f6z\u00fcm<\/h2>\n<p>Bir parf\u00fcm \u015fi\u015fesi se\u00e7mek, sadece bir kap se\u00e7mek kadar basit de\u011fildir. Bu a\u00e7\u0131k\u00e7a markay\u0131 \u201cgiydirmektir\u201d. 15 ml deneme boyutu veya 30 ml perakende versiyonu olsun, her detay markan\u0131n k\u00fc\u00e7\u00fck d\u00fc\u015f\u00fcncelerini gizler. Parf\u00fcm \u015fi\u015femiz mini, dayan\u0131kl\u0131 cam malzemeden yap\u0131lm\u0131\u015ft\u0131r ve iyi bir g\u00f6r\u00fcn\u00fcme sahiptir, sadece parf\u00fcm\u00fcn\u00fcz\u00fcn kalabal\u0131kta en g\u00f6z al\u0131c\u0131 olmas\u0131n\u0131 sa\u011flamak i\u00e7in. \u00c7ok say\u0131da \u00f6zelle\u015ftirme se\u00e7ene\u011fiyle, sadece do\u011fru \u015fi\u015feyi se\u00e7mekle kalmaz, ayn\u0131 zamanda parf\u00fcm\u00fcn markan\u0131n g\u00f6r\u00fcnmesi gereken \u015feye ger\u00e7ekten \u201cb\u00fcy\u00fcme\u201dsini de sa\u011flayabilirsiniz. Fikirlerinizi ger\u00e7e\u011fe d\u00f6n\u00fc\u015ft\u00fcrmeyi konu\u015fal\u0131m \u2013 \u00f6zel tasar\u0131m cam parf\u00fcm \u015fi\u015fesiyle ba\u015flay\u0131p kendi marka cazibenizi yava\u015f yava\u015f parlat\u0131n.<\/p>","protected":false},"excerpt":{"rendered":"<p>Y\u00fcksek kaliteli minyat\u00fcr parf\u00fcm \u015fi\u015feleri ve \u00f6zel tasar\u0131m minyat\u00fcr parf\u00fcm \u015fi\u015fesi se\u00e7eneklerini ke\u015ffedin\u2014seyahat, numune alma veya l\u00fcks parf\u00fcm ambalaj\u0131 i\u00e7in m\u00fckemmeldir.<\/p>","protected":false},"featured_media":3901,"comment_status":"open","ping_status":"closed","template":"","meta":{"_acf_changed":false,"site-sidebar-layout":"default","site-content-layout":"","ast-site-content-layout":"default","site-content-style":"default","site-sidebar-style":"default","ast-global-header-display":"","ast-banner-title-visibility":"","ast-main-header-display":"","ast-hfb-above-header-display":"","ast-hfb-below-header-display":"","ast-hfb-mobile-header-display":"","site-post-title":"","ast-breadcrumbs-content":"","ast-featured-img":"","footer-sml-layout":"","ast-disable-related-posts":"","theme-transparent-header-meta":"default","adv-header-id-meta":"","stick-header-meta":"","header-above-stick-meta":"","header-main-stick-meta":"","header-below-stick-meta":"","astra-migrate-meta-layouts":"set","ast-page-background-enabled":"default","ast-page-background-meta":{"desktop":{"background-color":"var(--ast-global-color-5)","background-image":"","background-repeat":"repeat","background-position":"center center","background-size":"auto","background-attachment":"scroll","background-type":"","background-media":"","overlay-type":"","overlay-color":"","overlay-opacity":"","overlay-gradient":""},"tablet":{"background-color":"","background-image":"","background-repeat":"repeat","background-position":"center center","background-size":"auto","background-attachment":"scroll","background-type":"","background-media":"","overlay-type":"","overlay-color":"","overlay-opacity":"","overlay-gradient":""},"mobile":{"background-color":"","background-image":"","background-repeat":"repeat","background-position":"center center","background-size":"auto","background-attachment":"scroll","background-type":"","background-media":"","overlay-type":"","overlay-color":"","overlay-opacity":"","overlay-gradient":""}},"ast-content-background-meta":{"desktop":{"background-color":"var(--ast-global-color-4)","background-image":"","background-repeat":"repeat","background-position":"center center","background-size":"auto","background-attachment":"scroll","background-type":"","background-media":"","overlay-type":"","overlay-color":"","overlay-opacity":"","overlay-gradient":""},"tablet":{"background-color":"var(--ast-global-color-4)","background-image":"","background-repeat":"repeat","background-position":"center center","background-size":"auto","background-attachment":"scroll","background-type":"","background-media":"","overlay-type":"","overlay-color":"","overlay-opacity":"","overlay-gradient":""},"mobile":{"background-color":"var(--ast-global-color-4)","background-image":"","background-repeat":"repeat","background-position":"center center","background-size":"auto","background-attachment":"scroll","background-type":"","background-media":"","overlay-type":"","overlay-color":"","overlay-opacity":"","overlay-gradient":""}}},"product_brand":[],"product_cat":[72,91,74,41],"product_tag":[49],"class_list":{"0":"post-3939","1":"product","2":"type-product","3":"status-publish","4":"has-post-thumbnail","6":"product_cat-cosmetic-packaging","7":"product_cat-custom-perfume-bottles","8":"product_cat-mini-perfume-bottles","9":"product_cat-perfume-bottles","10":"product_tag-perfume-bottles","11":"desktop-align-left","12":"tablet-align-left","13":"mobile-align-left","15":"first","16":"instock","17":"shipping-taxable","18":"product-type-simple"},"acf":[],"jetpack_sharing_enabled":true,"_links":{"self":[{"href":"https:\/\/theperfumebottles.com\/tr\/wp-json\/wp\/v2\/product\/3939","targetHints":{"allow":["GET"]}}],"collection":[{"href":"https:\/\/theperfumebottles.com\/tr\/wp-json\/wp\/v2\/product"}],"about":[{"href":"https:\/\/theperfumebottles.com\/tr\/wp-json\/wp\/v2\/types\/product"}],"replies":[{"embeddable":true,"href":"https:\/\/theperfumebottles.com\/tr\/wp-json\/wp\/v2\/comments?post=3939"}],"wp:featuredmedia":[{"embeddable":true,"href":"https:\/\/theperfumebottles.com\/tr\/wp-json\/wp\/v2\/media\/3901"}],"wp:attachment":[{"href":"https:\/\/theperfumebottles.com\/tr\/wp-json\/wp\/v2\/media?parent=3939"}],"wp:term":[{"taxonomy":"product_brand","embeddable":true,"href":"https:\/\/theperfumebottles.com\/tr\/wp-json\/wp\/v2\/product_brand?post=3939"},{"taxonomy":"product_cat","embeddable":true,"href":"https:\/\/theperfumebottles.com\/tr\/wp-json\/wp\/v2\/product_cat?post=3939"},{"taxonomy":"product_tag","embeddable":true,"href":"https:\/\/theperfumebottles.com\/tr\/wp-json\/wp\/v2\/product_tag?post=3939"}],"curies":[{"name":"wp","href":"https:\/\/api.w.org\/{rel}","templated":true}]}}