{"id":4002,"date":"2025-06-17T18:06:19","date_gmt":"2025-06-17T10:06:19","guid":{"rendered":"https:\/\/theperfumebottles.com\/?post_type=product&#038;p=4002"},"modified":"2025-06-17T18:06:21","modified_gmt":"2025-06-17T10:06:21","slug":"wholesale-perfume-bottles-bulk-perfume-bottles-supplier","status":"publish","type":"product","link":"https:\/\/theperfumebottles.com\/tr\/urun\/wholesale-perfume-bottles-bulk-perfume-bottles-supplier\/","title":{"rendered":"100 ml Toptan Parf\u00fcm \u015ei\u015feleri | Grav\u00fcrl\u00fc Toplu Parf\u00fcm \u015ei\u015feleri"},"content":{"rendered":"<p>Son zamanlarda harika toptan parf\u00fcm \u015fi\u015feleri mi ar\u0131yorsunuz? Kristal cam o kadar \u015feffaf ki yans\u0131man\u0131z\u0131 g\u00f6rebilirsiniz ve y\u00fczeyine zarif X desenleri kaz\u0131nm\u0131\u015f olup l\u00fcks bir hava yaymaktad\u0131r. Yeni bir koku \u00e7\u0131karm\u0131\u015f bir marka y\u00f6neticisi veya klasik bir modelin \"l\u00fcks ambalaj\u0131n\u0131\" y\u00fckseltmek isteyen bir distrib\u00fct\u00f6r olun, bu \u015fi\u015fe sadece parf\u00fcm\u00fcn ruhunu bar\u0131nd\u0131rmakla kalmaz, ayn\u0131 zamanda maliyetlerinizi d\u00fc\u015f\u00fcrmenize ve kaliteyi art\u0131rman\u0131za da yard\u0131mc\u0131 olur. Neden onu \"de\u011ferli tedarik\u00e7i listenize\" eklemiyorsunuz?<\/p>\n<h2>Temel \u00d6zellikler<\/h2>\n<table style=\"border-collapse: collapse; margin-left: auto; margin-right: auto; width: 80%;\" border=\"0\" width=\"80%\" cellspacing=\"0\" cellpadding=\"0\">\n<tbody>\n<tr style=\"height: 13.50pt;\">\n<td style=\"height: 13.50pt; width: 61.50pt;\" width=\"82\" height=\"18\">\u00d6zellik<\/td>\n<td style=\"width: 175.50pt;\" width=\"234\">Detay<\/td>\n<\/tr>\n<tr style=\"height: 13.50pt;\">\n<td style=\"height: 13.50pt;\" height=\"18\">Kapasite<\/td>\n<td>100 ml<\/td>\n<\/tr>\n<tr style=\"height: 13.50pt;\">\n<td style=\"height: 13.50pt;\" height=\"18\">\u015eekil<\/td>\n<td>Dikd\u00f6rtgen<\/td>\n<\/tr>\n<tr style=\"height: 13.50pt;\">\n<td style=\"height: 13.50pt;\" height=\"18\">Boyutlar<\/td>\n<td>55.5 x 36.5 x 102 mm<\/td>\n<\/tr>\n<tr style=\"height: 13.50pt;\">\n<td style=\"height: 13.50pt;\" height=\"18\">Malzeme<\/td>\n<td>Kristal cam<\/td>\n<\/tr>\n<tr style=\"height: 13.50pt;\">\n<td style=\"height: 13.50pt;\" height=\"18\">Renk<\/td>\n<td>Tamamen \u00f6zelle\u015ftirilebilir<\/td>\n<\/tr>\n<tr style=\"height: 13.50pt;\">\n<td style=\"height: 13.50pt;\" height=\"18\">M\u00fch\u00fcr Tipi<\/td>\n<td>S\u0131k\u0131\u015ft\u0131rma Boyunlu + Sprey<\/td>\n<\/tr>\n<tr style=\"height: 13.50pt;\">\n<td style=\"height: 13.50pt;\" height=\"18\">\u0130deal Kullan\u0131m<\/td>\n<td>Parf\u00fcm, kolonya<\/td>\n<\/tr>\n<\/tbody>\n<\/table>\n<h2>Ger\u00e7ek Ba\u015far\u0131 \u00d6rne\u011fi<\/h2>\n<p>M\u00fc\u015fterilerimizden biri olan ni\u015f bir parf\u00fcm markas\u0131, b\u00fcy\u00fck bir g\u00fczellik fuar\u0131nda \u00f6ne \u00e7\u0131kmak istedi. \u00d6zelle\u015ftirilmi\u015f buzlu cam parf\u00fcm \u015fi\u015femizi se\u00e7tiler ve marka logosunu kaz\u0131tt\u0131lar. Son \u00fcr\u00fcn, te\u015fhirde \u00e7arp\u0131c\u0131 bir g\u00f6r\u00fcn\u00fcm sergiledi ve \u00e7ok say\u0131da sipari\u015f almalar\u0131na yard\u0131mc\u0131 oldu. M\u00fc\u015fteriler, y\u00fcksek kaliteli dokuyu ve \u00e7evre dostu malzemeleri \u00f6vd\u00fcler ve y\u00fcksek kaliteli kozmetik ambalaj\u0131n\u0131n ger\u00e7ekten \u00f6nemli iyile\u015ftirmeler getirebilece\u011fini kan\u0131tlad\u0131lar.<\/p>\n<h2>\u00d6zelle\u015ftirme \u0130pu\u00e7lar\u0131: Sizin Olan\u0131 Yap\u0131n<\/h2>\n<p>Markan\u0131z\u0131n ambalajda parlamas\u0131n\u0131 m\u0131 istiyorsunuz? \u0130\u015fte bundan en iyi \u015fekilde nas\u0131l yararlanaca\u011f\u0131n\u0131z:<\/p>\n<ul>\n<li>Markan\u0131z\u0131n ana rengiyle uyumlu d\u00fcz veya degrade bir renk se\u00e7in, b\u00f6ylece \u015fi\u015fe an\u0131nda tan\u0131nabilir ve \u201cmarka s\u00f6zc\u00fcs\u00fc\u201d gibi parlas\u0131n~<\/li>\n<li>Markan\u0131z\u0131n izini kal\u0131c\u0131 hale getirmek ve sofistikeli\u011finizi en \u00fcst d\u00fczeye \u00e7\u0131karmak i\u00e7in lazer kaz\u0131ma veya UV bask\u0131 kullan\u0131n!<\/li>\n<li>Parf\u00fcm\u00fcn\u00fcz i\u00e7in imza bir g\u00f6r\u00fcn\u00fcm olu\u015fturmak \u00fczere mat y\u00fczeyler veya desen varyasyonlar\u0131 deneyin.<\/li>\n<li>\u00c7evre dostu ambalajla e\u015fle\u015ftirerek ye\u015fil imaj\u0131n\u0131z\u0131 g\u00fc\u00e7lendirin.<\/li>\n<\/ul>\n<h2 data-start=\"132\" data-end=\"398\"><strong data-start=\"132\" data-end=\"189\">Parf\u00fcm markan\u0131z\u0131 bir \u00fcst seviyeye ta\u015f\u0131maya haz\u0131r m\u0131s\u0131n\u0131z?<\/strong><\/h2>\n<p data-start=\"132\" data-end=\"398\">Do\u011fru \u015fi\u015fe, \u00fcr\u00fcn\u00fcn\u00fcz\u00fc sadece tutmaktan daha fazlas\u0131n\u0131 yapar \u2014 markan\u0131z\u0131 hayata ge\u00e7irir. Toptan parf\u00fcm \u015fi\u015felerimiz, zarif tasar\u0131m\u0131 g\u00fcvenilir kaliteyle birle\u015ftirerek kokunuzun her rafta \u00f6ne \u00e7\u0131kmas\u0131na yard\u0131mc\u0131 olur.<\/p>\n<p data-start=\"400\" data-end=\"573\">Jenerik ambalajlara elveda deyin. Toptan parf\u00fcm \u015fi\u015felerimizle, benzersiz vizyonunuzu, de\u011ferlerinizi ve yarat\u0131c\u0131l\u0131\u011f\u0131n\u0131z\u0131 yans\u0131tan \u00f6zel tasar\u0131mlar olu\u015fturabilirsiniz. Hikayenizi anlatan bir ambalaj olu\u015ftural\u0131m.<\/p>","protected":false},"excerpt":{"rendered":"<p>Y\u00fcksek kaliteli toptan parf\u00fcm \u015fi\u015feleri. Markalar ve da\u011f\u0131t\u0131mc\u0131lar i\u00e7in ideal. \u00d6zel se\u00e7enekler, h\u0131zl\u0131 teslimat ve fabrika do\u011frudan fiyatland\u0131rma.<\/p>","protected":false},"featured_media":4007,"comment_status":"open","ping_status":"closed","template":"","meta":{"_acf_changed":false,"site-sidebar-layout":"default","site-content-layout":"","ast-site-content-layout":"default","site-content-style":"default","site-sidebar-style":"default","ast-global-header-display":"","ast-banner-title-visibility":"","ast-main-header-display":"","ast-hfb-above-header-display":"","ast-hfb-below-header-display":"","ast-hfb-mobile-header-display":"","site-post-title":"","ast-breadcrumbs-content":"","ast-featured-img":"","footer-sml-layout":"","ast-disable-related-posts":"","theme-transparent-header-meta":"default","adv-header-id-meta":"","stick-header-meta":"","header-above-stick-meta":"","header-main-stick-meta":"","header-below-stick-meta":"","astra-migrate-meta-layouts":"set","ast-page-background-enabled":"default","ast-page-background-meta":{"desktop":{"background-color":"var(--ast-global-color-5)","background-image":"","background-repeat":"repeat","background-position":"center center","background-size":"auto","background-attachment":"scroll","background-type":"","background-media":"","overlay-type":"","overlay-color":"","overlay-opacity":"","overlay-gradient":""},"tablet":{"background-color":"","background-image":"","background-repeat":"repeat","background-position":"center center","background-size":"auto","background-attachment":"scroll","background-type":"","background-media":"","overlay-type":"","overlay-color":"","overlay-opacity":"","overlay-gradient":""},"mobile":{"background-color":"","background-image":"","background-repeat":"repeat","background-position":"center center","background-size":"auto","background-attachment":"scroll","background-type":"","background-media":"","overlay-type":"","overlay-color":"","overlay-opacity":"","overlay-gradient":""}},"ast-content-background-meta":{"desktop":{"background-color":"var(--ast-global-color-4)","background-image":"","background-repeat":"repeat","background-position":"center center","background-size":"auto","background-attachment":"scroll","background-type":"","background-media":"","overlay-type":"","overlay-color":"","overlay-opacity":"","overlay-gradient":""},"tablet":{"background-color":"var(--ast-global-color-4)","background-image":"","background-repeat":"repeat","background-position":"center center","background-size":"auto","background-attachment":"scroll","background-type":"","background-media":"","overlay-type":"","overlay-color":"","overlay-opacity":"","overlay-gradient":""},"mobile":{"background-color":"var(--ast-global-color-4)","background-image":"","background-repeat":"repeat","background-position":"center center","background-size":"auto","background-attachment":"scroll","background-type":"","background-media":"","overlay-type":"","overlay-color":"","overlay-opacity":"","overlay-gradient":""}}},"product_brand":[],"product_cat":[72,91,41],"product_tag":[49],"class_list":{"0":"post-4002","1":"product","2":"type-product","3":"status-publish","4":"has-post-thumbnail","6":"product_cat-cosmetic-packaging","7":"product_cat-custom-perfume-bottles","8":"product_cat-perfume-bottles","9":"product_tag-perfume-bottles","10":"desktop-align-left","11":"tablet-align-left","12":"mobile-align-left","14":"first","15":"instock","16":"shipping-taxable","17":"product-type-simple"},"acf":[],"jetpack_sharing_enabled":true,"_links":{"self":[{"href":"https:\/\/theperfumebottles.com\/tr\/wp-json\/wp\/v2\/product\/4002","targetHints":{"allow":["GET"]}}],"collection":[{"href":"https:\/\/theperfumebottles.com\/tr\/wp-json\/wp\/v2\/product"}],"about":[{"href":"https:\/\/theperfumebottles.com\/tr\/wp-json\/wp\/v2\/types\/product"}],"replies":[{"embeddable":true,"href":"https:\/\/theperfumebottles.com\/tr\/wp-json\/wp\/v2\/comments?post=4002"}],"wp:featuredmedia":[{"embeddable":true,"href":"https:\/\/theperfumebottles.com\/tr\/wp-json\/wp\/v2\/media\/4007"}],"wp:attachment":[{"href":"https:\/\/theperfumebottles.com\/tr\/wp-json\/wp\/v2\/media?parent=4002"}],"wp:term":[{"taxonomy":"product_brand","embeddable":true,"href":"https:\/\/theperfumebottles.com\/tr\/wp-json\/wp\/v2\/product_brand?post=4002"},{"taxonomy":"product_cat","embeddable":true,"href":"https:\/\/theperfumebottles.com\/tr\/wp-json\/wp\/v2\/product_cat?post=4002"},{"taxonomy":"product_tag","embeddable":true,"href":"https:\/\/theperfumebottles.com\/tr\/wp-json\/wp\/v2\/product_tag?post=4002"}],"curies":[{"name":"wp","href":"https:\/\/api.w.org\/{rel}","templated":true}]}}