{"id":4018,"date":"2025-06-19T18:09:53","date_gmt":"2025-06-19T10:09:53","guid":{"rendered":"https:\/\/theperfumebottles.com\/?post_type=product&#038;p=4018"},"modified":"2025-06-19T18:09:55","modified_gmt":"2025-06-19T10:09:55","slug":"empty-amber-essential-oil-bottles-wholesale","status":"publish","type":"product","link":"https:\/\/theperfumebottles.com\/tr\/urun\/empty-amber-essential-oil-bottles-wholesale\/","title":{"rendered":"50 ml 100 ml Amber Bo\u015f Esansiyel Ya\u011f \u015ei\u015feleri Toptan Sat\u0131\u015f"},"content":{"rendered":"<p>Temel ya\u011f \u015fi\u015feleri toptan i\u00e7in bizi se\u00e7in! Bo\u015f temel ya\u011f \u015fi\u015feleri UV diren\u00e7li amber camdan yap\u0131lm\u0131\u015ft\u0131r, temel ya\u011flar\u0131 \u0131\u015f\u0131k taraf\u0131ndan bozulmaktan korur. Stily\u015fki \u015fi\u015fe marka paketlemesi i\u00e7in uygun ve \u00f6zelle\u015ftirme deste\u011fi sa\u011flar. B\u00fcy\u00fck miktarlar tercih edilir, b\u00fcy\u00fck al\u0131\u015fveri\u015f ihtiya\u00e7lar\u0131n\u0131z\u0131 kar\u015f\u0131laman\u0131z i\u00e7in!<\/p>\n<h2>Temel \u00d6zellikler<\/h2>\n<table style=\"border-collapse: collapse; margin-left: auto; margin-right: auto; width: 80%;\" border=\"0\" width=\"80%\" cellspacing=\"0\" cellpadding=\"0\">\n<tbody>\n<tr style=\"height: 13.50pt;\">\n<td style=\"height: 13.50pt; width: 122.25pt;\" width=\"163\" height=\"18\">\u015eartname<\/td>\n<td style=\"width: 259.50pt;\" width=\"346\">Detaylar<\/td>\n<\/tr>\n<tr style=\"height: 13.50pt;\">\n<td style=\"height: 13.50pt;\" height=\"18\">Malzeme<\/td>\n<td>Cam (Amber)<\/td>\n<\/tr>\n<tr style=\"height: 13.50pt;\">\n<td style=\"height: 13.50pt;\" height=\"18\">Kapasite Se\u00e7enekleri<\/td>\n<td>50ml \/ 100ml<\/td>\n<\/tr>\n<tr style=\"height: 13.50pt;\">\n<td style=\"height: 13.50pt;\" height=\"18\">Kapak Tipi<\/td>\n<td>Tahta kapa \/ Serpme \/ Spray<\/td>\n<\/tr>\n<tr style=\"height: 13.50pt;\">\n<td style=\"height: 13.50pt;\" height=\"18\">\u015ei\u015fe \u015eekli<\/td>\n<td>Silindirik \/ Daire \/ Kare (se\u00e7enekli)<\/td>\n<\/tr>\n<tr style=\"height: 13.50pt;\">\n<td style=\"height: 13.50pt;\" height=\"18\">Kullan\u0131m<\/td>\n<td>Temel ya\u011flar, kokulu ya\u011flar, kar\u0131\u015f\u0131mlar<\/td>\n<\/tr>\n<tr style=\"height: 13.50pt;\">\n<td style=\"height: 13.50pt;\" height=\"18\">Y\u00fczey \u0130\u015flemi<\/td>\n<td>P\u00fcr\u00fczs\u00fcz, etiketle uygun<\/td>\n<\/tr>\n<tr style=\"height: 13.50pt;\">\n<td style=\"height: 13.50pt;\" height=\"18\">\u00d6zelle\u015ftirme<\/td>\n<td>Logo bask\u0131s\u0131, renk, kapa \u015fekli<\/td>\n<\/tr>\n<\/tbody>\n<\/table>\n<h2>Ger\u00e7ek Vaka \u00c7al\u0131\u015fmas\u0131<\/h2>\n<p>Bizim geri d\u00f6n\u00fc\u015f\u00fcmden olan m\u00fc\u015fterimiz Avustralya'daki k\u00fc\u00e7\u00fck do\u011fal sa\u011fl\u0131k markas\u0131d\u0131r, yeni bir aromaterapi sprey serisi ba\u015flatmak istemi\u015ftir. Onlar 50ml toptan temel ya\u011f \u015fi\u015felerini se\u00e7mi\u015flerdir, \u00f6zel kobalt mavi kapa ve damgalanm\u0131\u015f logosuyla.<\/p>\n<p>Alt\u0131 hafta i\u00e7inde sat\u0131\u015flar\u0131 20% artt\u0131. Bize s\u00f6ylediler, \"\u015ei\u015feler \u00fcr\u00fcnlerimizi pahal\u0131 hissettiriyor ama b\u00fct\u00e7emizi a\u015ft\u0131rm\u0131yor.\"<\/p>\n<p>Ak\u0131ll\u0131 paketlemenin g\u00fczelli\u011fi budur \u2013 ve hepsi do\u011fru \u015fi\u015feye ba\u015flar.<\/p>\n<h2>Paketleme \u00f6nerileri<\/h2>\n<p>Bu \u015fi\u015feyi ger\u00e7ekten senin olan\u0131na \u00e7evirmek istiyorsun? Markan\u0131zda yapaca\u011f\u0131n yat\u0131r\u0131m\u0131 anlad\u0131\u011f\u0131m\u0131z i\u00e7in, tam \u00f6zelle\u015ftirme hizmetleri sunarak en iyi paketleme g\u00f6r\u00fcn\u00fcm\u00fcn\u00fc yaratman\u0131za ve markan\u0131z\u0131n \u00e7ekim g\u00fcc\u00fcn\u00fc g\u00f6stermenize yard\u0131mc\u0131 olman\u0131z\u0131 sa\u011flar\u0131z!<\/p>\n<ul>\n<li><strong>Renkinizi se\u00e7in:<\/strong> klasik amber, \u00fcst d\u00fczey dokusu g\u00f6sterir. Farkl\u0131 bir tarz istiyorsan\u0131z, ye\u015fil, mavi, pembe ve \u015feffaf biti\u015fleri se\u00e7ebilirsiniz. Her biri markan\u0131z\u0131n ruhuna uygun olabilir!<\/li>\n<li><strong>desenli \u015fi\u015fe kapa\u011f\u0131:<\/strong> tam dokusu sevmiyorsan\u0131z, p\u00fcr\u00fczs\u00fcz metal \u015fi\u015fe kapa\u011f\u0131n\u0131 se\u00e7ebilirsiniz; basit ve n\u00f6tr bir tarz ar\u0131yorsan\u0131z, mat plastik \u015fi\u015fe kapa\u011f\u0131 iyi bir se\u00e7imdir; do\u011fal ve \u00e7evre dostu bir yol izlemek istiyorsan\u0131z, \u00e7evre dostu a\u011fa\u00e7 deseni \u015fi\u015fe kapa\u011f\u0131 tam bir se\u00e7imdir!<\/li>\n<li><strong>Marka logosu:<\/strong> Markan\u0131z logosunu \u00f6zellikle dikkat \u00e7ekici yapmak istiyorsan\u0131z? Seri bask\u0131, damgala, etiketler mevcuttur. Hangi s\u00fcre\u00e7 olursa olsun, markan\u0131z\u0131n logosu \u015fi\u015fede sa\u011flam bir \u015fekilde \" b\u00fcy\u00fcyebilir ve insanlar\u0131 an\u0131nda hat\u0131rlatabilir!<\/li>\n<\/ul>\n<h2>\u00d6zet<\/h2>\n<p>E\u011fer toptan maliyet etkin temel ya\u011f \u015fi\u015feleri sat\u0131n almak istiyorsan\u0131z \u00fcr\u00fcn hatlar\u0131n\u0131z\u0131 h\u0131zl\u0131 bir \u015fekilde ba\u015flatmak i\u00e7in, mevcut temel ya\u011f serisi i\u00e7in \"unutulmaz\" bo\u015f \u015fi\u015fe paketlemesi \u00f6zelle\u015ftirmek istiyorsan\u0131z, biz senin \"arka planda partnerin\" olmak istiyoruz. Boyutu se\u00e7meye kadar tasar\u0131m\u0131 se\u00e7meye kadar, malzeme \u00f6nerilerinden s\u00fcre\u00e7 ayarlamalar\u0131na kadar, herhangi bir karma\u015f\u0131k veya fikir varsa l\u00fctfen bize bildirin \u2013 ekibimiz her zaman senin zihnindeki \"ideal \u015fekli\" m\u00fc\u015fterilerin dokunabildi\u011fi bir \"\u015fok\" haline getirmek i\u00e7in haz\u0131rd\u0131r.<\/p>","protected":false},"excerpt":{"rendered":"<p>Y\u00fcksek kaliteli bo\u015f temel ya\u011f \u015fi\u015feleri toptan mevcuttur. Aromaterapi, temel ya\u011f ve private label paketleme i\u00e7in idealdir.<\/p>","protected":false},"featured_media":4038,"comment_status":"open","ping_status":"closed","template":"","meta":{"_acf_changed":false,"site-sidebar-layout":"default","site-content-layout":"","ast-site-content-layout":"default","site-content-style":"default","site-sidebar-style":"default","ast-global-header-display":"","ast-banner-title-visibility":"","ast-main-header-display":"","ast-hfb-above-header-display":"","ast-hfb-below-header-display":"","ast-hfb-mobile-header-display":"","site-post-title":"","ast-breadcrumbs-content":"","ast-featured-img":"","footer-sml-layout":"","ast-disable-related-posts":"","theme-transparent-header-meta":"default","adv-header-id-meta":"","stick-header-meta":"","header-above-stick-meta":"","header-main-stick-meta":"","header-below-stick-meta":"","astra-migrate-meta-layouts":"set","ast-page-background-enabled":"default","ast-page-background-meta":{"desktop":{"background-color":"var(--ast-global-color-5)","background-image":"","background-repeat":"repeat","background-position":"center center","background-size":"auto","background-attachment":"scroll","background-type":"","background-media":"","overlay-type":"","overlay-color":"","overlay-opacity":"","overlay-gradient":""},"tablet":{"background-color":"","background-image":"","background-repeat":"repeat","background-position":"center center","background-size":"auto","background-attachment":"scroll","background-type":"","background-media":"","overlay-type":"","overlay-color":"","overlay-opacity":"","overlay-gradient":""},"mobile":{"background-color":"","background-image":"","background-repeat":"repeat","background-position":"center center","background-size":"auto","background-attachment":"scroll","background-type":"","background-media":"","overlay-type":"","overlay-color":"","overlay-opacity":"","overlay-gradient":""}},"ast-content-background-meta":{"desktop":{"background-color":"var(--ast-global-color-4)","background-image":"","background-repeat":"repeat","background-position":"center center","background-size":"auto","background-attachment":"scroll","background-type":"","background-media":"","overlay-type":"","overlay-color":"","overlay-opacity":"","overlay-gradient":""},"tablet":{"background-color":"var(--ast-global-color-4)","background-image":"","background-repeat":"repeat","background-position":"center center","background-size":"auto","background-attachment":"scroll","background-type":"","background-media":"","overlay-type":"","overlay-color":"","overlay-opacity":"","overlay-gradient":""},"mobile":{"background-color":"var(--ast-global-color-4)","background-image":"","background-repeat":"repeat","background-position":"center center","background-size":"auto","background-attachment":"scroll","background-type":"","background-media":"","overlay-type":"","overlay-color":"","overlay-opacity":"","overlay-gradient":""}}},"product_brand":[],"product_cat":[57,72,62],"product_tag":[],"class_list":{"0":"post-4018","1":"product","2":"type-product","3":"status-publish","4":"has-post-thumbnail","6":"product_cat-essential-oil-bottles","7":"product_cat-cosmetic-packaging","8":"product_cat-cosmetic-containers","9":"desktop-align-left","10":"tablet-align-left","11":"mobile-align-left","13":"first","14":"instock","15":"shipping-taxable","16":"product-type-simple"},"acf":[],"jetpack_sharing_enabled":true,"_links":{"self":[{"href":"https:\/\/theperfumebottles.com\/tr\/wp-json\/wp\/v2\/product\/4018","targetHints":{"allow":["GET"]}}],"collection":[{"href":"https:\/\/theperfumebottles.com\/tr\/wp-json\/wp\/v2\/product"}],"about":[{"href":"https:\/\/theperfumebottles.com\/tr\/wp-json\/wp\/v2\/types\/product"}],"replies":[{"embeddable":true,"href":"https:\/\/theperfumebottles.com\/tr\/wp-json\/wp\/v2\/comments?post=4018"}],"wp:featuredmedia":[{"embeddable":true,"href":"https:\/\/theperfumebottles.com\/tr\/wp-json\/wp\/v2\/media\/4038"}],"wp:attachment":[{"href":"https:\/\/theperfumebottles.com\/tr\/wp-json\/wp\/v2\/media?parent=4018"}],"wp:term":[{"taxonomy":"product_brand","embeddable":true,"href":"https:\/\/theperfumebottles.com\/tr\/wp-json\/wp\/v2\/product_brand?post=4018"},{"taxonomy":"product_cat","embeddable":true,"href":"https:\/\/theperfumebottles.com\/tr\/wp-json\/wp\/v2\/product_cat?post=4018"},{"taxonomy":"product_tag","embeddable":true,"href":"https:\/\/theperfumebottles.com\/tr\/wp-json\/wp\/v2\/product_tag?post=4018"}],"curies":[{"name":"wp","href":"https:\/\/api.w.org\/{rel}","templated":true}]}}