{"id":4274,"date":"2025-06-27T09:35:18","date_gmt":"2025-06-27T01:35:18","guid":{"rendered":"https:\/\/theperfumebottles.com\/?post_type=product&#038;p=4274"},"modified":"2025-06-27T09:35:20","modified_gmt":"2025-06-27T01:35:20","slug":"custom-bulk-perfume-bottles-glass-packaging-deals","status":"publish","type":"product","link":"https:\/\/theperfumebottles.com\/tr\/urun\/custom-bulk-perfume-bottles-glass-packaging-deals\/","title":{"rendered":"30 ml, 50 ml ve 100 ml \u00d6zel Toplu Parf\u00fcm \u015ei\u015feleri \u2013 Cam Ambalaj F\u0131rsatlar\u0131"},"content":{"rendered":"<p>Toptan parf\u00fcm \u015fi\u015fesi mi sipari\u015f etmek istiyorsunuz? Bo\u015f parf\u00fcm \u015fi\u015felerimizle hata yapamazs\u0131n\u0131z! M\u00fckemmel kalite, sade ve \u015f\u0131k tasar\u0131m, sadece bir etiket ve biraz s\u00fcslemeyle \u00f6zel bir g\u00f6r\u00fcn\u00fcm elde edeceksiniz. Yeni \u00fcr\u00fcn lansmanlar\u0131 veya stok yenilemeleri, hepsi kolayca halledilir!<\/p>\n<h2>Temel \u00d6zellikler<\/h2>\n<table style=\"border-collapse: collapse;margin-left: auto;margin-right: auto;width: 80%\" border=\"0\" width=\"80%\" cellspacing=\"0\" cellpadding=\"0\">\n<tbody>\n<tr style=\"height: 13.50pt\">\n<td style=\"height: 13.50pt;width: 103.50pt\" width=\"138\" height=\"18\">\u00d6zellik<\/td>\n<td style=\"width: 186.75pt\" width=\"249\">Detaylar<\/td>\n<\/tr>\n<tr style=\"height: 13.50pt\">\n<td style=\"height: 13.50pt\" height=\"18\">Malzeme<\/td>\n<td>Kristal cam<\/td>\n<\/tr>\n<tr style=\"height: 13.50pt\">\n<td style=\"height: 13.50pt\" height=\"18\">\u015eekil<\/td>\n<td>Dikd\u00f6rtgen<\/td>\n<\/tr>\n<tr style=\"height: 13.50pt\">\n<td style=\"height: 13.50pt\" height=\"18\">Kapasite<\/td>\n<td>30ml\/50ml \/ 100ml<\/td>\n<\/tr>\n<tr style=\"height: 13.50pt\">\n<td style=\"height: 13.50pt\" height=\"18\">Kapatma T\u00fcr\u00fc<\/td>\n<td>\n<article class=\"4ever-article\" data-clipboard-cangjie=\"[&quot;root&quot;,{&quot;copyFrom&quot;:&quot;im-native&quot;},[&quot;p&quot;,{},[&quot;span&quot;,{&quot;data-type&quot;:&quot;text&quot;},[&quot;span&quot;,{&quot;data-type&quot;:&quot;leaf&quot;},&quot;Screw neck&quot;]]]]\">Vidal\u0131 boyun + P\u00fcsk\u00fcrt\u00fcc\u00fc<\/article>\n<\/td>\n<\/tr>\n<tr style=\"height: 13.50pt\">\n<td style=\"height: 13.50pt\" height=\"18\">\u00d6zelle\u015ftirme<\/td>\n<td>Tam renk se\u00e7enekleri mevcuttur<\/td>\n<\/tr>\n<\/tbody>\n<\/table>\n<h2>Ger\u00e7ek bir ba\u015far\u0131 hikayesi<\/h2>\n<p>Zarif bir yol izleyen ve minimalist ve \u015f\u0131k bir parf\u00fcm yaratmak isteyen butik bir parf\u00fcm markas\u0131 var. &#034;Tuval&#034; olarak bo\u015f parf\u00fcm \u015fi\u015felerimizi se\u00e7tiler ve g\u00fcl alt\u0131n rengi s\u00fcslemeler ve yumu\u015fak lavanta tonlar\u0131yla s\u00fcslenmi\u015f, olduk\u00e7a l\u00fcks g\u00f6r\u00fcnen 50 ml&#039;lik toplu parf\u00fcm \u015fi\u015felerinden olu\u015fan bir parti sipari\u015f ettiler! Sonu\u00e7 mu? Bu s\u0131n\u0131rl\u0131 say\u0131da \u00fcretilen parf\u00fcm, raflara \u00e7\u0131kt\u0131ktan sadece birka\u00e7 hafta sonra t\u00fckendi ve sosyal medya platformlar\u0131 \u00f6vg\u00fc dolu yorumlarla doluydu~<\/p>\n<h2>Profesyonel ipu\u00e7lar\u0131<\/h2>\n<p>Hedef m\u00fc\u015fterileriniz &#034;az \u00e7oktur&#034;un sade g\u00fczelli\u011fini seviyorsa, mat dokulu ve d\u00fc\u015f\u00fck doygunluk tonlu bir \u015fi\u015fe se\u00e7ebilirsiniz; l\u00fcks pazar\u0131 hedefliyorsan\u0131z, \u015fi\u015feye metal bir kapak ekleyebilir ve g\u00f6rsel etkiyi art\u0131rmak i\u00e7in koyu bir m\u00fccevher rengi ekleyebilirsiniz, b\u00f6ylece m\u00fc\u015fteriler bunu ilk g\u00f6r\u00fc\u015fte asla unutamayacak!<\/p>\n<h2>Kendi parf\u00fcm \u015fi\u015fenizi mi yaratmak istiyorsunuz?<\/h2>\n<p>\u0130ster yeni bir parf\u00fcm serisi piyasaya s\u00fcr\u00fcyor olun, ister mevcut bir \u00fcr\u00fcn serisini yeniliyor olun, cam parf\u00fcm \u015fi\u015felerimiz sadece stilinizi korumakla kalmaz, ayn\u0131 zamanda sat\u0131\u015flar\u0131n\u0131zla birlikte &#034;esnek bir \u015fekilde geni\u015fler&#034;. \u015ei\u015fe renginden \u015fi\u015fe kapa\u011f\u0131 stiline kadar her \u015feyi diledi\u011finiz gibi \u00f6zelle\u015ftirebilirsiniz! \u0130\u015fletmeniz b\u00fcy\u00fcd\u00fck\u00e7e ve \u00fcretim \u00f6l\u00e7e\u011finizi geni\u015fletmek istedi\u011finizde, marka vizyonunuza m\u00fckemmel \u015fekilde uyacak en uygun toplu parf\u00fcm \u015fi\u015felerini (parti parf\u00fcm \u015fi\u015feleri) kolayca bulman\u0131za da yard\u0131mc\u0131 olabiliriz.<\/p>\n<p>Gelin ve parf\u00fcm\u00fcn\u00fcz\u00fc \u015fi\u015feden unutulmaz k\u0131lmak i\u00e7in unutulmaz bir &#034;parf\u00fcm \u015fi\u015fesi projesi&#034; yapmak \u00fczere bize kat\u0131l\u0131n!<\/p>\n<p>&nbsp;<\/p>","protected":false},"excerpt":{"rendered":"<p>Zarif alt\u0131n kapakl\u0131, y\u00fcksek kaliteli toplu parf\u00fcm \u015fi\u015feleri. Parf\u00fcm markalar\u0131, kendin yap projeleri veya toptan ambalaj \u00e7\u00f6z\u00fcmleri i\u00e7in idealdir.<\/p>","protected":false},"featured_media":4277,"comment_status":"open","ping_status":"closed","template":"","meta":{"_acf_changed":false,"site-sidebar-layout":"default","site-content-layout":"","ast-site-content-layout":"default","site-content-style":"default","site-sidebar-style":"default","ast-global-header-display":"","ast-banner-title-visibility":"","ast-main-header-display":"","ast-hfb-above-header-display":"","ast-hfb-below-header-display":"","ast-hfb-mobile-header-display":"","site-post-title":"","ast-breadcrumbs-content":"","ast-featured-img":"","footer-sml-layout":"","ast-disable-related-posts":"","theme-transparent-header-meta":"default","adv-header-id-meta":"","stick-header-meta":"","header-above-stick-meta":"","header-main-stick-meta":"","header-below-stick-meta":"","astra-migrate-meta-layouts":"set","ast-page-background-enabled":"default","ast-page-background-meta":{"desktop":{"background-color":"var(--ast-global-color-5)","background-image":"","background-repeat":"repeat","background-position":"center center","background-size":"auto","background-attachment":"scroll","background-type":"","background-media":"","overlay-type":"","overlay-color":"","overlay-opacity":"","overlay-gradient":""},"tablet":{"background-color":"","background-image":"","background-repeat":"repeat","background-position":"center center","background-size":"auto","background-attachment":"scroll","background-type":"","background-media":"","overlay-type":"","overlay-color":"","overlay-opacity":"","overlay-gradient":""},"mobile":{"background-color":"","background-image":"","background-repeat":"repeat","background-position":"center center","background-size":"auto","background-attachment":"scroll","background-type":"","background-media":"","overlay-type":"","overlay-color":"","overlay-opacity":"","overlay-gradient":""}},"ast-content-background-meta":{"desktop":{"background-color":"var(--ast-global-color-4)","background-image":"","background-repeat":"repeat","background-position":"center center","background-size":"auto","background-attachment":"scroll","background-type":"","background-media":"","overlay-type":"","overlay-color":"","overlay-opacity":"","overlay-gradient":""},"tablet":{"background-color":"var(--ast-global-color-4)","background-image":"","background-repeat":"repeat","background-position":"center center","background-size":"auto","background-attachment":"scroll","background-type":"","background-media":"","overlay-type":"","overlay-color":"","overlay-opacity":"","overlay-gradient":""},"mobile":{"background-color":"var(--ast-global-color-4)","background-image":"","background-repeat":"repeat","background-position":"center center","background-size":"auto","background-attachment":"scroll","background-type":"","background-media":"","overlay-type":"","overlay-color":"","overlay-opacity":"","overlay-gradient":""}}},"product_brand":[],"product_cat":[72,91,41],"product_tag":[],"class_list":{"0":"post-4274","1":"product","2":"type-product","3":"status-publish","4":"has-post-thumbnail","6":"product_cat-cosmetic-packaging","7":"product_cat-custom-perfume-bottles","8":"product_cat-perfume-bottles","9":"desktop-align-left","10":"tablet-align-left","11":"mobile-align-left","13":"first","14":"instock","15":"shipping-taxable","16":"product-type-simple"},"acf":[],"jetpack_sharing_enabled":true,"_links":{"self":[{"href":"https:\/\/theperfumebottles.com\/tr\/wp-json\/wp\/v2\/product\/4274","targetHints":{"allow":["GET"]}}],"collection":[{"href":"https:\/\/theperfumebottles.com\/tr\/wp-json\/wp\/v2\/product"}],"about":[{"href":"https:\/\/theperfumebottles.com\/tr\/wp-json\/wp\/v2\/types\/product"}],"replies":[{"embeddable":true,"href":"https:\/\/theperfumebottles.com\/tr\/wp-json\/wp\/v2\/comments?post=4274"}],"wp:featuredmedia":[{"embeddable":true,"href":"https:\/\/theperfumebottles.com\/tr\/wp-json\/wp\/v2\/media\/4277"}],"wp:attachment":[{"href":"https:\/\/theperfumebottles.com\/tr\/wp-json\/wp\/v2\/media?parent=4274"}],"wp:term":[{"taxonomy":"product_brand","embeddable":true,"href":"https:\/\/theperfumebottles.com\/tr\/wp-json\/wp\/v2\/product_brand?post=4274"},{"taxonomy":"product_cat","embeddable":true,"href":"https:\/\/theperfumebottles.com\/tr\/wp-json\/wp\/v2\/product_cat?post=4274"},{"taxonomy":"product_tag","embeddable":true,"href":"https:\/\/theperfumebottles.com\/tr\/wp-json\/wp\/v2\/product_tag?post=4274"}],"curies":[{"name":"wp","href":"https:\/\/api.w.org\/{rel}","templated":true}]}}