{"id":4433,"date":"2025-07-14T13:38:33","date_gmt":"2025-07-14T05:38:33","guid":{"rendered":"https:\/\/theperfumebottles.com\/?post_type=product&#038;p=4433"},"modified":"2025-07-14T13:38:34","modified_gmt":"2025-07-14T05:38:34","slug":"30ml-cream-jar-premium-skincare-packaging-for-wholesale","status":"publish","type":"product","link":"https:\/\/theperfumebottles.com\/tr\/urun\/30ml-cream-jar-premium-skincare-packaging-for-wholesale\/","title":{"rendered":"30 ml Krem Kavanozu \u2013 Toptan Sat\u0131\u015f \u0130\u00e7in Birinci S\u0131n\u0131f Cilt Bak\u0131m Ambalaj\u0131"},"content":{"rendered":"<p>Dayan\u0131kl\u0131l\u0131\u011f\u0131 g\u00fcn\u00fcm\u00fcz tasar\u0131m\u0131yla harmanlayan bir cilt bak\u0131m ambalaj\u0131na m\u0131 ihtiyac\u0131n\u0131z var? 30 ml&#039;lik krem \u200b\u200bkavanozumuz, \u00fcr\u00fcnleri hem \u015f\u0131k hem de g\u00f6z al\u0131c\u0131 bir \u015fekilde muhafaza eden g\u00fczellik ambalaj malzemeleri arayan \u00fcreticiler ve ma\u011fazalar i\u00e7in tasarland\u0131. G\u00fcvenilir bir \u015fi\u015fe \u00fcreticisi olarak, y\u00fcz losyonlar\u0131, v\u00fccut losyonlar\u0131 veya g\u00f6z jelleri gibi cilt bak\u0131m \u00fcr\u00fcnleri i\u00e7in ideal olan, g\u00fcvenli di\u015fli kapakl\u0131 cam kavanozlar tasarl\u0131yoruz. Bu ambalajlar, \u00fcr\u00fcnlerinizi sadece saklamakla kalmaz, ayn\u0131 zamanda onlar\u0131 korur.<\/p>\n<h2>Temel \u00d6zellikler<\/h2>\n<table style=\"border-collapse: collapse;width: 1047px;height: 501px;margin-left: 160px\" border=\"0\" width=\"144\" cellspacing=\"0\" cellpadding=\"0\">\n<tbody>\n<tr style=\"height: 13.50pt\">\n<td style=\"height: 13.5pt;width: 54pt\" width=\"72\" height=\"18\">\u00d6zellik<\/td>\n<td style=\"width: 54.00pt\" width=\"72\">Detaylar<\/td>\n<\/tr>\n<tr style=\"height: 13.50pt\">\n<td style=\"height: 13.50pt\" height=\"18\">Kapasite<\/td>\n<td>30 ml (1 ons)<\/td>\n<\/tr>\n<tr style=\"height: 13.50pt\">\n<td style=\"height: 13.50pt\" height=\"18\">\u015eekil<\/td>\n<td>D\u00fcz Silindir<\/td>\n<\/tr>\n<tr style=\"height: 13.50pt\">\n<td style=\"height: 13.50pt\" height=\"18\">S\u0131zd\u0131rmazl\u0131k Y\u00f6ntemi<\/td>\n<td>Plastik\/Metal Vidal\u0131 \u00dcst<\/td>\n<\/tr>\n<tr style=\"height: 13.50pt\">\n<td style=\"height: 13.50pt\" height=\"18\">Malzeme<\/td>\n<td>Bardak<\/td>\n<\/tr>\n<tr style=\"height: 13.50pt\">\n<td style=\"height: 13.50pt\" height=\"18\">Renk Se\u00e7enekleri<\/td>\n<td>\u015eeffaf, Amber, Mat Beyaz (\u00d6zelle\u015ftirilebilir)<\/td>\n<\/tr>\n<tr style=\"height: 13.50pt\">\n<td style=\"height: 13.50pt\" height=\"18\">Kullan\u0131m<\/td>\n<td>Y\u00fcz Kremleri, V\u00fccut Losyonlar\u0131, G\u00f6z Jelleri<\/td>\n<\/tr>\n<tr style=\"height: 13.50pt\">\n<td style=\"height: 13.50pt\" height=\"18\">Sona ermek<\/td>\n<td>Gizlilik ve Estetik \u0130\u00e7in Buzlu<\/td>\n<\/tr>\n<tr style=\"height: 13.50pt\">\n<td style=\"height: 13.50pt\" height=\"18\">G\u00f6nderime Haz\u0131r<\/td>\n<td>Evet (Standart Stok Mevcuttur)<\/td>\n<\/tr>\n<\/tbody>\n<\/table>\n<h2>Ba\u015far\u0131 \u00d6rne\u011fi: L\u00fcks Cilt Bak\u0131m\u0131 Marka Lansman\u0131<\/h2>\n<p>L\u00fcks bir cilt bak\u0131m markas\u0131, yeni ya\u015flanma kar\u015f\u0131t\u0131 krem \u200b\u200bserisi i\u00e7in cilt bak\u0131m ambalaj\u0131 tasarlad\u0131. Alt\u0131n kabartmal\u0131 amblemler ve metal vidal\u0131 kapaklarla 30 ml&#039;lik mat beyaz kavanozlar\u0131 \u00f6zelle\u015ftirdik. Sonu\u00e7 mu? \u00c7evrimi\u00e7i sat\u0131\u015flarda 0, toptan sat\u0131\u015f ortakl\u0131klar\u0131nda ise art\u0131\u015f. Bu, krem \u200b\u200bkavanozlar\u0131n\u0131n ni\u015f \u00fcr\u00fcnleri nas\u0131l pazar lideri haline getirebilece\u011fini g\u00f6steriyor.<\/p>\n<h2>Markan\u0131z \u0130\u00e7in \u00d6zelle\u015ftirme \u0130pu\u00e7lar\u0131<\/h2>\n<ul>\n<li><strong>Renk Tonlamas\u0131:<\/strong> UV \u0131\u015f\u0131nlar\u0131na duyarl\u0131 \u00fcr\u00fcnler i\u00e7in kehribar rengini, \u00fcst s\u0131n\u0131f \u00fcr\u00fcnler i\u00e7in ise temiz rengini kullan\u0131n.<\/li>\n<li><strong>Kapak Se\u00e7enekleri:<\/strong> Plastik kapaklar toplu ambalajlamada maliyeti d\u00fc\u015f\u00fcr\u00fcrken, metal kapaklar ise \u00fcst d\u00fczey bir his sa\u011fl\u0131yor.<\/li>\n<li><strong>Etiket Tasar\u0131m\u0131:<\/strong> Orijinalli\u011fini korumak i\u00e7in s\u0131cakl\u0131k kabartmal\u0131 amblemler veya bozulmaya kar\u015f\u0131 dayan\u0131kl\u0131 m\u00fch\u00fcrler kullan\u0131n.<\/li>\n<li><strong>Hacim \u0130ndirimleri:<\/strong> Kademeli fiyatland\u0131rma ve h\u0131zl\u0131 g\u00f6nderimden yararlanmak i\u00e7in kozmetik kaplar\u0131n\u0131 b\u00fcy\u00fck miktarlarda sipari\u015f edin.<\/li>\n<\/ul>","protected":false},"excerpt":{"rendered":"<p>Cilt bak\u0131m \u00fcr\u00fcnleri i\u00e7in premium 30 ml krem \u200b\u200bkavanozu. Y\u00fcz kremleri ve v\u00fccut losyonlar\u0131 i\u00e7in idealdir. Hava ge\u00e7irmez kapakl\u0131, \u00f6zelle\u015ftirilebilir cam kaplar toptan sat\u0131\u015ftad\u0131r.<\/p>","protected":false},"featured_media":4434,"comment_status":"open","ping_status":"closed","template":"","meta":{"_acf_changed":false,"site-sidebar-layout":"default","site-content-layout":"","ast-site-content-layout":"default","site-content-style":"default","site-sidebar-style":"default","ast-global-header-display":"","ast-banner-title-visibility":"","ast-main-header-display":"","ast-hfb-above-header-display":"","ast-hfb-below-header-display":"","ast-hfb-mobile-header-display":"","site-post-title":"","ast-breadcrumbs-content":"","ast-featured-img":"","footer-sml-layout":"","ast-disable-related-posts":"","theme-transparent-header-meta":"default","adv-header-id-meta":"","stick-header-meta":"","header-above-stick-meta":"","header-main-stick-meta":"","header-below-stick-meta":"","astra-migrate-meta-layouts":"set","ast-page-background-enabled":"default","ast-page-background-meta":{"desktop":{"background-color":"var(--ast-global-color-5)","background-image":"","background-repeat":"repeat","background-position":"center center","background-size":"auto","background-attachment":"scroll","background-type":"","background-media":"","overlay-type":"","overlay-color":"","overlay-opacity":"","overlay-gradient":""},"tablet":{"background-color":"","background-image":"","background-repeat":"repeat","background-position":"center center","background-size":"auto","background-attachment":"scroll","background-type":"","background-media":"","overlay-type":"","overlay-color":"","overlay-opacity":"","overlay-gradient":""},"mobile":{"background-color":"","background-image":"","background-repeat":"repeat","background-position":"center center","background-size":"auto","background-attachment":"scroll","background-type":"","background-media":"","overlay-type":"","overlay-color":"","overlay-opacity":"","overlay-gradient":""}},"ast-content-background-meta":{"desktop":{"background-color":"var(--ast-global-color-4)","background-image":"","background-repeat":"repeat","background-position":"center center","background-size":"auto","background-attachment":"scroll","background-type":"","background-media":"","overlay-type":"","overlay-color":"","overlay-opacity":"","overlay-gradient":""},"tablet":{"background-color":"var(--ast-global-color-4)","background-image":"","background-repeat":"repeat","background-position":"center center","background-size":"auto","background-attachment":"scroll","background-type":"","background-media":"","overlay-type":"","overlay-color":"","overlay-opacity":"","overlay-gradient":""},"mobile":{"background-color":"var(--ast-global-color-4)","background-image":"","background-repeat":"repeat","background-position":"center center","background-size":"auto","background-attachment":"scroll","background-type":"","background-media":"","overlay-type":"","overlay-color":"","overlay-opacity":"","overlay-gradient":""}}},"product_brand":[],"product_cat":[56,72,62],"product_tag":[106,105],"class_list":{"0":"post-4433","1":"product","2":"type-product","3":"status-publish","4":"has-post-thumbnail","6":"product_cat-cosmetic-jars","7":"product_cat-cosmetic-packaging","8":"product_cat-cosmetic-containers","9":"product_tag-cream-jar","10":"product_tag-skincare-packaging","11":"desktop-align-left","12":"tablet-align-left","13":"mobile-align-left","15":"first","16":"instock","17":"shipping-taxable","18":"product-type-simple"},"acf":[],"jetpack_sharing_enabled":true,"_links":{"self":[{"href":"https:\/\/theperfumebottles.com\/tr\/wp-json\/wp\/v2\/product\/4433","targetHints":{"allow":["GET"]}}],"collection":[{"href":"https:\/\/theperfumebottles.com\/tr\/wp-json\/wp\/v2\/product"}],"about":[{"href":"https:\/\/theperfumebottles.com\/tr\/wp-json\/wp\/v2\/types\/product"}],"replies":[{"embeddable":true,"href":"https:\/\/theperfumebottles.com\/tr\/wp-json\/wp\/v2\/comments?post=4433"}],"wp:featuredmedia":[{"embeddable":true,"href":"https:\/\/theperfumebottles.com\/tr\/wp-json\/wp\/v2\/media\/4434"}],"wp:attachment":[{"href":"https:\/\/theperfumebottles.com\/tr\/wp-json\/wp\/v2\/media?parent=4433"}],"wp:term":[{"taxonomy":"product_brand","embeddable":true,"href":"https:\/\/theperfumebottles.com\/tr\/wp-json\/wp\/v2\/product_brand?post=4433"},{"taxonomy":"product_cat","embeddable":true,"href":"https:\/\/theperfumebottles.com\/tr\/wp-json\/wp\/v2\/product_cat?post=4433"},{"taxonomy":"product_tag","embeddable":true,"href":"https:\/\/theperfumebottles.com\/tr\/wp-json\/wp\/v2\/product_tag?post=4433"}],"curies":[{"name":"wp","href":"https:\/\/api.w.org\/{rel}","templated":true}]}}