{"id":4468,"date":"2025-07-15T17:45:18","date_gmt":"2025-07-15T09:45:18","guid":{"rendered":"https:\/\/theperfumebottles.com\/?post_type=product&#038;p=4468"},"modified":"2025-07-31T10:45:27","modified_gmt":"2025-07-31T02:45:27","slug":"1oz-2oz-4oz-glass-cosmetic-jars-wholesale-custom-skincare-jar","status":"publish","type":"product","link":"https:\/\/theperfumebottles.com\/tr\/urun\/1oz-2oz-4oz-glass-cosmetic-jars-wholesale-custom-skincare-jar\/","title":{"rendered":"Toptan Sat\u0131\u015f \u0130\u00e7in 1oz, 2oz ve 4oz Cam Kozmetik Kavanozlar\u0131 \u2013 \u00d6zel Cilt Bak\u0131m Kavanozu"},"content":{"rendered":"<p><span class=\"highlights\" data-v-df95d256=\"\">Cam kozmetik kaplar\u0131m\u0131z, g\u00fczellik paketleme oyununuzu etkilemeye tasarlanm\u0131\u015ft\u0131r. Marka sahibi olarak \u00f6zelle\u015ftirilmi\u015f cilt bak\u0131m paketlemesi arayan veya toplu kozmetik kaplar arayan ticarist i\u00e7in bu kaplar i\u015flevsellik ve \u015f\u0131k\u0131 birle\u015ftirir.<\/span><\/p>\n<h2><span class=\"highlights\" data-v-df95d256=\"\">Temel \u00d6zellikler<\/span><\/h2>\n<table style=\"border-collapse: collapse;width: 80%;height: 361px;margin-left: auto;margin-right: auto\" border=\"0\" width=\"144\" cellspacing=\"0\" cellpadding=\"0\">\n<tbody>\n<tr style=\"height: 13.50pt\">\n<td style=\"height: 13.50pt;width: 54.00pt\" width=\"72\" height=\"18\">\u00d6zellik<\/td>\n<td style=\"width: 54.00pt\" width=\"72\">Detaylar<\/td>\n<\/tr>\n<tr style=\"height: 13.50pt\">\n<td style=\"height: 13.50pt\" height=\"18\">Kapasite<\/td>\n<td>1oz \/ 2oz \/ 4oz<\/td>\n<\/tr>\n<tr style=\"height: 13.50pt\">\n<td style=\"height: 13.50pt\" height=\"18\">\u015eekil<\/td>\n<td>D\u00fcz kenarl\u0131<\/td>\n<\/tr>\n<tr style=\"height: 13.50pt\">\n<td style=\"height: 13.50pt\" height=\"18\">S\u0131zd\u0131rmazl\u0131k Y\u00f6ntemi<\/td>\n<td>Di\u015fli kapak (plastik\/metal)<\/td>\n<\/tr>\n<tr style=\"height: 13.50pt\">\n<td style=\"height: 13.50pt\" height=\"18\">Malzeme<\/td>\n<td>13. B\u00fck\u00fclme cam\u0131<\/td>\n<\/tr>\n<tr style=\"height: 13.50pt\">\n<td style=\"height: 13.50pt\" height=\"18\">Renkler<\/td>\n<td>Mavi (\u00f6zelle\u015ftirilebilir)<\/td>\n<\/tr>\n<tr style=\"height: 13.50pt\">\n<td style=\"height: 13.50pt\" height=\"18\">Kullan\u0131m \u00d6rnekleri<\/td>\n<td>Y\u00fcz kremi, v\u00fccut losyonu, g\u00f6z kremi\u2026<\/td>\n<\/tr>\n<\/tbody>\n<\/table>\n<h2><span class=\"highlights\" data-v-df95d256=\"\">Ba\u015far\u0131 \u00d6rne\u011fi<\/span><\/h2>\n<p><span class=\"highlights\" data-v-df95d256=\"\">Orta \u00f6l\u00e7ekli cilt bak\u0131m markas\u0131, l\u00fcks g\u00f6z kremi \u00fcr\u00fcnleri i\u00e7in 2oz mavi kaplar\u0131m\u0131z\u0131 kulland\u0131. \u00c7evre dostu tasar\u0131m ve haz\u0131rl\u0131ks\u0131z sevk se\u00e7enekleri, onlar\u0131n 2 hafta i\u00e7inde lansman yapmalar\u0131na yard\u0131mc\u0131 oldu ve ilk ayda ana sayfa sat\u0131\u015flar\u0131n\u0131 35% art\u0131rd\u0131.<\/span><\/p>\n<h2><span class=\"highlights\" data-v-df95d256=\"\">\u00d6zelle\u015ftirme \u00d6nerileri<\/span><\/h2>\n<p>Bu cam kozmetik \u015farapl\u0131klar, logo tan\u0131ma ile uyumlu tam \u00f6zelle\u015ftirmeye sahiptir, ki\u015fiselle\u015ftirilmi\u015f renk kaplamalar\u0131 ve markal\u0131 yay\u0131n etiketleri sa\u011flayarak tutarl\u0131 g\u00f6r\u00fcnt\u00fcl\u00fc markala\u015f\u0131m sunar. Minimalist estetik veya polisli \u00e7elik biti\u015fleri i\u00e7in kapak alternatifleri, tatmin edici m\u00fcshil \u00fcr\u00fcnlerinin sofistike\u011fini y\u00fckseltir. Ayr\u0131ca, paketleme \u00e7\u00f6z\u00fcmlerimiz \u00fcst s\u0131n\u0131f kaliteyi bozmadan maliyet etkin fiyatlar sa\u011flar, bu sayede markalar \u00fcretimlerini \u00f6l\u00e7eklendirebilirken y\u00fcksek standartlar\u0131 koruyabilir.<\/p>","protected":false},"excerpt":{"rendered":"<p>Cilt bak\u0131m kaplar\u0131 i\u00e7in cam kozmetik kaplar \u00fcretimi ke\u015ffedin. Dayan\u0131kl\u0131, \u00f6zelle\u015ftirilebilir ve \u00e7evre dostu\u2014toplu kozmetik ambalajlar i\u00e7in idealdir.<\/p>","protected":false},"featured_media":4473,"comment_status":"open","ping_status":"closed","template":"","meta":{"_acf_changed":false,"site-sidebar-layout":"default","site-content-layout":"","ast-site-content-layout":"default","site-content-style":"default","site-sidebar-style":"default","ast-global-header-display":"","ast-banner-title-visibility":"","ast-main-header-display":"","ast-hfb-above-header-display":"","ast-hfb-below-header-display":"","ast-hfb-mobile-header-display":"","site-post-title":"","ast-breadcrumbs-content":"","ast-featured-img":"","footer-sml-layout":"","ast-disable-related-posts":"","theme-transparent-header-meta":"default","adv-header-id-meta":"","stick-header-meta":"","header-above-stick-meta":"","header-main-stick-meta":"","header-below-stick-meta":"","astra-migrate-meta-layouts":"set","ast-page-background-enabled":"default","ast-page-background-meta":{"desktop":{"background-color":"var(--ast-global-color-5)","background-image":"","background-repeat":"repeat","background-position":"center center","background-size":"auto","background-attachment":"scroll","background-type":"","background-media":"","overlay-type":"","overlay-color":"","overlay-opacity":"","overlay-gradient":""},"tablet":{"background-color":"","background-image":"","background-repeat":"repeat","background-position":"center center","background-size":"auto","background-attachment":"scroll","background-type":"","background-media":"","overlay-type":"","overlay-color":"","overlay-opacity":"","overlay-gradient":""},"mobile":{"background-color":"","background-image":"","background-repeat":"repeat","background-position":"center center","background-size":"auto","background-attachment":"scroll","background-type":"","background-media":"","overlay-type":"","overlay-color":"","overlay-opacity":"","overlay-gradient":""}},"ast-content-background-meta":{"desktop":{"background-color":"var(--ast-global-color-4)","background-image":"","background-repeat":"repeat","background-position":"center center","background-size":"auto","background-attachment":"scroll","background-type":"","background-media":"","overlay-type":"","overlay-color":"","overlay-opacity":"","overlay-gradient":""},"tablet":{"background-color":"var(--ast-global-color-4)","background-image":"","background-repeat":"repeat","background-position":"center center","background-size":"auto","background-attachment":"scroll","background-type":"","background-media":"","overlay-type":"","overlay-color":"","overlay-opacity":"","overlay-gradient":""},"mobile":{"background-color":"var(--ast-global-color-4)","background-image":"","background-repeat":"repeat","background-position":"center center","background-size":"auto","background-attachment":"scroll","background-type":"","background-media":"","overlay-type":"","overlay-color":"","overlay-opacity":"","overlay-gradient":""}}},"product_brand":[],"product_cat":[72,62,56],"product_tag":[111,112],"class_list":{"0":"post-4468","1":"product","2":"type-product","3":"status-publish","4":"has-post-thumbnail","6":"product_cat-cosmetic-packaging","7":"product_cat-cosmetic-containers","8":"product_cat-cosmetic-jars","9":"product_tag-glass-cosmetic-jars-wholesale","10":"product_tag-skincare-jar","11":"desktop-align-left","12":"tablet-align-left","13":"mobile-align-left","15":"first","16":"instock","17":"shipping-taxable","18":"product-type-simple"},"acf":[],"jetpack_sharing_enabled":true,"_links":{"self":[{"href":"https:\/\/theperfumebottles.com\/tr\/wp-json\/wp\/v2\/product\/4468","targetHints":{"allow":["GET"]}}],"collection":[{"href":"https:\/\/theperfumebottles.com\/tr\/wp-json\/wp\/v2\/product"}],"about":[{"href":"https:\/\/theperfumebottles.com\/tr\/wp-json\/wp\/v2\/types\/product"}],"replies":[{"embeddable":true,"href":"https:\/\/theperfumebottles.com\/tr\/wp-json\/wp\/v2\/comments?post=4468"}],"wp:featuredmedia":[{"embeddable":true,"href":"https:\/\/theperfumebottles.com\/tr\/wp-json\/wp\/v2\/media\/4473"}],"wp:attachment":[{"href":"https:\/\/theperfumebottles.com\/tr\/wp-json\/wp\/v2\/media?parent=4468"}],"wp:term":[{"taxonomy":"product_brand","embeddable":true,"href":"https:\/\/theperfumebottles.com\/tr\/wp-json\/wp\/v2\/product_brand?post=4468"},{"taxonomy":"product_cat","embeddable":true,"href":"https:\/\/theperfumebottles.com\/tr\/wp-json\/wp\/v2\/product_cat?post=4468"},{"taxonomy":"product_tag","embeddable":true,"href":"https:\/\/theperfumebottles.com\/tr\/wp-json\/wp\/v2\/product_tag?post=4468"}],"curies":[{"name":"wp","href":"https:\/\/api.w.org\/{rel}","templated":true}]}}