{"id":4474,"date":"2025-07-15T17:44:31","date_gmt":"2025-07-15T09:44:31","guid":{"rendered":"https:\/\/theperfumebottles.com\/?post_type=product&#038;p=4474"},"modified":"2026-03-30T17:09:12","modified_gmt":"2026-03-30T09:09:12","slug":"cylindrical-skincare-containers-wholesale","status":"publish","type":"product","link":"https:\/\/theperfumebottles.com\/tr\/urun\/cylindrical-skincare-containers-wholesale\/","title":{"rendered":"4 oz ve 8 oz Silindirik Cilt Bak\u0131m \u00dcr\u00fcnleri Kaplar\u0131 Toptan Sat\u0131\u015f\u0131"},"content":{"rendered":"<p>Bu cilt bak\u0131m \u00fcr\u00fcnleri toptan sat\u0131\u015f\u0131nda kehribar rengi \u0131\u015f\u0131k ge\u00e7irmeyen kavanozlar, mat siyah te\u015fhir kavanozlar\u0131 ve \u015feffaf te\u015fhir kavanozlar\u0131 bulunmaktad\u0131r. Kavanozlar sade ve \u015f\u0131k silindirik bir \u015fekle sahiptir ve uyumlu bir kapakla birlikte gelir.<\/p>\n<h2 data-spm-anchor-id=\"5176.28103460.0.i24.29ab1db83FoVh8\"><strong>Temel \u00d6zellikler<\/strong><\/h2>\n<table style=\"border-collapse: collapse; width: 906px; height: 373px; margin-left: 240px;\" border=\"0\" width=\"144\" cellspacing=\"0\" cellpadding=\"0\">\n<tbody>\n<tr style=\"height: 13.50pt;\">\n<td style=\"height: 13.50pt; width: 54.00pt;\" width=\"72\" height=\"18\">\u00d6zellik<\/td>\n<td style=\"width: 54.00pt;\" width=\"72\">Detaylar<\/td>\n<\/tr>\n<tr style=\"height: 13.50pt;\">\n<td style=\"height: 13.50pt;\" height=\"18\">Kapasite<\/td>\n<td>4oz \/ 8oz<\/td>\n<\/tr>\n<tr style=\"height: 13.50pt;\">\n<td style=\"height: 13.50pt;\" height=\"18\">\u015eekil<\/td>\n<td>D\u00fcz kenarl\u0131<\/td>\n<\/tr>\n<tr style=\"height: 13.50pt;\">\n<td style=\"height: 13.50pt;\" height=\"18\">S\u0131zd\u0131rmazl\u0131k Y\u00f6ntemi<\/td>\n<td>Di\u015fli kapak (plastik\/metal\/ah\u015fap)<\/td>\n<\/tr>\n<tr style=\"height: 13.50pt;\">\n<td style=\"height: 13.50pt;\" height=\"18\">Malzeme<\/td>\n<td>Kristal cam<\/td>\n<\/tr>\n<tr style=\"height: 13.50pt;\">\n<td style=\"height: 13.50pt;\" height=\"18\">Renkler<\/td>\n<td>Amber, siyah, \u015feffaf, ye\u015fil, mavi (\u00f6zelle\u015ftirilebilir)\u2026<\/td>\n<\/tr>\n<tr style=\"height: 13.50pt;\">\n<td style=\"height: 13.50pt;\" height=\"18\">Kullan\u0131m \u00d6rnekleri<\/td>\n<td>Y\u00fcz kremi, v\u00fccut losyonu, g\u00f6z kremi<\/td>\n<\/tr>\n<\/tbody>\n<\/table>\n<h2><span class=\"highlights\" data-v-df95d256=\"\">Ba\u015far\u0131 Hikayesi<\/span><\/h2>\n<p>Kehribar rengi retinol gece kremi ve mat siyah bambu k\u00f6m\u00fcr\u00fc maskesi i\u00e7eren kozmetik ambalajlar\u0131m\u0131z, b\u00fct\u00fcnsel sa\u011fl\u0131k odakl\u0131 bir marka taraf\u0131ndan se\u00e7ildi. Kavanozlar\u0131n her birine ayr\u0131 ayr\u0131 serigrafi bask\u0131 y\u00f6ntemiyle bitkisel tasar\u0131mlar uyguland\u0131. Retinol \u00fcr\u00fcn\u00fcnde kullan\u0131lan kehribar rengi cam kaplar, \u00fcr\u00fcn\u00fcn stabilitesinde &#039;l\u0131k bir art\u0131\u015f sa\u011flarken, gece kreminde kullan\u0131lan mat siyah cam kaplar daha y\u00fcksek bir fiyat art\u0131\u015f\u0131na yol a\u00e7t\u0131. Marka b\u00fcy\u00fck bir ba\u015far\u0131 elde etti ve ard\u0131ndan yeni v\u00fccut losyonu ve sa\u00e7 derisi bak\u0131m serisinden 300.000 adet daha sipari\u015f verdi.<\/p>\n<h2><span class=\"highlights\" data-v-df95d256=\"\">\u00d6zelle\u015ftirme \u00d6nerileri<\/span><\/h2>\n<ul>\n<li><strong>Cam ve Etiket Tasar\u0131m\u0131:<\/strong> Keskin bir estetik i\u00e7in kolay, minimum etiketli temiz cam\u0131 tercih edin veya daha l\u00fcks, daha pahal\u0131 bir g\u00f6r\u00fcn\u00fcm i\u00e7in siyah cam ve metal markalar\u0131 tercih edin.<\/li>\n<li><strong>Kapak Se\u00e7imi:<\/strong> Sofistike ve profesyonel bir g\u00f6r\u00fcn\u00fcm i\u00e7in plastik kapaklarla veya metal kapaklarla e\u015fle\u015ftirin.<\/li>\n<li><strong>Toptan Sat\u0131\u015f Avantajlar\u0131:<\/strong> 500 adet veya \u00fczeri toplu cilt bak\u0131m\u0131 saha sipari\u015flerinde \u00fccretsiz teslimat\u0131n keyfini \u00e7\u0131kar\u0131n.<\/li>\n<\/ul>","protected":false},"excerpt":{"rendered":"<p>\u00c7e\u015fitli y\u00fczey se\u00e7enekleri ve g\u00fcvenli kapaklar\u0131yla birinci s\u0131n\u0131f cilt bak\u0131m \u00fcr\u00fcnleri kaplar\u0131 toptan sat\u0131\u015f\u0131. Markalar i\u00e7in krem \u200b\u200bkavanozlar\u0131 ve kozmetik ambalajlar\u0131. H\u0131zl\u0131 kargo ile h\u0131zl\u0131 teslimat.<\/p>","protected":false},"featured_media":4479,"comment_status":"open","ping_status":"closed","template":"","meta":{"_acf_changed":false,"site-sidebar-layout":"default","site-content-layout":"","ast-site-content-layout":"default","site-content-style":"default","site-sidebar-style":"default","ast-global-header-display":"","ast-banner-title-visibility":"","ast-main-header-display":"","ast-hfb-above-header-display":"","ast-hfb-below-header-display":"","ast-hfb-mobile-header-display":"","site-post-title":"","ast-breadcrumbs-content":"","ast-featured-img":"","footer-sml-layout":"","ast-disable-related-posts":"","theme-transparent-header-meta":"default","adv-header-id-meta":"","stick-header-meta":"","header-above-stick-meta":"","header-main-stick-meta":"","header-below-stick-meta":"","astra-migrate-meta-layouts":"set","ast-page-background-enabled":"default","ast-page-background-meta":{"desktop":{"background-color":"var(--ast-global-color-5)","background-image":"","background-repeat":"repeat","background-position":"center center","background-size":"auto","background-attachment":"scroll","background-type":"","background-media":"","overlay-type":"","overlay-color":"","overlay-opacity":"","overlay-gradient":""},"tablet":{"background-color":"","background-image":"","background-repeat":"repeat","background-position":"center center","background-size":"auto","background-attachment":"scroll","background-type":"","background-media":"","overlay-type":"","overlay-color":"","overlay-opacity":"","overlay-gradient":""},"mobile":{"background-color":"","background-image":"","background-repeat":"repeat","background-position":"center center","background-size":"auto","background-attachment":"scroll","background-type":"","background-media":"","overlay-type":"","overlay-color":"","overlay-opacity":"","overlay-gradient":""}},"ast-content-background-meta":{"desktop":{"background-color":"var(--ast-global-color-4)","background-image":"","background-repeat":"repeat","background-position":"center center","background-size":"auto","background-attachment":"scroll","background-type":"","background-media":"","overlay-type":"","overlay-color":"","overlay-opacity":"","overlay-gradient":""},"tablet":{"background-color":"var(--ast-global-color-4)","background-image":"","background-repeat":"repeat","background-position":"center center","background-size":"auto","background-attachment":"scroll","background-type":"","background-media":"","overlay-type":"","overlay-color":"","overlay-opacity":"","overlay-gradient":""},"mobile":{"background-color":"var(--ast-global-color-4)","background-image":"","background-repeat":"repeat","background-position":"center center","background-size":"auto","background-attachment":"scroll","background-type":"","background-media":"","overlay-type":"","overlay-color":"","overlay-opacity":"","overlay-gradient":""}}},"product_brand":[],"product_cat":[56,62,72],"product_tag":[114,113],"class_list":{"0":"post-4474","1":"product","2":"type-product","3":"status-publish","4":"has-post-thumbnail","6":"product_cat-cosmetic-jars","7":"product_cat-cosmetic-containers","8":"product_cat-cosmetic-packaging","9":"product_tag-cream-jars-cosmetic-packaging","10":"product_tag-skincare-containers-wholesale","11":"desktop-align-left","12":"tablet-align-left","13":"mobile-align-left","15":"first","16":"instock","17":"shipping-taxable","18":"product-type-simple"},"acf":[],"jetpack_sharing_enabled":true,"_links":{"self":[{"href":"https:\/\/theperfumebottles.com\/tr\/wp-json\/wp\/v2\/product\/4474","targetHints":{"allow":["GET"]}}],"collection":[{"href":"https:\/\/theperfumebottles.com\/tr\/wp-json\/wp\/v2\/product"}],"about":[{"href":"https:\/\/theperfumebottles.com\/tr\/wp-json\/wp\/v2\/types\/product"}],"replies":[{"embeddable":true,"href":"https:\/\/theperfumebottles.com\/tr\/wp-json\/wp\/v2\/comments?post=4474"}],"wp:featuredmedia":[{"embeddable":true,"href":"https:\/\/theperfumebottles.com\/tr\/wp-json\/wp\/v2\/media\/4479"}],"wp:attachment":[{"href":"https:\/\/theperfumebottles.com\/tr\/wp-json\/wp\/v2\/media?parent=4474"}],"wp:term":[{"taxonomy":"product_brand","embeddable":true,"href":"https:\/\/theperfumebottles.com\/tr\/wp-json\/wp\/v2\/product_brand?post=4474"},{"taxonomy":"product_cat","embeddable":true,"href":"https:\/\/theperfumebottles.com\/tr\/wp-json\/wp\/v2\/product_cat?post=4474"},{"taxonomy":"product_tag","embeddable":true,"href":"https:\/\/theperfumebottles.com\/tr\/wp-json\/wp\/v2\/product_tag?post=4474"}],"curies":[{"name":"wp","href":"https:\/\/api.w.org\/{rel}","templated":true}]}}