{"id":4620,"date":"2025-07-17T18:00:24","date_gmt":"2025-07-17T10:00:24","guid":{"rendered":"https:\/\/theperfumebottles.com\/?post_type=product&#038;p=4620"},"modified":"2025-08-01T09:10:06","modified_gmt":"2025-08-01T01:10:06","slug":"face-cream-jars-wholesale-frosted-glass-cosmetic-packaging","status":"publish","type":"product","link":"https:\/\/theperfumebottles.com\/tr\/urun\/face-cream-jars-wholesale-frosted-glass-cosmetic-packaging\/","title":{"rendered":"1oz, 2oz, 4oz, 8oz Y\u00fcz Kremi Kavanozlar\u0131 Toptan Sat\u0131\u015f \u2013 Buzlu Cam Kozmetik Ambalaj\u0131"},"content":{"rendered":"<p><span class=\"highlights\" data-v-df95d256=\"\">S\u00fcrd\u00fcr\u00fclebilirli\u011fi sofistikelikle harmanlayan kozmetik krem \u200b\u200bkavanozu ambalaj\u0131na m\u0131 ihtiyac\u0131n\u0131z var? Y\u00fcz kremi kavanozu toptan setimiz, cilt bak\u0131m \u00fcr\u00fcn gam\u0131n\u0131z\u0131 bir \u00fcst seviyeye ta\u015f\u0131mak i\u00e7in tasarlanm\u0131\u015f, do\u011fal bambu kapakl\u0131 buzlu cam \u015fi\u015felerden olu\u015fur. Dokulu y\u00fczeyi ve topraks\u0131 vurgular\u0131, bu kozmetik ambalaj se\u00e7eneklerini serumlar, g\u00f6z losyonlar\u0131 veya zengin nemlendiriciler i\u00e7in ideal hale getirir. Hem modern hem de gezegenin fark\u0131nda olan g\u00fczellik ambalajlar\u0131 i\u00e7in m\u00fckemmeldir.<\/span><\/p>\n<h2><span class=\"highlights\" data-v-df95d256=\"\">Temel \u00d6zellikler<\/span><\/h2>\n<table style=\"border-collapse: collapse;width: 759px;height: 153px;margin-left: 280px\" border=\"0\" width=\"144\" cellspacing=\"0\" cellpadding=\"0\">\n<tbody>\n<tr style=\"height: 13.50pt\">\n<td style=\"height: 13.50pt;width: 54.00pt\" width=\"72\" height=\"18\">\u00d6zellik<\/td>\n<td style=\"width: 54.00pt\" width=\"72\">Detaylar<\/td>\n<\/tr>\n<tr style=\"height: 13.50pt\">\n<td style=\"height: 13.50pt\" height=\"18\">Kapasite<\/td>\n<td>1oz, 2oz, 4oz, 8oz<\/td>\n<\/tr>\n<tr style=\"height: 13.50pt\">\n<td style=\"height: 13.50pt\" height=\"18\">\u015eekil<\/td>\n<td>Yuvarlak<\/td>\n<\/tr>\n<tr style=\"height: 13.50pt\">\n<td style=\"height: 13.50pt\" height=\"18\">S\u0131zd\u0131rmazl\u0131k<\/td>\n<td>Bambu kapaklar (\u00f6zelle\u015ftirilebilir)<\/td>\n<\/tr>\n<tr style=\"height: 13.50pt\">\n<td style=\"height: 13.50pt\" height=\"18\">Malzeme<\/td>\n<td>Buzlu cam<\/td>\n<\/tr>\n<tr style=\"height: 13.50pt\">\n<td style=\"height: 13.50pt\" height=\"18\">Renk<\/td>\n<td>\u00c7akmakta\u015f\u0131, buzlu (\u00f6zelle\u015ftirilebilir)<\/td>\n<\/tr>\n<tr style=\"height: 13.50pt\">\n<td style=\"height: 13.50pt\" height=\"18\">Kullan\u0131m \u00d6rne\u011fi<\/td>\n<td>G\u00f6z kremi, y\u00fcz kremi\u2026<\/td>\n<\/tr>\n<\/tbody>\n<\/table>\n<h2><span class=\"highlights\" data-v-df95d256=\"\">Ba\u015far\u0131 Hikayesi<\/span><\/h2>\n<p><span class=\"highlights\" data-v-df95d256=\"\">Bir cilt bak\u0131m markas\u0131, bu kozmetik krem \u200b\u200bkavanozu tasar\u0131m\u0131na ge\u00e7tikten sonra toptan sat\u0131\u015flar\u0131n\u0131 art\u0131rd\u0131. Ana sayfalar\u0131nda bambu kapa\u011f\u0131n i\u015f\u00e7ili\u011fini g\u00f6steren bir video yer ald\u0131 ve bu sayede bir ayda 200&#039;den fazla toplu sipari\u015f ald\u0131.<\/span><\/p>\n<h2><span class=\"highlights\" data-v-df95d256=\"\">Sipari\u015finizi \u00d6zelle\u015ftirin<\/span><\/h2>\n<ul>\n<li><strong>Bir \u00e7e\u015fit \u015fi\u015fe biti\u015fi:<\/strong> Temiz veya buzlu cam se\u00e7enekleriyle, s\u0131cak damgalama veya kabartmal\u0131 y\u00fczeylerle bir araya getirilerek markan\u0131z\u0131n birinci s\u0131n\u0131f b\u00fcy\u00fcs\u00fcn\u00fc vurgulayabilirsiniz.<\/li>\n<li><strong>\u00c7evre dostu \u015fi\u015fe kapa\u011f\u0131 alternatifleri:<\/strong> Plastik ve s\u00fcrd\u00fcr\u00fclebilir bambudan \u00fcretilen \u00fcr\u00fcnlerimiz hijyen ve \u00e7evreyi dengeliyor.<\/li>\n<li><strong>Ye\u015fil etiketleme:<\/strong> Tamamen \u00e7evre dostu ambalajlar i\u00e7in biyolojik olarak par\u00e7alanabilen malzemeler ve m\u00fcrekkepler kullan\u0131yoruz.<\/li>\n<\/ul>","protected":false},"excerpt":{"rendered":"<p>\u00c7evre dostu bambu kapakl\u0131 toptan y\u00fcz kremi kavanozlar\u0131 sat\u0131n al\u0131n. Cilt bak\u0131m markalar\u0131 i\u00e7in buzlu cam kozmetik krem \u200b\u200bkavanozu setleri.<\/p>","protected":false},"featured_media":4621,"comment_status":"open","ping_status":"closed","template":"","meta":{"_acf_changed":false,"site-sidebar-layout":"default","site-content-layout":"","ast-site-content-layout":"default","site-content-style":"default","site-sidebar-style":"default","ast-global-header-display":"","ast-banner-title-visibility":"","ast-main-header-display":"","ast-hfb-above-header-display":"","ast-hfb-below-header-display":"","ast-hfb-mobile-header-display":"","site-post-title":"","ast-breadcrumbs-content":"","ast-featured-img":"","footer-sml-layout":"","ast-disable-related-posts":"","theme-transparent-header-meta":"default","adv-header-id-meta":"","stick-header-meta":"","header-above-stick-meta":"","header-main-stick-meta":"","header-below-stick-meta":"","astra-migrate-meta-layouts":"set","ast-page-background-enabled":"default","ast-page-background-meta":{"desktop":{"background-color":"var(--ast-global-color-5)","background-image":"","background-repeat":"repeat","background-position":"center center","background-size":"auto","background-attachment":"scroll","background-type":"","background-media":"","overlay-type":"","overlay-color":"","overlay-opacity":"","overlay-gradient":""},"tablet":{"background-color":"","background-image":"","background-repeat":"repeat","background-position":"center center","background-size":"auto","background-attachment":"scroll","background-type":"","background-media":"","overlay-type":"","overlay-color":"","overlay-opacity":"","overlay-gradient":""},"mobile":{"background-color":"","background-image":"","background-repeat":"repeat","background-position":"center center","background-size":"auto","background-attachment":"scroll","background-type":"","background-media":"","overlay-type":"","overlay-color":"","overlay-opacity":"","overlay-gradient":""}},"ast-content-background-meta":{"desktop":{"background-color":"var(--ast-global-color-4)","background-image":"","background-repeat":"repeat","background-position":"center center","background-size":"auto","background-attachment":"scroll","background-type":"","background-media":"","overlay-type":"","overlay-color":"","overlay-opacity":"","overlay-gradient":""},"tablet":{"background-color":"var(--ast-global-color-4)","background-image":"","background-repeat":"repeat","background-position":"center center","background-size":"auto","background-attachment":"scroll","background-type":"","background-media":"","overlay-type":"","overlay-color":"","overlay-opacity":"","overlay-gradient":""},"mobile":{"background-color":"var(--ast-global-color-4)","background-image":"","background-repeat":"repeat","background-position":"center center","background-size":"auto","background-attachment":"scroll","background-type":"","background-media":"","overlay-type":"","overlay-color":"","overlay-opacity":"","overlay-gradient":""}}},"product_brand":[],"product_cat":[62,72,56],"product_tag":[131,130],"class_list":{"0":"post-4620","1":"product","2":"type-product","3":"status-publish","4":"has-post-thumbnail","6":"product_cat-cosmetic-containers","7":"product_cat-cosmetic-packaging","8":"product_cat-cosmetic-jars","9":"product_tag-cosmetic-cream-jar","10":"product_tag-face-cream-jars-wholesale","11":"desktop-align-left","12":"tablet-align-left","13":"mobile-align-left","15":"first","16":"instock","17":"shipping-taxable","18":"product-type-simple"},"acf":[],"jetpack_sharing_enabled":true,"_links":{"self":[{"href":"https:\/\/theperfumebottles.com\/tr\/wp-json\/wp\/v2\/product\/4620","targetHints":{"allow":["GET"]}}],"collection":[{"href":"https:\/\/theperfumebottles.com\/tr\/wp-json\/wp\/v2\/product"}],"about":[{"href":"https:\/\/theperfumebottles.com\/tr\/wp-json\/wp\/v2\/types\/product"}],"replies":[{"embeddable":true,"href":"https:\/\/theperfumebottles.com\/tr\/wp-json\/wp\/v2\/comments?post=4620"}],"wp:featuredmedia":[{"embeddable":true,"href":"https:\/\/theperfumebottles.com\/tr\/wp-json\/wp\/v2\/media\/4621"}],"wp:attachment":[{"href":"https:\/\/theperfumebottles.com\/tr\/wp-json\/wp\/v2\/media?parent=4620"}],"wp:term":[{"taxonomy":"product_brand","embeddable":true,"href":"https:\/\/theperfumebottles.com\/tr\/wp-json\/wp\/v2\/product_brand?post=4620"},{"taxonomy":"product_cat","embeddable":true,"href":"https:\/\/theperfumebottles.com\/tr\/wp-json\/wp\/v2\/product_cat?post=4620"},{"taxonomy":"product_tag","embeddable":true,"href":"https:\/\/theperfumebottles.com\/tr\/wp-json\/wp\/v2\/product_tag?post=4620"}],"curies":[{"name":"wp","href":"https:\/\/api.w.org\/{rel}","templated":true}]}}