{"id":4625,"date":"2025-07-17T17:59:52","date_gmt":"2025-07-17T09:59:52","guid":{"rendered":"https:\/\/theperfumebottles.com\/?post_type=product&#038;p=4625"},"modified":"2025-08-01T11:04:18","modified_gmt":"2025-08-01T03:04:18","slug":"glass-cosmetic-jars-with-lids-premium-cream-glass-jar-wholesale","status":"publish","type":"product","link":"https:\/\/theperfumebottles.com\/tr\/urun\/glass-cosmetic-jars-with-lids-premium-cream-glass-jar-wholesale\/","title":{"rendered":"Kapakl\u0131 20g, 30g, 50g Cam Kozmetik Kavanozlar\u0131 \u2013 Premium Krem Cam Kavanoz Toptan Sat\u0131\u015f"},"content":{"rendered":"<p>Sa\u011flaml\u0131\u011f\u0131 zarafetle harmanlayan kapakl\u0131 cam kozmetik kavanozlar\u0131 m\u0131 ar\u0131yorsunuz? Krem cam kavanoz setimiz, y\u00fcz kremleri ve \u00e7er\u00e7eve losyonlar\u0131 gibi cilt bak\u0131m \u00fcr\u00fcnleri i\u00e7in m\u00fckemmel, y\u00fcksek parlakl\u0131kta silindirik \u015fi\u015fe tasar\u0131mlar\u0131na sahiptir. P\u00fcr\u00fczs\u00fcz zemin ve yuvarlak kenarlar, modern ve spa benzeri bir estetik yarat\u0131rken, kozmetik ambalaj\u0131 \u00fcr\u00fcnlerinizin hissettirdi\u011fi kadar pahal\u0131 g\u00f6r\u00fcnmesini de garanti eder.<\/p>\n<h2>Temel \u00d6zellikler<\/h2>\n<table style=\"border-collapse: collapse;width: 80%;height: 106px;margin-left: auto;margin-right: auto\" border=\"0\" width=\"144\" cellspacing=\"0\" cellpadding=\"0\">\n<tbody>\n<tr style=\"height: 13.50pt\">\n<td style=\"height: 13.50pt;width: 54.00pt\" width=\"72\" height=\"18\">\u00d6zellik<\/td>\n<td style=\"width: 54.00pt\" width=\"72\">Detaylar<\/td>\n<\/tr>\n<tr style=\"height: 13.50pt\">\n<td style=\"height: 13.50pt\" height=\"18\">Kapasite<\/td>\n<td>20g, 30g, 50g<\/td>\n<\/tr>\n<tr style=\"height: 13.50pt\">\n<td style=\"height: 13.50pt\" height=\"18\">\u015eekil<\/td>\n<td>D\u00fcz kenarl\u0131<\/td>\n<\/tr>\n<tr style=\"height: 13.50pt\">\n<td style=\"height: 13.50pt\" height=\"18\">Malzeme<\/td>\n<td>Kristal cam<\/td>\n<\/tr>\n<tr style=\"height: 13.50pt\">\n<td style=\"height: 13.50pt\" height=\"18\">Renk<\/td>\n<td>Beyaz, siyah.. (\u00f6zelle\u015ftirilebilir)<\/td>\n<\/tr>\n<tr style=\"height: 13.50pt\">\n<td style=\"height: 13.50pt\" height=\"18\">Kullan\u0131m \u00d6rne\u011fi<\/td>\n<td>Y\u00fcz kremi, v\u00fccut losyonu\u2026<\/td>\n<\/tr>\n<\/tbody>\n<\/table>\n<h2><span class=\"highlights\" data-v-df95d256=\"\">Ba\u015far\u0131 Hikayesi <\/span><\/h2>\n<p><span class=\"highlights\" data-v-df95d256=\"\">Orta \u00f6l\u00e7ekli bir cilt bak\u0131m markas\u0131, krem \u200b\u200bcam kavanoz serisini sosyal medyada tan\u0131tt\u0131ktan sonra toptan sat\u0131\u015f gelirini art\u0131rd\u0131. \u00d6zel alt\u0131n kabartmal\u0131 etiketlerle toplu ambalaj kullan\u0131m\u0131 sayesinde, 6 ayda 30&#039;dan fazla perakende ortakl\u0131\u011f\u0131 kurdu.<\/span><\/p>\n<h2><span class=\"highlights\" data-v-df95d256=\"\"> Sipari\u015finizi \u00d6zelle\u015ftirin<\/span><\/h2>\n<ul>\n<li><span class=\"highlights\" data-v-df95d256=\"\"><strong>Kapak Malzemeleri:<\/strong> Hijyen odakl\u0131 kozmetik ambalajlar\u0131 i\u00e7in \u015f\u0131k plastik kapaklar\u0131 veya l\u00fcks g\u00fczellik ambalaj\u0131 havas\u0131 i\u00e7in f\u0131r\u00e7alanm\u0131\u015f metal kapaklar\u0131 tercih edin. <\/span><\/li>\n<li><span class=\"highlights\" data-v-df95d256=\"\"><strong>Renk Tonlamalar\u0131:<\/strong> Marka paletinize uyacak \u015fekilde buzlu vurgular veya \u00f6zel ye\u015fil tonlar ekleyin.<\/span><\/li>\n<li><span class=\"highlights\" data-v-df95d256=\"\"><strong>L\u00fcks Kapak Kaplamalar\u0131:<\/strong> Kozmetik ambalajlar\u0131n\u0131z\u0131 geli\u015ftirmek i\u00e7in krem \u200b\u200bcam kavanozunuzu g\u00fcl rengi alt\u0131n veya antika bak\u0131r gibi metalik kapak se\u00e7enekleriyle zenginle\u015ftirin. <\/span><\/li>\n<\/ul>","protected":false},"excerpt":{"rendered":"<p>Cilt bak\u0131m markalar\u0131 i\u00e7in kapakl\u0131 cam kozmetik kavanozlar\u0131 ve krem \u200b\u200bcam kavanoz setleri sat\u0131n al\u0131n. \u00d6zel se\u00e7eneklerle dayan\u0131kl\u0131 kozmetik ambalajlar\u0131.<\/p>","protected":false},"featured_media":4626,"comment_status":"open","ping_status":"closed","template":"","meta":{"_acf_changed":false,"site-sidebar-layout":"default","site-content-layout":"","ast-site-content-layout":"default","site-content-style":"default","site-sidebar-style":"default","ast-global-header-display":"","ast-banner-title-visibility":"","ast-main-header-display":"","ast-hfb-above-header-display":"","ast-hfb-below-header-display":"","ast-hfb-mobile-header-display":"","site-post-title":"","ast-breadcrumbs-content":"","ast-featured-img":"","footer-sml-layout":"","ast-disable-related-posts":"","theme-transparent-header-meta":"default","adv-header-id-meta":"","stick-header-meta":"","header-above-stick-meta":"","header-main-stick-meta":"","header-below-stick-meta":"","astra-migrate-meta-layouts":"set","ast-page-background-enabled":"default","ast-page-background-meta":{"desktop":{"background-color":"var(--ast-global-color-5)","background-image":"","background-repeat":"repeat","background-position":"center center","background-size":"auto","background-attachment":"scroll","background-type":"","background-media":"","overlay-type":"","overlay-color":"","overlay-opacity":"","overlay-gradient":""},"tablet":{"background-color":"","background-image":"","background-repeat":"repeat","background-position":"center center","background-size":"auto","background-attachment":"scroll","background-type":"","background-media":"","overlay-type":"","overlay-color":"","overlay-opacity":"","overlay-gradient":""},"mobile":{"background-color":"","background-image":"","background-repeat":"repeat","background-position":"center center","background-size":"auto","background-attachment":"scroll","background-type":"","background-media":"","overlay-type":"","overlay-color":"","overlay-opacity":"","overlay-gradient":""}},"ast-content-background-meta":{"desktop":{"background-color":"var(--ast-global-color-4)","background-image":"","background-repeat":"repeat","background-position":"center center","background-size":"auto","background-attachment":"scroll","background-type":"","background-media":"","overlay-type":"","overlay-color":"","overlay-opacity":"","overlay-gradient":""},"tablet":{"background-color":"var(--ast-global-color-4)","background-image":"","background-repeat":"repeat","background-position":"center center","background-size":"auto","background-attachment":"scroll","background-type":"","background-media":"","overlay-type":"","overlay-color":"","overlay-opacity":"","overlay-gradient":""},"mobile":{"background-color":"var(--ast-global-color-4)","background-image":"","background-repeat":"repeat","background-position":"center center","background-size":"auto","background-attachment":"scroll","background-type":"","background-media":"","overlay-type":"","overlay-color":"","overlay-opacity":"","overlay-gradient":""}}},"product_brand":[],"product_cat":[56,72,62],"product_tag":[133,132],"class_list":{"0":"post-4625","1":"product","2":"type-product","3":"status-publish","4":"has-post-thumbnail","6":"product_cat-cosmetic-jars","7":"product_cat-cosmetic-packaging","8":"product_cat-cosmetic-containers","9":"product_tag-cream-glass-jar","10":"product_tag-glass-cosmetic-jars-with-lids","11":"desktop-align-left","12":"tablet-align-left","13":"mobile-align-left","15":"first","16":"instock","17":"shipping-taxable","18":"product-type-simple"},"acf":[],"jetpack_sharing_enabled":true,"_links":{"self":[{"href":"https:\/\/theperfumebottles.com\/tr\/wp-json\/wp\/v2\/product\/4625","targetHints":{"allow":["GET"]}}],"collection":[{"href":"https:\/\/theperfumebottles.com\/tr\/wp-json\/wp\/v2\/product"}],"about":[{"href":"https:\/\/theperfumebottles.com\/tr\/wp-json\/wp\/v2\/types\/product"}],"replies":[{"embeddable":true,"href":"https:\/\/theperfumebottles.com\/tr\/wp-json\/wp\/v2\/comments?post=4625"}],"wp:featuredmedia":[{"embeddable":true,"href":"https:\/\/theperfumebottles.com\/tr\/wp-json\/wp\/v2\/media\/4626"}],"wp:attachment":[{"href":"https:\/\/theperfumebottles.com\/tr\/wp-json\/wp\/v2\/media?parent=4625"}],"wp:term":[{"taxonomy":"product_brand","embeddable":true,"href":"https:\/\/theperfumebottles.com\/tr\/wp-json\/wp\/v2\/product_brand?post=4625"},{"taxonomy":"product_cat","embeddable":true,"href":"https:\/\/theperfumebottles.com\/tr\/wp-json\/wp\/v2\/product_cat?post=4625"},{"taxonomy":"product_tag","embeddable":true,"href":"https:\/\/theperfumebottles.com\/tr\/wp-json\/wp\/v2\/product_tag?post=4625"}],"curies":[{"name":"wp","href":"https:\/\/api.w.org\/{rel}","templated":true}]}}