{"id":4644,"date":"2025-07-18T17:49:18","date_gmt":"2025-07-18T09:49:18","guid":{"rendered":"https:\/\/theperfumebottles.com\/?post_type=product&#038;p=4644"},"modified":"2026-03-27T14:30:08","modified_gmt":"2026-03-27T06:30:08","slug":"empty-glass-cosmetic-containers-with-lids-wholesale","status":"publish","type":"product","link":"https:\/\/theperfumebottles.com\/tr\/urun\/empty-glass-cosmetic-containers-with-lids-wholesale\/","title":{"rendered":"30g 50g Kapakl\u0131 Bo\u015f Cam Kozmetik Kaplar\u0131 Toptan"},"content":{"rendered":"<p>Kapakl\u0131 bu geli\u015fmi\u015f kozmetik kavanozlar\u0131, \u015feffaf cam taban\u0131, ince alt\u0131n kenar s\u00fcslemeli tereya\u011f\u0131 k\u0131vam\u0131nda alt\u0131n rengi bir \u015ferit ve buzlu beyaz veya \u015feffaf kapak se\u00e7enekleriyle modern silindirik bir profili yans\u0131tmaktad\u0131r.<\/p>\n<h2><span class=\"highlights\" data-v-df95d256=\"\">Temel \u00d6zellikler<\/span><\/h2>\n<table style=\"border-collapse: collapse; width: 80%; height: 123px; margin-left: auto; margin-right: auto;\" border=\"0\" width=\"144\" cellspacing=\"0\" cellpadding=\"0\">\n<tbody>\n<tr>\n<td width=\"72\">Kapasite<\/td>\n<td width=\"72\">\u015eekil<\/td>\n<td width=\"72\">S\u0131zd\u0131rmazl\u0131k Y\u00f6ntemi<\/td>\n<td width=\"72\">Malzeme<\/td>\n<td width=\"72\">Renk<\/td>\n<td width=\"72\">Kullan\u0131m<\/td>\n<\/tr>\n<tr>\n<td>30g<\/td>\n<td rowspan=\"2\">D\u00fcz kenarl\u0131<\/td>\n<td rowspan=\"2\">Theaded(Plastik\/Metal)<\/td>\n<td rowspan=\"2\">Kristal cam<\/td>\n<td rowspan=\"2\">Buzlu (\u00d6zel)<\/td>\n<td rowspan=\"2\">G\u00f6z kremi, losyonu\u2026<\/td>\n<\/tr>\n<tr>\n<td>50 gr<\/td>\n<\/tr>\n<\/tbody>\n<\/table>\n<h2><span class=\"highlights\" data-v-df95d256=\"\">Ba\u015far\u0131 \u00d6rne\u011fi<\/span><\/h2>\n<p>Parisli l\u00fcks markalardan biri, kapakl\u0131 50 ml&#039;lik kozmetik kaplar\u0131m\u0131z\u0131 se\u00e7ti ve buzlu beyaz kapa\u011f\u0131n\u0131 ve \u00f6zel olarak tasarlanm\u0131\u015f g\u00fcl alt\u0131n kaplama dekoratif halkas\u0131n\u0131 ki\u015fiselle\u015ftirdi. Ki\u015fiselle\u015ftirilmi\u015f losyon kavanozlar\u0131 b\u00fcy\u00fck bir ba\u015far\u0131 elde etti: \u00f6zel katmanl\u0131 tasar\u0131m\u0131 markan\u0131n ay\u0131rt edici bir par\u00e7as\u0131 haline geldi ve pazar ara\u015ft\u0131rmas\u0131, marka bilinirli\u011finin artt\u0131\u011f\u0131n\u0131 ortaya koydu. Doku ve malzeme kalitesi de \u00fcst d\u00fczeydeydi ve bu da onar\u0131c\u0131 kreminde &#039;lik bir fiyat art\u0131\u015f\u0131na yol a\u00e7t\u0131. Bu ba\u015far\u0131ya dayanarak marka, yeni CBD y\u00fcz ya\u011f\u0131 ve gece kremi serisi i\u00e7in 250.000 adet daha losyon kavanozu sipari\u015f etti.<\/p>\n<h2><span class=\"highlights\" data-v-df95d256=\"\">Toptan Makyaj Malzemeleri Kaplar\u0131 \u0130\u00e7in \u00d6zelle\u015ftirme \u0130pu\u00e7lar\u0131<\/span><\/h2>\n<ul>\n<li><strong>\u00c7e\u015fitli g\u00f6r\u00fcn\u00fcm alternatifleri:<\/strong> \u015eeffaf veya buzlu camlardan birini se\u00e7in, g\u00f6rsel etkiyi art\u0131rmak i\u00e7in degrade tonlar mevcuttur.<\/li>\n<li><strong>Esnek \u015fapka kuma\u015f\u0131:<\/strong> Plastik veya metal se\u00e7enekleriyle maliyet y\u00f6netimini premium bir anlay\u0131\u015fla dengeliyor.<\/li>\n<li><strong>Marka \u00f6zelle\u015ftirmesi:<\/strong> Logonuzun hikayesini anlatman\u0131za yard\u0131mc\u0131 olmak i\u00e7in kabartmal\u0131 amblemler veya QR kodlar\u0131 desteklenmektedir.<\/li>\n<\/ul>","protected":false},"excerpt":{"rendered":"<p>\u015eeffaf cam tabanl\u0131 ve l\u00fcks alt\u0131n halkal\u0131, birinci s\u0131n\u0131f makyaj malzemeleri toptan sat\u0131\u015f\u0131. Kapakl\u0131 kozmetik kaplar\u0131 tazeli\u011fi korur. H\u0131zl\u0131 kargo.<\/p>","protected":false},"featured_media":4645,"comment_status":"open","ping_status":"closed","template":"","meta":{"_acf_changed":false,"site-sidebar-layout":"default","site-content-layout":"","ast-site-content-layout":"default","site-content-style":"default","site-sidebar-style":"default","ast-global-header-display":"","ast-banner-title-visibility":"","ast-main-header-display":"","ast-hfb-above-header-display":"","ast-hfb-below-header-display":"","ast-hfb-mobile-header-display":"","site-post-title":"","ast-breadcrumbs-content":"","ast-featured-img":"","footer-sml-layout":"","ast-disable-related-posts":"","theme-transparent-header-meta":"default","adv-header-id-meta":"","stick-header-meta":"","header-above-stick-meta":"","header-main-stick-meta":"","header-below-stick-meta":"","astra-migrate-meta-layouts":"set","ast-page-background-enabled":"default","ast-page-background-meta":{"desktop":{"background-color":"var(--ast-global-color-5)","background-image":"","background-repeat":"repeat","background-position":"center center","background-size":"auto","background-attachment":"scroll","background-type":"","background-media":"","overlay-type":"","overlay-color":"","overlay-opacity":"","overlay-gradient":""},"tablet":{"background-color":"","background-image":"","background-repeat":"repeat","background-position":"center center","background-size":"auto","background-attachment":"scroll","background-type":"","background-media":"","overlay-type":"","overlay-color":"","overlay-opacity":"","overlay-gradient":""},"mobile":{"background-color":"","background-image":"","background-repeat":"repeat","background-position":"center center","background-size":"auto","background-attachment":"scroll","background-type":"","background-media":"","overlay-type":"","overlay-color":"","overlay-opacity":"","overlay-gradient":""}},"ast-content-background-meta":{"desktop":{"background-color":"var(--ast-global-color-4)","background-image":"","background-repeat":"repeat","background-position":"center center","background-size":"auto","background-attachment":"scroll","background-type":"","background-media":"","overlay-type":"","overlay-color":"","overlay-opacity":"","overlay-gradient":""},"tablet":{"background-color":"var(--ast-global-color-4)","background-image":"","background-repeat":"repeat","background-position":"center center","background-size":"auto","background-attachment":"scroll","background-type":"","background-media":"","overlay-type":"","overlay-color":"","overlay-opacity":"","overlay-gradient":""},"mobile":{"background-color":"var(--ast-global-color-4)","background-image":"","background-repeat":"repeat","background-position":"center center","background-size":"auto","background-attachment":"scroll","background-type":"","background-media":"","overlay-type":"","overlay-color":"","overlay-opacity":"","overlay-gradient":""}}},"product_brand":[],"product_cat":[56,62,72],"product_tag":[144,134],"class_list":{"0":"post-4644","1":"product","2":"type-product","3":"status-publish","4":"has-post-thumbnail","6":"product_cat-cosmetic-jars","7":"product_cat-cosmetic-containers","8":"product_cat-cosmetic-packaging","9":"product_tag-lotion-jars-with-lids","10":"product_tag-makeup-containers-wholesale","11":"desktop-align-left","12":"tablet-align-left","13":"mobile-align-left","15":"first","16":"instock","17":"shipping-taxable","18":"product-type-simple"},"acf":[],"jetpack_sharing_enabled":true,"_links":{"self":[{"href":"https:\/\/theperfumebottles.com\/tr\/wp-json\/wp\/v2\/product\/4644","targetHints":{"allow":["GET"]}}],"collection":[{"href":"https:\/\/theperfumebottles.com\/tr\/wp-json\/wp\/v2\/product"}],"about":[{"href":"https:\/\/theperfumebottles.com\/tr\/wp-json\/wp\/v2\/types\/product"}],"replies":[{"embeddable":true,"href":"https:\/\/theperfumebottles.com\/tr\/wp-json\/wp\/v2\/comments?post=4644"}],"wp:featuredmedia":[{"embeddable":true,"href":"https:\/\/theperfumebottles.com\/tr\/wp-json\/wp\/v2\/media\/4645"}],"wp:attachment":[{"href":"https:\/\/theperfumebottles.com\/tr\/wp-json\/wp\/v2\/media?parent=4644"}],"wp:term":[{"taxonomy":"product_brand","embeddable":true,"href":"https:\/\/theperfumebottles.com\/tr\/wp-json\/wp\/v2\/product_brand?post=4644"},{"taxonomy":"product_cat","embeddable":true,"href":"https:\/\/theperfumebottles.com\/tr\/wp-json\/wp\/v2\/product_cat?post=4644"},{"taxonomy":"product_tag","embeddable":true,"href":"https:\/\/theperfumebottles.com\/tr\/wp-json\/wp\/v2\/product_tag?post=4644"}],"curies":[{"name":"wp","href":"https:\/\/api.w.org\/{rel}","templated":true}]}}